{"id":320,"date":"2022-05-03T20:32:49","date_gmt":"2022-05-03T20:32:49","guid":{"rendered":"https:\/\/toyinfluence.com\/?page_id=320"},"modified":"2022-05-04T14:27:02","modified_gmt":"2022-05-04T14:27:02","slug":"mentions-legales","status":"publish","type":"page","link":"https:\/\/toyinfluence.com\/it\/mentions-legales\/","title":{"rendered":"Avviso legale"},"content":{"rendered":"<div data-elementor-type=\"wp-page\" data-elementor-id=\"320\" class=\"elementor elementor-320\" data-elementor-post-type=\"page\">\n\t\t\t\t\t\t<section class=\"elementor-section elementor-top-section elementor-element elementor-element-fe8cb58 elementor-section-height-min-height elementor-section-boxed elementor-section-height-default elementor-section-items-middle\" data-id=\"fe8cb58\" data-element_type=\"section\" data-e-type=\"section\" data-settings=\"{&quot;background_background&quot;:&quot;classic&quot;}\">\n\t\t\t\t\t\t<div class=\"elementor-container elementor-column-gap-default\">\n\t\t\t\t\t<div class=\"elementor-column elementor-col-100 elementor-top-column elementor-element elementor-element-497fd35\" data-id=\"497fd35\" data-element_type=\"column\" data-e-type=\"column\">\n\t\t\t<div class=\"elementor-widget-wrap elementor-element-populated\">\n\t\t\t\t\t\t<div class=\"elementor-element elementor-element-e42ec0a elementor-align-center elementor-widget elementor-widget-button\" data-id=\"e42ec0a\" data-element_type=\"widget\" data-e-type=\"widget\" data-widget_type=\"button.default\">\n\t\t\t\t<div class=\"elementor-widget-container\">\n\t\t\t\t\t\t\t\t\t<div class=\"elementor-button-wrapper\">\n\t\t\t\t\t<a class=\"elementor-button elementor-size-lg\" role=\"button\">\n\t\t\t\t\t\t<span class=\"elementor-button-content-wrapper\">\n\t\t\t\t\t\t\t\t\t<span class=\"elementor-button-text\">Avviso legale<\/span>\n\t\t\t\t\t<\/span>\n\t\t\t\t\t<\/a>\n\t\t\t\t<\/div>\n\t\t\t\t\t\t\t\t<\/div>\n\t\t\t\t<\/div>\n\t\t\t\t\t<\/div>\n\t\t<\/div>\n\t\t\t\t\t<\/div>\n\t\t<\/section>\n\t\t\t\t<section class=\"elementor-section elementor-top-section elementor-element elementor-element-4c025e0 elementor-section-boxed elementor-section-height-default elementor-section-height-default\" data-id=\"4c025e0\" data-element_type=\"section\" data-e-type=\"section\">\n\t\t\t\t\t\t<div class=\"elementor-container elementor-column-gap-default\">\n\t\t\t\t\t<div class=\"elementor-column elementor-col-100 elementor-top-column elementor-element elementor-element-9e4d9df\" data-id=\"9e4d9df\" data-element_type=\"column\" data-e-type=\"column\">\n\t\t\t<div class=\"elementor-widget-wrap elementor-element-populated\">\n\t\t\t\t\t\t<div class=\"elementor-element elementor-element-3fdefbd asdfghjk elementor-widget elementor-widget-text-editor\" data-id=\"3fdefbd\" data-element_type=\"widget\" data-e-type=\"widget\" data-widget_type=\"text-editor.default\">\n\t\t\t\t<div class=\"elementor-widget-container\">\n\t\t\t\t\t\t\t\t\t<p style=\"text-align: justify;\">In conformit\u00e0 con le disposizioni degli articoli 6-III e 19 della legge n. 2004-575 del 21 giugno 2004 sulla fiducia nell'economia digitale, nota come L.C.E.N., portiamo all'attenzione degli utenti e dei visitatori del sito: <a href=\"http:\/\/toyinfluence.com\/it\/\" target=\"_blank\" rel=\"noopener\">toyinfluence.com<\/a> le seguenti informazioni :<\/p><p style=\"text-align: justify;\"><strong>1. Informazioni legali:<\/strong><\/p><p style=\"text-align: justify;\">Stato del proprietario: <strong>particolare<\/strong><br \/>Il Titolare \u00e8: <strong>Yann FRESNEL<\/strong><br \/>Indirizzo postale del proprietario: <strong>1 rue du Buisson 69250 Fleurieu sur Saone<\/strong><\/p><p>Il creatore del sito \u00e8: <strong>Yohann Deprez<\/strong><br \/>Il responsabile della pubblicazione \u00e8: <strong>Yann FRESNEL<\/strong><br \/>Contatta il responsabile della pubblicazione: <strong>yann@toyinfluence.com<\/strong><br \/>Il responsabile della pubblicazione \u00e8 a<strong>\u00a0Persona fisica<\/strong><\/p><p>Il webmaster \u00e8: <strong>Yohann Deprez<\/strong><br \/>Contatta il webmaster:\u00a0 <strong><a href=\"mailto:contact@yohanndeprez.fr?subject=Contact a partir des mentions l\u00c3\u00a9gales via le site toyinfluence.com\">contact@yohanndeprez.fr<\/a><\/strong><br \/>L'host del sito \u00e8: <strong>IONOS 7 PLACE DE LA GARE 57200 SARREGUEMINES<\/strong><\/p><p style=\"text-align: justify;\"><strong>2. Presentazione e principio:<\/strong><\/p><p style=\"text-align: justify;\">Si fa riferimento di seguito: <strong>Utente<\/strong>, qualsiasi utente Internet che si connetta e utilizzi il suddetto sito: <a href=\"http:\/\/toyinfluence.com\/it\/\" target=\"_blank\" rel=\"noopener\">toyinfluence.com<\/a>.<br \/>Il sitoweb <strong>toyinfluence.com<\/strong> riunisce un insieme di servizi, allo stato, messi a disposizione degli utenti. Si precisa qui che essi devono mantenersi cortesi e dimostrare buona fede sia nei confronti degli altri utenti che nei confronti del webmaster del sito toyinfluence.com. Il sito toyinfluence.com viene aggiornato regolarmente da Yohann Deprez.<br \/>Yann FRESNEL si impegna a fornire le informazioni pi\u00f9 accurate possibili sul sito toyinfluence.com (soggetto a modifiche apportate da quando \u00e8 stato messo online), ma non pu\u00f2 garantire l'accuratezza, la completezza e la tempestivit\u00e0 delle informazioni diffuse sul suo sito, sia da solo che da i partner terzi che le forniscono tali informazioni. Di conseguenza, l'utente riconosce di utilizzare le informazioni fornite (solo a titolo informativo, non esaustivo e suscettibile di modifiche) sotto la sua esclusiva responsabilit\u00e0.<\/p><p style=\"text-align: justify;\"><strong>3. Accessibilit\u00e0:<\/strong><\/p><p>Il sito toyinfluence.com \u00e8 in linea di principio accessibile agli utenti 24 ore su 24, 7 giorni su 7, salvo interruzioni, programmate o meno, ai fini della sua manutenzione o in caso di forza maggiore. In caso di impossibilit\u00e0 di accesso al servizio, toyinfluence.com si impegna a fare tutto il possibile per ripristinare l'accesso al servizio e si adoperer\u00e0 quindi per comunicare preventivamente agli utenti le date e gli orari dell'intervento. Essendo soggetta solo ad un obbligo di mezzi, toyinfluence.com non pu\u00f2 essere ritenuta responsabile per qualsiasi danno, di qualsiasi natura esso sia, derivante dall'indisponibilit\u00e0 del servizio.<\/p><p style=\"text-align: justify;\"><strong>4. Propriet\u00e0 intellettuale:<\/strong><\/p><p style=\"text-align: justify;\">Yann FRESNEL \u00e8 titolare esclusivo di tutti i diritti di propriet\u00e0 intellettuale o detiene i diritti di utilizzo su tutti gli elementi accessibili sul sito, sia sulla struttura che sui testi, immagini, grafica, logo, icone, suoni, software...<br \/>Qualsiasi riproduzione totale o parziale del sito toyinfluence.com, rappresentazione, modifica, pubblicazione, adattamento totale o parziale di uno qualsiasi di questi elementi, qualunque sia il mezzo o il processo utilizzato, \u00e8 vietata, salvo previa autorizzazione scritta di Yann FRESNEL. , proprietario del sito all'e-mail: contact@yohanndeprez.fr, in caso contrario sar\u00e0 considerata una violazione e perseguibile ai sensi delle disposizioni degli articoli L.335-2 e seguenti del Codice della Propriet\u00e0 Intellettuale.<\/p><p style=\"text-align: justify;\"><strong>5. Collegamenti ipertestuali e cookie:<\/strong><\/p><p>Il sito toyinfluence.com contiene un certo numero di collegamenti ipertestuali ad altri siti (partner, informazioni, ecc.) creati con l'autorizzazione di Yann FRESNEL. Tuttavia, Yann FRESNEL non ha la possibilit\u00e0 di verificare tutto il contenuto dei siti cos\u00ec visitati e declina pertanto ogni responsabilit\u00e0 per questo fatto in relazione ai possibili rischi di contenuti illegali.<br \/>L'utente \u00e8 informato che durante le sue visite al sito toyinfluence.com, uno o pi\u00f9 cookie possono essere installati automaticamente sul suo computer tramite il software del suo browser. Un cookie \u00e8 un blocco di dati che non identifica l'utente, ma che registra informazioni relative alla sua navigazione nel sito.\u00a0<br \/>La configurazione del software di navigazione consente di segnalare la presenza di cookies ed eventualmente rifiutarli con le modalit\u00e0 descritte al seguente indirizzo: <a href=\"http:\/\/www.cnil.fr\">www.cnil.fr<\/a>. L'utente pu\u00f2 comunque configurare il browser del proprio computer in modo da rifiutare l'installazione dei cookie, consapevole che il rifiuto di installare un cookie pu\u00f2 comportare l'impossibilit\u00e0 di accedere a determinati servizi. Per qualsiasi blocco dei cookie, digita il tuo motore di ricerca: blocco dei cookie sotto IE o firefox e segui le istruzioni in base alla tua versione.<\/p><p style=\"text-align: justify;\"><strong>6. Tutela della propriet\u00e0 e delle persone \u2013 gestione dei dati personali:<\/strong><\/p><p>In Francia, i dati personali sono particolarmente protetti dalla legge n\u00b0 78-87 del 6 gennaio 1978, dalla legge n\u00b0 2004-801 del 6 agosto 2004, dall'articolo L. 226-13 del codice penale e dalla direttiva europea del 24 ottobre , 1995.<\/p><p style=\"text-align: justify;\">Sul sito toyinfluence.com, Yann FRESNEL raccoglie solo informazioni personali (ai sensi dell'articolo 4 legge n\u00b078-17 del 06 gennaio 1978) relative all'utente solo per la necessit\u00e0 di determinati servizi offerti dal sito toyinfluence.com. L'utente fornisce queste informazioni con cognizione di causa, in particolare quando le inserisce lui stesso. Viene quindi specificato all'utente del sito toyinfluence.com l'obbligo o meno di fornire tali informazioni.<br \/>In conformit\u00e0 con le disposizioni degli articoli 38 e seguenti della legge 78-17 del 6 gennaio 1978 relativa all'informatica, ai file e alle libert\u00e0, ogni utente ha il diritto di accesso, rettifica, cancellazione e opposizione ai dati personali che lo riguardano. Per esercitare questo diritto, invia la tua richiesta a toyinfluence.com tramite e-mail: <strong><a href=\"mailto:contact@yohanndeprez.fr?subject=Contact \u00ef\u00bf\u00bd partir des mentions l\u00ef\u00bf\u00bdgales via le site toyinfluence.com\">yann@toyinfluence.com<\/a><\/strong> ovvero per iscritto debitamente sottoscritto, corredato di copia del documento di identit\u00e0 con firma dell'intestatario del documento, specificando l'indirizzo al quale deve essere inviata la risposta.<\/p><p style=\"text-align: justify;\">Nessuna informazione personale dell'utente del sito toyinfluence.com viene pubblicata all'insaputa dell'utente, scambiata, trasferita, assegnata o venduta su qualsiasi supporto a terzi. Solo l'assunzione del riscatto del sito toyinfluence.com e dei suoi diritti autorizza Yann FRESNEL a trasmettere le suddette informazioni al potenziale acquirente che sarebbe a sua volta tenuto dallo stesso obbligo di conservare e modificare i dati nei confronti dell'utente di toyinfluence. sito com.<br \/>Il sito toyinfluence.com \u00e8 conforme al GDPR.<\/p><p style=\"text-align: justify;\">Le banche dati sono protette dalle disposizioni della legge del 1\u00b0 luglio 1998 che recepisce la direttiva 96\/9 dell'11 marzo 1996 relativa alla protezione giuridica delle banche dati.<\/p>\t\t\t\t\t\t\t\t<\/div>\n\t\t\t\t<\/div>\n\t\t\t\t\t<\/div>\n\t\t<\/div>\n\t\t\t\t\t<\/div>\n\t\t<\/section>\n\t\t\t\t<\/div>","protected":false},"excerpt":{"rendered":"<p>Conform\u00e9ment aux dispositions des articles 6-III et 19 de la Loi n\u00b0 2004-575 du 21 juin 2004 pour la Confiance dans l&rsquo;\u00e9conomie num\u00e9rique, dite L.C.E.N., nous portons \u00e0 la connaissance des utilisateurs et visiteurs du site : toyinfluence.com les informations suivantes : 1. Informations l\u00e9gales : Statut du propri\u00e9taire : particulierLe Propri\u00e9taire est : Yann [&hellip;]<\/p>\n","protected":false},"author":1,"featured_media":0,"parent":0,"menu_order":0,"comment_status":"closed","ping_status":"closed","template":"elementor_header_footer","meta":{"footnotes":""},"categories":[],"class_list":["post-320","page","type-page","status-publish","hentry"],"yoast_head":"<!-- This site is optimized with the Yoast SEO plugin v27.4 - https:\/\/yoast.com\/product\/yoast-seo-wordpress\/ -->\n<title>Mentions l\u00e9gales - Toy Influence<\/title>\n<meta name=\"robots\" content=\"index, follow, max-snippet:-1, max-image-preview:large, max-video-preview:-1\" \/>\n<link rel=\"canonical\" href=\"https:\/\/toyinfluence.com\/it\/mentions-legales\/\" \/>\n<meta property=\"og:locale\" content=\"it_IT\" \/>\n<meta property=\"og:type\" content=\"article\" \/>\n<meta property=\"og:title\" content=\"Mentions l\u00e9gales - Toy Influence\" \/>\n<meta property=\"og:description\" content=\"Conform\u00e9ment aux dispositions des articles 6-III et 19 de la Loi n\u00b0 2004-575 du 21 juin 2004 pour la Confiance dans l&rsquo;\u00e9conomie num\u00e9rique, dite L.C.E.N., nous portons \u00e0 la connaissance des utilisateurs et visiteurs du site : toyinfluence.com les informations suivantes : 1. Informations l\u00e9gales : Statut du propri\u00e9taire : particulierLe Propri\u00e9taire est : Yann [&hellip;]\" \/>\n<meta property=\"og:url\" content=\"https:\/\/toyinfluence.com\/it\/mentions-legales\/\" \/>\n<meta property=\"og:site_name\" content=\"Toy Influence\" \/>\n<meta property=\"article:modified_time\" content=\"2022-05-04T14:27:02+00:00\" \/>\n<meta name=\"twitter:card\" content=\"summary_large_image\" \/>\n<meta name=\"twitter:label1\" content=\"Tempo di lettura stimato\" \/>\n\t<meta name=\"twitter:data1\" content=\"5 minuti\" \/>\n<script type=\"application\/ld+json\" class=\"yoast-schema-graph\">{\"@context\":\"https:\\\/\\\/schema.org\",\"@graph\":[{\"@type\":\"WebPage\",\"@id\":\"https:\\\/\\\/toyinfluence.com\\\/mentions-legales\\\/\",\"url\":\"https:\\\/\\\/toyinfluence.com\\\/mentions-legales\\\/\",\"name\":\"Mentions l\u00e9gales - Toy Influence\",\"isPartOf\":{\"@id\":\"https:\\\/\\\/toyinfluence.com\\\/#website\"},\"datePublished\":\"2022-05-03T20:32:49+00:00\",\"dateModified\":\"2022-05-04T14:27:02+00:00\",\"breadcrumb\":{\"@id\":\"https:\\\/\\\/toyinfluence.com\\\/mentions-legales\\\/#breadcrumb\"},\"inLanguage\":\"it-IT\",\"potentialAction\":[{\"@type\":\"ReadAction\",\"target\":[\"https:\\\/\\\/toyinfluence.com\\\/mentions-legales\\\/\"]}]},{\"@type\":\"BreadcrumbList\",\"@id\":\"https:\\\/\\\/toyinfluence.com\\\/mentions-legales\\\/#breadcrumb\",\"itemListElement\":[{\"@type\":\"ListItem\",\"position\":1,\"name\":\"Accueil\",\"item\":\"https:\\\/\\\/toyinfluence.com\\\/\"},{\"@type\":\"ListItem\",\"position\":2,\"name\":\"Mentions l\u00e9gales\"}]},{\"@type\":\"WebSite\",\"@id\":\"https:\\\/\\\/toyinfluence.com\\\/#website\",\"url\":\"https:\\\/\\\/toyinfluence.com\\\/\",\"name\":\"Toy Influence\",\"description\":\"\",\"potentialAction\":[{\"@type\":\"SearchAction\",\"target\":{\"@type\":\"EntryPoint\",\"urlTemplate\":\"https:\\\/\\\/toyinfluence.com\\\/?s={search_term_string}\"},\"query-input\":{\"@type\":\"PropertyValueSpecification\",\"valueRequired\":true,\"valueName\":\"search_term_string\"}}],\"inLanguage\":\"it-IT\"}]}<\/script>\n<!-- \/ Yoast SEO plugin. -->","yoast_head_json":{"title":"Informazioni legali - Influenza dei giocattoli","robots":{"index":"index","follow":"follow","max-snippet":"max-snippet:-1","max-image-preview":"max-image-preview:large","max-video-preview":"max-video-preview:-1"},"canonical":"https:\/\/toyinfluence.com\/it\/mentions-legales\/","og_locale":"it_IT","og_type":"article","og_title":"Mentions l\u00e9gales - Toy Influence","og_description":"Conform\u00e9ment aux dispositions des articles 6-III et 19 de la Loi n\u00b0 2004-575 du 21 juin 2004 pour la Confiance dans l&rsquo;\u00e9conomie num\u00e9rique, dite L.C.E.N., nous portons \u00e0 la connaissance des utilisateurs et visiteurs du site : toyinfluence.com les informations suivantes : 1. Informations l\u00e9gales : Statut du propri\u00e9taire : particulierLe Propri\u00e9taire est : Yann [&hellip;]","og_url":"https:\/\/toyinfluence.com\/it\/mentions-legales\/","og_site_name":"Toy Influence","article_modified_time":"2022-05-04T14:27:02+00:00","twitter_card":"summary_large_image","twitter_misc":{"Tempo di lettura stimato":"5 minuti"},"schema":{"@context":"https:\/\/schema.org","@graph":[{"@type":"WebPage","@id":"https:\/\/toyinfluence.com\/mentions-legales\/","url":"https:\/\/toyinfluence.com\/mentions-legales\/","name":"Informazioni legali - Influenza dei giocattoli","isPartOf":{"@id":"https:\/\/toyinfluence.com\/#website"},"datePublished":"2022-05-03T20:32:49+00:00","dateModified":"2022-05-04T14:27:02+00:00","breadcrumb":{"@id":"https:\/\/toyinfluence.com\/mentions-legales\/#breadcrumb"},"inLanguage":"it-IT","potentialAction":[{"@type":"ReadAction","target":["https:\/\/toyinfluence.com\/mentions-legales\/"]}]},{"@type":"BreadcrumbList","@id":"https:\/\/toyinfluence.com\/mentions-legales\/#breadcrumb","itemListElement":[{"@type":"ListItem","position":1,"name":"Accueil","item":"https:\/\/toyinfluence.com\/"},{"@type":"ListItem","position":2,"name":"Mentions l\u00e9gales"}]},{"@type":"WebSite","@id":"https:\/\/toyinfluence.com\/#website","url":"https:\/\/toyinfluence.com\/","name":"Influenza dei giocattoli","description":"","potentialAction":[{"@type":"SearchAction","target":{"@type":"EntryPoint","urlTemplate":"https:\/\/toyinfluence.com\/?s={search_term_string}"},"query-input":{"@type":"PropertyValueSpecification","valueRequired":true,"valueName":"search_term_string"}}],"inLanguage":"it-IT"}]}},"_links":{"self":[{"href":"https:\/\/toyinfluence.com\/it\/wp-json\/wp\/v2\/pages\/320","targetHints":{"allow":["GET"]}}],"collection":[{"href":"https:\/\/toyinfluence.com\/it\/wp-json\/wp\/v2\/pages"}],"about":[{"href":"https:\/\/toyinfluence.com\/it\/wp-json\/wp\/v2\/types\/page"}],"author":[{"embeddable":true,"href":"https:\/\/toyinfluence.com\/it\/wp-json\/wp\/v2\/users\/1"}],"replies":[{"embeddable":true,"href":"https:\/\/toyinfluence.com\/it\/wp-json\/wp\/v2\/comments?post=320"}],"version-history":[{"count":25,"href":"https:\/\/toyinfluence.com\/it\/wp-json\/wp\/v2\/pages\/320\/revisions"}],"predecessor-version":[{"id":380,"href":"https:\/\/toyinfluence.com\/it\/wp-json\/wp\/v2\/pages\/320\/revisions\/380"}],"wp:attachment":[{"href":"https:\/\/toyinfluence.com\/it\/wp-json\/wp\/v2\/media?parent=320"}],"wp:term":[{"taxonomy":"category","embeddable":true,"href":"https:\/\/toyinfluence.com\/it\/wp-json\/wp\/v2\/categories?post=320"}],"curies":[{"name":"wp","href":"https:\/\/api.w.org\/{rel}","templated":true}]}}