{"id":319,"date":"2022-05-03T20:32:03","date_gmt":"2022-05-03T20:32:03","guid":{"rendered":"https:\/\/toyinfluence.com\/?page_id=319"},"modified":"2022-05-03T21:39:35","modified_gmt":"2022-05-03T21:39:35","slug":"politique-de-confidentialite","status":"publish","type":"page","link":"https:\/\/toyinfluence.com\/it\/politique-de-confidentialite\/","title":{"rendered":"Informativa sulla privacy"},"content":{"rendered":"<div data-elementor-type=\"wp-page\" data-elementor-id=\"319\" class=\"elementor elementor-319\" data-elementor-post-type=\"page\">\n\t\t\t\t\t\t<section class=\"elementor-section elementor-top-section elementor-element elementor-element-9e08555 elementor-section-height-min-height elementor-section-boxed elementor-section-height-default elementor-section-items-middle\" data-id=\"9e08555\" data-element_type=\"section\" data-e-type=\"section\" data-settings=\"{&quot;background_background&quot;:&quot;classic&quot;}\">\n\t\t\t\t\t\t<div class=\"elementor-container elementor-column-gap-default\">\n\t\t\t\t\t<div class=\"elementor-column elementor-col-100 elementor-top-column elementor-element elementor-element-e16f6e4\" data-id=\"e16f6e4\" data-element_type=\"column\" data-e-type=\"column\">\n\t\t\t<div class=\"elementor-widget-wrap elementor-element-populated\">\n\t\t\t\t\t\t<div class=\"elementor-element elementor-element-1fdf56c elementor-align-center elementor-widget elementor-widget-button\" data-id=\"1fdf56c\" data-element_type=\"widget\" data-e-type=\"widget\" data-widget_type=\"button.default\">\n\t\t\t\t<div class=\"elementor-widget-container\">\n\t\t\t\t\t\t\t\t\t<div class=\"elementor-button-wrapper\">\n\t\t\t\t\t<a class=\"elementor-button elementor-size-lg\" role=\"button\">\n\t\t\t\t\t\t<span class=\"elementor-button-content-wrapper\">\n\t\t\t\t\t\t\t\t\t<span class=\"elementor-button-text\">Informativa sulla privacy<\/span>\n\t\t\t\t\t<\/span>\n\t\t\t\t\t<\/a>\n\t\t\t\t<\/div>\n\t\t\t\t\t\t\t\t<\/div>\n\t\t\t\t<\/div>\n\t\t\t\t\t<\/div>\n\t\t<\/div>\n\t\t\t\t\t<\/div>\n\t\t<\/section>\n\t\t\t\t<section class=\"elementor-section elementor-top-section elementor-element elementor-element-6067f32 elementor-section-boxed elementor-section-height-default elementor-section-height-default\" data-id=\"6067f32\" data-element_type=\"section\" data-e-type=\"section\">\n\t\t\t\t\t\t<div class=\"elementor-container elementor-column-gap-default\">\n\t\t\t\t\t<div class=\"elementor-column elementor-col-100 elementor-top-column elementor-element elementor-element-deb3646\" data-id=\"deb3646\" data-element_type=\"column\" data-e-type=\"column\">\n\t\t\t<div class=\"elementor-widget-wrap elementor-element-populated\">\n\t\t\t\t\t\t<div class=\"elementor-element elementor-element-fe810e8 elementor-widget elementor-widget-text-editor\" data-id=\"fe810e8\" data-element_type=\"widget\" data-e-type=\"widget\" data-widget_type=\"text-editor.default\">\n\t\t\t\t<div class=\"elementor-widget-container\">\n\t\t\t\t\t\t\t\t\t<p>Il sito web https:\/\/toyinfluence.com \u00e8 di propriet\u00e0 di TOY INFLUENCE, titolare del trattamento dei tuoi dati personali.<\/p><p>Abbiamo adottato questa politica sulla privacy, che stabilisce come trattiamo le informazioni raccolte da https:\/\/toyinfluence.com, che fornisce anche i motivi per cui abbiamo bisogno di raccogliere determinati dati personali su di te. Pertanto, \u00e8 necessario leggere questa informativa sulla privacy prima di utilizzare il sito Web https:\/\/toyinfluence.com.<\/p><p>Ci prendiamo cura dei tuoi dati personali e ci impegniamo a garantirne la riservatezza e la sicurezza.<\/p><p><b>Le informazioni personali che raccogliamo:<br \/><\/b>Quando visiti https:\/\/toyinfluence.com, raccogliamo automaticamente alcune informazioni sul tuo dispositivo, incluse informazioni sul tuo browser web, indirizzo IP, fuso orario e alcuni dei cookie installati sul tuo dispositivo. Inoltre, mentre navighi nel Sito, raccogliamo informazioni sulle pagine Web o sui singoli prodotti che visualizzi, sui siti Web o sui termini di ricerca che ti hanno indirizzato al Sito e su come interagisci con il Sito. site. Ci riferiamo a queste informazioni raccolte automaticamente come \"Informazioni sul dispositivo\". Inoltre, potremmo raccogliere i dati personali che ci fornisci (inclusi, ma non limitati a, nome e cognome, indirizzo, informazioni di pagamento, ecc.) durante la registrazione in modo da poter eseguire il contratto.<\/p><p><b>Perch\u00e9 trattiamo i tuoi dati?<br \/><\/b>La nostra massima priorit\u00e0 \u00e8 la sicurezza dei dati dei clienti e come tale possiamo elaborare solo dati utente minimi, solo nella misura in cui \u00e8 assolutamente necessario per mantenere il sito web. Le informazioni raccolte automaticamente vengono utilizzate solo per identificare potenziali casi di abuso e per stabilire informazioni statistiche sull'uso del sito web. Queste informazioni statistiche non sono altrimenti aggregate in modo tale da identificare un particolare utente del sistema.<\/p><p>Puoi visitare il sito Web senza dirci chi sei o rivelare alcuna informazione con cui qualcuno potrebbe identificarti come un individuo specifico e identificabile. Tuttavia, se desideri utilizzare determinate funzionalit\u00e0 del sito Web, o se desideri ricevere la nostra newsletter o fornire altri dettagli compilando un modulo, puoi fornirci dati personali, come il tuo indirizzo e-mail, nome, il tuo nome, la tua citt\u00e0 di residenza, la tua organizzazione, il tuo numero di telefono. Puoi scegliere di non fornirci i tuoi dati personali, ma in tal caso potresti non essere in grado di sfruttare alcune funzionalit\u00e0 del sito web. Ad esempio, non potrai ricevere la nostra newsletter o contattarci direttamente dal sito web. Gli utenti che non sanno quali informazioni sono obbligatorie sono invitati a contattarci tramite yann@toyinfluence.com.<\/p><p><b>I tuoi diritti :<br \/><\/b>Se risiedi in Europa, hai i seguenti diritti relativi ai tuoi dati personali:<\/p><p>Il diritto di essere informato.<br \/>Il diritto di accesso.<br \/>Il diritto alla rettifica.<br \/>Il diritto alla cancellazione.<br \/>Il diritto di limitare il trattamento.<br \/>Il diritto alla portabilit\u00e0 dei dati.<br \/>Il diritto di opporsi.<br \/>Diritti relativi al processo decisionale automatizzato e alla profilazione.<br \/>Se desideri esercitare questo diritto, ti preghiamo di contattarci utilizzando i recapiti riportati di seguito.<\/p><p>Inoltre, se risiedi in Europa, notiamo che stiamo elaborando le tue informazioni al fine di eseguire i contratti che potremmo avere con te (ad esempio, se effettui un ordine tramite il Sito), o altrimenti per continuare i nostri legittimi interessi commerciali elencati sopra. Inoltre, tieni presente che le tue informazioni potrebbero essere trasferite al di fuori dell'Europa, inclusi Canada e Stati Uniti.<\/p><p><b>Link ad altri siti web:<br \/><\/b>Il nostro sito Web pu\u00f2 contenere collegamenti ad altri siti Web che non sono di nostra propriet\u00e0 o controllati. Si prega di essere consapevoli del fatto che non siamo responsabili di questi altri siti Web o delle pratiche sulla privacy di terze parti. Ti invitiamo a essere consapevole quando lasci il nostro sito Web e a leggere le informative sulla privacy di ciascun sito Web che potrebbe raccogliere informazioni personali.<\/p><p><b>Informazioni di sicurezza :<br \/><\/b>Proteggiamo le informazioni che fornisci sui server dei computer in un ambiente controllato e sicuro, protetto da accesso, uso o divulgazione non autorizzati. Manteniamo ragionevoli garanzie amministrative, tecniche e fisiche per proteggere dall'accesso non autorizzato, dall'uso, dalla modifica e dalla divulgazione dei dati personali sotto il suo controllo e custodia. Tuttavia, non \u00e8 possibile garantire alcuna trasmissione di dati tramite Internet o rete wireless.<\/p><p><b>Divulgazione legale:<br \/><\/b>Divulgheremo qualsiasi informazione che raccogliamo, utilizziamo o riceviamo se richiesto o consentito dalla legge, ad esempio per ottemperare a un mandato di comparizione o processo legale simile, e quando riteniamo in buona fede che la divulgazione sia necessaria per proteggere i nostri diritti, il tuo sicurezza o la sicurezza di altri, indagare su frodi o rispondere a una richiesta del governo.<\/p><p><b>Informazioni sui contatti :<br \/><\/b>Se desideri contattarci per comprendere ulteriormente questa politica o se desideri contattarci in merito a qualsiasi domanda relativa ai diritti individuali e alle tue informazioni personali, puoi inviare un'e-mail a yann@toyinfluence.com.<\/p>\t\t\t\t\t\t\t\t<\/div>\n\t\t\t\t<\/div>\n\t\t\t\t\t<\/div>\n\t\t<\/div>\n\t\t\t\t\t<\/div>\n\t\t<\/section>\n\t\t\t\t<\/div>","protected":false},"excerpt":{"rendered":"<p>Le site web https:\/\/toyinfluence.com est d\u00e9tenu par TOY INFLUENCE, qui est un contr\u00f4leur de donn\u00e9es de vos donn\u00e9es personnelles. Nous avons adopt\u00e9 cette politique de confidentialit\u00e9, qui d\u00e9termine la mani\u00e8re dont nous traitons les informations collect\u00e9es par https:\/\/toyinfluence.com, qui fournit \u00e9galement les raisons pour lesquelles nous devons collecter certaines donn\u00e9es personnelles vous concernant. Par cons\u00e9quent, [&hellip;]<\/p>\n","protected":false},"author":1,"featured_media":0,"parent":0,"menu_order":0,"comment_status":"closed","ping_status":"closed","template":"elementor_header_footer","meta":{"footnotes":""},"categories":[],"class_list":["post-319","page","type-page","status-publish","hentry"],"yoast_head":"<!-- This site is optimized with the Yoast SEO plugin v27.4 - https:\/\/yoast.com\/product\/yoast-seo-wordpress\/ -->\n<title>Politique de confidentialit\u00e9 - Toy Influence<\/title>\n<meta name=\"robots\" content=\"index, follow, max-snippet:-1, max-image-preview:large, max-video-preview:-1\" \/>\n<link rel=\"canonical\" href=\"https:\/\/toyinfluence.com\/it\/politique-de-confidentialite\/\" \/>\n<meta property=\"og:locale\" content=\"it_IT\" \/>\n<meta property=\"og:type\" content=\"article\" \/>\n<meta property=\"og:title\" content=\"Politique de confidentialit\u00e9 - Toy Influence\" \/>\n<meta property=\"og:description\" content=\"Le site web https:\/\/toyinfluence.com est d\u00e9tenu par TOY INFLUENCE, qui est un contr\u00f4leur de donn\u00e9es de vos donn\u00e9es personnelles. Nous avons adopt\u00e9 cette politique de confidentialit\u00e9, qui d\u00e9termine la mani\u00e8re dont nous traitons les informations collect\u00e9es par https:\/\/toyinfluence.com, qui fournit \u00e9galement les raisons pour lesquelles nous devons collecter certaines donn\u00e9es personnelles vous concernant. Par cons\u00e9quent, [&hellip;]\" \/>\n<meta property=\"og:url\" content=\"https:\/\/toyinfluence.com\/it\/politique-de-confidentialite\/\" \/>\n<meta property=\"og:site_name\" content=\"Toy Influence\" \/>\n<meta property=\"article:modified_time\" content=\"2022-05-03T21:39:35+00:00\" \/>\n<meta name=\"twitter:card\" content=\"summary_large_image\" \/>\n<meta name=\"twitter:label1\" content=\"Tempo di lettura stimato\" \/>\n\t<meta name=\"twitter:data1\" content=\"1 minuto\" \/>\n<script type=\"application\/ld+json\" class=\"yoast-schema-graph\">{\"@context\":\"https:\\\/\\\/schema.org\",\"@graph\":[{\"@type\":\"WebPage\",\"@id\":\"https:\\\/\\\/toyinfluence.com\\\/politique-de-confidentialite\\\/\",\"url\":\"https:\\\/\\\/toyinfluence.com\\\/politique-de-confidentialite\\\/\",\"name\":\"Politique de confidentialit\u00e9 - Toy Influence\",\"isPartOf\":{\"@id\":\"https:\\\/\\\/toyinfluence.com\\\/#website\"},\"datePublished\":\"2022-05-03T20:32:03+00:00\",\"dateModified\":\"2022-05-03T21:39:35+00:00\",\"breadcrumb\":{\"@id\":\"https:\\\/\\\/toyinfluence.com\\\/politique-de-confidentialite\\\/#breadcrumb\"},\"inLanguage\":\"it-IT\",\"potentialAction\":[{\"@type\":\"ReadAction\",\"target\":[\"https:\\\/\\\/toyinfluence.com\\\/politique-de-confidentialite\\\/\"]}]},{\"@type\":\"BreadcrumbList\",\"@id\":\"https:\\\/\\\/toyinfluence.com\\\/politique-de-confidentialite\\\/#breadcrumb\",\"itemListElement\":[{\"@type\":\"ListItem\",\"position\":1,\"name\":\"Accueil\",\"item\":\"https:\\\/\\\/toyinfluence.com\\\/\"},{\"@type\":\"ListItem\",\"position\":2,\"name\":\"Politique de confidentialit\u00e9\"}]},{\"@type\":\"WebSite\",\"@id\":\"https:\\\/\\\/toyinfluence.com\\\/#website\",\"url\":\"https:\\\/\\\/toyinfluence.com\\\/\",\"name\":\"Toy Influence\",\"description\":\"\",\"potentialAction\":[{\"@type\":\"SearchAction\",\"target\":{\"@type\":\"EntryPoint\",\"urlTemplate\":\"https:\\\/\\\/toyinfluence.com\\\/?s={search_term_string}\"},\"query-input\":{\"@type\":\"PropertyValueSpecification\",\"valueRequired\":true,\"valueName\":\"search_term_string\"}}],\"inLanguage\":\"it-IT\"}]}<\/script>\n<!-- \/ Yoast SEO plugin. -->","yoast_head_json":{"title":"Informativa sulla privacy - Toy Influence","robots":{"index":"index","follow":"follow","max-snippet":"max-snippet:-1","max-image-preview":"max-image-preview:large","max-video-preview":"max-video-preview:-1"},"canonical":"https:\/\/toyinfluence.com\/it\/politique-de-confidentialite\/","og_locale":"it_IT","og_type":"article","og_title":"Politique de confidentialit\u00e9 - Toy Influence","og_description":"Le site web https:\/\/toyinfluence.com est d\u00e9tenu par TOY INFLUENCE, qui est un contr\u00f4leur de donn\u00e9es de vos donn\u00e9es personnelles. Nous avons adopt\u00e9 cette politique de confidentialit\u00e9, qui d\u00e9termine la mani\u00e8re dont nous traitons les informations collect\u00e9es par https:\/\/toyinfluence.com, qui fournit \u00e9galement les raisons pour lesquelles nous devons collecter certaines donn\u00e9es personnelles vous concernant. Par cons\u00e9quent, [&hellip;]","og_url":"https:\/\/toyinfluence.com\/it\/politique-de-confidentialite\/","og_site_name":"Toy Influence","article_modified_time":"2022-05-03T21:39:35+00:00","twitter_card":"summary_large_image","twitter_misc":{"Tempo di lettura stimato":"1 minuto"},"schema":{"@context":"https:\/\/schema.org","@graph":[{"@type":"WebPage","@id":"https:\/\/toyinfluence.com\/politique-de-confidentialite\/","url":"https:\/\/toyinfluence.com\/politique-de-confidentialite\/","name":"Informativa sulla privacy - Toy Influence","isPartOf":{"@id":"https:\/\/toyinfluence.com\/#website"},"datePublished":"2022-05-03T20:32:03+00:00","dateModified":"2022-05-03T21:39:35+00:00","breadcrumb":{"@id":"https:\/\/toyinfluence.com\/politique-de-confidentialite\/#breadcrumb"},"inLanguage":"it-IT","potentialAction":[{"@type":"ReadAction","target":["https:\/\/toyinfluence.com\/politique-de-confidentialite\/"]}]},{"@type":"BreadcrumbList","@id":"https:\/\/toyinfluence.com\/politique-de-confidentialite\/#breadcrumb","itemListElement":[{"@type":"ListItem","position":1,"name":"Accueil","item":"https:\/\/toyinfluence.com\/"},{"@type":"ListItem","position":2,"name":"Politique de confidentialit\u00e9"}]},{"@type":"WebSite","@id":"https:\/\/toyinfluence.com\/#website","url":"https:\/\/toyinfluence.com\/","name":"Influenza dei giocattoli","description":"","potentialAction":[{"@type":"SearchAction","target":{"@type":"EntryPoint","urlTemplate":"https:\/\/toyinfluence.com\/?s={search_term_string}"},"query-input":{"@type":"PropertyValueSpecification","valueRequired":true,"valueName":"search_term_string"}}],"inLanguage":"it-IT"}]}},"_links":{"self":[{"href":"https:\/\/toyinfluence.com\/it\/wp-json\/wp\/v2\/pages\/319","targetHints":{"allow":["GET"]}}],"collection":[{"href":"https:\/\/toyinfluence.com\/it\/wp-json\/wp\/v2\/pages"}],"about":[{"href":"https:\/\/toyinfluence.com\/it\/wp-json\/wp\/v2\/types\/page"}],"author":[{"embeddable":true,"href":"https:\/\/toyinfluence.com\/it\/wp-json\/wp\/v2\/users\/1"}],"replies":[{"embeddable":true,"href":"https:\/\/toyinfluence.com\/it\/wp-json\/wp\/v2\/comments?post=319"}],"version-history":[{"count":10,"href":"https:\/\/toyinfluence.com\/it\/wp-json\/wp\/v2\/pages\/319\/revisions"}],"predecessor-version":[{"id":356,"href":"https:\/\/toyinfluence.com\/it\/wp-json\/wp\/v2\/pages\/319\/revisions\/356"}],"wp:attachment":[{"href":"https:\/\/toyinfluence.com\/it\/wp-json\/wp\/v2\/media?parent=319"}],"wp:term":[{"taxonomy":"category","embeddable":true,"href":"https:\/\/toyinfluence.com\/it\/wp-json\/wp\/v2\/categories?post=319"}],"curies":[{"name":"wp","href":"https:\/\/api.w.org\/{rel}","templated":true}]}}