{"id":1365,"date":"2025-08-27T15:59:25","date_gmt":"2025-08-27T15:59:25","guid":{"rendered":"https:\/\/toyinfluence.com\/?page_id=1365"},"modified":"2025-08-27T15:59:25","modified_gmt":"2025-08-27T15:59:25","slug":"strategie-influence-jouet","status":"publish","type":"page","link":"https:\/\/toyinfluence.com\/it\/strategie-influence-jouet\/","title":{"rendered":"Strategia di influenza per i marchi di giocattoli"},"content":{"rendered":"<p>Da diversi anni ormai, aiuto i marchi a costruire i loro <strong>strategia di influenza del giocattolo<\/strong>. Con <strong>Influenza dei giocattoli<\/strong>Aiuto i miei clienti a individuare gli influencer giusti, a costruire uno storytelling efficace e a trasformare queste campagne in risultati tangibili. Il mio obiettivo \u00e8 semplice: aiutarvi a incrementare le vendite attraverso una comunicazione autentica.<\/p>\n<h2>Perch\u00e9 una strategia di influenza \u00e8 essenziale nell'industria del giocattolo<\/h2>\n<p>I giocattoli sono un settore altamente visivo ed emotivo. I bambini vogliono vedere le novit\u00e0 e i genitori cercano rassicurazioni. A <strong>strategia di influenza del giocattolo<\/strong> possono soddisfare entrambe le aspettative. Gli influencer creano un legame diretto con la loro comunit\u00e0 e diventano ambasciatori credibili.<\/p>\n<p>Inoltre, l'influencer marketing integra le azioni di marketing tradizionali. Fa parte di un piano complessivo che comprende pubblicit\u00e0, fiere e comunicazioni B2B.<\/p>\n<h2>Micro-influencer o macro-influencer: qual \u00e8 la scelta giusta per il vostro marchio?<\/h2>\n<p>Il successo di un <strong>piano di influenza del giocattolo<\/strong> dipende dalla scelta dei partner giusti. I micro-influencer e i macro-influencer non hanno lo stesso ruolo.<\/p>\n<ul>\n<li><strong>Micro-influencer<\/strong> Comunit\u00e0 pi\u00f9 piccole ma molto impegnate, perfette per creare legami stretti.<\/li>\n<li><strong>Macro-influencer<\/strong> Elevata portata e visibilit\u00e0, ideale per lanci o campagne su larga scala.<\/li>\n<\/ul>\n<p>Spesso consiglio di combinare le due cose. In questo modo, si ottiene sia l'autenticit\u00e0 dei micro-influencer sia il potere di diffusione dei macro-influencer.<\/p>\n<h2>L'importanza della narrazione di storie di giocattoli<\/h2>\n<p>I giocattoli non vengono venduti solo per le loro caratteristiche tecniche. Vengono venduti anche per la storia che raccontano. \u00c8 qui che lo storytelling gioca un ruolo centrale. Costruendo una narrazione intorno ai vostri prodotti, susciterete emozioni e sostegno. Gli influencer diventano quindi i vettori di questa narrazione.<\/p>\n<p>Lavoro con i miei clienti per definire una narrazione coerente: l'origine del prodotto, i valori educativi, la dimensione ludica. Questa narrazione, trasmessa dai creatori di contenuti, amplifica l'impatto delle campagne.<\/p>\n<h2>Le piattaforme chiave per una strategia di influenza<\/h2>\n<p>Tre reti dominano attualmente il<strong>influenza del marketing del giocattolo<\/strong> :<\/p>\n<ul>\n<li><strong>TikTok<\/strong> ideale per video virali e giocattoli di tendenza.<\/li>\n<li><strong>YouTube<\/strong> perfetto per le dimostrazioni in famiglia e i test sui prodotti.<\/li>\n<li><strong>Instagram<\/strong> Il nuovo concetto \"Sono un genitore\": efficace per la promozione visiva e la collaborazione con i genitori.<\/li>\n<\/ul>\n<p>Ogni piattaforma ha le sue caratteristiche specifiche. Di conseguenza, costruisco campagne che si adattano ai codici di ciascuna di esse. Questo approccio massimizza la portata e l'efficacia.<\/p>\n<h2>Costruire un piano di influenza efficace<\/h2>\n<p>A <strong>piano di influenza del giocattolo<\/strong> \u00e8 costruito in pi\u00f9 fasi:<\/p>\n<ul>\n<li>Definire gli obiettivi (visibilit\u00e0, notoriet\u00e0, vendite)<\/li>\n<li>Identificare i target (bambini, genitori, distributori)<\/li>\n<li>Selezionare gli influencer giusti<\/li>\n<li>Sviluppare il giusto storytelling<\/li>\n<li>Avvio della campagna con monitoraggio regolare<\/li>\n<li>Misurare i risultati e regolare se necessario<\/li>\n<\/ul>\n<p>Sar\u00f2 al vostro fianco in ogni fase del percorso. Il mio ruolo \u00e8 quello di garantire la coerenza e l'efficacia della vostra strategia.<\/p>\n<h2>Storie di successo<\/h2>\n<p>Ho gi\u00e0 aiutato diversi marchi a implementare la loro strategia di influencer. Ecco alcuni esempi:<\/p>\n<ul>\n<li>Una campagna Instagram con micro-influencer genitori ha generato un forte aumento della consapevolezza.<\/li>\n<li>Una sfida su TikTok ha aiutato un marchio di giochi da tavolo a raggiungere diversi milioni di visualizzazioni.<\/li>\n<li>I video di YouTube realizzati dalle famiglie hanno incrementato le vendite di un innovativo giocattolo educativo.<\/li>\n<\/ul>\n<p>Questi casi dimostrano che un <strong>strategia di influenza del giocattolo<\/strong> pu\u00f2 generare un rapido e duraturo ritorno sull'investimento.<\/p>\n<h2>Il ruolo della regolamentazione<\/h2>\n<p>Tutte le campagne di lobbying devono rispettare un quadro giuridico. I partenariati devono essere chiaramente identificati. Inoltre, i contenuti rivolti ai bambini devono essere appropriati e sicuri. Mi assicuro che i miei clienti rispettino le raccomandazioni di <a href=\"https:\/\/www.service-public.fr\/particuliers\/actualites\/A15673\" target=\"_blank\" rel=\"noopener\">Servizio pubblico<\/a> e le norme in vigore in ciascun Paese.<\/p>\n<p>Questa vigilanza protegge il marchio, gli influencer e, soprattutto, i consumatori.<\/p>\n<h2>Perch\u00e9 affidare a me la vostra strategia di influencer<\/h2>\n<p>Con oltre venticinque anni di esperienza nel settore dei giocattoli, conosco i codici del mercato. Ho lavorato con marchi locali e internazionali su un'ampia gamma di campagne. Inoltre, parlo cinque lingue: francese, inglese, spagnolo, italiano e tedesco. Questo mi permette di gestire progetti di influenza su scala europea.<\/p>\n<p>Il mio supporto va oltre la consulenza. Vi aiuto anche a realizzare i vostri <strong>piano di influenza del giocattolo<\/strong> e misurare i risultati. In questo modo potrete avere la certezza di un follow-up concreto ed efficace.<\/p>\n<h2>Conclusione: costruiamo insieme la vostra strategia d'influenza<\/h2>\n<p>L'influenza \u00e8 diventata una leva essenziale nel settore dei giocattoli. Per avere successo, \u00e8 necessaria una strategia chiara, il giusto storytelling e le giuste partnership. Il mio ruolo \u00e8 quello di guidarvi in ogni fase del percorso e trasformare le vostre campagne in successi.<\/p>\n<p><strong>\ud83d\udc49 Contattatemi oggi stesso su <a href=\"tel:+33648940205\">06 48 94 02 05<\/a> o tramite il mio <a href=\"https:\/\/toyinfluence.com\/it\/contact\/\">modulo di contatto<\/a>. Parlo francese, inglese, spagnolo, italiano e tedesco e sarei lieta di parlare con voi.<\/strong><\/p>","protected":false},"excerpt":{"rendered":"<p>Depuis plusieurs ann\u00e9es, j\u2019accompagne des marques dans la construction de leur strat\u00e9gie influence jouet. Avec Toy Influence, j\u2019aide mes clients \u00e0 identifier les bons influenceurs, \u00e0 b\u00e2tir un storytelling efficace et \u00e0 transformer ces campagnes en r\u00e9sultats concrets. Mon objectif est simple : vous permettre de booster vos ventes gr\u00e2ce \u00e0 une communication authentique. Pourquoi [&hellip;]<\/p>\n","protected":false},"author":1,"featured_media":0,"parent":0,"menu_order":0,"comment_status":"closed","ping_status":"closed","template":"","meta":{"footnotes":""},"categories":[9],"class_list":["post-1365","page","type-page","status-publish","hentry","category-satellite-seo"],"yoast_head":"<!-- This site is optimized with the Yoast SEO plugin v27.4 - https:\/\/yoast.com\/product\/yoast-seo-wordpress\/ -->\n<title>Strat\u00e9gie influence jouet | Micro et macro-influenceurs<\/title>\n<meta name=\"description\" content=\"D\u00e9couvrez ma strat\u00e9gie influence jouet : choix des bons influenceurs, storytelling et plan d\u2019action pour booster vos ventes.\" \/>\n<meta name=\"robots\" content=\"index, follow, max-snippet:-1, max-image-preview:large, max-video-preview:-1\" \/>\n<link rel=\"canonical\" href=\"https:\/\/toyinfluence.com\/it\/strategie-influence-jouet\/\" \/>\n<meta property=\"og:locale\" content=\"it_IT\" \/>\n<meta property=\"og:type\" content=\"article\" \/>\n<meta property=\"og:title\" content=\"Strat\u00e9gie influence jouet | Micro et macro-influenceurs\" \/>\n<meta property=\"og:description\" content=\"D\u00e9couvrez ma strat\u00e9gie influence jouet : choix des bons influenceurs, storytelling et plan d\u2019action pour booster vos ventes.\" \/>\n<meta property=\"og:url\" content=\"https:\/\/toyinfluence.com\/it\/strategie-influence-jouet\/\" \/>\n<meta property=\"og:site_name\" content=\"Toy Influence\" \/>\n<meta name=\"twitter:card\" content=\"summary_large_image\" \/>\n<meta name=\"twitter:label1\" content=\"Tempo di lettura stimato\" \/>\n\t<meta name=\"twitter:data1\" content=\"4 minuti\" \/>\n<script type=\"application\/ld+json\" class=\"yoast-schema-graph\">{\"@context\":\"https:\\\/\\\/schema.org\",\"@graph\":[{\"@type\":\"WebPage\",\"@id\":\"https:\\\/\\\/toyinfluence.com\\\/strategie-influence-jouet\\\/\",\"url\":\"https:\\\/\\\/toyinfluence.com\\\/strategie-influence-jouet\\\/\",\"name\":\"Strat\u00e9gie influence jouet | Micro et macro-influenceurs\",\"isPartOf\":{\"@id\":\"https:\\\/\\\/toyinfluence.com\\\/#website\"},\"datePublished\":\"2025-08-27T15:59:25+00:00\",\"description\":\"D\u00e9couvrez ma strat\u00e9gie influence jouet : choix des bons influenceurs, storytelling et plan d\u2019action pour booster vos ventes.\",\"breadcrumb\":{\"@id\":\"https:\\\/\\\/toyinfluence.com\\\/strategie-influence-jouet\\\/#breadcrumb\"},\"inLanguage\":\"it-IT\",\"potentialAction\":[{\"@type\":\"ReadAction\",\"target\":[\"https:\\\/\\\/toyinfluence.com\\\/strategie-influence-jouet\\\/\"]}]},{\"@type\":\"BreadcrumbList\",\"@id\":\"https:\\\/\\\/toyinfluence.com\\\/strategie-influence-jouet\\\/#breadcrumb\",\"itemListElement\":[{\"@type\":\"ListItem\",\"position\":1,\"name\":\"Accueil\",\"item\":\"https:\\\/\\\/toyinfluence.com\\\/\"},{\"@type\":\"ListItem\",\"position\":2,\"name\":\"Strat\u00e9gie d\u2019influence pour les marques de jouets\"}]},{\"@type\":\"WebSite\",\"@id\":\"https:\\\/\\\/toyinfluence.com\\\/#website\",\"url\":\"https:\\\/\\\/toyinfluence.com\\\/\",\"name\":\"Toy Influence\",\"description\":\"\",\"potentialAction\":[{\"@type\":\"SearchAction\",\"target\":{\"@type\":\"EntryPoint\",\"urlTemplate\":\"https:\\\/\\\/toyinfluence.com\\\/?s={search_term_string}\"},\"query-input\":{\"@type\":\"PropertyValueSpecification\",\"valueRequired\":true,\"valueName\":\"search_term_string\"}}],\"inLanguage\":\"it-IT\"}]}<\/script>\n<!-- \/ Yoast SEO plugin. -->","yoast_head_json":{"title":"Strat\u00e9gie influence jouet | Micro et macro-influenceurs","description":"D\u00e9couvrez ma strat\u00e9gie influence jouet : choix des bons influenceurs, storytelling et plan d\u2019action pour booster vos ventes.","robots":{"index":"index","follow":"follow","max-snippet":"max-snippet:-1","max-image-preview":"max-image-preview:large","max-video-preview":"max-video-preview:-1"},"canonical":"https:\/\/toyinfluence.com\/it\/strategie-influence-jouet\/","og_locale":"it_IT","og_type":"article","og_title":"Strat\u00e9gie influence jouet | Micro et macro-influenceurs","og_description":"D\u00e9couvrez ma strat\u00e9gie influence jouet : choix des bons influenceurs, storytelling et plan d\u2019action pour booster vos ventes.","og_url":"https:\/\/toyinfluence.com\/it\/strategie-influence-jouet\/","og_site_name":"Toy Influence","twitter_card":"summary_large_image","twitter_misc":{"Tempo di lettura stimato":"4 minuti"},"schema":{"@context":"https:\/\/schema.org","@graph":[{"@type":"WebPage","@id":"https:\/\/toyinfluence.com\/strategie-influence-jouet\/","url":"https:\/\/toyinfluence.com\/strategie-influence-jouet\/","name":"Strat\u00e9gie influence jouet | Micro et macro-influenceurs","isPartOf":{"@id":"https:\/\/toyinfluence.com\/#website"},"datePublished":"2025-08-27T15:59:25+00:00","description":"D\u00e9couvrez ma strat\u00e9gie influence jouet : choix des bons influenceurs, storytelling et plan d\u2019action pour booster vos ventes.","breadcrumb":{"@id":"https:\/\/toyinfluence.com\/strategie-influence-jouet\/#breadcrumb"},"inLanguage":"it-IT","potentialAction":[{"@type":"ReadAction","target":["https:\/\/toyinfluence.com\/strategie-influence-jouet\/"]}]},{"@type":"BreadcrumbList","@id":"https:\/\/toyinfluence.com\/strategie-influence-jouet\/#breadcrumb","itemListElement":[{"@type":"ListItem","position":1,"name":"Accueil","item":"https:\/\/toyinfluence.com\/"},{"@type":"ListItem","position":2,"name":"Strat\u00e9gie d\u2019influence pour les marques de jouets"}]},{"@type":"WebSite","@id":"https:\/\/toyinfluence.com\/#website","url":"https:\/\/toyinfluence.com\/","name":"Influenza dei giocattoli","description":"","potentialAction":[{"@type":"SearchAction","target":{"@type":"EntryPoint","urlTemplate":"https:\/\/toyinfluence.com\/?s={search_term_string}"},"query-input":{"@type":"PropertyValueSpecification","valueRequired":true,"valueName":"search_term_string"}}],"inLanguage":"it-IT"}]}},"_links":{"self":[{"href":"https:\/\/toyinfluence.com\/it\/wp-json\/wp\/v2\/pages\/1365","targetHints":{"allow":["GET"]}}],"collection":[{"href":"https:\/\/toyinfluence.com\/it\/wp-json\/wp\/v2\/pages"}],"about":[{"href":"https:\/\/toyinfluence.com\/it\/wp-json\/wp\/v2\/types\/page"}],"author":[{"embeddable":true,"href":"https:\/\/toyinfluence.com\/it\/wp-json\/wp\/v2\/users\/1"}],"replies":[{"embeddable":true,"href":"https:\/\/toyinfluence.com\/it\/wp-json\/wp\/v2\/comments?post=1365"}],"version-history":[{"count":1,"href":"https:\/\/toyinfluence.com\/it\/wp-json\/wp\/v2\/pages\/1365\/revisions"}],"predecessor-version":[{"id":1366,"href":"https:\/\/toyinfluence.com\/it\/wp-json\/wp\/v2\/pages\/1365\/revisions\/1366"}],"wp:attachment":[{"href":"https:\/\/toyinfluence.com\/it\/wp-json\/wp\/v2\/media?parent=1365"}],"wp:term":[{"taxonomy":"category","embeddable":true,"href":"https:\/\/toyinfluence.com\/it\/wp-json\/wp\/v2\/categories?post=1365"}],"curies":[{"name":"wp","href":"https:\/\/api.w.org\/{rel}","templated":true}]}}