{"id":1361,"date":"2025-08-27T15:56:28","date_gmt":"2025-08-27T15:56:28","guid":{"rendered":"https:\/\/toyinfluence.com\/?page_id=1361"},"modified":"2025-08-27T15:56:28","modified_gmt":"2025-08-27T15:56:28","slug":"rapport-marche-jouet","status":"publish","type":"page","link":"https:\/\/toyinfluence.com\/it\/rapport-marche-jouet\/","title":{"rendered":"Rapporto strategico sull'industria del giocattolo"},"content":{"rendered":"<p>Lavoro nel settore dei giocattoli da oltre venticinque anni. Grazie a questa esperienza, oggi posso offrirvi una gamma di prodotti su misura per le vostre esigenze. <strong>rapporto sul mercato dei giocattoli<\/strong> completa e strategica. Con <strong>Influenza dei giocattoli<\/strong>Aiuto le aziende a comprendere le cifre chiave, ad anticipare le tendenze e a costruire una strategia vincente.<\/p>\n<h2>Perch\u00e9 consultare un rapporto strategico sull'industria del giocattolo?<\/h2>\n<p>Il mercato dei giocattoli \u00e8 in rapida evoluzione. Ogni anno, nuove tendenze e nuovi attori cambiano gli equilibri. A <strong>rapporto sul mercato dei giocattoli<\/strong> fornisce un quadro chiaro delle opportunit\u00e0 e dei rischi. Fornisce una solida base per prendere le giuste decisioni.<\/p>\n<p>In qualit\u00e0 di esperto, attingo a fonti affidabili e alla mia esperienza sul campo per offrire una visione completa e pratica.<\/p>\n<h2>Cifre chiave per il mercato globale ed europeo<\/h2>\n<p>Secondo il <a href=\"https:\/\/www.toyassociation.org\/\" target=\"_blank\" rel=\"noopener\">Associazione dei giocattoli<\/a>L'Europa rappresenta quasi un quarto del mercato globale dei giocattoli. In Francia, secondo il <a href=\"https:\/\/www.fjp.fr\/\" target=\"_blank\" rel=\"noopener\">Federazione francese delle industrie del giocattolo e dell'infanzia<\/a>Il mercato vale circa 3,5 miliardi di euro all'anno. Le vendite si sono concentrate in oltre 60 % nell'ultimo trimestre (<a href=\"https:\/\/fr.statista.com\/themes\/3830\/jouets-en-france\/\" target=\"_blank\" rel=\"noopener\">Statista<\/a>).<\/p>\n<p>Questi dati confermano l'importanza della stagionalit\u00e0 e la necessit\u00e0 di anticipare i picchi di consumo.<\/p>\n<h2>Principali tendenze osservate<\/h2>\n<p>Il mio <strong>rapporto sul mercato dei giocattoli<\/strong> si basa anche sull'osservazione delle tendenze. Diversi sviluppi stanno attualmente caratterizzando il settore:<\/p>\n<ul>\n<li>L'ascesa dei giocattoli educativi e connessi<\/li>\n<li>L'ascesa del mercato dei \"kidults\", gli adulti con la passione per i giocattoli<\/li>\n<li>Crescente domanda di giocattoli ecologici e sostenibili<\/li>\n<li>L'impatto delle licenze e dei film sulle vendite<\/li>\n<li>Il ruolo crescente di marketplace come Amazon e Fnac<\/li>\n<\/ul>\n<p>Queste tendenze hanno un'influenza diretta sulla strategia del marchio. Infatti, un'azienda che le anticipa ha maggiori probabilit\u00e0 di successo.<\/p>\n<h2>Uno studio di settore basato su analisi affidabili<\/h2>\n<p>Costruisco i miei rapporti incrociando diverse fonti. Tra queste, i dati ufficiali, le ricerche di mercato e le mie osservazioni sul campo. Questo approccio mi permette di fornire una <strong>studio sul settore dei giocattoli<\/strong> accurata e utilizzabile. Includo anche un'analisi dei canali di distribuzione, del comportamento di acquisto e degli sviluppi normativi.<\/p>\n<p>Il mio obiettivo \u00e8 fornire ai miei clienti un documento utile e direttamente applicabile alla loro strategia.<\/p>\n<h2>Diagnosi e prospettive di crescita<\/h2>\n<p>A <strong>rapporto sul mercato dei giocattoli<\/strong> non si limita all'analisi. Suggerisce anche azioni concrete. Ad esempio, consiglio spesso ai miei clienti di diversificare i canali di distribuzione. Possono combinare catene specializzate, supermercati e piattaforme di e-commerce. Consiglio anche di incorporare una dimensione ecologica e digitale nei nuovi prodotti.<\/p>\n<p>Queste scelte rafforzano la competitivit\u00e0 e preparano l'azienda alle future aspettative dei consumatori.<\/p>\n<h2>Uno strumento decisionale per i marchi<\/h2>\n<p>Il rapporto \u00e8 concepito come un vero e proprio strumento decisionale. Consente all'azienda di identificare i mercati prioritari, di definire la strategia di marketing e di adeguare i prezzi. Spesso aggiungo un'analisi SWOT (punti di forza, debolezza, opportunit\u00e0, minacce) per chiarire la posizione del marchio rispetto alla concorrenza.<\/p>\n<p>Questa diagnosi fornisce una visione chiara e consente di elaborare un piano strategico per diversi anni.<\/p>\n<h2>L'importanza della regolamentazione<\/h2>\n<p>Il mercato dei giocattoli \u00e8 fortemente regolamentato dalle norme di sicurezza. Le norme europee CE impongono test severi. Inoltre, ogni Paese pu\u00f2 avere i propri requisiti specifici. Un'azienda che ignora questi vincoli corre un grosso rischio. Per questo consiglio sempre ai miei clienti di informarsi sulle normative prima di lanciare qualsiasi prodotto.<\/p>\n<p>Mi affido a risorse affidabili come <a href=\"https:\/\/www.service-public.fr\/professionnels-entreprises\/vosdroits\/F32165\" target=\"_blank\" rel=\"noopener\">Servizio pubblico<\/a> per assicurarsi le mie raccomandazioni.<\/p>\n<h2>La mia esperienza e i miei successi<\/h2>\n<p>La mia competenza si basa su oltre venticinque anni di esperienza nel settore. Ho lavorato per marchi come Smoby, NUK-TIGEX, BERG Toys e smarTrike. In ogni incarico ho constatato l'importanza di un'analisi precisa per ottenere risultati concreti.<\/p>\n<p>Queste esperienze arricchiscono i miei rapporti e conferiscono loro una dimensione operativa unica. Infatti, non mi limito alle cifre: fornisco anche soluzioni pratiche.<\/p>\n<h2>Perch\u00e9 affidarmi il vostro rapporto sul mercato dei giocattoli<\/h2>\n<p>Lavorare con me significa beneficiare di una doppia competenza: analitica e operativa. Fornisco rapporti completi, ma posso anche supportarne l'attuazione. Inoltre, parlo cinque lingue: francese, inglese, spagnolo, italiano e tedesco. Questa competenza \u00e8 un vantaggio quando si tratta di lavorare con i vostri partner europei.<\/p>\n<p>Affidandomi il vostro <strong>rapporto sul mercato dei giocattoli<\/strong>Il risultato \u00e8 una visione strategica chiara che pu\u00f2 essere utilizzata immediatamente.<\/p>\n<h2>Conclusione: costruiamo insieme la vostra strategia<\/h2>\n<p>L'industria del giocattolo \u00e8 in piena trasformazione. Per avere successo, occorrono dati affidabili, analisi chiare e azioni concrete. Il mio <strong>rapporto sul mercato dei giocattoli<\/strong> vi offre questi tre elementi. Insieme, possiamo trasformare le vostre ambizioni in risultati.<\/p>\n<p><strong>\ud83d\udc49 Contattatemi oggi stesso su <a href=\"tel:+33648940205\">06 48 94 02 05<\/a> o tramite il mio <a href=\"https:\/\/toyinfluence.com\/it\/contact\/\">modulo di contatto<\/a>. Sar\u00f2 felice di parlare con voi in francese, inglese, spagnolo, italiano o tedesco.<\/strong><\/p>","protected":false},"excerpt":{"rendered":"<p>Depuis plus de vingt-cinq ans, je travaille dans l\u2019industrie du jouet. Cette exp\u00e9rience me permet aujourd\u2019hui de proposer un rapport march\u00e9 jouet complet et strat\u00e9gique. Avec Toy Influence, j\u2019aide les entreprises \u00e0 comprendre les chiffres cl\u00e9s, \u00e0 anticiper les tendances et \u00e0 b\u00e2tir une strat\u00e9gie gagnante. Pourquoi consulter un rapport strat\u00e9gique sur l\u2019industrie du jouet [&hellip;]<\/p>\n","protected":false},"author":1,"featured_media":0,"parent":0,"menu_order":0,"comment_status":"closed","ping_status":"closed","template":"","meta":{"footnotes":""},"categories":[9],"class_list":["post-1361","page","type-page","status-publish","hentry","category-satellite-seo"],"yoast_head":"<!-- This site is optimized with the Yoast SEO plugin v27.4 - https:\/\/yoast.com\/product\/yoast-seo-wordpress\/ -->\n<title>Rapport march\u00e9 jouet | Analyse sectorielle et chiffres<\/title>\n<meta name=\"description\" content=\"D\u00e9couvrez mon rapport march\u00e9 jouet : analyse sectorielle, chiffres cl\u00e9s et tendances. J\u2019accompagne les marques avec une vision...\" \/>\n<meta name=\"robots\" content=\"index, follow, max-snippet:-1, max-image-preview:large, max-video-preview:-1\" \/>\n<link rel=\"canonical\" href=\"https:\/\/toyinfluence.com\/it\/rapport-marche-jouet\/\" \/>\n<meta property=\"og:locale\" content=\"it_IT\" \/>\n<meta property=\"og:type\" content=\"article\" \/>\n<meta property=\"og:title\" content=\"Rapport march\u00e9 jouet | Analyse sectorielle et chiffres\" \/>\n<meta property=\"og:description\" content=\"D\u00e9couvrez mon rapport march\u00e9 jouet : analyse sectorielle, chiffres cl\u00e9s et tendances. J\u2019accompagne les marques avec une vision...\" \/>\n<meta property=\"og:url\" content=\"https:\/\/toyinfluence.com\/it\/rapport-marche-jouet\/\" \/>\n<meta property=\"og:site_name\" content=\"Toy Influence\" \/>\n<meta name=\"twitter:card\" content=\"summary_large_image\" \/>\n<meta name=\"twitter:label1\" content=\"Tempo di lettura stimato\" \/>\n\t<meta name=\"twitter:data1\" content=\"5 minuti\" \/>\n<script type=\"application\/ld+json\" class=\"yoast-schema-graph\">{\"@context\":\"https:\\\/\\\/schema.org\",\"@graph\":[{\"@type\":\"WebPage\",\"@id\":\"https:\\\/\\\/toyinfluence.com\\\/rapport-marche-jouet\\\/\",\"url\":\"https:\\\/\\\/toyinfluence.com\\\/rapport-marche-jouet\\\/\",\"name\":\"Rapport march\u00e9 jouet | Analyse sectorielle et chiffres\",\"isPartOf\":{\"@id\":\"https:\\\/\\\/toyinfluence.com\\\/#website\"},\"datePublished\":\"2025-08-27T15:56:28+00:00\",\"description\":\"D\u00e9couvrez mon rapport march\u00e9 jouet : analyse sectorielle, chiffres cl\u00e9s et tendances. J\u2019accompagne les marques avec une vision...\",\"breadcrumb\":{\"@id\":\"https:\\\/\\\/toyinfluence.com\\\/rapport-marche-jouet\\\/#breadcrumb\"},\"inLanguage\":\"it-IT\",\"potentialAction\":[{\"@type\":\"ReadAction\",\"target\":[\"https:\\\/\\\/toyinfluence.com\\\/rapport-marche-jouet\\\/\"]}]},{\"@type\":\"BreadcrumbList\",\"@id\":\"https:\\\/\\\/toyinfluence.com\\\/rapport-marche-jouet\\\/#breadcrumb\",\"itemListElement\":[{\"@type\":\"ListItem\",\"position\":1,\"name\":\"Accueil\",\"item\":\"https:\\\/\\\/toyinfluence.com\\\/\"},{\"@type\":\"ListItem\",\"position\":2,\"name\":\"Rapport strat\u00e9gique sur l\u2019industrie du jouet\"}]},{\"@type\":\"WebSite\",\"@id\":\"https:\\\/\\\/toyinfluence.com\\\/#website\",\"url\":\"https:\\\/\\\/toyinfluence.com\\\/\",\"name\":\"Toy Influence\",\"description\":\"\",\"potentialAction\":[{\"@type\":\"SearchAction\",\"target\":{\"@type\":\"EntryPoint\",\"urlTemplate\":\"https:\\\/\\\/toyinfluence.com\\\/?s={search_term_string}\"},\"query-input\":{\"@type\":\"PropertyValueSpecification\",\"valueRequired\":true,\"valueName\":\"search_term_string\"}}],\"inLanguage\":\"it-IT\"}]}<\/script>\n<!-- \/ Yoast SEO plugin. -->","yoast_head_json":{"title":"Rapport march\u00e9 jouet | Analyse sectorielle et chiffres","description":"D\u00e9couvrez mon rapport march\u00e9 jouet : analyse sectorielle, chiffres cl\u00e9s et tendances. J\u2019accompagne les marques avec une vision...","robots":{"index":"index","follow":"follow","max-snippet":"max-snippet:-1","max-image-preview":"max-image-preview:large","max-video-preview":"max-video-preview:-1"},"canonical":"https:\/\/toyinfluence.com\/it\/rapport-marche-jouet\/","og_locale":"it_IT","og_type":"article","og_title":"Rapport march\u00e9 jouet | Analyse sectorielle et chiffres","og_description":"D\u00e9couvrez mon rapport march\u00e9 jouet : analyse sectorielle, chiffres cl\u00e9s et tendances. J\u2019accompagne les marques avec une vision...","og_url":"https:\/\/toyinfluence.com\/it\/rapport-marche-jouet\/","og_site_name":"Toy Influence","twitter_card":"summary_large_image","twitter_misc":{"Tempo di lettura stimato":"5 minuti"},"schema":{"@context":"https:\/\/schema.org","@graph":[{"@type":"WebPage","@id":"https:\/\/toyinfluence.com\/rapport-marche-jouet\/","url":"https:\/\/toyinfluence.com\/rapport-marche-jouet\/","name":"Rapport march\u00e9 jouet | Analyse sectorielle et chiffres","isPartOf":{"@id":"https:\/\/toyinfluence.com\/#website"},"datePublished":"2025-08-27T15:56:28+00:00","description":"D\u00e9couvrez mon rapport march\u00e9 jouet : analyse sectorielle, chiffres cl\u00e9s et tendances. J\u2019accompagne les marques avec une vision...","breadcrumb":{"@id":"https:\/\/toyinfluence.com\/rapport-marche-jouet\/#breadcrumb"},"inLanguage":"it-IT","potentialAction":[{"@type":"ReadAction","target":["https:\/\/toyinfluence.com\/rapport-marche-jouet\/"]}]},{"@type":"BreadcrumbList","@id":"https:\/\/toyinfluence.com\/rapport-marche-jouet\/#breadcrumb","itemListElement":[{"@type":"ListItem","position":1,"name":"Accueil","item":"https:\/\/toyinfluence.com\/"},{"@type":"ListItem","position":2,"name":"Rapport strat\u00e9gique sur l\u2019industrie du jouet"}]},{"@type":"WebSite","@id":"https:\/\/toyinfluence.com\/#website","url":"https:\/\/toyinfluence.com\/","name":"Influenza dei giocattoli","description":"","potentialAction":[{"@type":"SearchAction","target":{"@type":"EntryPoint","urlTemplate":"https:\/\/toyinfluence.com\/?s={search_term_string}"},"query-input":{"@type":"PropertyValueSpecification","valueRequired":true,"valueName":"search_term_string"}}],"inLanguage":"it-IT"}]}},"_links":{"self":[{"href":"https:\/\/toyinfluence.com\/it\/wp-json\/wp\/v2\/pages\/1361","targetHints":{"allow":["GET"]}}],"collection":[{"href":"https:\/\/toyinfluence.com\/it\/wp-json\/wp\/v2\/pages"}],"about":[{"href":"https:\/\/toyinfluence.com\/it\/wp-json\/wp\/v2\/types\/page"}],"author":[{"embeddable":true,"href":"https:\/\/toyinfluence.com\/it\/wp-json\/wp\/v2\/users\/1"}],"replies":[{"embeddable":true,"href":"https:\/\/toyinfluence.com\/it\/wp-json\/wp\/v2\/comments?post=1361"}],"version-history":[{"count":1,"href":"https:\/\/toyinfluence.com\/it\/wp-json\/wp\/v2\/pages\/1361\/revisions"}],"predecessor-version":[{"id":1362,"href":"https:\/\/toyinfluence.com\/it\/wp-json\/wp\/v2\/pages\/1361\/revisions\/1362"}],"wp:attachment":[{"href":"https:\/\/toyinfluence.com\/it\/wp-json\/wp\/v2\/media?parent=1361"}],"wp:term":[{"taxonomy":"category","embeddable":true,"href":"https:\/\/toyinfluence.com\/it\/wp-json\/wp\/v2\/categories?post=1361"}],"curies":[{"name":"wp","href":"https:\/\/api.w.org\/{rel}","templated":true}]}}