{"id":1101,"date":"2024-05-06T22:33:33","date_gmt":"2024-05-06T22:33:33","guid":{"rendered":"https:\/\/toyinfluence.com\/?page_id=1101"},"modified":"2026-03-30T14:49:26","modified_gmt":"2026-03-30T12:49:26","slug":"optimisez-votre-presence-aux-salons-de-jouets-de-deauville-et-nuremberg","status":"publish","type":"page","link":"https:\/\/toyinfluence.com\/it\/optimisez-votre-presence-aux-salons-de-jouets-de-deauville-et-nuremberg\/","title":{"rendered":"Massimizzate la vostra presenza alle fiere del giocattolo di Deauville e Norimberga"},"content":{"rendered":"<div data-elementor-type=\"wp-page\" data-elementor-id=\"1101\" class=\"elementor elementor-1101\" data-elementor-post-type=\"page\">\n\t\t\t\t<div class=\"elementor-element elementor-element-a951f94 e-flex e-con-boxed e-con e-parent\" data-id=\"a951f94\" data-element_type=\"container\" data-e-type=\"container\">\n\t\t\t\t\t<div class=\"e-con-inner\">\n\t\t\t\t<div class=\"elementor-element elementor-element-10f1dba elementor-widget elementor-widget-heading\" data-id=\"10f1dba\" data-element_type=\"widget\" data-e-type=\"widget\" data-widget_type=\"heading.default\">\n\t\t\t\t<div class=\"elementor-widget-container\">\n\t\t\t\t\t<h1 class=\"elementor-heading-title elementor-size-default\">PARTECIPAZIONE A FIERE EUROPEE<\/h1>\t\t\t\t<\/div>\n\t\t\t\t<\/div>\n\t\t\t\t<div class=\"elementor-element elementor-element-74c1c59 elementor-widget elementor-widget-heading\" data-id=\"74c1c59\" data-element_type=\"widget\" data-e-type=\"widget\" data-widget_type=\"heading.default\">\n\t\t\t\t<div class=\"elementor-widget-container\">\n\t\t\t\t\t<h2 class=\"elementor-heading-title elementor-size-default\">Massimizzate la vostra presenza alle fiere del giocattolo in Europa<\/h2>\t\t\t\t<\/div>\n\t\t\t\t<\/div>\n\t\t\t\t<div class=\"elementor-element elementor-element-ffe057c elementor-widget elementor-widget-heading\" data-id=\"ffe057c\" data-element_type=\"widget\" data-e-type=\"widget\" data-widget_type=\"heading.default\">\n\t\t\t\t<div class=\"elementor-widget-container\">\n\t\t\t\t\t<p class=\"elementor-heading-title elementor-size-default\">Ogni anno le fiere europee del giocattolo attirano professionisti da tutto il mondo. Questi eventi sono occasioni fondamentali per presentare i propri prodotti, incontrare acquirenti e sviluppare la propria rete di contatti.<br><br>Toy Influence pu\u00f2 aiutarvi a massimizzare il vostro impatto e a trasformare la vostra presenza in risultati tangibili.<\/p>\t\t\t\t<\/div>\n\t\t\t\t<\/div>\n\t\t\t\t\t<\/div>\n\t\t\t\t<\/div>\n\t\t<div class=\"elementor-element elementor-element-6058018 e-flex e-con-boxed e-con e-parent\" data-id=\"6058018\" data-element_type=\"container\" data-e-type=\"container\" data-settings=\"{&quot;background_background&quot;:&quot;classic&quot;}\">\n\t\t\t\t\t<div class=\"e-con-inner\">\n\t\t<div class=\"elementor-element elementor-element-8d76611 e-con-full e-flex e-con e-child\" data-id=\"8d76611\" data-element_type=\"container\" data-e-type=\"container\">\n\t\t\t\t<div class=\"elementor-element elementor-element-6d8e250 elementor-widget elementor-widget-heading\" data-id=\"6d8e250\" data-element_type=\"widget\" data-e-type=\"widget\" data-widget_type=\"heading.default\">\n\t\t\t\t<div class=\"elementor-widget-container\">\n\t\t\t\t\t<h2 class=\"elementor-heading-title elementor-size-default\">Massimizzate la vostra presenza con Toy Influence<\/h2>\t\t\t\t<\/div>\n\t\t\t\t<\/div>\n\t\t\t\t<div class=\"elementor-element elementor-element-074a0dc elementor-widget elementor-widget-heading\" data-id=\"074a0dc\" data-element_type=\"widget\" data-e-type=\"widget\" data-widget_type=\"heading.default\">\n\t\t\t\t<div class=\"elementor-widget-container\">\n\t\t\t\t\t<h3 class=\"elementor-heading-title elementor-size-default\">Preparazione e pianificazione\n<\/h3>\t\t\t\t<\/div>\n\t\t\t\t<\/div>\n\t\t\t\t<div class=\"elementor-element elementor-element-a79a38e elementor-widget elementor-widget-heading\" data-id=\"a79a38e\" data-element_type=\"widget\" data-e-type=\"widget\" data-widget_type=\"heading.default\">\n\t\t\t\t<div class=\"elementor-widget-container\">\n\t\t\t\t\t<h3 class=\"elementor-heading-title elementor-size-default\">Prima della fiera, lavoreremo con voi per definire i vostri obiettivi e mettere in atto una strategia efficace. Vi aiuteremo a ottimizzare la vostra presenza tenendo sotto controllo i costi.<\/h3>\t\t\t\t<\/div>\n\t\t\t\t<\/div>\n\t\t\t\t<div class=\"elementor-element elementor-element-ebda812 elementor-widget elementor-widget-heading\" data-id=\"ebda812\" data-element_type=\"widget\" data-e-type=\"widget\" data-widget_type=\"heading.default\">\n\t\t\t\t<div class=\"elementor-widget-container\">\n\t\t\t\t\t<h3 class=\"elementor-heading-title elementor-size-default\">Interazione in loco\n<\/h3>\t\t\t\t<\/div>\n\t\t\t\t<\/div>\n\t\t\t\t<div class=\"elementor-element elementor-element-82d5b58 elementor-widget elementor-widget-heading\" data-id=\"82d5b58\" data-element_type=\"widget\" data-e-type=\"widget\" data-widget_type=\"heading.default\">\n\t\t\t\t<div class=\"elementor-widget-container\">\n\t\t\t\t\t<p class=\"elementor-heading-title elementor-size-default\">Durante la fiera, facilitiamo gli scambi con i contatti giusti: acquirenti, distributori e partner. L'obiettivo \u00e8 quello di raggiungere contatti ad alto potenziale.<\/p>\t\t\t\t<\/div>\n\t\t\t\t<\/div>\n\t\t\t\t<div class=\"elementor-element elementor-element-5e0cf3d elementor-widget elementor-widget-heading\" data-id=\"5e0cf3d\" data-element_type=\"widget\" data-e-type=\"widget\" data-widget_type=\"heading.default\">\n\t\t\t\t<div class=\"elementor-widget-container\">\n\t\t\t\t\t<h3 class=\"elementor-heading-title elementor-size-default\">Follow-up post-spettacolo\n<\/h3>\t\t\t\t<\/div>\n\t\t\t\t<\/div>\n\t\t\t\t<div class=\"elementor-element elementor-element-0eee006 elementor-widget elementor-widget-heading\" data-id=\"0eee006\" data-element_type=\"widget\" data-e-type=\"widget\" data-widget_type=\"heading.default\">\n\t\t\t\t<div class=\"elementor-widget-container\">\n\t\t\t\t\t<p class=\"elementor-heading-title elementor-size-default\">Dopo l'evento, forniamo un follow-up strutturato: analisi dei contatti, definizione delle priorit\u00e0 delle opportunit\u00e0 e impostazione delle successive azioni di vendita.<\/p>\t\t\t\t<\/div>\n\t\t\t\t<\/div>\n\t\t\t\t<\/div>\n\t\t\t\t\t<\/div>\n\t\t\t\t<\/div>\n\t\t<div class=\"elementor-element elementor-element-1582392 e-flex e-con-boxed e-con e-parent\" data-id=\"1582392\" data-element_type=\"container\" data-e-type=\"container\">\n\t\t\t\t\t<div class=\"e-con-inner\">\n\t\t<div class=\"elementor-element elementor-element-513ebf1 e-con-full e-flex e-con e-child\" data-id=\"513ebf1\" data-element_type=\"container\" data-e-type=\"container\">\n\t\t\t\t<div class=\"elementor-element elementor-element-22cdfec elementor-widget elementor-widget-heading\" data-id=\"22cdfec\" data-element_type=\"widget\" data-e-type=\"widget\" data-widget_type=\"heading.default\">\n\t\t\t\t<div class=\"elementor-widget-container\">\n\t\t\t\t\t<h2 class=\"elementor-heading-title elementor-size-default\">Una presenza attiva alle fiere europee<\/h2>\t\t\t\t<\/div>\n\t\t\t\t<\/div>\n\t\t\t\t<div class=\"elementor-element elementor-element-96bd200 elementor-widget elementor-widget-heading\" data-id=\"96bd200\" data-element_type=\"widget\" data-e-type=\"widget\" data-widget_type=\"heading.default\">\n\t\t\t\t<div class=\"elementor-widget-container\">\n\t\t\t\t\t<h3 class=\"elementor-heading-title elementor-size-default\">Toy Influence si basa sull'esperienza pratica delle principali fiere del settore:<\/h3>\t\t\t\t<\/div>\n\t\t\t\t<\/div>\n\t\t\t\t<div class=\"elementor-element elementor-element-b5822b8 elementor-widget elementor-widget-heading\" data-id=\"b5822b8\" data-element_type=\"widget\" data-e-type=\"widget\" data-widget_type=\"heading.default\">\n\t\t\t\t<div class=\"elementor-widget-container\">\n\t\t\t\t\t<h3 class=\"elementor-heading-title elementor-size-default\">Deauville (Francia)\n<\/h3>\t\t\t\t<\/div>\n\t\t\t\t<\/div>\n\t\t\t\t<div class=\"elementor-element elementor-element-24a77e3 elementor-widget elementor-widget-heading\" data-id=\"24a77e3\" data-element_type=\"widget\" data-e-type=\"widget\" data-widget_type=\"heading.default\">\n\t\t\t\t<div class=\"elementor-widget-container\">\n\t\t\t\t\t<h3 class=\"elementor-heading-title elementor-size-default\">Espositore con uno stand di 33 m\u00b2 al Pre Show dal 2012, con una conoscenza approfondita del mercato francofono e degli acquirenti locali.<\/h3>\t\t\t\t<\/div>\n\t\t\t\t<\/div>\n\t\t\t\t<div class=\"elementor-element elementor-element-2deb1e1 elementor-widget elementor-widget-heading\" data-id=\"2deb1e1\" data-element_type=\"widget\" data-e-type=\"widget\" data-widget_type=\"heading.default\">\n\t\t\t\t<div class=\"elementor-widget-container\">\n\t\t\t\t\t<h3 class=\"elementor-heading-title elementor-size-default\">Fiere europee\n<\/h3>\t\t\t\t<\/div>\n\t\t\t\t<\/div>\n\t\t\t\t<div class=\"elementor-element elementor-element-35a1d51 elementor-widget elementor-widget-heading\" data-id=\"35a1d51\" data-element_type=\"widget\" data-e-type=\"widget\" data-widget_type=\"heading.default\">\n\t\t\t\t<div class=\"elementor-widget-container\">\n\t\t\t\t\t<p class=\"elementor-heading-title elementor-size-default\">Visite regolari e partecipazione dal 2002 ai principali eventi del settore: Londra, Norimberga, Madrid, Milano e Amsterdam.<br>Questa presenza costante ci permette di comprendere le dinamiche del mercato e di anticiparne le tendenze.<\/p>\t\t\t\t<\/div>\n\t\t\t\t<\/div>\n\t\t\t\t<\/div>\n\t\t\t\t\t<\/div>\n\t\t\t\t<\/div>\n\t\t<div class=\"elementor-element elementor-element-d213f6d e-flex e-con-boxed e-con e-parent\" data-id=\"d213f6d\" data-element_type=\"container\" data-e-type=\"container\" data-settings=\"{&quot;background_background&quot;:&quot;classic&quot;}\">\n\t\t\t\t\t<div class=\"e-con-inner\">\n\t\t<div class=\"elementor-element elementor-element-471ae3a e-con-full e-flex e-con e-child\" data-id=\"471ae3a\" data-element_type=\"container\" data-e-type=\"container\">\n\t\t\t\t<div class=\"elementor-element elementor-element-0af53b3 elementor-widget elementor-widget-heading\" data-id=\"0af53b3\" data-element_type=\"widget\" data-e-type=\"widget\" data-widget_type=\"heading.default\">\n\t\t\t\t<div class=\"elementor-widget-container\">\n\t\t\t\t\t<h2 class=\"elementor-heading-title elementor-size-default\">Perch\u00e9 scegliere Toy Influence?<\/h2>\t\t\t\t<\/div>\n\t\t\t\t<\/div>\n\t\t\t\t<div class=\"elementor-element elementor-element-25a5304 elementor-widget elementor-widget-heading\" data-id=\"25a5304\" data-element_type=\"widget\" data-e-type=\"widget\" data-widget_type=\"heading.default\">\n\t\t\t\t<div class=\"elementor-widget-container\">\n\t\t\t\t\t<h3 class=\"elementor-heading-title elementor-size-default\">Offriamo un supporto completo basato sull'esperienza reale delle fiere europee. Il nostro approccio vi consente di ottimizzare la vostra presenza, di raggiungere i contatti giusti e di massimizzare il ritorno sugli investimenti.<br><br>Partecipare a queste fiere pu\u00f2 essere una leva importante per lo sviluppo del business. Toy Influence pu\u00f2 aiutarvi in ogni momento a trarne il massimo beneficio.<\/h3>\t\t\t\t<\/div>\n\t\t\t\t<\/div>\n\t\t\t\t<\/div>\n\t\t\t\t\t<\/div>\n\t\t\t\t<\/div>\n\t\t<div class=\"elementor-element elementor-element-aba3bbb e-flex e-con-boxed e-con e-parent\" data-id=\"aba3bbb\" data-element_type=\"container\" data-e-type=\"container\">\n\t\t\t\t\t<div class=\"e-con-inner\">\n\t\t<div class=\"elementor-element elementor-element-3b13b41 e-flex e-con-boxed e-con e-child\" data-id=\"3b13b41\" data-element_type=\"container\" data-e-type=\"container\">\n\t\t\t\t\t<div class=\"e-con-inner\">\n\t\t\t\t<div class=\"elementor-element elementor-element-51eed58 elementor-widget elementor-widget-heading\" data-id=\"51eed58\" data-element_type=\"widget\" data-e-type=\"widget\" data-widget_type=\"heading.default\">\n\t\t\t\t<div class=\"elementor-widget-container\">\n\t\t\t\t\t<h2 class=\"elementor-heading-title elementor-size-default\">Contattate Toy Influence oggi stesso\n<\/h2>\t\t\t\t<\/div>\n\t\t\t\t<\/div>\n\t\t\t\t<div class=\"elementor-element elementor-element-d464c64 elementor-widget elementor-widget-heading\" data-id=\"d464c64\" data-element_type=\"widget\" data-e-type=\"widget\" data-widget_type=\"heading.default\">\n\t\t\t\t<div class=\"elementor-widget-container\">\n\t\t\t\t\t<p class=\"elementor-heading-title elementor-size-default\">Volete ottimizzare la vostra partecipazione alle fiere del giocattolo europee? Contattateci per discutere il vostro progetto e preparare la vostra prossima presenza.<\/p>\t\t\t\t<\/div>\n\t\t\t\t<\/div>\n\t\t\t\t<div class=\"elementor-element elementor-element-0eace3b elementor-widget elementor-widget-button\" data-id=\"0eace3b\" data-element_type=\"widget\" data-e-type=\"widget\" data-widget_type=\"button.default\">\n\t\t\t\t<div class=\"elementor-widget-container\">\n\t\t\t\t\t\t\t\t\t<div class=\"elementor-button-wrapper\">\n\t\t\t\t\t<a class=\"elementor-button elementor-button-link elementor-size-sm\" href=\"mailto:yann@toyinfluence.com\" target=\"_blank\">\n\t\t\t\t\t\t<span class=\"elementor-button-content-wrapper\">\n\t\t\t\t\t\t<span class=\"elementor-button-icon\">\n\t\t\t\t<i aria-hidden=\"true\" class=\"fas fa-envelope\"><\/i>\t\t\t<\/span>\n\t\t\t\t\t\t\t\t\t<span class=\"elementor-button-text\">yann@toyinfluence.com<\/span>\n\t\t\t\t\t<\/span>\n\t\t\t\t\t<\/a>\n\t\t\t\t<\/div>\n\t\t\t\t\t\t\t\t<\/div>\n\t\t\t\t<\/div>\n\t\t\t\t\t<\/div>\n\t\t\t\t<\/div>\n\t\t\t\t\t<\/div>\n\t\t\t\t<\/div>\n\t\t\t\t<\/div>","protected":false},"excerpt":{"rendered":"<p>PARTICIPATION AUX SALONS EUROP\u00c9ENS Optimisez votre pr\u00e9sence aux salons de jouets en Europe Chaque ann\u00e9e, les salons europ\u00e9ens du jouet attirent des professionnels du monde entier. Ces \u00e9v\u00e9nements sont des opportunit\u00e9s cl\u00e9s pour pr\u00e9senter vos produits, rencontrer des acheteurs et d\u00e9velopper votre r\u00e9seau. Toy Influence vous accompagne pour maximiser votre impact et transformer votre pr\u00e9sence [&hellip;]<\/p>\n","protected":false},"author":1,"featured_media":0,"parent":0,"menu_order":0,"comment_status":"closed","ping_status":"closed","template":"elementor_header_footer","meta":{"footnotes":""},"categories":[],"class_list":["post-1101","page","type-page","status-publish","hentry"],"yoast_head":"<!-- This site is optimized with the Yoast SEO plugin v27.4 - https:\/\/yoast.com\/product\/yoast-seo-wordpress\/ -->\n<title>Optimisez votre pr\u00e9sence aux salons de jouets de Deauville et Nuremberg - Toy Influence<\/title>\n<meta name=\"description\" content=\"Maximisez votre impact aux c\u00e9l\u00e8bres salons de jouets de Deauville et Nuremberg avec Toy Influence. Nos services vous offrent une pr\u00e9sence sur mesure et strat\u00e9gique.\" \/>\n<meta name=\"robots\" content=\"index, follow, max-snippet:-1, max-image-preview:large, max-video-preview:-1\" \/>\n<link rel=\"canonical\" href=\"https:\/\/toyinfluence.com\/it\/optimisez-votre-presence-aux-salons-de-jouets-de-deauville-et-nuremberg\/\" \/>\n<meta property=\"og:locale\" content=\"it_IT\" \/>\n<meta property=\"og:type\" content=\"article\" \/>\n<meta property=\"og:title\" content=\"Optimisez votre pr\u00e9sence aux salons de jouets de Deauville et Nuremberg - Toy Influence\" \/>\n<meta property=\"og:description\" content=\"Maximisez votre impact aux c\u00e9l\u00e8bres salons de jouets de Deauville et Nuremberg avec Toy Influence. Nos services vous offrent une pr\u00e9sence sur mesure et strat\u00e9gique.\" \/>\n<meta property=\"og:url\" content=\"https:\/\/toyinfluence.com\/it\/optimisez-votre-presence-aux-salons-de-jouets-de-deauville-et-nuremberg\/\" \/>\n<meta property=\"og:site_name\" content=\"Toy Influence\" \/>\n<meta property=\"article:modified_time\" content=\"2026-03-30T12:49:26+00:00\" \/>\n<meta name=\"twitter:card\" content=\"summary_large_image\" \/>\n<meta name=\"twitter:label1\" content=\"Tempo di lettura stimato\" \/>\n\t<meta name=\"twitter:data1\" content=\"2 minuti\" \/>\n<script type=\"application\/ld+json\" class=\"yoast-schema-graph\">{\"@context\":\"https:\\\/\\\/schema.org\",\"@graph\":[{\"@type\":\"WebPage\",\"@id\":\"https:\\\/\\\/toyinfluence.com\\\/optimisez-votre-presence-aux-salons-de-jouets-de-deauville-et-nuremberg\\\/\",\"url\":\"https:\\\/\\\/toyinfluence.com\\\/optimisez-votre-presence-aux-salons-de-jouets-de-deauville-et-nuremberg\\\/\",\"name\":\"Optimisez votre pr\u00e9sence aux salons de jouets de Deauville et Nuremberg - Toy Influence\",\"isPartOf\":{\"@id\":\"https:\\\/\\\/toyinfluence.com\\\/#website\"},\"datePublished\":\"2024-05-06T22:33:33+00:00\",\"dateModified\":\"2026-03-30T12:49:26+00:00\",\"description\":\"Maximisez votre impact aux c\u00e9l\u00e8bres salons de jouets de Deauville et Nuremberg avec Toy Influence. Nos services vous offrent une pr\u00e9sence sur mesure et strat\u00e9gique.\",\"breadcrumb\":{\"@id\":\"https:\\\/\\\/toyinfluence.com\\\/optimisez-votre-presence-aux-salons-de-jouets-de-deauville-et-nuremberg\\\/#breadcrumb\"},\"inLanguage\":\"it-IT\",\"potentialAction\":[{\"@type\":\"ReadAction\",\"target\":[\"https:\\\/\\\/toyinfluence.com\\\/optimisez-votre-presence-aux-salons-de-jouets-de-deauville-et-nuremberg\\\/\"]}]},{\"@type\":\"BreadcrumbList\",\"@id\":\"https:\\\/\\\/toyinfluence.com\\\/optimisez-votre-presence-aux-salons-de-jouets-de-deauville-et-nuremberg\\\/#breadcrumb\",\"itemListElement\":[{\"@type\":\"ListItem\",\"position\":1,\"name\":\"Accueil\",\"item\":\"https:\\\/\\\/toyinfluence.com\\\/\"},{\"@type\":\"ListItem\",\"position\":2,\"name\":\"Optimisez votre pr\u00e9sence aux salons de jouets de Deauville et Nuremberg\"}]},{\"@type\":\"WebSite\",\"@id\":\"https:\\\/\\\/toyinfluence.com\\\/#website\",\"url\":\"https:\\\/\\\/toyinfluence.com\\\/\",\"name\":\"Toy Influence\",\"description\":\"\",\"potentialAction\":[{\"@type\":\"SearchAction\",\"target\":{\"@type\":\"EntryPoint\",\"urlTemplate\":\"https:\\\/\\\/toyinfluence.com\\\/?s={search_term_string}\"},\"query-input\":{\"@type\":\"PropertyValueSpecification\",\"valueRequired\":true,\"valueName\":\"search_term_string\"}}],\"inLanguage\":\"it-IT\"}]}<\/script>\n<!-- \/ Yoast SEO plugin. -->","yoast_head_json":{"title":"Massimizzate la vostra presenza alle fiere del giocattolo di Deauville e Norimberga - Toy Influence","description":"Massimizzate il vostro impatto alle famose fiere del giocattolo di Deauville e Norimberga con Toy Influence. I nostri servizi vi offrono una presenza strategica su misura.","robots":{"index":"index","follow":"follow","max-snippet":"max-snippet:-1","max-image-preview":"max-image-preview:large","max-video-preview":"max-video-preview:-1"},"canonical":"https:\/\/toyinfluence.com\/it\/optimisez-votre-presence-aux-salons-de-jouets-de-deauville-et-nuremberg\/","og_locale":"it_IT","og_type":"article","og_title":"Optimisez votre pr\u00e9sence aux salons de jouets de Deauville et Nuremberg - Toy Influence","og_description":"Maximisez votre impact aux c\u00e9l\u00e8bres salons de jouets de Deauville et Nuremberg avec Toy Influence. Nos services vous offrent une pr\u00e9sence sur mesure et strat\u00e9gique.","og_url":"https:\/\/toyinfluence.com\/it\/optimisez-votre-presence-aux-salons-de-jouets-de-deauville-et-nuremberg\/","og_site_name":"Toy Influence","article_modified_time":"2026-03-30T12:49:26+00:00","twitter_card":"summary_large_image","twitter_misc":{"Tempo di lettura stimato":"2 minuti"},"schema":{"@context":"https:\/\/schema.org","@graph":[{"@type":"WebPage","@id":"https:\/\/toyinfluence.com\/optimisez-votre-presence-aux-salons-de-jouets-de-deauville-et-nuremberg\/","url":"https:\/\/toyinfluence.com\/optimisez-votre-presence-aux-salons-de-jouets-de-deauville-et-nuremberg\/","name":"Massimizzate la vostra presenza alle fiere del giocattolo di Deauville e Norimberga - Toy Influence","isPartOf":{"@id":"https:\/\/toyinfluence.com\/#website"},"datePublished":"2024-05-06T22:33:33+00:00","dateModified":"2026-03-30T12:49:26+00:00","description":"Massimizzate il vostro impatto alle famose fiere del giocattolo di Deauville e Norimberga con Toy Influence. I nostri servizi vi offrono una presenza strategica su misura.","breadcrumb":{"@id":"https:\/\/toyinfluence.com\/optimisez-votre-presence-aux-salons-de-jouets-de-deauville-et-nuremberg\/#breadcrumb"},"inLanguage":"it-IT","potentialAction":[{"@type":"ReadAction","target":["https:\/\/toyinfluence.com\/optimisez-votre-presence-aux-salons-de-jouets-de-deauville-et-nuremberg\/"]}]},{"@type":"BreadcrumbList","@id":"https:\/\/toyinfluence.com\/optimisez-votre-presence-aux-salons-de-jouets-de-deauville-et-nuremberg\/#breadcrumb","itemListElement":[{"@type":"ListItem","position":1,"name":"Accueil","item":"https:\/\/toyinfluence.com\/"},{"@type":"ListItem","position":2,"name":"Optimisez votre pr\u00e9sence aux salons de jouets de Deauville et Nuremberg"}]},{"@type":"WebSite","@id":"https:\/\/toyinfluence.com\/#website","url":"https:\/\/toyinfluence.com\/","name":"Influenza dei giocattoli","description":"","potentialAction":[{"@type":"SearchAction","target":{"@type":"EntryPoint","urlTemplate":"https:\/\/toyinfluence.com\/?s={search_term_string}"},"query-input":{"@type":"PropertyValueSpecification","valueRequired":true,"valueName":"search_term_string"}}],"inLanguage":"it-IT"}]}},"_links":{"self":[{"href":"https:\/\/toyinfluence.com\/it\/wp-json\/wp\/v2\/pages\/1101","targetHints":{"allow":["GET"]}}],"collection":[{"href":"https:\/\/toyinfluence.com\/it\/wp-json\/wp\/v2\/pages"}],"about":[{"href":"https:\/\/toyinfluence.com\/it\/wp-json\/wp\/v2\/types\/page"}],"author":[{"embeddable":true,"href":"https:\/\/toyinfluence.com\/it\/wp-json\/wp\/v2\/users\/1"}],"replies":[{"embeddable":true,"href":"https:\/\/toyinfluence.com\/it\/wp-json\/wp\/v2\/comments?post=1101"}],"version-history":[{"count":10,"href":"https:\/\/toyinfluence.com\/it\/wp-json\/wp\/v2\/pages\/1101\/revisions"}],"predecessor-version":[{"id":1495,"href":"https:\/\/toyinfluence.com\/it\/wp-json\/wp\/v2\/pages\/1101\/revisions\/1495"}],"wp:attachment":[{"href":"https:\/\/toyinfluence.com\/it\/wp-json\/wp\/v2\/media?parent=1101"}],"wp:term":[{"taxonomy":"category","embeddable":true,"href":"https:\/\/toyinfluence.com\/it\/wp-json\/wp\/v2\/categories?post=1101"}],"curies":[{"name":"wp","href":"https:\/\/api.w.org\/{rel}","templated":true}]}}