{"id":1026,"date":"2024-04-04T10:51:25","date_gmt":"2024-04-04T10:51:25","guid":{"rendered":"https:\/\/toyinfluence.com\/?page_id=1026"},"modified":"2026-03-30T13:25:38","modified_gmt":"2026-03-30T11:25:38","slug":"vente-de-jouets-en-europe","status":"publish","type":"page","link":"https:\/\/toyinfluence.com\/it\/vente-de-jouets-en-europe\/","title":{"rendered":"Vendite di giocattoli in Europa"},"content":{"rendered":"<div data-elementor-type=\"wp-page\" data-elementor-id=\"1026\" class=\"elementor elementor-1026\" data-elementor-post-type=\"page\">\n\t\t\t\t<div class=\"elementor-element elementor-element-a951f94 e-flex e-con-boxed e-con e-parent\" data-id=\"a951f94\" data-element_type=\"container\" data-e-type=\"container\">\n\t\t\t\t\t<div class=\"e-con-inner\">\n\t\t\t\t<div class=\"elementor-element elementor-element-10f1dba elementor-widget elementor-widget-heading\" data-id=\"10f1dba\" data-element_type=\"widget\" data-e-type=\"widget\" data-widget_type=\"heading.default\">\n\t\t\t\t<div class=\"elementor-widget-container\">\n\t\t\t\t\t<h1 class=\"elementor-heading-title elementor-size-default\">VENDITE DI GIOCATTOLI IN EUROPA<\/h1>\t\t\t\t<\/div>\n\t\t\t\t<\/div>\n\t\t\t\t<div class=\"elementor-element elementor-element-74c1c59 elementor-widget elementor-widget-heading\" data-id=\"74c1c59\" data-element_type=\"widget\" data-e-type=\"widget\" data-widget_type=\"heading.default\">\n\t\t\t\t<div class=\"elementor-widget-container\">\n\t\t\t\t\t<h2 class=\"elementor-heading-title elementor-size-default\">Espandere le vendite di giocattoli in Europa<\/h2>\t\t\t\t<\/div>\n\t\t\t\t<\/div>\n\t\t\t\t<div class=\"elementor-element elementor-element-c7ba6d2 elementor-widget elementor-widget-heading\" data-id=\"c7ba6d2\" data-element_type=\"widget\" data-e-type=\"widget\" data-widget_type=\"heading.default\">\n\t\t\t\t<div class=\"elementor-widget-container\">\n\t\t\t\t\t<p class=\"elementor-heading-title elementor-size-default\">Toy Influence pu\u00f2 aiutarvi a vendere giocattoli in tutta Europa grazie a una solida rete e a oltre 30 anni di esperienza nel settore.\n\nOperiamo in tutto il mercato europeo con un approccio pratico e orientato ai risultati.<\/p>\t\t\t\t<\/div>\n\t\t\t\t<\/div>\n\t\t\t\t\t<\/div>\n\t\t\t\t<\/div>\n\t\t<div class=\"elementor-element elementor-element-67b54fd e-flex e-con-boxed e-con e-parent\" data-id=\"67b54fd\" data-element_type=\"container\" data-e-type=\"container\" data-settings=\"{&quot;background_background&quot;:&quot;classic&quot;}\">\n\t\t\t\t\t<div class=\"e-con-inner\">\n\t\t<div class=\"elementor-element elementor-element-5c94aef e-con-full e-flex e-con e-child\" data-id=\"5c94aef\" data-element_type=\"container\" data-e-type=\"container\">\n\t\t\t\t<div class=\"elementor-element elementor-element-4609def elementor-widget elementor-widget-heading\" data-id=\"4609def\" data-element_type=\"widget\" data-e-type=\"widget\" data-widget_type=\"heading.default\">\n\t\t\t\t<div class=\"elementor-widget-container\">\n\t\t\t\t\t<h2 class=\"elementor-heading-title elementor-size-default\">Competenze dedicate al mercato dei giocattoli<\/h2>\t\t\t\t<\/div>\n\t\t\t\t<\/div>\n\t\t\t\t<div class=\"elementor-element elementor-element-ffe057c elementor-widget elementor-widget-heading\" data-id=\"ffe057c\" data-element_type=\"widget\" data-e-type=\"widget\" data-widget_type=\"heading.default\">\n\t\t\t\t<div class=\"elementor-widget-container\">\n\t\t\t\t\t<p class=\"elementor-heading-title elementor-size-default\">Specializzata nel settore dei giocattoli, Toy Influence vi aiuta a sviluppare le vostre vendite in segmenti in crescita, in particolare il mercato Kidult e le opportunit\u00e0 legate all'intelligenza artificiale.\n\nIl nostro obiettivo: aiutarvi a penetrare efficacemente in nuovi mercati e ad accelerare la crescita delle vostre vendite.<\/p>\t\t\t\t<\/div>\n\t\t\t\t<\/div>\n\t\t\t\t<\/div>\n\t\t<div class=\"elementor-element elementor-element-ce93ba8 e-con-full e-flex e-con e-child\" data-id=\"ce93ba8\" data-element_type=\"container\" data-e-type=\"container\">\n\t\t\t\t<div class=\"elementor-element elementor-element-ae22773 elementor-widget elementor-widget-image\" data-id=\"ae22773\" data-element_type=\"widget\" data-e-type=\"widget\" data-widget_type=\"image.default\">\n\t\t\t\t<div class=\"elementor-widget-container\">\n\t\t\t\t\t\t\t\t\t\t\t\t\t\t\t<img fetchpriority=\"high\" decoding=\"async\" width=\"2560\" height=\"1920\" src=\"https:\/\/toyinfluence.com\/wp-content\/uploads\/2023\/01\/P1010330-scaled.jpg\" class=\"attachment-full size-full wp-image-795\" alt=\"\" srcset=\"https:\/\/toyinfluence.com\/wp-content\/uploads\/2023\/01\/P1010330-scaled.jpg 2560w, https:\/\/toyinfluence.com\/wp-content\/uploads\/2023\/01\/P1010330-300x225.jpg 300w, https:\/\/toyinfluence.com\/wp-content\/uploads\/2023\/01\/P1010330-1024x768.jpg 1024w, https:\/\/toyinfluence.com\/wp-content\/uploads\/2023\/01\/P1010330-768x576.jpg 768w, https:\/\/toyinfluence.com\/wp-content\/uploads\/2023\/01\/P1010330-1536x1152.jpg 1536w, https:\/\/toyinfluence.com\/wp-content\/uploads\/2023\/01\/P1010330-2048x1536.jpg 2048w, https:\/\/toyinfluence.com\/wp-content\/uploads\/2023\/01\/P1010330-16x12.jpg 16w\" sizes=\"(max-width: 2560px) 100vw, 2560px\" \/>\t\t\t\t\t\t\t\t\t\t\t\t\t\t\t<\/div>\n\t\t\t\t<\/div>\n\t\t\t\t<\/div>\n\t\t\t\t\t<\/div>\n\t\t\t\t<\/div>\n\t\t<div class=\"elementor-element elementor-element-6058018 e-flex e-con-boxed e-con e-parent\" data-id=\"6058018\" data-element_type=\"container\" data-e-type=\"container\">\n\t\t\t\t\t<div class=\"e-con-inner\">\n\t\t<div class=\"elementor-element elementor-element-8d76611 e-con-full e-flex e-con e-child\" data-id=\"8d76611\" data-element_type=\"container\" data-e-type=\"container\">\n\t\t\t\t<div class=\"elementor-element elementor-element-6d8e250 elementor-widget elementor-widget-heading\" data-id=\"6d8e250\" data-element_type=\"widget\" data-e-type=\"widget\" data-widget_type=\"heading.default\">\n\t\t\t\t<div class=\"elementor-widget-container\">\n\t\t\t\t\t<h2 class=\"elementor-heading-title elementor-size-default\">Una rete attiva in oltre 30 paesi<\/h2>\t\t\t\t<\/div>\n\t\t\t\t<\/div>\n\t\t\t\t<div class=\"elementor-element elementor-element-074a0dc elementor-widget elementor-widget-heading\" data-id=\"074a0dc\" data-element_type=\"widget\" data-e-type=\"widget\" data-widget_type=\"heading.default\">\n\t\t\t\t<div class=\"elementor-widget-container\">\n\t\t\t\t\t<p class=\"elementor-heading-title elementor-size-default\"><b>Toy Influence dispone di una rete capillare in Europa:<\/b><br>- Presenza in oltre 30 paesi<br>- Oltre 800 contatti qualificati<br>- Relazioni dirette con distributori, grossisti e acquirenti<br><br>Questa rete vi mette in contatto con le persone giuste in modo rapido ed efficiente.<\/p>\t\t\t\t<\/div>\n\t\t\t\t<\/div>\n\t\t\t\t<\/div>\n\t\t<div class=\"elementor-element elementor-element-cbe926d e-con-full e-flex e-con e-child\" data-id=\"cbe926d\" data-element_type=\"container\" data-e-type=\"container\">\n\t\t\t\t<\/div>\n\t\t\t\t\t<\/div>\n\t\t\t\t<\/div>\n\t\t<div class=\"elementor-element elementor-element-aba3bbb e-flex e-con-boxed e-con e-parent\" data-id=\"aba3bbb\" data-element_type=\"container\" data-e-type=\"container\" data-settings=\"{&quot;background_background&quot;:&quot;classic&quot;}\">\n\t\t\t\t\t<div class=\"e-con-inner\">\n\t\t<div class=\"elementor-element elementor-element-3b13b41 e-flex e-con-boxed e-con e-child\" data-id=\"3b13b41\" data-element_type=\"container\" data-e-type=\"container\">\n\t\t\t\t\t<div class=\"e-con-inner\">\n\t\t\t\t<div class=\"elementor-element elementor-element-51eed58 elementor-widget elementor-widget-heading\" data-id=\"51eed58\" data-element_type=\"widget\" data-e-type=\"widget\" data-widget_type=\"heading.default\">\n\t\t\t\t<div class=\"elementor-widget-container\">\n\t\t\t\t\t<h2 class=\"elementor-heading-title elementor-size-default\">Distribuzione multicanale<\/h2>\t\t\t\t<\/div>\n\t\t\t\t<\/div>\n\t\t\t\t<div class=\"elementor-element elementor-element-821fddd elementor-widget elementor-widget-heading\" data-id=\"821fddd\" data-element_type=\"widget\" data-e-type=\"widget\" data-widget_type=\"heading.default\">\n\t\t\t\t<div class=\"elementor-widget-container\">\n\t\t\t\t\t<p class=\"elementor-heading-title elementor-size-default\"><b>Sviluppiamo le vostre vendite attraverso diversi canali:<br><\/b>- Vendite dirette<br>- Rete all'ingrosso<br>- Distributori specializzati<br>- Approccio multicanale personalizzato per ogni mercato<br><br>Ogni strategia \u00e8 personalizzata in base ai vostri prodotti, al vostro posizionamento e ai vostri obiettivi.<\/p>\t\t\t\t<\/div>\n\t\t\t\t<\/div>\n\t\t\t\t\t<\/div>\n\t\t\t\t<\/div>\n\t\t\t\t\t<\/div>\n\t\t\t\t<\/div>\n\t\t<div class=\"elementor-element elementor-element-ce588a6 e-flex e-con-boxed e-con e-parent\" data-id=\"ce588a6\" data-element_type=\"container\" data-e-type=\"container\">\n\t\t\t\t\t<div class=\"e-con-inner\">\n\t\t<div class=\"elementor-element elementor-element-c5abc6c e-con-full e-flex e-con e-child\" data-id=\"c5abc6c\" data-element_type=\"container\" data-e-type=\"container\">\n\t\t\t\t<div class=\"elementor-element elementor-element-e4dd481 elementor-widget elementor-widget-heading\" data-id=\"e4dd481\" data-element_type=\"widget\" data-e-type=\"widget\" data-widget_type=\"heading.default\">\n\t\t\t\t<div class=\"elementor-widget-container\">\n\t\t\t\t\t<h2 class=\"elementor-heading-title elementor-size-default\">Un approccio pratico e flessibile<\/h2>\t\t\t\t<\/div>\n\t\t\t\t<\/div>\n\t\t\t\t<div class=\"elementor-element elementor-element-d644d58 elementor-widget elementor-widget-heading\" data-id=\"d644d58\" data-element_type=\"widget\" data-e-type=\"widget\" data-widget_type=\"heading.default\">\n\t\t\t\t<div class=\"elementor-widget-container\">\n\t\t\t\t\t<p class=\"elementor-heading-title elementor-size-default\"><b>Toy Influence si adatta alle vostre esigenze:<br><\/b>- Lancio in un nuovo mercato<br>- Accelerazione delle vendite esistenti<br>- Strutturare lo sviluppo commerciale<br><br>Lavoriamo in modo operativo per generare risultati misurabili.<\/p>\t\t\t\t<\/div>\n\t\t\t\t<\/div>\n\t\t\t\t<\/div>\n\t\t<div class=\"elementor-element elementor-element-7ba2bf1 e-con-full e-flex e-con e-child\" data-id=\"7ba2bf1\" data-element_type=\"container\" data-e-type=\"container\">\n\t\t\t\t<\/div>\n\t\t\t\t\t<\/div>\n\t\t\t\t<\/div>\n\t\t<div class=\"elementor-element elementor-element-c79bba3 e-flex e-con-boxed e-con e-parent\" data-id=\"c79bba3\" data-element_type=\"container\" data-e-type=\"container\" data-settings=\"{&quot;background_background&quot;:&quot;classic&quot;}\">\n\t\t\t\t\t<div class=\"e-con-inner\">\n\t\t<div class=\"elementor-element elementor-element-983bd63 e-flex e-con-boxed e-con e-child\" data-id=\"983bd63\" data-element_type=\"container\" data-e-type=\"container\">\n\t\t\t\t\t<div class=\"e-con-inner\">\n\t\t\t\t<div class=\"elementor-element elementor-element-3491529 elementor-widget elementor-widget-heading\" data-id=\"3491529\" data-element_type=\"widget\" data-e-type=\"widget\" data-widget_type=\"heading.default\">\n\t\t\t\t<div class=\"elementor-widget-container\">\n\t\t\t\t\t<h2 class=\"elementor-heading-title elementor-size-default\">Contatto Influenza giocattolo<\/h2>\t\t\t\t<\/div>\n\t\t\t\t<\/div>\n\t\t\t\t<div class=\"elementor-element elementor-element-37ecceb elementor-widget elementor-widget-heading\" data-id=\"37ecceb\" data-element_type=\"widget\" data-e-type=\"widget\" data-widget_type=\"heading.default\">\n\t\t\t\t<div class=\"elementor-widget-container\">\n\t\t\t\t\t<p class=\"elementor-heading-title elementor-size-default\">Volete espandere le vendite di giocattoli in Europa?<br>Contattateci per discutere il vostro progetto e definire una strategia adeguata.<\/p>\t\t\t\t<\/div>\n\t\t\t\t<\/div>\n\t\t\t\t<div class=\"elementor-element elementor-element-a4a22ab elementor-widget elementor-widget-button\" data-id=\"a4a22ab\" data-element_type=\"widget\" data-e-type=\"widget\" data-widget_type=\"button.default\">\n\t\t\t\t<div class=\"elementor-widget-container\">\n\t\t\t\t\t\t\t\t\t<div class=\"elementor-button-wrapper\">\n\t\t\t\t\t<a class=\"elementor-button elementor-button-link elementor-size-sm\" href=\"mailto:yann@toyinfluence.com\" target=\"_blank\">\n\t\t\t\t\t\t<span class=\"elementor-button-content-wrapper\">\n\t\t\t\t\t\t<span class=\"elementor-button-icon\">\n\t\t\t\t<i aria-hidden=\"true\" class=\"fas fa-envelope\"><\/i>\t\t\t<\/span>\n\t\t\t\t\t\t\t\t\t<span class=\"elementor-button-text\">yann@toyinfluence.com<\/span>\n\t\t\t\t\t<\/span>\n\t\t\t\t\t<\/a>\n\t\t\t\t<\/div>\n\t\t\t\t\t\t\t\t<\/div>\n\t\t\t\t<\/div>\n\t\t\t\t\t<\/div>\n\t\t\t\t<\/div>\n\t\t\t\t\t<\/div>\n\t\t\t\t<\/div>\n\t\t\t\t<\/div>","protected":false},"excerpt":{"rendered":"<p>VENTE DE JOUETS EN EUROPE D\u00e9veloppez vos ventes de jouets en Europe Toy Influence vous accompagne dans la vente de jouets \u00e0 l\u2019\u00e9chelle europ\u00e9enne gr\u00e2ce \u00e0 un r\u00e9seau solide et une expertise terrain de plus de 30 ans. Nous intervenons sur l\u2019ensemble du march\u00e9 europ\u00e9en avec une approche concr\u00e8te et orient\u00e9e r\u00e9sultats. Une expertise d\u00e9di\u00e9e [&hellip;]<\/p>\n","protected":false},"author":1,"featured_media":0,"parent":0,"menu_order":0,"comment_status":"closed","ping_status":"closed","template":"elementor_header_footer","meta":{"footnotes":""},"categories":[],"class_list":["post-1026","page","type-page","status-publish","hentry"],"yoast_head":"<!-- This site is optimized with the Yoast SEO plugin v27.4 - https:\/\/yoast.com\/product\/yoast-seo-wordpress\/ -->\n<title>Vente de jouets en Europe | Kidult &amp; IA \u2013 Toy Influence<\/title>\n<meta name=\"description\" content=\"D\u00e9veloppez vos ventes de jouets en Europe avec Toy Influence. R\u00e9seau de 30 pays, 800 contacts, distribution multi-canal.\" \/>\n<meta name=\"robots\" content=\"index, follow, max-snippet:-1, max-image-preview:large, max-video-preview:-1\" \/>\n<link rel=\"canonical\" href=\"https:\/\/toyinfluence.com\/it\/vente-de-jouets-en-europe\/\" \/>\n<meta property=\"og:locale\" content=\"it_IT\" \/>\n<meta property=\"og:type\" content=\"article\" \/>\n<meta property=\"og:title\" content=\"Vente de jouets en Europe | Kidult &amp; IA \u2013 Toy Influence\" \/>\n<meta property=\"og:description\" content=\"D\u00e9veloppez vos ventes de jouets en Europe avec Toy Influence. R\u00e9seau de 30 pays, 800 contacts, distribution multi-canal.\" \/>\n<meta property=\"og:url\" content=\"https:\/\/toyinfluence.com\/it\/vente-de-jouets-en-europe\/\" \/>\n<meta property=\"og:site_name\" content=\"Toy Influence\" \/>\n<meta property=\"article:modified_time\" content=\"2026-03-30T11:25:38+00:00\" \/>\n<meta property=\"og:image\" content=\"https:\/\/toyinfluence.com\/wp-content\/uploads\/2023\/01\/P1010330-scaled.jpg\" \/>\n\t<meta property=\"og:image:width\" content=\"2560\" \/>\n\t<meta property=\"og:image:height\" content=\"1920\" \/>\n\t<meta property=\"og:image:type\" content=\"image\/jpeg\" \/>\n<meta name=\"twitter:card\" content=\"summary_large_image\" \/>\n<meta name=\"twitter:label1\" content=\"Tempo di lettura stimato\" \/>\n\t<meta name=\"twitter:data1\" content=\"2 minuti\" \/>\n<script type=\"application\/ld+json\" class=\"yoast-schema-graph\">{\"@context\":\"https:\\\/\\\/schema.org\",\"@graph\":[{\"@type\":\"WebPage\",\"@id\":\"https:\\\/\\\/toyinfluence.com\\\/vente-de-jouets-en-europe\\\/\",\"url\":\"https:\\\/\\\/toyinfluence.com\\\/vente-de-jouets-en-europe\\\/\",\"name\":\"Vente de jouets en Europe | Kidult & IA \u2013 Toy Influence\",\"isPartOf\":{\"@id\":\"https:\\\/\\\/toyinfluence.com\\\/#website\"},\"primaryImageOfPage\":{\"@id\":\"https:\\\/\\\/toyinfluence.com\\\/vente-de-jouets-en-europe\\\/#primaryimage\"},\"image\":{\"@id\":\"https:\\\/\\\/toyinfluence.com\\\/vente-de-jouets-en-europe\\\/#primaryimage\"},\"thumbnailUrl\":\"https:\\\/\\\/toyinfluence.com\\\/wp-content\\\/uploads\\\/2023\\\/01\\\/P1010330-scaled.jpg\",\"datePublished\":\"2024-04-04T10:51:25+00:00\",\"dateModified\":\"2026-03-30T11:25:38+00:00\",\"description\":\"D\u00e9veloppez vos ventes de jouets en Europe avec Toy Influence. R\u00e9seau de 30 pays, 800 contacts, distribution multi-canal.\",\"breadcrumb\":{\"@id\":\"https:\\\/\\\/toyinfluence.com\\\/vente-de-jouets-en-europe\\\/#breadcrumb\"},\"inLanguage\":\"it-IT\",\"potentialAction\":[{\"@type\":\"ReadAction\",\"target\":[\"https:\\\/\\\/toyinfluence.com\\\/vente-de-jouets-en-europe\\\/\"]}]},{\"@type\":\"ImageObject\",\"inLanguage\":\"it-IT\",\"@id\":\"https:\\\/\\\/toyinfluence.com\\\/vente-de-jouets-en-europe\\\/#primaryimage\",\"url\":\"https:\\\/\\\/toyinfluence.com\\\/wp-content\\\/uploads\\\/2023\\\/01\\\/P1010330-scaled.jpg\",\"contentUrl\":\"https:\\\/\\\/toyinfluence.com\\\/wp-content\\\/uploads\\\/2023\\\/01\\\/P1010330-scaled.jpg\"},{\"@type\":\"BreadcrumbList\",\"@id\":\"https:\\\/\\\/toyinfluence.com\\\/vente-de-jouets-en-europe\\\/#breadcrumb\",\"itemListElement\":[{\"@type\":\"ListItem\",\"position\":1,\"name\":\"Accueil\",\"item\":\"https:\\\/\\\/toyinfluence.com\\\/\"},{\"@type\":\"ListItem\",\"position\":2,\"name\":\"Vente de jouets en Europe\"}]},{\"@type\":\"WebSite\",\"@id\":\"https:\\\/\\\/toyinfluence.com\\\/#website\",\"url\":\"https:\\\/\\\/toyinfluence.com\\\/\",\"name\":\"Toy Influence\",\"description\":\"\",\"potentialAction\":[{\"@type\":\"SearchAction\",\"target\":{\"@type\":\"EntryPoint\",\"urlTemplate\":\"https:\\\/\\\/toyinfluence.com\\\/?s={search_term_string}\"},\"query-input\":{\"@type\":\"PropertyValueSpecification\",\"valueRequired\":true,\"valueName\":\"search_term_string\"}}],\"inLanguage\":\"it-IT\"}]}<\/script>\n<!-- \/ Yoast SEO plugin. -->","yoast_head_json":{"title":"Vente de jouets en Europe | Kidult & IA \u2013 Toy Influence","description":"D\u00e9veloppez vos ventes de jouets en Europe avec Toy Influence. R\u00e9seau de 30 pays, 800 contacts, distribution multi-canal.","robots":{"index":"index","follow":"follow","max-snippet":"max-snippet:-1","max-image-preview":"max-image-preview:large","max-video-preview":"max-video-preview:-1"},"canonical":"https:\/\/toyinfluence.com\/it\/vente-de-jouets-en-europe\/","og_locale":"it_IT","og_type":"article","og_title":"Vente de jouets en Europe | Kidult & IA \u2013 Toy Influence","og_description":"D\u00e9veloppez vos ventes de jouets en Europe avec Toy Influence. R\u00e9seau de 30 pays, 800 contacts, distribution multi-canal.","og_url":"https:\/\/toyinfluence.com\/it\/vente-de-jouets-en-europe\/","og_site_name":"Toy Influence","article_modified_time":"2026-03-30T11:25:38+00:00","og_image":[{"width":2560,"height":1920,"url":"https:\/\/toyinfluence.com\/wp-content\/uploads\/2023\/01\/P1010330-scaled.jpg","type":"image\/jpeg"}],"twitter_card":"summary_large_image","twitter_misc":{"Tempo di lettura stimato":"2 minuti"},"schema":{"@context":"https:\/\/schema.org","@graph":[{"@type":"WebPage","@id":"https:\/\/toyinfluence.com\/vente-de-jouets-en-europe\/","url":"https:\/\/toyinfluence.com\/vente-de-jouets-en-europe\/","name":"Vente de jouets en Europe | Kidult & IA \u2013 Toy Influence","isPartOf":{"@id":"https:\/\/toyinfluence.com\/#website"},"primaryImageOfPage":{"@id":"https:\/\/toyinfluence.com\/vente-de-jouets-en-europe\/#primaryimage"},"image":{"@id":"https:\/\/toyinfluence.com\/vente-de-jouets-en-europe\/#primaryimage"},"thumbnailUrl":"https:\/\/toyinfluence.com\/wp-content\/uploads\/2023\/01\/P1010330-scaled.jpg","datePublished":"2024-04-04T10:51:25+00:00","dateModified":"2026-03-30T11:25:38+00:00","description":"D\u00e9veloppez vos ventes de jouets en Europe avec Toy Influence. R\u00e9seau de 30 pays, 800 contacts, distribution multi-canal.","breadcrumb":{"@id":"https:\/\/toyinfluence.com\/vente-de-jouets-en-europe\/#breadcrumb"},"inLanguage":"it-IT","potentialAction":[{"@type":"ReadAction","target":["https:\/\/toyinfluence.com\/vente-de-jouets-en-europe\/"]}]},{"@type":"ImageObject","inLanguage":"it-IT","@id":"https:\/\/toyinfluence.com\/vente-de-jouets-en-europe\/#primaryimage","url":"https:\/\/toyinfluence.com\/wp-content\/uploads\/2023\/01\/P1010330-scaled.jpg","contentUrl":"https:\/\/toyinfluence.com\/wp-content\/uploads\/2023\/01\/P1010330-scaled.jpg"},{"@type":"BreadcrumbList","@id":"https:\/\/toyinfluence.com\/vente-de-jouets-en-europe\/#breadcrumb","itemListElement":[{"@type":"ListItem","position":1,"name":"Accueil","item":"https:\/\/toyinfluence.com\/"},{"@type":"ListItem","position":2,"name":"Vente de jouets en Europe"}]},{"@type":"WebSite","@id":"https:\/\/toyinfluence.com\/#website","url":"https:\/\/toyinfluence.com\/","name":"Influenza dei giocattoli","description":"","potentialAction":[{"@type":"SearchAction","target":{"@type":"EntryPoint","urlTemplate":"https:\/\/toyinfluence.com\/?s={search_term_string}"},"query-input":{"@type":"PropertyValueSpecification","valueRequired":true,"valueName":"search_term_string"}}],"inLanguage":"it-IT"}]}},"_links":{"self":[{"href":"https:\/\/toyinfluence.com\/it\/wp-json\/wp\/v2\/pages\/1026","targetHints":{"allow":["GET"]}}],"collection":[{"href":"https:\/\/toyinfluence.com\/it\/wp-json\/wp\/v2\/pages"}],"about":[{"href":"https:\/\/toyinfluence.com\/it\/wp-json\/wp\/v2\/types\/page"}],"author":[{"embeddable":true,"href":"https:\/\/toyinfluence.com\/it\/wp-json\/wp\/v2\/users\/1"}],"replies":[{"embeddable":true,"href":"https:\/\/toyinfluence.com\/it\/wp-json\/wp\/v2\/comments?post=1026"}],"version-history":[{"count":15,"href":"https:\/\/toyinfluence.com\/it\/wp-json\/wp\/v2\/pages\/1026\/revisions"}],"predecessor-version":[{"id":1488,"href":"https:\/\/toyinfluence.com\/it\/wp-json\/wp\/v2\/pages\/1026\/revisions\/1488"}],"wp:attachment":[{"href":"https:\/\/toyinfluence.com\/it\/wp-json\/wp\/v2\/media?parent=1026"}],"wp:term":[{"taxonomy":"category","embeddable":true,"href":"https:\/\/toyinfluence.com\/it\/wp-json\/wp\/v2\/categories?post=1026"}],"curies":[{"name":"wp","href":"https:\/\/api.w.org\/{rel}","templated":true}]}}