{"id":1016,"date":"2024-04-03T17:42:59","date_gmt":"2024-04-03T17:42:59","guid":{"rendered":"https:\/\/toyinfluence.com\/?page_id=1016"},"modified":"2024-04-04T10:59:57","modified_gmt":"2024-04-04T10:59:57","slug":"etudes-strategiques-de-marche-pour-le-secteur-du-jouet-en-europe-et-en-france","status":"publish","type":"page","link":"https:\/\/toyinfluence.com\/it\/etudes-strategiques-de-marche-pour-le-secteur-du-jouet-en-europe-et-en-france\/","title":{"rendered":"Ricerca strategica di mercato per il settore dei giocattoli in Europa e in Francia"},"content":{"rendered":"<div data-elementor-type=\"wp-page\" data-elementor-id=\"1016\" class=\"elementor elementor-1016\" data-elementor-post-type=\"page\">\n\t\t\t\t<div class=\"elementor-element elementor-element-2417356 e-flex e-con-boxed e-con e-parent\" data-id=\"2417356\" data-element_type=\"container\" data-e-type=\"container\">\n\t\t\t\t\t<div class=\"e-con-inner\">\n\t\t\t\t<div class=\"elementor-element elementor-element-8a606cd elementor-widget elementor-widget-heading\" data-id=\"8a606cd\" data-element_type=\"widget\" data-e-type=\"widget\" data-widget_type=\"heading.default\">\n\t\t\t\t<div class=\"elementor-widget-container\">\n\t\t\t\t\t<h1 class=\"elementor-heading-title elementor-size-default\">Ricerca di mercato strategica<\/h1>\t\t\t\t<\/div>\n\t\t\t\t<\/div>\n\t\t\t\t<div class=\"elementor-element elementor-element-47b2ebd elementor-widget elementor-widget-heading\" data-id=\"47b2ebd\" data-element_type=\"widget\" data-e-type=\"widget\" data-widget_type=\"heading.default\">\n\t\t\t\t<div class=\"elementor-widget-container\">\n\t\t\t\t\t<h2 class=\"elementor-heading-title elementor-size-default\">per il settore dei giocattoli in Europa e in Francia <\/h2>\t\t\t\t<\/div>\n\t\t\t\t<\/div>\n\t\t\t\t<div class=\"elementor-element elementor-element-64e7c75 elementor-widget elementor-widget-heading\" data-id=\"64e7c75\" data-element_type=\"widget\" data-e-type=\"widget\" data-widget_type=\"heading.default\">\n\t\t\t\t<div class=\"elementor-widget-container\">\n\t\t\t\t\t<h2 class=\"elementor-heading-title elementor-size-default\">Volete entrare nel settore dei giocattoli in Europa e in Francia? Noi di Toy Influence comprendiamo le sfide uniche che dovete affrontare. Con il nostro servizio di ricerca strategica su misura, possiamo offrirvi pi\u00f9 di una semplice analisi: possiamo fornirvi una tabella di marcia verso il successo.\n<\/h2>\t\t\t\t<\/div>\n\t\t\t\t<\/div>\n\t\t\t\t\t<\/div>\n\t\t\t\t<\/div>\n\t\t<div class=\"elementor-element elementor-element-6dc7dec e-flex e-con-boxed e-con e-parent\" data-id=\"6dc7dec\" data-element_type=\"container\" data-e-type=\"container\" data-settings=\"{&quot;background_background&quot;:&quot;classic&quot;}\">\n\t\t\t\t\t<div class=\"e-con-inner\">\n\t\t<div class=\"elementor-element elementor-element-701a42e e-con-full e-flex e-con e-child\" data-id=\"701a42e\" data-element_type=\"container\" data-e-type=\"container\">\n\t\t\t\t<div class=\"elementor-element elementor-element-af06ed6 elementor-widget elementor-widget-heading\" data-id=\"af06ed6\" data-element_type=\"widget\" data-e-type=\"widget\" data-widget_type=\"heading.default\">\n\t\t\t\t<div class=\"elementor-widget-container\">\n\t\t\t\t\t<h2 class=\"elementor-heading-title elementor-size-default\">Perch\u00e9 scegliere Toy Influence?\n<\/h2>\t\t\t\t<\/div>\n\t\t\t\t<\/div>\n\t\t\t\t<div class=\"elementor-element elementor-element-95ba3c9 elementor-widget elementor-widget-heading\" data-id=\"95ba3c9\" data-element_type=\"widget\" data-e-type=\"widget\" data-widget_type=\"heading.default\">\n\t\t\t\t<div class=\"elementor-widget-container\">\n\t\t\t\t\t<p class=\"elementor-heading-title elementor-size-default\">Perch\u00e9 condividiamo la stessa passione per i giocattoli e abbiamo l'esperienza per trasformare i dati in strategie vincenti.\n<\/p>\t\t\t\t<\/div>\n\t\t\t\t<\/div>\n\t\t\t\t<div class=\"elementor-element elementor-element-4b6beae elementor-widget elementor-widget-heading\" data-id=\"4b6beae\" data-element_type=\"widget\" data-e-type=\"widget\" data-widget_type=\"heading.default\">\n\t\t\t\t<div class=\"elementor-widget-container\">\n\t\t\t\t\t<p class=\"elementor-heading-title elementor-size-default\">Le nostre promesse:\n<\/p>\t\t\t\t<\/div>\n\t\t\t\t<\/div>\n\t\t\t\t<div class=\"elementor-element elementor-element-024cddb elementor-icon-list--layout-traditional elementor-list-item-link-full_width elementor-widget elementor-widget-icon-list\" data-id=\"024cddb\" data-element_type=\"widget\" data-e-type=\"widget\" data-widget_type=\"icon-list.default\">\n\t\t\t\t<div class=\"elementor-widget-container\">\n\t\t\t\t\t\t\t<ul class=\"elementor-icon-list-items\">\n\t\t\t\t\t\t\t<li class=\"elementor-icon-list-item\">\n\t\t\t\t\t\t\t\t\t\t\t<span class=\"elementor-icon-list-icon\">\n\t\t\t\t\t\t\t<i aria-hidden=\"true\" class=\"fas fa-chevron-circle-right\"><\/i>\t\t\t\t\t\t<\/span>\n\t\t\t\t\t\t\t\t\t\t<span class=\"elementor-icon-list-text\"><b>Una diagnosi interna approfondita:<\/b> Il vostro specchio per rivelare i vostri punti di forza nascosti e le aree di miglioramento.<\/span>\n\t\t\t\t\t\t\t\t\t<\/li>\n\t\t\t\t\t\t\t\t<li class=\"elementor-icon-list-item\">\n\t\t\t\t\t\t\t\t\t\t\t<span class=\"elementor-icon-list-icon\">\n\t\t\t\t\t\t\t<i aria-hidden=\"true\" class=\"fas fa-chevron-circle-right\"><\/i>\t\t\t\t\t\t<\/span>\n\t\t\t\t\t\t\t\t\t\t<span class=\"elementor-icon-list-text\"><b>Diagnosi esterna mirata:<\/b> La vostra bussola per orientarvi nel mercato, nella concorrenza e nelle opportunit\u00e0.<\/span>\n\t\t\t\t\t\t\t\t\t<\/li>\n\t\t\t\t\t\t\t\t<li class=\"elementor-icon-list-item\">\n\t\t\t\t\t\t\t\t\t\t\t<span class=\"elementor-icon-list-icon\">\n\t\t\t\t\t\t\t<i aria-hidden=\"true\" class=\"fas fa-chevron-circle-right\"><\/i>\t\t\t\t\t\t<\/span>\n\t\t\t\t\t\t\t\t\t\t<span class=\"elementor-icon-list-text\"><b>Strategie su misura:<\/b> Il vostro piano d'attacco, basato su obiettivi SMART, per conquistare il mercato.<\/span>\n\t\t\t\t\t\t\t\t\t<\/li>\n\t\t\t\t\t\t<\/ul>\n\t\t\t\t\t\t<\/div>\n\t\t\t\t<\/div>\n\t\t\t\t<div class=\"elementor-element elementor-element-8a84f2c elementor-widget elementor-widget-heading\" data-id=\"8a84f2c\" data-element_type=\"widget\" data-e-type=\"widget\" data-widget_type=\"heading.default\">\n\t\t\t\t<div class=\"elementor-widget-container\">\n\t\t\t\t\t<p class=\"elementor-heading-title elementor-size-default\">Siete pronti a trasformare la vostra visione in realt\u00e0? <a href=\"https:\/\/toyinfluence.com\/it\/contact\/\" style=\"color:#C3030E;font-weight:700;text-decoration:1px underline\">Contattateci<\/a>. <br>Insieme, possiamo dare forma al futuro del vostro marchio nel mondo dei giocattoli.<\/p>\t\t\t\t<\/div>\n\t\t\t\t<\/div>\n\t\t\t\t<\/div>\n\t\t<div class=\"elementor-element elementor-element-297838c e-flex e-con-boxed e-con e-child\" data-id=\"297838c\" data-element_type=\"container\" data-e-type=\"container\">\n\t\t\t\t\t<div class=\"e-con-inner\">\n\t\t\t\t<div class=\"elementor-element elementor-element-39c5422 elementor-widget elementor-widget-image\" data-id=\"39c5422\" data-element_type=\"widget\" data-e-type=\"widget\" data-widget_type=\"image.default\">\n\t\t\t\t<div class=\"elementor-widget-container\">\n\t\t\t\t\t\t\t\t\t\t\t\t\t\t\t<img fetchpriority=\"high\" decoding=\"async\" width=\"907\" height=\"1600\" src=\"https:\/\/toyinfluence.com\/wp-content\/uploads\/2022\/04\/Image-COMANSI.jpg\" class=\"attachment-full size-full wp-image-155\" alt=\"\" srcset=\"https:\/\/toyinfluence.com\/wp-content\/uploads\/2022\/04\/Image-COMANSI.jpg 907w, https:\/\/toyinfluence.com\/wp-content\/uploads\/2022\/04\/Image-COMANSI-170x300.jpg 170w, https:\/\/toyinfluence.com\/wp-content\/uploads\/2022\/04\/Image-COMANSI-580x1024.jpg 580w, https:\/\/toyinfluence.com\/wp-content\/uploads\/2022\/04\/Image-COMANSI-768x1355.jpg 768w, https:\/\/toyinfluence.com\/wp-content\/uploads\/2022\/04\/Image-COMANSI-871x1536.jpg 871w\" sizes=\"(max-width: 907px) 100vw, 907px\" \/>\t\t\t\t\t\t\t\t\t\t\t\t\t\t\t<\/div>\n\t\t\t\t<\/div>\n\t\t\t\t\t<\/div>\n\t\t\t\t<\/div>\n\t\t\t\t\t<\/div>\n\t\t\t\t<\/div>\n\t\t\t\t<\/div>","protected":false},"excerpt":{"rendered":"<p>\u00c9tudes strat\u00e9giques de march\u00e9 pour le secteur du jouet en Europe et en France Vous cherchez \u00e0 p\u00e9n\u00e9trer le secteur des jouets en Europe et en France ? Chez Toy Influence, nous comprenons les d\u00e9fis uniques auxquels vous \u00eates confront\u00e9s. Avec notre service d&rsquo;\u00e9tudes strat\u00e9giques sur mesure, nous vous offrons bien plus qu&rsquo;une analyse : [&hellip;]<\/p>\n","protected":false},"author":1,"featured_media":0,"parent":0,"menu_order":0,"comment_status":"closed","ping_status":"closed","template":"elementor_header_footer","meta":{"footnotes":""},"categories":[],"class_list":["post-1016","page","type-page","status-publish","hentry"],"yoast_head":"<!-- This site is optimized with the Yoast SEO plugin v27.4 - https:\/\/yoast.com\/product\/yoast-seo-wordpress\/ -->\n<title>\u00c9tudes strat\u00e9giques de march\u00e9 pour le secteur du jouet en Europe et en France - Toy Influence<\/title>\n<meta name=\"description\" content=\"Optimisez votre strat\u00e9gie de march\u00e9 pour le secteur du jouet en Europe et France avec les \u00e9tudes strat\u00e9giques de Toy Influence. Diagnostic interne et externe, analyse PESTEL, SWOT, et plan d&#039;action sur mesure.\" \/>\n<meta name=\"robots\" content=\"index, follow, max-snippet:-1, max-image-preview:large, max-video-preview:-1\" \/>\n<link rel=\"canonical\" href=\"https:\/\/toyinfluence.com\/it\/etudes-strategiques-de-marche-pour-le-secteur-du-jouet-en-europe-et-en-france\/\" \/>\n<meta property=\"og:locale\" content=\"it_IT\" \/>\n<meta property=\"og:type\" content=\"article\" \/>\n<meta property=\"og:title\" content=\"\u00c9tudes strat\u00e9giques de march\u00e9 pour le secteur du jouet en Europe et en France - Toy Influence\" \/>\n<meta property=\"og:description\" content=\"Optimisez votre strat\u00e9gie de march\u00e9 pour le secteur du jouet en Europe et France avec les \u00e9tudes strat\u00e9giques de Toy Influence. Diagnostic interne et externe, analyse PESTEL, SWOT, et plan d&#039;action sur mesure.\" \/>\n<meta property=\"og:url\" content=\"https:\/\/toyinfluence.com\/it\/etudes-strategiques-de-marche-pour-le-secteur-du-jouet-en-europe-et-en-france\/\" \/>\n<meta property=\"og:site_name\" content=\"Toy Influence\" \/>\n<meta property=\"article:modified_time\" content=\"2024-04-04T10:59:57+00:00\" \/>\n<meta property=\"og:image\" content=\"https:\/\/toyinfluence.com\/wp-content\/uploads\/2022\/04\/Image-COMANSI.jpg\" \/>\n<meta name=\"twitter:card\" content=\"summary_large_image\" \/>\n<meta name=\"twitter:label1\" content=\"Tempo di lettura stimato\" \/>\n\t<meta name=\"twitter:data1\" content=\"1 minuto\" \/>\n<script type=\"application\/ld+json\" class=\"yoast-schema-graph\">{\"@context\":\"https:\\\/\\\/schema.org\",\"@graph\":[{\"@type\":\"WebPage\",\"@id\":\"https:\\\/\\\/toyinfluence.com\\\/etudes-strategiques-de-marche-pour-le-secteur-du-jouet-en-europe-et-en-france\\\/\",\"url\":\"https:\\\/\\\/toyinfluence.com\\\/etudes-strategiques-de-marche-pour-le-secteur-du-jouet-en-europe-et-en-france\\\/\",\"name\":\"\u00c9tudes strat\u00e9giques de march\u00e9 pour le secteur du jouet en Europe et en France - Toy Influence\",\"isPartOf\":{\"@id\":\"https:\\\/\\\/toyinfluence.com\\\/#website\"},\"primaryImageOfPage\":{\"@id\":\"https:\\\/\\\/toyinfluence.com\\\/etudes-strategiques-de-marche-pour-le-secteur-du-jouet-en-europe-et-en-france\\\/#primaryimage\"},\"image\":{\"@id\":\"https:\\\/\\\/toyinfluence.com\\\/etudes-strategiques-de-marche-pour-le-secteur-du-jouet-en-europe-et-en-france\\\/#primaryimage\"},\"thumbnailUrl\":\"https:\\\/\\\/toyinfluence.com\\\/wp-content\\\/uploads\\\/2022\\\/04\\\/Image-COMANSI.jpg\",\"datePublished\":\"2024-04-03T17:42:59+00:00\",\"dateModified\":\"2024-04-04T10:59:57+00:00\",\"description\":\"Optimisez votre strat\u00e9gie de march\u00e9 pour le secteur du jouet en Europe et France avec les \u00e9tudes strat\u00e9giques de Toy Influence. Diagnostic interne et externe, analyse PESTEL, SWOT, et plan d'action sur mesure.\",\"breadcrumb\":{\"@id\":\"https:\\\/\\\/toyinfluence.com\\\/etudes-strategiques-de-marche-pour-le-secteur-du-jouet-en-europe-et-en-france\\\/#breadcrumb\"},\"inLanguage\":\"it-IT\",\"potentialAction\":[{\"@type\":\"ReadAction\",\"target\":[\"https:\\\/\\\/toyinfluence.com\\\/etudes-strategiques-de-marche-pour-le-secteur-du-jouet-en-europe-et-en-france\\\/\"]}]},{\"@type\":\"ImageObject\",\"inLanguage\":\"it-IT\",\"@id\":\"https:\\\/\\\/toyinfluence.com\\\/etudes-strategiques-de-marche-pour-le-secteur-du-jouet-en-europe-et-en-france\\\/#primaryimage\",\"url\":\"https:\\\/\\\/toyinfluence.com\\\/wp-content\\\/uploads\\\/2022\\\/04\\\/Image-COMANSI.jpg\",\"contentUrl\":\"https:\\\/\\\/toyinfluence.com\\\/wp-content\\\/uploads\\\/2022\\\/04\\\/Image-COMANSI.jpg\"},{\"@type\":\"BreadcrumbList\",\"@id\":\"https:\\\/\\\/toyinfluence.com\\\/etudes-strategiques-de-marche-pour-le-secteur-du-jouet-en-europe-et-en-france\\\/#breadcrumb\",\"itemListElement\":[{\"@type\":\"ListItem\",\"position\":1,\"name\":\"Accueil\",\"item\":\"https:\\\/\\\/toyinfluence.com\\\/\"},{\"@type\":\"ListItem\",\"position\":2,\"name\":\"\u00c9tudes strat\u00e9giques de march\u00e9 pour le secteur du jouet en Europe et en France\"}]},{\"@type\":\"WebSite\",\"@id\":\"https:\\\/\\\/toyinfluence.com\\\/#website\",\"url\":\"https:\\\/\\\/toyinfluence.com\\\/\",\"name\":\"Toy Influence\",\"description\":\"\",\"potentialAction\":[{\"@type\":\"SearchAction\",\"target\":{\"@type\":\"EntryPoint\",\"urlTemplate\":\"https:\\\/\\\/toyinfluence.com\\\/?s={search_term_string}\"},\"query-input\":{\"@type\":\"PropertyValueSpecification\",\"valueRequired\":true,\"valueName\":\"search_term_string\"}}],\"inLanguage\":\"it-IT\"}]}<\/script>\n<!-- \/ Yoast SEO plugin. -->","yoast_head_json":{"title":"Ricerca strategica di mercato per il settore dei giocattoli in Europa e Francia - Toy Influence","description":"Ottimizzate la vostra strategia di mercato per il settore dei giocattoli in Europa e in Francia con gli studi strategici di Toy Influence. Diagnosi interne ed esterne, analisi PESTEL e SWOT e piani d'azione personalizzati.","robots":{"index":"index","follow":"follow","max-snippet":"max-snippet:-1","max-image-preview":"max-image-preview:large","max-video-preview":"max-video-preview:-1"},"canonical":"https:\/\/toyinfluence.com\/it\/etudes-strategiques-de-marche-pour-le-secteur-du-jouet-en-europe-et-en-france\/","og_locale":"it_IT","og_type":"article","og_title":"\u00c9tudes strat\u00e9giques de march\u00e9 pour le secteur du jouet en Europe et en France - Toy Influence","og_description":"Optimisez votre strat\u00e9gie de march\u00e9 pour le secteur du jouet en Europe et France avec les \u00e9tudes strat\u00e9giques de Toy Influence. Diagnostic interne et externe, analyse PESTEL, SWOT, et plan d'action sur mesure.","og_url":"https:\/\/toyinfluence.com\/it\/etudes-strategiques-de-marche-pour-le-secteur-du-jouet-en-europe-et-en-france\/","og_site_name":"Toy Influence","article_modified_time":"2024-04-04T10:59:57+00:00","og_image":[{"url":"https:\/\/toyinfluence.com\/wp-content\/uploads\/2022\/04\/Image-COMANSI.jpg","type":"","width":"","height":""}],"twitter_card":"summary_large_image","twitter_misc":{"Tempo di lettura stimato":"1 minuto"},"schema":{"@context":"https:\/\/schema.org","@graph":[{"@type":"WebPage","@id":"https:\/\/toyinfluence.com\/etudes-strategiques-de-marche-pour-le-secteur-du-jouet-en-europe-et-en-france\/","url":"https:\/\/toyinfluence.com\/etudes-strategiques-de-marche-pour-le-secteur-du-jouet-en-europe-et-en-france\/","name":"Ricerca strategica di mercato per il settore dei giocattoli in Europa e Francia - Toy Influence","isPartOf":{"@id":"https:\/\/toyinfluence.com\/#website"},"primaryImageOfPage":{"@id":"https:\/\/toyinfluence.com\/etudes-strategiques-de-marche-pour-le-secteur-du-jouet-en-europe-et-en-france\/#primaryimage"},"image":{"@id":"https:\/\/toyinfluence.com\/etudes-strategiques-de-marche-pour-le-secteur-du-jouet-en-europe-et-en-france\/#primaryimage"},"thumbnailUrl":"https:\/\/toyinfluence.com\/wp-content\/uploads\/2022\/04\/Image-COMANSI.jpg","datePublished":"2024-04-03T17:42:59+00:00","dateModified":"2024-04-04T10:59:57+00:00","description":"Ottimizzate la vostra strategia di mercato per il settore dei giocattoli in Europa e in Francia con gli studi strategici di Toy Influence. Diagnosi interne ed esterne, analisi PESTEL e SWOT e piani d'azione personalizzati.","breadcrumb":{"@id":"https:\/\/toyinfluence.com\/etudes-strategiques-de-marche-pour-le-secteur-du-jouet-en-europe-et-en-france\/#breadcrumb"},"inLanguage":"it-IT","potentialAction":[{"@type":"ReadAction","target":["https:\/\/toyinfluence.com\/etudes-strategiques-de-marche-pour-le-secteur-du-jouet-en-europe-et-en-france\/"]}]},{"@type":"ImageObject","inLanguage":"it-IT","@id":"https:\/\/toyinfluence.com\/etudes-strategiques-de-marche-pour-le-secteur-du-jouet-en-europe-et-en-france\/#primaryimage","url":"https:\/\/toyinfluence.com\/wp-content\/uploads\/2022\/04\/Image-COMANSI.jpg","contentUrl":"https:\/\/toyinfluence.com\/wp-content\/uploads\/2022\/04\/Image-COMANSI.jpg"},{"@type":"BreadcrumbList","@id":"https:\/\/toyinfluence.com\/etudes-strategiques-de-marche-pour-le-secteur-du-jouet-en-europe-et-en-france\/#breadcrumb","itemListElement":[{"@type":"ListItem","position":1,"name":"Accueil","item":"https:\/\/toyinfluence.com\/"},{"@type":"ListItem","position":2,"name":"\u00c9tudes strat\u00e9giques de march\u00e9 pour le secteur du jouet en Europe et en France"}]},{"@type":"WebSite","@id":"https:\/\/toyinfluence.com\/#website","url":"https:\/\/toyinfluence.com\/","name":"Influenza dei giocattoli","description":"","potentialAction":[{"@type":"SearchAction","target":{"@type":"EntryPoint","urlTemplate":"https:\/\/toyinfluence.com\/?s={search_term_string}"},"query-input":{"@type":"PropertyValueSpecification","valueRequired":true,"valueName":"search_term_string"}}],"inLanguage":"it-IT"}]}},"_links":{"self":[{"href":"https:\/\/toyinfluence.com\/it\/wp-json\/wp\/v2\/pages\/1016","targetHints":{"allow":["GET"]}}],"collection":[{"href":"https:\/\/toyinfluence.com\/it\/wp-json\/wp\/v2\/pages"}],"about":[{"href":"https:\/\/toyinfluence.com\/it\/wp-json\/wp\/v2\/types\/page"}],"author":[{"embeddable":true,"href":"https:\/\/toyinfluence.com\/it\/wp-json\/wp\/v2\/users\/1"}],"replies":[{"embeddable":true,"href":"https:\/\/toyinfluence.com\/it\/wp-json\/wp\/v2\/comments?post=1016"}],"version-history":[{"count":13,"href":"https:\/\/toyinfluence.com\/it\/wp-json\/wp\/v2\/pages\/1016\/revisions"}],"predecessor-version":[{"id":1038,"href":"https:\/\/toyinfluence.com\/it\/wp-json\/wp\/v2\/pages\/1016\/revisions\/1038"}],"wp:attachment":[{"href":"https:\/\/toyinfluence.com\/it\/wp-json\/wp\/v2\/media?parent=1016"}],"wp:term":[{"taxonomy":"category","embeddable":true,"href":"https:\/\/toyinfluence.com\/it\/wp-json\/wp\/v2\/categories?post=1016"}],"curies":[{"name":"wp","href":"https:\/\/api.w.org\/{rel}","templated":true}]}}