{"id":320,"date":"2022-05-03T20:32:49","date_gmt":"2022-05-03T20:32:49","guid":{"rendered":"https:\/\/toyinfluence.com\/?page_id=320"},"modified":"2022-05-04T14:27:02","modified_gmt":"2022-05-04T14:27:02","slug":"mentions-legales","status":"publish","type":"page","link":"https:\/\/toyinfluence.com\/es\/mentions-legales\/","title":{"rendered":"Notas legales"},"content":{"rendered":"<div data-elementor-type=\"wp-page\" data-elementor-id=\"320\" class=\"elementor elementor-320\" data-elementor-post-type=\"page\">\n\t\t\t\t\t\t<section class=\"elementor-section elementor-top-section elementor-element elementor-element-fe8cb58 elementor-section-height-min-height elementor-section-boxed elementor-section-height-default elementor-section-items-middle\" data-id=\"fe8cb58\" data-element_type=\"section\" data-e-type=\"section\" data-settings=\"{&quot;background_background&quot;:&quot;classic&quot;}\">\n\t\t\t\t\t\t<div class=\"elementor-container elementor-column-gap-default\">\n\t\t\t\t\t<div class=\"elementor-column elementor-col-100 elementor-top-column elementor-element elementor-element-497fd35\" data-id=\"497fd35\" data-element_type=\"column\" data-e-type=\"column\">\n\t\t\t<div class=\"elementor-widget-wrap elementor-element-populated\">\n\t\t\t\t\t\t<div class=\"elementor-element elementor-element-e42ec0a elementor-align-center elementor-widget elementor-widget-button\" data-id=\"e42ec0a\" data-element_type=\"widget\" data-e-type=\"widget\" data-widget_type=\"button.default\">\n\t\t\t\t<div class=\"elementor-widget-container\">\n\t\t\t\t\t\t\t\t\t<div class=\"elementor-button-wrapper\">\n\t\t\t\t\t<a class=\"elementor-button elementor-size-lg\" role=\"button\">\n\t\t\t\t\t\t<span class=\"elementor-button-content-wrapper\">\n\t\t\t\t\t\t\t\t\t<span class=\"elementor-button-text\">Notas legales<\/span>\n\t\t\t\t\t<\/span>\n\t\t\t\t\t<\/a>\n\t\t\t\t<\/div>\n\t\t\t\t\t\t\t\t<\/div>\n\t\t\t\t<\/div>\n\t\t\t\t\t<\/div>\n\t\t<\/div>\n\t\t\t\t\t<\/div>\n\t\t<\/section>\n\t\t\t\t<section class=\"elementor-section elementor-top-section elementor-element elementor-element-4c025e0 elementor-section-boxed elementor-section-height-default elementor-section-height-default\" data-id=\"4c025e0\" data-element_type=\"section\" data-e-type=\"section\">\n\t\t\t\t\t\t<div class=\"elementor-container elementor-column-gap-default\">\n\t\t\t\t\t<div class=\"elementor-column elementor-col-100 elementor-top-column elementor-element elementor-element-9e4d9df\" data-id=\"9e4d9df\" data-element_type=\"column\" data-e-type=\"column\">\n\t\t\t<div class=\"elementor-widget-wrap elementor-element-populated\">\n\t\t\t\t\t\t<div class=\"elementor-element elementor-element-3fdefbd asdfghjk elementor-widget elementor-widget-text-editor\" data-id=\"3fdefbd\" data-element_type=\"widget\" data-e-type=\"widget\" data-widget_type=\"text-editor.default\">\n\t\t\t\t<div class=\"elementor-widget-container\">\n\t\t\t\t\t\t\t\t\t<p style=\"text-align: justify;\">De conformidad con lo dispuesto en los Art\u00edculos 6-III y 19 de la Ley N\u00b0 2004-575 de 21 de junio de 2004 sobre la Confianza en la Econom\u00eda Digital, conocida como L.C.E.N., ponemos en conocimiento de los usuarios y visitantes del sitio: <a href=\"http:\/\/toyinfluence.com\/es\/\" target=\"_blank\" rel=\"noopener\">toyinfluence.com<\/a> la siguiente informaci\u00f3n :<\/p><p style=\"text-align: justify;\"><strong>1. Informaci\u00f3n legal:<\/strong><\/p><p style=\"text-align: justify;\">Estado del propietario: <strong>especial<\/strong><br \/>El Propietario es : <strong>Yann FRESNEL<\/strong><br \/>Direcci\u00f3n postal del propietario : <strong>1 rue du Buisson 69250 Fleurieu sur Saone<\/strong><\/p><p>El creador del sitio es : <strong>Yohann Deprez<\/strong><br \/>El responsable de la publicaci\u00f3n es : <strong>Yann FRESNEL<\/strong><br \/>P\u00f3ngase en contacto con el responsable de la publicaci\u00f3n : <strong>yann@toyinfluence.com<\/strong><br \/>El responsable de la publicaci\u00f3n es<strong>\u00a0persona f\u00edsica<\/strong><\/p><p>El Webmaster es : <strong>Yohann Deprez<\/strong><br \/>Contactar con el webmaster :\u00a0 <strong><a href=\"mailto:contact@yohanndeprez.fr?subject=Contact a partir des mentions l\u00c3\u00a9gales via le site toyinfluence.com\">contact@yohanndeprez.fr<\/a><\/strong><br \/>El host del sitio web es : <strong>IONOS 7 PLACE DE LA GARE 57200 SARREGUEMINES<\/strong><\/p><p style=\"text-align: justify;\"><strong>2. Presentaci\u00f3n y principio:<\/strong><\/p><p style=\"text-align: justify;\">En lo sucesivo denominado : <strong>Usuario<\/strong>Cualquier usuario de Internet que se conecte al sitio mencionado y lo utilice: <a href=\"http:\/\/toyinfluence.com\/es\/\" target=\"_blank\" rel=\"noopener\">toyinfluence.com<\/a>.<br \/>El sitio web <strong>toyinfluence.com<\/strong> es un conjunto de servicios, tal cual, puestos a disposici\u00f3n de los usuarios. Se precisa que los usuarios deben mantener la cortes\u00eda y la buena fe hacia los dem\u00e1s usuarios, as\u00ed como hacia el webmaster de toyinfluence.com. El sitio web toyinfluence.com es actualizado regularmente por Yohann Deprez.<br \/>Yann FRESNEL se esfuerza por proporcionar la informaci\u00f3n m\u00e1s precisa posible en el sitio toyinfluence.com (sujeto a cambios realizados desde que se puso en l\u00ednea), pero no puede garantizar la precisi\u00f3n, integridad y actualidad de la informaci\u00f3n difundida en su sitio, ya sea por s\u00ed mismo o por los socios terceros que le proporcionan esta informaci\u00f3n. En consecuencia, el usuario reconoce utilizar esta informaci\u00f3n facilitada (a t\u00edtulo meramente informativo, no exhaustivo y sujeto a modificaciones) bajo su exclusiva responsabilidad.<\/p><p style=\"text-align: justify;\"><strong>3. Accesibilidad:<\/strong><\/p><p>El sitio toyinfluence.com es, en principio, accesible a los usuarios las 24 horas del d\u00eda, los 7 d\u00edas de la semana, salvo interrupci\u00f3n, programada o no, a efectos de su mantenimiento o en caso de fuerza mayor. En caso de imposibilidad de acceso al servicio, toyinfluence.com se compromete a hacer todo lo posible para restablecer el acceso al servicio y se esforzar\u00e1 en comunicar a los usuarios con antelaci\u00f3n las fechas y horas de la intervenci\u00f3n. Al estar sujeto \u00fanicamente a una obligaci\u00f3n de medios, toyinfluence.com no se hace responsable de ning\u00fan da\u00f1o, cualquiera que sea su naturaleza, que resulte de la falta de disponibilidad del servicio.<\/p><p style=\"text-align: justify;\"><strong>4. 4. Propiedad intelectual :<\/strong><\/p><p style=\"text-align: justify;\">Yann FRESNEL es el propietario exclusivo de todos los derechos de propiedad intelectual o titular de los derechos de uso sobre todos los elementos accesibles en el sitio, tanto sobre la estructura como sobre los textos, im\u00e1genes, gr\u00e1ficos, logotipos, iconos, sonidos y software...<br \/>Toda reproducci\u00f3n total o parcial del sitio toyinfluence.com, representaci\u00f3n, modificaci\u00f3n, publicaci\u00f3n, adaptaci\u00f3n total o parcial de cualquiera de estos elementos, cualesquiera que sean los medios o procedimientos utilizados, est\u00e1 prohibida sin la autorizaci\u00f3n previa y por escrito de Yann FRESNEL, propietario del sitio web, a la siguiente direcci\u00f3n de correo electr\u00f3nico: contact@yohanndeprez.fr, so pena de considerarse constitutiva de falsificaci\u00f3n y ser perseguida de conformidad con las disposiciones de los art\u00edculos L.335-2 y siguientes del C\u00f3digo franc\u00e9s de la Propiedad Intelectual.<\/p><p style=\"text-align: justify;\"><strong>5. Enlaces de hipertexto y cookies :<\/strong><\/p><p>El sitio toyinfluence.com contiene una serie de enlaces de hipertexto hacia otros sitios (socios, informaci\u00f3n, etc.) creados con la autorizaci\u00f3n de Yann FRESNEL. No obstante, Yann FRESNEL no est\u00e1 en condiciones de controlar el contenido \u00edntegro de los sitios visitados de este modo y, por lo tanto, declina toda responsabilidad por los riesgos de contenido il\u00edcito.<br \/>Se informa al usuario de que, durante sus visitas al sitio web toyinfluence.com, pueden instalarse autom\u00e1ticamente en su ordenador una o varias cookies a trav\u00e9s de su programa de navegaci\u00f3n. Una cookie es un bloque de datos que no permite identificar al usuario, pero que registra informaci\u00f3n relativa a su navegaci\u00f3n en el sitio.\u00a0<br \/>Puede configurar su navegador para que le notifique la presencia de cookies y, en caso necesario, rechazarlas, tal como se describe en la siguiente direcci\u00f3n: <a href=\"http:\/\/www.cnil.fr\">www.cnil.fr<\/a>. No obstante, el usuario puede configurar su navegador para rechazar la instalaci\u00f3n de cookies, teniendo en cuenta que rechazar la instalaci\u00f3n de una cookie puede suponer la imposibilidad de acceder a determinados servicios. Para bloquear las cookies, escriba lo siguiente en su motor de b\u00fasqueda: bloquear cookies en IE o Firefox y siga las instrucciones en funci\u00f3n de su versi\u00f3n.<\/p><p style=\"text-align: justify;\"><strong>6. Protecci\u00f3n de personas y bienes - gesti\u00f3n de datos personales :<\/strong><\/p><p>En Francia, los datos personales est\u00e1n protegidos por la ley n\u00ba 78-87 de 6 de enero de 1978, la ley n\u00ba 2004-801 de 6 de agosto de 2004, el art\u00edculo L. 226-13 del C\u00f3digo Penal y la Directiva Europea de 24 de octubre de 1995.<\/p><p style=\"text-align: justify;\">En el sitio web toyinfluence.com, Yann FRESNEL s\u00f3lo recoge informaci\u00f3n personal (de conformidad con el art\u00edculo 4 de la Ley n\u00ba 78-17 de 06 de enero de 1978) relativa al usuario a efectos de determinados servicios ofrecidos por el sitio web toyinfluence.com. Los usuarios facilitan esta informaci\u00f3n con pleno conocimiento de causa, especialmente cuando la introducen ellos mismos. A continuaci\u00f3n, se informa a los usuarios del sitio web toyinfluence.com de si est\u00e1n obligados o no a facilitar esta informaci\u00f3n.<br \/>De conformidad con las disposiciones de los art\u00edculos 38 y siguientes de la Ley 78-17 de 6 de enero de 1978 relativa a la inform\u00e1tica, a los ficheros y a las libertades, todo usuario dispone de un derecho de acceso, rectificaci\u00f3n, supresi\u00f3n y oposici\u00f3n a los datos de car\u00e1cter personal que le conciernan. Para ejercer este derecho, env\u00ede su solicitud a toyinfluence.com por correo electr\u00f3nico : <strong><a href=\"mailto:contact@yohanndeprez.fr?subject=Contact \u00ef\u00bf\u00bd partir des mentions l\u00ef\u00bf\u00bdgales via le site toyinfluence.com\">yann@toyinfluence.com<\/a><\/strong> o por escrito, debidamente firmado, acompa\u00f1ado de una copia del documento de identidad con la firma del titular del documento, especificando la direcci\u00f3n a la que debe enviarse la respuesta.<\/p><p style=\"text-align: justify;\">Ninguna informaci\u00f3n personal del usuario del sitio toyinfluence.com es publicada sin el conocimiento del usuario, intercambiada, transferida, cedida o vendida por cualquier medio a terceros. Solo la asunci\u00f3n de la redenci\u00f3n del sitio toyinfluence.com y sus derechos autoriza a Yann FRESNEL a transmitir dicha informaci\u00f3n al posible comprador que, a su vez, estar\u00eda sujeto a la misma obligaci\u00f3n de almacenar y modificar datos con respecto al usuario de toyinfluence. sitio web com.<br \/>El sitio web toyinfluence.com cumple el RGPD.<\/p><p style=\"text-align: justify;\">Las bases de datos est\u00e1n protegidas por las disposiciones de la ley de 1 de julio de 1998 que transpone la directiva 96\/9 de 11 de marzo de 1996 relativa a la protecci\u00f3n jur\u00eddica de las bases de datos.<\/p>\t\t\t\t\t\t\t\t<\/div>\n\t\t\t\t<\/div>\n\t\t\t\t\t<\/div>\n\t\t<\/div>\n\t\t\t\t\t<\/div>\n\t\t<\/section>\n\t\t\t\t<\/div>","protected":false},"excerpt":{"rendered":"<p>Conform\u00e9ment aux dispositions des articles 6-III et 19 de la Loi n\u00b0 2004-575 du 21 juin 2004 pour la Confiance dans l&rsquo;\u00e9conomie num\u00e9rique, dite L.C.E.N., nous portons \u00e0 la connaissance des utilisateurs et visiteurs du site : toyinfluence.com les informations suivantes : 1. Informations l\u00e9gales : Statut du propri\u00e9taire : particulierLe Propri\u00e9taire est : Yann [&hellip;]<\/p>\n","protected":false},"author":1,"featured_media":0,"parent":0,"menu_order":0,"comment_status":"closed","ping_status":"closed","template":"elementor_header_footer","meta":{"footnotes":""},"categories":[],"class_list":["post-320","page","type-page","status-publish","hentry"],"yoast_head":"<!-- This site is optimized with the Yoast SEO plugin v27.4 - https:\/\/yoast.com\/product\/yoast-seo-wordpress\/ -->\n<title>Mentions l\u00e9gales - Toy Influence<\/title>\n<meta name=\"robots\" content=\"index, follow, max-snippet:-1, max-image-preview:large, max-video-preview:-1\" \/>\n<link rel=\"canonical\" href=\"https:\/\/toyinfluence.com\/es\/mentions-legales\/\" \/>\n<meta property=\"og:locale\" content=\"es_ES\" \/>\n<meta property=\"og:type\" content=\"article\" \/>\n<meta property=\"og:title\" content=\"Mentions l\u00e9gales - Toy Influence\" \/>\n<meta property=\"og:description\" content=\"Conform\u00e9ment aux dispositions des articles 6-III et 19 de la Loi n\u00b0 2004-575 du 21 juin 2004 pour la Confiance dans l&rsquo;\u00e9conomie num\u00e9rique, dite L.C.E.N., nous portons \u00e0 la connaissance des utilisateurs et visiteurs du site : toyinfluence.com les informations suivantes : 1. Informations l\u00e9gales : Statut du propri\u00e9taire : particulierLe Propri\u00e9taire est : Yann [&hellip;]\" \/>\n<meta property=\"og:url\" content=\"https:\/\/toyinfluence.com\/es\/mentions-legales\/\" \/>\n<meta property=\"og:site_name\" content=\"Toy Influence\" \/>\n<meta property=\"article:modified_time\" content=\"2022-05-04T14:27:02+00:00\" \/>\n<meta name=\"twitter:card\" content=\"summary_large_image\" \/>\n<meta name=\"twitter:label1\" content=\"Tiempo de lectura\" \/>\n\t<meta name=\"twitter:data1\" content=\"5 minutos\" \/>\n<script type=\"application\/ld+json\" class=\"yoast-schema-graph\">{\"@context\":\"https:\\\/\\\/schema.org\",\"@graph\":[{\"@type\":\"WebPage\",\"@id\":\"https:\\\/\\\/toyinfluence.com\\\/mentions-legales\\\/\",\"url\":\"https:\\\/\\\/toyinfluence.com\\\/mentions-legales\\\/\",\"name\":\"Mentions l\u00e9gales - Toy Influence\",\"isPartOf\":{\"@id\":\"https:\\\/\\\/toyinfluence.com\\\/#website\"},\"datePublished\":\"2022-05-03T20:32:49+00:00\",\"dateModified\":\"2022-05-04T14:27:02+00:00\",\"breadcrumb\":{\"@id\":\"https:\\\/\\\/toyinfluence.com\\\/mentions-legales\\\/#breadcrumb\"},\"inLanguage\":\"es\",\"potentialAction\":[{\"@type\":\"ReadAction\",\"target\":[\"https:\\\/\\\/toyinfluence.com\\\/mentions-legales\\\/\"]}]},{\"@type\":\"BreadcrumbList\",\"@id\":\"https:\\\/\\\/toyinfluence.com\\\/mentions-legales\\\/#breadcrumb\",\"itemListElement\":[{\"@type\":\"ListItem\",\"position\":1,\"name\":\"Accueil\",\"item\":\"https:\\\/\\\/toyinfluence.com\\\/\"},{\"@type\":\"ListItem\",\"position\":2,\"name\":\"Mentions l\u00e9gales\"}]},{\"@type\":\"WebSite\",\"@id\":\"https:\\\/\\\/toyinfluence.com\\\/#website\",\"url\":\"https:\\\/\\\/toyinfluence.com\\\/\",\"name\":\"Toy Influence\",\"description\":\"\",\"potentialAction\":[{\"@type\":\"SearchAction\",\"target\":{\"@type\":\"EntryPoint\",\"urlTemplate\":\"https:\\\/\\\/toyinfluence.com\\\/?s={search_term_string}\"},\"query-input\":{\"@type\":\"PropertyValueSpecification\",\"valueRequired\":true,\"valueName\":\"search_term_string\"}}],\"inLanguage\":\"es\"}]}<\/script>\n<!-- \/ Yoast SEO plugin. -->","yoast_head_json":{"title":"Informaci\u00f3n jur\u00eddica - Toy Influence","robots":{"index":"index","follow":"follow","max-snippet":"max-snippet:-1","max-image-preview":"max-image-preview:large","max-video-preview":"max-video-preview:-1"},"canonical":"https:\/\/toyinfluence.com\/es\/mentions-legales\/","og_locale":"es_ES","og_type":"article","og_title":"Mentions l\u00e9gales - Toy Influence","og_description":"Conform\u00e9ment aux dispositions des articles 6-III et 19 de la Loi n\u00b0 2004-575 du 21 juin 2004 pour la Confiance dans l&rsquo;\u00e9conomie num\u00e9rique, dite L.C.E.N., nous portons \u00e0 la connaissance des utilisateurs et visiteurs du site : toyinfluence.com les informations suivantes : 1. Informations l\u00e9gales : Statut du propri\u00e9taire : particulierLe Propri\u00e9taire est : Yann [&hellip;]","og_url":"https:\/\/toyinfluence.com\/es\/mentions-legales\/","og_site_name":"Toy Influence","article_modified_time":"2022-05-04T14:27:02+00:00","twitter_card":"summary_large_image","twitter_misc":{"Tiempo de lectura":"5 minutos"},"schema":{"@context":"https:\/\/schema.org","@graph":[{"@type":"WebPage","@id":"https:\/\/toyinfluence.com\/mentions-legales\/","url":"https:\/\/toyinfluence.com\/mentions-legales\/","name":"Informaci\u00f3n jur\u00eddica - Toy Influence","isPartOf":{"@id":"https:\/\/toyinfluence.com\/#website"},"datePublished":"2022-05-03T20:32:49+00:00","dateModified":"2022-05-04T14:27:02+00:00","breadcrumb":{"@id":"https:\/\/toyinfluence.com\/mentions-legales\/#breadcrumb"},"inLanguage":"es","potentialAction":[{"@type":"ReadAction","target":["https:\/\/toyinfluence.com\/mentions-legales\/"]}]},{"@type":"BreadcrumbList","@id":"https:\/\/toyinfluence.com\/mentions-legales\/#breadcrumb","itemListElement":[{"@type":"ListItem","position":1,"name":"Accueil","item":"https:\/\/toyinfluence.com\/"},{"@type":"ListItem","position":2,"name":"Mentions l\u00e9gales"}]},{"@type":"WebSite","@id":"https:\/\/toyinfluence.com\/#website","url":"https:\/\/toyinfluence.com\/","name":"Influencia de los juguetes","description":"","potentialAction":[{"@type":"SearchAction","target":{"@type":"EntryPoint","urlTemplate":"https:\/\/toyinfluence.com\/?s={search_term_string}"},"query-input":{"@type":"PropertyValueSpecification","valueRequired":true,"valueName":"search_term_string"}}],"inLanguage":"es"}]}},"_links":{"self":[{"href":"https:\/\/toyinfluence.com\/es\/wp-json\/wp\/v2\/pages\/320","targetHints":{"allow":["GET"]}}],"collection":[{"href":"https:\/\/toyinfluence.com\/es\/wp-json\/wp\/v2\/pages"}],"about":[{"href":"https:\/\/toyinfluence.com\/es\/wp-json\/wp\/v2\/types\/page"}],"author":[{"embeddable":true,"href":"https:\/\/toyinfluence.com\/es\/wp-json\/wp\/v2\/users\/1"}],"replies":[{"embeddable":true,"href":"https:\/\/toyinfluence.com\/es\/wp-json\/wp\/v2\/comments?post=320"}],"version-history":[{"count":25,"href":"https:\/\/toyinfluence.com\/es\/wp-json\/wp\/v2\/pages\/320\/revisions"}],"predecessor-version":[{"id":380,"href":"https:\/\/toyinfluence.com\/es\/wp-json\/wp\/v2\/pages\/320\/revisions\/380"}],"wp:attachment":[{"href":"https:\/\/toyinfluence.com\/es\/wp-json\/wp\/v2\/media?parent=320"}],"wp:term":[{"taxonomy":"category","embeddable":true,"href":"https:\/\/toyinfluence.com\/es\/wp-json\/wp\/v2\/categories?post=320"}],"curies":[{"name":"wp","href":"https:\/\/api.w.org\/{rel}","templated":true}]}}