{"id":319,"date":"2022-05-03T20:32:03","date_gmt":"2022-05-03T20:32:03","guid":{"rendered":"https:\/\/toyinfluence.com\/?page_id=319"},"modified":"2022-05-03T21:39:35","modified_gmt":"2022-05-03T21:39:35","slug":"politique-de-confidentialite","status":"publish","type":"page","link":"https:\/\/toyinfluence.com\/es\/politique-de-confidentialite\/","title":{"rendered":"Pol\u00edtica de confidencialidad"},"content":{"rendered":"<div data-elementor-type=\"wp-page\" data-elementor-id=\"319\" class=\"elementor elementor-319\" data-elementor-post-type=\"page\">\n\t\t\t\t\t\t<section class=\"elementor-section elementor-top-section elementor-element elementor-element-9e08555 elementor-section-height-min-height elementor-section-boxed elementor-section-height-default elementor-section-items-middle\" data-id=\"9e08555\" data-element_type=\"section\" data-e-type=\"section\" data-settings=\"{&quot;background_background&quot;:&quot;classic&quot;}\">\n\t\t\t\t\t\t<div class=\"elementor-container elementor-column-gap-default\">\n\t\t\t\t\t<div class=\"elementor-column elementor-col-100 elementor-top-column elementor-element elementor-element-e16f6e4\" data-id=\"e16f6e4\" data-element_type=\"column\" data-e-type=\"column\">\n\t\t\t<div class=\"elementor-widget-wrap elementor-element-populated\">\n\t\t\t\t\t\t<div class=\"elementor-element elementor-element-1fdf56c elementor-align-center elementor-widget elementor-widget-button\" data-id=\"1fdf56c\" data-element_type=\"widget\" data-e-type=\"widget\" data-widget_type=\"button.default\">\n\t\t\t\t<div class=\"elementor-widget-container\">\n\t\t\t\t\t\t\t\t\t<div class=\"elementor-button-wrapper\">\n\t\t\t\t\t<a class=\"elementor-button elementor-size-lg\" role=\"button\">\n\t\t\t\t\t\t<span class=\"elementor-button-content-wrapper\">\n\t\t\t\t\t\t\t\t\t<span class=\"elementor-button-text\">Pol\u00edtica de confidencialidad<\/span>\n\t\t\t\t\t<\/span>\n\t\t\t\t\t<\/a>\n\t\t\t\t<\/div>\n\t\t\t\t\t\t\t\t<\/div>\n\t\t\t\t<\/div>\n\t\t\t\t\t<\/div>\n\t\t<\/div>\n\t\t\t\t\t<\/div>\n\t\t<\/section>\n\t\t\t\t<section class=\"elementor-section elementor-top-section elementor-element elementor-element-6067f32 elementor-section-boxed elementor-section-height-default elementor-section-height-default\" data-id=\"6067f32\" data-element_type=\"section\" data-e-type=\"section\">\n\t\t\t\t\t\t<div class=\"elementor-container elementor-column-gap-default\">\n\t\t\t\t\t<div class=\"elementor-column elementor-col-100 elementor-top-column elementor-element elementor-element-deb3646\" data-id=\"deb3646\" data-element_type=\"column\" data-e-type=\"column\">\n\t\t\t<div class=\"elementor-widget-wrap elementor-element-populated\">\n\t\t\t\t\t\t<div class=\"elementor-element elementor-element-fe810e8 elementor-widget elementor-widget-text-editor\" data-id=\"fe810e8\" data-element_type=\"widget\" data-e-type=\"widget\" data-widget_type=\"text-editor.default\">\n\t\t\t\t<div class=\"elementor-widget-container\">\n\t\t\t\t\t\t\t\t\t<p>El sitio web https:\/\/toyinfluence.com es propiedad de TOY INFLUENCE, que es responsable del tratamiento de sus datos personales.<\/p><p>Hemos adoptado esta pol\u00edtica de privacidad, que establece c\u00f3mo tratamos la informaci\u00f3n recopilada por https:\/\/toyinfluence.com, que tambi\u00e9n proporciona las razones por las que necesitamos recopilar ciertos datos personales sobre usted. Por lo tanto, debe leer esta pol\u00edtica de privacidad antes de utilizar el sitio web https:\/\/toyinfluence.com.<\/p><p>Cuidamos sus datos personales y nos comprometemos a garantizar su confidencialidad y seguridad.<\/p><p><b>La informaci\u00f3n personal que recopilamos:<br \/><\/b>Cuando visita https:\/\/toyinfluence.com, recopilamos autom\u00e1ticamente cierta informaci\u00f3n sobre su dispositivo, incluida informaci\u00f3n sobre su navegador web, direcci\u00f3n IP, zona horaria y algunas de las cookies instaladas en su dispositivo. Adem\u00e1s, a medida que navega por el Sitio, recopilamos informaci\u00f3n sobre las p\u00e1ginas web o los productos individuales que ve, los sitios web o los t\u00e9rminos de b\u00fasqueda que lo refirieron al Sitio y c\u00f3mo interact\u00faa con el Sitio. Nos referimos a esta informaci\u00f3n recopilada autom\u00e1ticamente como \"Informaci\u00f3n del dispositivo\". Adem\u00e1s, podemos recopilar los datos personales que nos proporciona (incluidos, entre otros, nombre y apellido, direcci\u00f3n, informaci\u00f3n de pago, etc.) durante el registro para que podamos ejecutar el contrato.<\/p><p><b>\u00bfPor qu\u00e9 tratamos sus datos?<br \/><\/b>Nuestra principal prioridad es la seguridad de los datos de los clientes y, como tal, solo podemos procesar datos de usuario m\u00ednimos, solo en la medida en que sea absolutamente necesario para mantener el sitio web. La informaci\u00f3n recopilada autom\u00e1ticamente se utiliza \u00fanicamente para identificar posibles casos de abuso y para establecer informaci\u00f3n estad\u00edstica sobre el uso del sitio web. Esta informaci\u00f3n estad\u00edstica no se agrega de otra manera para identificar a ning\u00fan usuario particular del sistema.<\/p><p>Puede visitar el sitio web sin decirnos qui\u00e9n es ni revelar ninguna informaci\u00f3n mediante la cual alguien pueda identificarlo como una persona espec\u00edfica e identificable. Sin embargo, si desea utilizar ciertas funciones del sitio web, o si desea recibir nuestro bolet\u00edn informativo o proporcionar otros detalles completando un formulario, puede proporcionarnos datos personales, como su direcci\u00f3n de correo electr\u00f3nico, nombre, su nombre, su ciudad de residencia, su organizaci\u00f3n, su n\u00famero de tel\u00e9fono. Puede optar por no proporcionarnos sus datos personales, pero es posible que no pueda aprovechar ciertas caracter\u00edsticas del sitio web. Por ejemplo, no podr\u00e1 recibir nuestro bolet\u00edn o contactarnos directamente desde el sitio web. Los usuarios que no saben qu\u00e9 informaci\u00f3n es obligatoria est\u00e1n invitados a contactarnos a trav\u00e9s de yann@toyinfluence.com.<\/p><p><b>Tus derechos :<br \/><\/b>Si es residente europeo, tiene los siguientes derechos relacionados con sus datos personales:<\/p><p>El derecho a ser informado.<br \/>El derecho de acceso.<br \/>El derecho a la rectificaci\u00f3n.<br \/>El derecho de supresi\u00f3n.<br \/>El derecho a restringir el procesamiento.<br \/>El derecho a la portabilidad de los datos.<br \/>El derecho a oponerse.<br \/>Derechos relativos a la toma de decisiones automatizada y elaboraci\u00f3n de perfiles.<br \/>Si desea ejercer este derecho, comun\u00edquese con nosotros utilizando los datos de contacto a continuaci\u00f3n.<\/p><p>Adem\u00e1s, si es residente europeo, notamos que estamos procesando su informaci\u00f3n para realizar contratos que podamos tener con usted (por ejemplo, si realiza un pedido a trav\u00e9s del Sitio), o para continuar con nuestros intereses comerciales leg\u00edtimos enumerados sobre. Adem\u00e1s, tenga en cuenta que su informaci\u00f3n puede transferirse fuera de Europa, incluso a Canad\u00e1 y los Estados Unidos.<\/p><p><b>Enlaces a otros sitios web:<br \/><\/b>Nuestro sitio web puede contener enlaces a otros sitios web que no son de nuestra propiedad ni est\u00e1n controlados por nosotros. Tenga en cuenta que no somos responsables de estos otros sitios web ni de las pr\u00e1cticas de privacidad de terceros. Lo alentamos a que est\u00e9 atento cuando abandone nuestro sitio web y lea las declaraciones de privacidad de cada sitio web que pueda recopilar informaci\u00f3n personal.<\/p><p><b>Seguridad de informaci\u00f3n :<br \/><\/b>Protegemos la informaci\u00f3n que nos proporciona en servidores inform\u00e1ticos en un entorno seguro y controlado, protegidos del acceso, uso o divulgaci\u00f3n no autorizados. Mantenemos medidas de seguridad administrativas, t\u00e9cnicas y f\u00edsicas razonables para proteger contra el acceso, uso, modificaci\u00f3n y divulgaci\u00f3n no autorizados de los datos personales bajo su control y custodia. Sin embargo, no se puede garantizar la transmisi\u00f3n de datos a trav\u00e9s de Internet o de una red inal\u00e1mbrica.<\/p><p><b>Divulgaci\u00f3n legal:<br \/><\/b>Divulgaremos cualquier informaci\u00f3n que recopilemos, usemos o recibamos si as\u00ed lo requiere o lo permite la ley, como para cumplir con una citaci\u00f3n o un proceso legal similar, y cuando creamos de buena fe que la divulgaci\u00f3n es necesaria para proteger nuestros derechos, su seguridad o la seguridad de otros, investigar fraudes o responder a una solicitud del gobierno.<\/p><p><b>Informaci\u00f3n del contacto :<br \/><\/b>Si desea comunicarse con nosotros para comprender mejor esta pol\u00edtica o si desea comunicarse con nosotros con respecto a cualquier pregunta relacionada con los derechos individuales y su informaci\u00f3n personal, puede enviar un correo electr\u00f3nico a yann@toyinfluence.com.<\/p>\t\t\t\t\t\t\t\t<\/div>\n\t\t\t\t<\/div>\n\t\t\t\t\t<\/div>\n\t\t<\/div>\n\t\t\t\t\t<\/div>\n\t\t<\/section>\n\t\t\t\t<\/div>","protected":false},"excerpt":{"rendered":"<p>Le site web https:\/\/toyinfluence.com est d\u00e9tenu par TOY INFLUENCE, qui est un contr\u00f4leur de donn\u00e9es de vos donn\u00e9es personnelles. Nous avons adopt\u00e9 cette politique de confidentialit\u00e9, qui d\u00e9termine la mani\u00e8re dont nous traitons les informations collect\u00e9es par https:\/\/toyinfluence.com, qui fournit \u00e9galement les raisons pour lesquelles nous devons collecter certaines donn\u00e9es personnelles vous concernant. Par cons\u00e9quent, [&hellip;]<\/p>\n","protected":false},"author":1,"featured_media":0,"parent":0,"menu_order":0,"comment_status":"closed","ping_status":"closed","template":"elementor_header_footer","meta":{"footnotes":""},"categories":[],"class_list":["post-319","page","type-page","status-publish","hentry"],"yoast_head":"<!-- This site is optimized with the Yoast SEO plugin v27.4 - https:\/\/yoast.com\/product\/yoast-seo-wordpress\/ -->\n<title>Politique de confidentialit\u00e9 - Toy Influence<\/title>\n<meta name=\"robots\" content=\"index, follow, max-snippet:-1, max-image-preview:large, max-video-preview:-1\" \/>\n<link rel=\"canonical\" href=\"https:\/\/toyinfluence.com\/es\/politique-de-confidentialite\/\" \/>\n<meta property=\"og:locale\" content=\"es_ES\" \/>\n<meta property=\"og:type\" content=\"article\" \/>\n<meta property=\"og:title\" content=\"Politique de confidentialit\u00e9 - Toy Influence\" \/>\n<meta property=\"og:description\" content=\"Le site web https:\/\/toyinfluence.com est d\u00e9tenu par TOY INFLUENCE, qui est un contr\u00f4leur de donn\u00e9es de vos donn\u00e9es personnelles. Nous avons adopt\u00e9 cette politique de confidentialit\u00e9, qui d\u00e9termine la mani\u00e8re dont nous traitons les informations collect\u00e9es par https:\/\/toyinfluence.com, qui fournit \u00e9galement les raisons pour lesquelles nous devons collecter certaines donn\u00e9es personnelles vous concernant. Par cons\u00e9quent, [&hellip;]\" \/>\n<meta property=\"og:url\" content=\"https:\/\/toyinfluence.com\/es\/politique-de-confidentialite\/\" \/>\n<meta property=\"og:site_name\" content=\"Toy Influence\" \/>\n<meta property=\"article:modified_time\" content=\"2022-05-03T21:39:35+00:00\" \/>\n<meta name=\"twitter:card\" content=\"summary_large_image\" \/>\n<meta name=\"twitter:label1\" content=\"Tiempo de lectura\" \/>\n\t<meta name=\"twitter:data1\" content=\"1 minuto\" \/>\n<script type=\"application\/ld+json\" class=\"yoast-schema-graph\">{\"@context\":\"https:\\\/\\\/schema.org\",\"@graph\":[{\"@type\":\"WebPage\",\"@id\":\"https:\\\/\\\/toyinfluence.com\\\/politique-de-confidentialite\\\/\",\"url\":\"https:\\\/\\\/toyinfluence.com\\\/politique-de-confidentialite\\\/\",\"name\":\"Politique de confidentialit\u00e9 - Toy Influence\",\"isPartOf\":{\"@id\":\"https:\\\/\\\/toyinfluence.com\\\/#website\"},\"datePublished\":\"2022-05-03T20:32:03+00:00\",\"dateModified\":\"2022-05-03T21:39:35+00:00\",\"breadcrumb\":{\"@id\":\"https:\\\/\\\/toyinfluence.com\\\/politique-de-confidentialite\\\/#breadcrumb\"},\"inLanguage\":\"es\",\"potentialAction\":[{\"@type\":\"ReadAction\",\"target\":[\"https:\\\/\\\/toyinfluence.com\\\/politique-de-confidentialite\\\/\"]}]},{\"@type\":\"BreadcrumbList\",\"@id\":\"https:\\\/\\\/toyinfluence.com\\\/politique-de-confidentialite\\\/#breadcrumb\",\"itemListElement\":[{\"@type\":\"ListItem\",\"position\":1,\"name\":\"Accueil\",\"item\":\"https:\\\/\\\/toyinfluence.com\\\/\"},{\"@type\":\"ListItem\",\"position\":2,\"name\":\"Politique de confidentialit\u00e9\"}]},{\"@type\":\"WebSite\",\"@id\":\"https:\\\/\\\/toyinfluence.com\\\/#website\",\"url\":\"https:\\\/\\\/toyinfluence.com\\\/\",\"name\":\"Toy Influence\",\"description\":\"\",\"potentialAction\":[{\"@type\":\"SearchAction\",\"target\":{\"@type\":\"EntryPoint\",\"urlTemplate\":\"https:\\\/\\\/toyinfluence.com\\\/?s={search_term_string}\"},\"query-input\":{\"@type\":\"PropertyValueSpecification\",\"valueRequired\":true,\"valueName\":\"search_term_string\"}}],\"inLanguage\":\"es\"}]}<\/script>\n<!-- \/ Yoast SEO plugin. -->","yoast_head_json":{"title":"Pol\u00edtica de privacidad - Toy Influence","robots":{"index":"index","follow":"follow","max-snippet":"max-snippet:-1","max-image-preview":"max-image-preview:large","max-video-preview":"max-video-preview:-1"},"canonical":"https:\/\/toyinfluence.com\/es\/politique-de-confidentialite\/","og_locale":"es_ES","og_type":"article","og_title":"Politique de confidentialit\u00e9 - Toy Influence","og_description":"Le site web https:\/\/toyinfluence.com est d\u00e9tenu par TOY INFLUENCE, qui est un contr\u00f4leur de donn\u00e9es de vos donn\u00e9es personnelles. Nous avons adopt\u00e9 cette politique de confidentialit\u00e9, qui d\u00e9termine la mani\u00e8re dont nous traitons les informations collect\u00e9es par https:\/\/toyinfluence.com, qui fournit \u00e9galement les raisons pour lesquelles nous devons collecter certaines donn\u00e9es personnelles vous concernant. Par cons\u00e9quent, [&hellip;]","og_url":"https:\/\/toyinfluence.com\/es\/politique-de-confidentialite\/","og_site_name":"Toy Influence","article_modified_time":"2022-05-03T21:39:35+00:00","twitter_card":"summary_large_image","twitter_misc":{"Tiempo de lectura":"1 minuto"},"schema":{"@context":"https:\/\/schema.org","@graph":[{"@type":"WebPage","@id":"https:\/\/toyinfluence.com\/politique-de-confidentialite\/","url":"https:\/\/toyinfluence.com\/politique-de-confidentialite\/","name":"Pol\u00edtica de privacidad - Toy Influence","isPartOf":{"@id":"https:\/\/toyinfluence.com\/#website"},"datePublished":"2022-05-03T20:32:03+00:00","dateModified":"2022-05-03T21:39:35+00:00","breadcrumb":{"@id":"https:\/\/toyinfluence.com\/politique-de-confidentialite\/#breadcrumb"},"inLanguage":"es","potentialAction":[{"@type":"ReadAction","target":["https:\/\/toyinfluence.com\/politique-de-confidentialite\/"]}]},{"@type":"BreadcrumbList","@id":"https:\/\/toyinfluence.com\/politique-de-confidentialite\/#breadcrumb","itemListElement":[{"@type":"ListItem","position":1,"name":"Accueil","item":"https:\/\/toyinfluence.com\/"},{"@type":"ListItem","position":2,"name":"Politique de confidentialit\u00e9"}]},{"@type":"WebSite","@id":"https:\/\/toyinfluence.com\/#website","url":"https:\/\/toyinfluence.com\/","name":"Influencia de los juguetes","description":"","potentialAction":[{"@type":"SearchAction","target":{"@type":"EntryPoint","urlTemplate":"https:\/\/toyinfluence.com\/?s={search_term_string}"},"query-input":{"@type":"PropertyValueSpecification","valueRequired":true,"valueName":"search_term_string"}}],"inLanguage":"es"}]}},"_links":{"self":[{"href":"https:\/\/toyinfluence.com\/es\/wp-json\/wp\/v2\/pages\/319","targetHints":{"allow":["GET"]}}],"collection":[{"href":"https:\/\/toyinfluence.com\/es\/wp-json\/wp\/v2\/pages"}],"about":[{"href":"https:\/\/toyinfluence.com\/es\/wp-json\/wp\/v2\/types\/page"}],"author":[{"embeddable":true,"href":"https:\/\/toyinfluence.com\/es\/wp-json\/wp\/v2\/users\/1"}],"replies":[{"embeddable":true,"href":"https:\/\/toyinfluence.com\/es\/wp-json\/wp\/v2\/comments?post=319"}],"version-history":[{"count":10,"href":"https:\/\/toyinfluence.com\/es\/wp-json\/wp\/v2\/pages\/319\/revisions"}],"predecessor-version":[{"id":356,"href":"https:\/\/toyinfluence.com\/es\/wp-json\/wp\/v2\/pages\/319\/revisions\/356"}],"wp:attachment":[{"href":"https:\/\/toyinfluence.com\/es\/wp-json\/wp\/v2\/media?parent=319"}],"wp:term":[{"taxonomy":"category","embeddable":true,"href":"https:\/\/toyinfluence.com\/es\/wp-json\/wp\/v2\/categories?post=319"}],"curies":[{"name":"wp","href":"https:\/\/api.w.org\/{rel}","templated":true}]}}