{"id":1365,"date":"2025-08-27T15:59:25","date_gmt":"2025-08-27T15:59:25","guid":{"rendered":"https:\/\/toyinfluence.com\/?page_id=1365"},"modified":"2025-08-27T15:59:25","modified_gmt":"2025-08-27T15:59:25","slug":"strategie-influence-jouet","status":"publish","type":"page","link":"https:\/\/toyinfluence.com\/es\/strategie-influence-jouet\/","title":{"rendered":"Estrategia de influencia para las marcas de juguetes"},"content":{"rendered":"<p>Desde hace varios a\u00f1os, ayudo a las marcas a construir sus <strong>estrategia toy influence<\/strong>. En <strong>Influencia de los juguetes<\/strong>Ayudo a mis clientes a identificar a las personas influyentes adecuadas, a construir una narrativa eficaz y a convertir estas campa\u00f1as en resultados tangibles. Mi objetivo es sencillo: ayudarte a impulsar tus ventas a trav\u00e9s de una comunicaci\u00f3n aut\u00e9ntica.<\/p>\n<h2>Por qu\u00e9 una estrategia de influencia es esencial en la industria del juguete<\/h2>\n<p>Los juguetes son un sector muy visual y emocional. Los ni\u00f1os quieren ver las novedades y los padres buscan seguridad. A <strong>estrategia toy influence<\/strong> puede satisfacer ambas expectativas. Los influyentes crean un v\u00ednculo directo con su comunidad y se convierten en embajadores cre\u00edbles.<\/p>\n<p>Adem\u00e1s, el marketing de influencers complementa las acciones de marketing tradicionales. Forma parte de un plan global que incluye publicidad, ferias y comunicaciones B2B.<\/p>\n<h2>Microinfluenciadores o macroinfluenciadores: \u00bfcu\u00e1l es la mejor opci\u00f3n para tu marca?<\/h2>\n<p>El \u00e9xito de un <strong>plan toy influence<\/strong> depende de la elecci\u00f3n de los socios adecuados. Los microinfluenciadores y los macroinfluenciadores no tienen el mismo papel.<\/p>\n<ul>\n<li><strong>Microinfluenciadores<\/strong> Comunidades m\u00e1s peque\u00f1as pero muy comprometidas, perfectas para crear v\u00ednculos estrechos.<\/li>\n<li><strong>Macroinfluenciadores<\/strong> Gran alcance y visibilidad, ideal para lanzamientos o campa\u00f1as a gran escala.<\/li>\n<\/ul>\n<p>A menudo aconsejo combinar ambos. De este modo, se consigue la autenticidad de los microinfluenciadores y el poder de difusi\u00f3n de los macroinfluenciadores.<\/p>\n<h2>La importancia de contar historias con juguetes<\/h2>\n<p>Los juguetes no se venden s\u00f3lo por sus caracter\u00edsticas t\u00e9cnicas. Tambi\u00e9n se venden por la historia que cuentan. Aqu\u00ed es donde la narraci\u00f3n desempe\u00f1a un papel fundamental. Si construyes una narrativa en torno a tus productos, suscitar\u00e1s emociones y apoyo. Las personas influyentes se convierten entonces en los vectores de esta narraci\u00f3n.<\/p>\n<p>Trabajo con mis clientes para definir una narrativa coherente: el origen del producto, los valores educativos, la dimensi\u00f3n l\u00fadica. Esta narrativa, transmitida por los creadores de contenidos, amplifica el impacto de las campa\u00f1as.<\/p>\n<h2>Las plataformas clave para una estrategia de influencia<\/h2>\n<p>Tres redes dominan actualmente el<strong>influencia del marketing de juguetes<\/strong> :<\/p>\n<ul>\n<li><strong>TikTok<\/strong> ideal para v\u00eddeos virales y juguetes de moda.<\/li>\n<li><strong>YouTube<\/strong> perfecto para demostraciones familiares y pruebas de productos.<\/li>\n<li><strong>Instagram<\/strong> El nuevo concepto \"Soy padre\": eficaz para la promoci\u00f3n visual y la colaboraci\u00f3n con los padres.<\/li>\n<\/ul>\n<p>Cada plataforma tiene sus caracter\u00edsticas espec\u00edficas. En consecuencia, construyo campa\u00f1as adaptadas a los c\u00f3digos de cada una. Este enfoque maximiza el alcance y la eficacia.<\/p>\n<h2>Elaborar un plan de influencia eficaz<\/h2>\n<p>A <strong>plan toy influence<\/strong> se construye en varias etapas:<\/p>\n<ul>\n<li>Defina sus objetivos (visibilidad, notoriedad, ventas)<\/li>\n<li>Identifique a sus destinatarios (ni\u00f1os, padres, distribuidores)<\/li>\n<li>Seleccionar a las personas influyentes adecuadas<\/li>\n<li>Desarrollar la narrativa adecuada<\/li>\n<li>Lanzamiento de la campa\u00f1a con seguimiento peri\u00f3dico<\/li>\n<li>Mida los resultados y aj\u00fastelos si es necesario<\/li>\n<\/ul>\n<p>Estar\u00e9 con usted en todo momento. Mi funci\u00f3n es garantizar la coherencia y eficacia de su estrategia.<\/p>\n<h2>Casos de \u00e9xito<\/h2>\n<p>Ya he ayudado a varias marcas a poner en marcha su estrategia de influencers. He aqu\u00ed algunos ejemplos:<\/p>\n<ul>\n<li>Una campa\u00f1a en Instagram con microinfluencers padres gener\u00f3 un fuerte aumento de la notoriedad.<\/li>\n<li>Un reto de TikTok ha ayudado a una marca de juegos de mesa a alcanzar varios millones de visitas.<\/li>\n<li>Los v\u00eddeos de YouTube realizados por familias han disparado las ventas de un innovador juguete educativo.<\/li>\n<\/ul>\n<p>Estos casos demuestran que un <strong>estrategia toy influence<\/strong> puede generar un retorno de la inversi\u00f3n r\u00e1pido y duradero.<\/p>\n<h2>El papel de la reglamentaci\u00f3n<\/h2>\n<p>Toda campa\u00f1a de influencia debe respetar un marco jur\u00eddico. Las asociaciones deben estar claramente identificadas. Adem\u00e1s, los contenidos dirigidos a los ni\u00f1os deben ser apropiados y seguros. Me aseguro de que mis clientes respeten las recomendaciones de <a href=\"https:\/\/www.service-public.fr\/particuliers\/actualites\/A15673\" target=\"_blank\" rel=\"noopener\">Servicio P\u00fablico<\/a> y las normas vigentes en cada pa\u00eds.<\/p>\n<p>Esta vigilancia protege a la marca, a las personas influyentes y, sobre todo, a los consumidores.<\/p>\n<h2>Por qu\u00e9 confiarme tu estrategia de influencers<\/h2>\n<p>Con m\u00e1s de veinticinco a\u00f1os de experiencia en el sector del juguete, conozco los c\u00f3digos del mercado. He trabajado con marcas locales e internacionales en diversas campa\u00f1as. Adem\u00e1s, hablo cinco idiomas: franc\u00e9s, ingl\u00e9s, espa\u00f1ol, italiano y alem\u00e1n. Esto me permite gestionar proyectos de influencia a escala europea.<\/p>\n<p>Mi apoyo va m\u00e1s all\u00e1 del asesoramiento. Tambi\u00e9n le ayudo a poner en pr\u00e1ctica sus <strong>plan toy influence<\/strong> y medir los resultados. As\u00ed podr\u00e1 estar seguro de un seguimiento concreto y eficaz.<\/p>\n<h2>Conclusi\u00f3n: construyamos juntos su estrategia de influencia<\/h2>\n<p>La influencia se ha convertido en una palanca esencial en la industria del juguete. Para tener \u00e9xito, se necesita una estrategia clara, la narrativa adecuada y las alianzas apropiadas. Mi papel es guiarle en cada paso del camino y convertir sus campa\u00f1as en \u00e9xitos.<\/p>\n<p><strong>\ud83d\udc49 Ponte en contacto conmigo hoy en <a href=\"tel:+33648940205\">06 48 94 02 05<\/a> o a trav\u00e9s de mi <a href=\"https:\/\/toyinfluence.com\/es\/contact\/\">formulario de contacto<\/a>. Hablo franc\u00e9s, ingl\u00e9s, espa\u00f1ol, italiano y alem\u00e1n y estar\u00e9 encantada de hablar con usted.<\/strong><\/p>","protected":false},"excerpt":{"rendered":"<p>Depuis plusieurs ann\u00e9es, j\u2019accompagne des marques dans la construction de leur strat\u00e9gie influence jouet. Avec Toy Influence, j\u2019aide mes clients \u00e0 identifier les bons influenceurs, \u00e0 b\u00e2tir un storytelling efficace et \u00e0 transformer ces campagnes en r\u00e9sultats concrets. Mon objectif est simple : vous permettre de booster vos ventes gr\u00e2ce \u00e0 une communication authentique. Pourquoi [&hellip;]<\/p>\n","protected":false},"author":1,"featured_media":0,"parent":0,"menu_order":0,"comment_status":"closed","ping_status":"closed","template":"","meta":{"footnotes":""},"categories":[9],"class_list":["post-1365","page","type-page","status-publish","hentry","category-satellite-seo"],"yoast_head":"<!-- This site is optimized with the Yoast SEO plugin v27.4 - https:\/\/yoast.com\/product\/yoast-seo-wordpress\/ -->\n<title>Strat\u00e9gie influence jouet | Micro et macro-influenceurs<\/title>\n<meta name=\"description\" content=\"D\u00e9couvrez ma strat\u00e9gie influence jouet : choix des bons influenceurs, storytelling et plan d\u2019action pour booster vos ventes.\" \/>\n<meta name=\"robots\" content=\"index, follow, max-snippet:-1, max-image-preview:large, max-video-preview:-1\" \/>\n<link rel=\"canonical\" href=\"https:\/\/toyinfluence.com\/es\/strategie-influence-jouet\/\" \/>\n<meta property=\"og:locale\" content=\"es_ES\" \/>\n<meta property=\"og:type\" content=\"article\" \/>\n<meta property=\"og:title\" content=\"Strat\u00e9gie influence jouet | Micro et macro-influenceurs\" \/>\n<meta property=\"og:description\" content=\"D\u00e9couvrez ma strat\u00e9gie influence jouet : choix des bons influenceurs, storytelling et plan d\u2019action pour booster vos ventes.\" \/>\n<meta property=\"og:url\" content=\"https:\/\/toyinfluence.com\/es\/strategie-influence-jouet\/\" \/>\n<meta property=\"og:site_name\" content=\"Toy Influence\" \/>\n<meta name=\"twitter:card\" content=\"summary_large_image\" \/>\n<meta name=\"twitter:label1\" content=\"Tiempo de lectura\" \/>\n\t<meta name=\"twitter:data1\" content=\"4 minutos\" \/>\n<script type=\"application\/ld+json\" class=\"yoast-schema-graph\">{\"@context\":\"https:\\\/\\\/schema.org\",\"@graph\":[{\"@type\":\"WebPage\",\"@id\":\"https:\\\/\\\/toyinfluence.com\\\/strategie-influence-jouet\\\/\",\"url\":\"https:\\\/\\\/toyinfluence.com\\\/strategie-influence-jouet\\\/\",\"name\":\"Strat\u00e9gie influence jouet | Micro et macro-influenceurs\",\"isPartOf\":{\"@id\":\"https:\\\/\\\/toyinfluence.com\\\/#website\"},\"datePublished\":\"2025-08-27T15:59:25+00:00\",\"description\":\"D\u00e9couvrez ma strat\u00e9gie influence jouet : choix des bons influenceurs, storytelling et plan d\u2019action pour booster vos ventes.\",\"breadcrumb\":{\"@id\":\"https:\\\/\\\/toyinfluence.com\\\/strategie-influence-jouet\\\/#breadcrumb\"},\"inLanguage\":\"es\",\"potentialAction\":[{\"@type\":\"ReadAction\",\"target\":[\"https:\\\/\\\/toyinfluence.com\\\/strategie-influence-jouet\\\/\"]}]},{\"@type\":\"BreadcrumbList\",\"@id\":\"https:\\\/\\\/toyinfluence.com\\\/strategie-influence-jouet\\\/#breadcrumb\",\"itemListElement\":[{\"@type\":\"ListItem\",\"position\":1,\"name\":\"Accueil\",\"item\":\"https:\\\/\\\/toyinfluence.com\\\/\"},{\"@type\":\"ListItem\",\"position\":2,\"name\":\"Strat\u00e9gie d\u2019influence pour les marques de jouets\"}]},{\"@type\":\"WebSite\",\"@id\":\"https:\\\/\\\/toyinfluence.com\\\/#website\",\"url\":\"https:\\\/\\\/toyinfluence.com\\\/\",\"name\":\"Toy Influence\",\"description\":\"\",\"potentialAction\":[{\"@type\":\"SearchAction\",\"target\":{\"@type\":\"EntryPoint\",\"urlTemplate\":\"https:\\\/\\\/toyinfluence.com\\\/?s={search_term_string}\"},\"query-input\":{\"@type\":\"PropertyValueSpecification\",\"valueRequired\":true,\"valueName\":\"search_term_string\"}}],\"inLanguage\":\"es\"}]}<\/script>\n<!-- \/ Yoast SEO plugin. -->","yoast_head_json":{"title":"Strat\u00e9gie influence jouet | Micro et macro-influenceurs","description":"D\u00e9couvrez ma strat\u00e9gie influence jouet : choix des bons influenceurs, storytelling et plan d\u2019action pour booster vos ventes.","robots":{"index":"index","follow":"follow","max-snippet":"max-snippet:-1","max-image-preview":"max-image-preview:large","max-video-preview":"max-video-preview:-1"},"canonical":"https:\/\/toyinfluence.com\/es\/strategie-influence-jouet\/","og_locale":"es_ES","og_type":"article","og_title":"Strat\u00e9gie influence jouet | Micro et macro-influenceurs","og_description":"D\u00e9couvrez ma strat\u00e9gie influence jouet : choix des bons influenceurs, storytelling et plan d\u2019action pour booster vos ventes.","og_url":"https:\/\/toyinfluence.com\/es\/strategie-influence-jouet\/","og_site_name":"Toy Influence","twitter_card":"summary_large_image","twitter_misc":{"Tiempo de lectura":"4 minutos"},"schema":{"@context":"https:\/\/schema.org","@graph":[{"@type":"WebPage","@id":"https:\/\/toyinfluence.com\/strategie-influence-jouet\/","url":"https:\/\/toyinfluence.com\/strategie-influence-jouet\/","name":"Strat\u00e9gie influence jouet | Micro et macro-influenceurs","isPartOf":{"@id":"https:\/\/toyinfluence.com\/#website"},"datePublished":"2025-08-27T15:59:25+00:00","description":"D\u00e9couvrez ma strat\u00e9gie influence jouet : choix des bons influenceurs, storytelling et plan d\u2019action pour booster vos ventes.","breadcrumb":{"@id":"https:\/\/toyinfluence.com\/strategie-influence-jouet\/#breadcrumb"},"inLanguage":"es","potentialAction":[{"@type":"ReadAction","target":["https:\/\/toyinfluence.com\/strategie-influence-jouet\/"]}]},{"@type":"BreadcrumbList","@id":"https:\/\/toyinfluence.com\/strategie-influence-jouet\/#breadcrumb","itemListElement":[{"@type":"ListItem","position":1,"name":"Accueil","item":"https:\/\/toyinfluence.com\/"},{"@type":"ListItem","position":2,"name":"Strat\u00e9gie d\u2019influence pour les marques de jouets"}]},{"@type":"WebSite","@id":"https:\/\/toyinfluence.com\/#website","url":"https:\/\/toyinfluence.com\/","name":"Influencia de los juguetes","description":"","potentialAction":[{"@type":"SearchAction","target":{"@type":"EntryPoint","urlTemplate":"https:\/\/toyinfluence.com\/?s={search_term_string}"},"query-input":{"@type":"PropertyValueSpecification","valueRequired":true,"valueName":"search_term_string"}}],"inLanguage":"es"}]}},"_links":{"self":[{"href":"https:\/\/toyinfluence.com\/es\/wp-json\/wp\/v2\/pages\/1365","targetHints":{"allow":["GET"]}}],"collection":[{"href":"https:\/\/toyinfluence.com\/es\/wp-json\/wp\/v2\/pages"}],"about":[{"href":"https:\/\/toyinfluence.com\/es\/wp-json\/wp\/v2\/types\/page"}],"author":[{"embeddable":true,"href":"https:\/\/toyinfluence.com\/es\/wp-json\/wp\/v2\/users\/1"}],"replies":[{"embeddable":true,"href":"https:\/\/toyinfluence.com\/es\/wp-json\/wp\/v2\/comments?post=1365"}],"version-history":[{"count":1,"href":"https:\/\/toyinfluence.com\/es\/wp-json\/wp\/v2\/pages\/1365\/revisions"}],"predecessor-version":[{"id":1366,"href":"https:\/\/toyinfluence.com\/es\/wp-json\/wp\/v2\/pages\/1365\/revisions\/1366"}],"wp:attachment":[{"href":"https:\/\/toyinfluence.com\/es\/wp-json\/wp\/v2\/media?parent=1365"}],"wp:term":[{"taxonomy":"category","embeddable":true,"href":"https:\/\/toyinfluence.com\/es\/wp-json\/wp\/v2\/categories?post=1365"}],"curies":[{"name":"wp","href":"https:\/\/api.w.org\/{rel}","templated":true}]}}