{"id":1363,"date":"2025-08-27T15:57:50","date_gmt":"2025-08-27T15:57:50","guid":{"rendered":"https:\/\/toyinfluence.com\/?page_id=1363"},"modified":"2025-08-27T15:57:50","modified_gmt":"2025-08-27T15:57:50","slug":"influence-marketing-jouet","status":"publish","type":"page","link":"https:\/\/toyinfluence.com\/es\/influence-marketing-jouet\/","title":{"rendered":"Marketing de influencia en el sector del juguete"},"content":{"rendered":"<p>Llevo varios a\u00f1os observando el creciente impacto de las redes sociales en el mercado del juguete. L'<strong>influencia del marketing de juguetes<\/strong> se ha convertido en una palanca esencial para impulsar las ventas y dar a conocer la marca. Con <strong>Influencia de los juguetes<\/strong>Ayudo a las empresas a desarrollar campa\u00f1as de alto rendimiento en TikTok, YouTube e Instagram.<\/p>\n<h2>Por qu\u00e9 el marketing de influencers es esencial en la industria del juguete<\/h2>\n<p>El sector del juguete se caracteriza por sus m\u00faltiples grupos destinatarios. Los ni\u00f1os son los usuarios finales, pero los padres siguen siendo quienes toman las decisiones de compra. L'<strong>influencia del marketing de juguetes<\/strong> permite llegar a ambos p\u00fablicos. Los creadores de contenidos inspiran a los ni\u00f1os y tranquilizan a los padres. Como resultado, una campa\u00f1a bien ejecutada puede generar resultados inmediatos.<\/p>\n<p>Adem\u00e1s, las comunidades desempe\u00f1an un papel fundamental. Las familias conf\u00edan en las personas influyentes a las que siguen regularmente. Como resultado, las recomendaciones se convierten en potentes desencadenantes de compra.<\/p>\n<h2>Las plataformas clave para las campa\u00f1as<\/h2>\n<p>Tres plataformas dominan actualmente el<strong>influencia del marketing de juguetes<\/strong> :<\/p>\n<ul>\n<li><strong>TikTok<\/strong> la red preferida de los m\u00e1s j\u00f3venes, ideal para lanzar juguetes de moda<\/li>\n<li><strong>YouTube<\/strong> Una plataforma clave para pruebas de productos, tutoriales y v\u00eddeos divertidos<\/li>\n<li><strong>Instagram<\/strong> una poderosa herramienta para construir una imagen de marca y crear campa\u00f1as visuales<\/li>\n<\/ul>\n<p>Cada una de estas plataformas desempe\u00f1a un papel complementario. Combin\u00e1ndolas, una marca puede llegar a distintos p\u00fablicos y reforzar su impacto global.<\/p>\n<h2>Ejemplos concretos de campa\u00f1as de \u00e9xito<\/h2>\n<p>A lo largo de mi carrera, he trabajado con varias marcas en sus campa\u00f1as con influencers. He aqu\u00ed algunos ejemplos:<\/p>\n<ul>\n<li>Una marca de juguetes educativos ha trabajado con padres influyentes en Instagram. El resultado: un fuerte aumento de la notoriedad de la marca y de las ventas.<\/li>\n<li>Una campa\u00f1a de TikTok con retos basados en un juego de mesa gener\u00f3 millones de visitas en pocos d\u00edas.<\/li>\n<li>Los v\u00eddeos de YouTube de pruebas de productos realizadas por familias han convencido a muchos compradores indecisos.<\/li>\n<\/ul>\n<p>Estos ejemplos demuestran que<strong>influencia del marketing de juguetes<\/strong> puede adaptarse a todas las gamas y presupuestos.<\/p>\n<h2>C\u00f3mo crear una campa\u00f1a eficaz con influencers<\/h2>\n<p>El \u00e9xito de una campa\u00f1a se basa en varias etapas:<\/p>\n<ul>\n<li>Identifique a las personas influyentes adecuadas para su p\u00fablico objetivo<\/li>\n<li>Definir un mensaje claro y adaptado a la plataforma<\/li>\n<li>Establecer un sistema de seguimiento preciso para medir los resultados<\/li>\n<li>Integrar la influencia en una estrategia de marketing global<\/li>\n<\/ul>\n<p>Siempre aconsejo trabajar a lo largo del tiempo con creadores de contenidos relevantes. De este modo, la relaci\u00f3n se hace m\u00e1s aut\u00e9ntica y crece la confianza del consumidor.<\/p>\n<h2>Las ventajas de influir en el marketing de juguetes<\/h2>\n<p>Las ventajas son numerosas. En primer lugar, la influencia permite reaccionar con rapidez. Un v\u00eddeo viral puede generar ventas inmediatas. En segundo lugar, ofrece un contenido rico que las marcas pueden reutilizar. Por \u00faltimo, crea una estrecha relaci\u00f3n con el consumidor. Combinando las comunicaciones con influencers y B2B, las marcas pueden reforzar su credibilidad ante los minoristas.<\/p>\n<h2>El papel de la reglamentaci\u00f3n<\/h2>\n<p>L'<strong>influencia del marketing de juguetes<\/strong> deben cumplir unas normas claras. Las asociaciones deben ser transparentes y divulgarse. Adem\u00e1s, los contenidos dirigidos a los ni\u00f1os requieren una vigilancia especial. Me baso en las recomendaciones de <a href=\"https:\/\/www.service-public.fr\/particuliers\/actualites\/A15673\" target=\"_blank\" rel=\"noopener\">Servicio P\u00fablico<\/a> para asegurar las campa\u00f1as de mis clientes.<\/p>\n<p>Esta atenci\u00f3n al cumplimiento de las normas protege a las marcas y aumenta la confianza de los consumidores.<\/p>\n<h2>Mi apoyo al marketing de influencia<\/h2>\n<p>Con <strong>Influencia de los juguetes<\/strong>Ofrezco un apoyo integral. Empiezo con una auditor\u00eda de sus necesidades y de su p\u00fablico objetivo. Despu\u00e9s selecciono a los influencers m\u00e1s adecuados y desarrollo la campa\u00f1a. Por \u00faltimo, controlo y analizo los resultados. Este enfoque le permite optimizar sus presupuestos y obtener un rendimiento medible de su inversi\u00f3n.<\/p>\n<p>Adem\u00e1s, hablo cinco idiomas: franc\u00e9s, ingl\u00e9s, espa\u00f1ol, italiano y alem\u00e1n. Esto me permite gestionar campa\u00f1as internacionales y negociar directamente con personas influyentes europeas.<\/p>\n<h2>Caso pr\u00e1ctico: lanzamiento de un producto a trav\u00e9s de TikTok<\/h2>\n<p>Trabaj\u00e9 con una marca que lanzaba un juguete innovador para preadolescentes. Creamos un divertido reto de TikTok en torno al producto. El resultado: m\u00e1s de tres millones de visitas y un aumento de las ventas cinco veces superior en solo un mes. Este ejemplo ilustra perfectamente el poder del marketing de influencers.<\/p>\n<h2>Conclusi\u00f3n: impulse sus ventas a trav\u00e9s de la influencia<\/h2>\n<p>L'<strong>influencia del marketing de juguetes<\/strong> es ahora imprescindible. Es una forma de aumentar la notoriedad, generar confianza y estimular las ventas. Gracias a mi experiencia y a mi red de contactos, puedo ayudarle a crear campa\u00f1as eficaces y adaptadas a sus objetivos.<\/p>\n<p><strong>\ud83d\udc49 Ponte en contacto conmigo ahora en <a href=\"tel:+33648940205\">06 48 94 02 05<\/a> o a trav\u00e9s de mi <a href=\"https:\/\/toyinfluence.com\/es\/contact\/\">formulario de contacto<\/a>. Puedo comunicarme en franc\u00e9s, ingl\u00e9s, espa\u00f1ol, italiano o alem\u00e1n.<\/strong><\/p>","protected":false},"excerpt":{"rendered":"<p>Depuis plusieurs ann\u00e9es, j\u2019observe l\u2019impact grandissant des r\u00e9seaux sociaux sur le march\u00e9 du jouet. L\u2019influence marketing jouet est devenue un levier essentiel pour booster les ventes et accro\u00eetre la notori\u00e9t\u00e9 des marques. Avec Toy Influence, j\u2019accompagne les entreprises qui souhaitent d\u00e9velopper des campagnes performantes sur TikTok, YouTube et Instagram. Pourquoi l\u2019influence marketing est essentielle dans [&hellip;]<\/p>\n","protected":false},"author":1,"featured_media":0,"parent":0,"menu_order":0,"comment_status":"closed","ping_status":"closed","template":"","meta":{"footnotes":""},"categories":[9],"class_list":["post-1363","page","type-page","status-publish","hentry","category-satellite-seo"],"yoast_head":"<!-- This site is optimized with the Yoast SEO plugin v27.4 - https:\/\/yoast.com\/product\/yoast-seo-wordpress\/ -->\n<title>Influence marketing jouet | Campagnes et exemples<\/title>\n<meta name=\"description\" content=\"D\u00e9couvrez comment r\u00e9ussir une campagne d\u2019influence marketing jouet. Analyse des cas concrets et importance de TikTok, YouTube et Instagram.\" \/>\n<meta name=\"robots\" content=\"index, follow, max-snippet:-1, max-image-preview:large, max-video-preview:-1\" \/>\n<link rel=\"canonical\" href=\"https:\/\/toyinfluence.com\/es\/influence-marketing-jouet\/\" \/>\n<meta property=\"og:locale\" content=\"es_ES\" \/>\n<meta property=\"og:type\" content=\"article\" \/>\n<meta property=\"og:title\" content=\"Influence marketing jouet | Campagnes et exemples\" \/>\n<meta property=\"og:description\" content=\"D\u00e9couvrez comment r\u00e9ussir une campagne d\u2019influence marketing jouet. Analyse des cas concrets et importance de TikTok, YouTube et Instagram.\" \/>\n<meta property=\"og:url\" content=\"https:\/\/toyinfluence.com\/es\/influence-marketing-jouet\/\" \/>\n<meta property=\"og:site_name\" content=\"Toy Influence\" \/>\n<meta name=\"twitter:card\" content=\"summary_large_image\" \/>\n<meta name=\"twitter:label1\" content=\"Tiempo de lectura\" \/>\n\t<meta name=\"twitter:data1\" content=\"4 minutos\" \/>\n<script type=\"application\/ld+json\" class=\"yoast-schema-graph\">{\"@context\":\"https:\\\/\\\/schema.org\",\"@graph\":[{\"@type\":\"WebPage\",\"@id\":\"https:\\\/\\\/toyinfluence.com\\\/influence-marketing-jouet\\\/\",\"url\":\"https:\\\/\\\/toyinfluence.com\\\/influence-marketing-jouet\\\/\",\"name\":\"Influence marketing jouet | Campagnes et exemples\",\"isPartOf\":{\"@id\":\"https:\\\/\\\/toyinfluence.com\\\/#website\"},\"datePublished\":\"2025-08-27T15:57:50+00:00\",\"description\":\"D\u00e9couvrez comment r\u00e9ussir une campagne d\u2019influence marketing jouet. Analyse des cas concrets et importance de TikTok, YouTube et Instagram.\",\"breadcrumb\":{\"@id\":\"https:\\\/\\\/toyinfluence.com\\\/influence-marketing-jouet\\\/#breadcrumb\"},\"inLanguage\":\"es\",\"potentialAction\":[{\"@type\":\"ReadAction\",\"target\":[\"https:\\\/\\\/toyinfluence.com\\\/influence-marketing-jouet\\\/\"]}]},{\"@type\":\"BreadcrumbList\",\"@id\":\"https:\\\/\\\/toyinfluence.com\\\/influence-marketing-jouet\\\/#breadcrumb\",\"itemListElement\":[{\"@type\":\"ListItem\",\"position\":1,\"name\":\"Accueil\",\"item\":\"https:\\\/\\\/toyinfluence.com\\\/\"},{\"@type\":\"ListItem\",\"position\":2,\"name\":\"Influence marketing dans le secteur du jouet\"}]},{\"@type\":\"WebSite\",\"@id\":\"https:\\\/\\\/toyinfluence.com\\\/#website\",\"url\":\"https:\\\/\\\/toyinfluence.com\\\/\",\"name\":\"Toy Influence\",\"description\":\"\",\"potentialAction\":[{\"@type\":\"SearchAction\",\"target\":{\"@type\":\"EntryPoint\",\"urlTemplate\":\"https:\\\/\\\/toyinfluence.com\\\/?s={search_term_string}\"},\"query-input\":{\"@type\":\"PropertyValueSpecification\",\"valueRequired\":true,\"valueName\":\"search_term_string\"}}],\"inLanguage\":\"es\"}]}<\/script>\n<!-- \/ Yoast SEO plugin. -->","yoast_head_json":{"title":"Influence marketing jouet | Campagnes et exemples","description":"D\u00e9couvrez comment r\u00e9ussir une campagne d\u2019influence marketing jouet. Analyse des cas concrets et importance de TikTok, YouTube et Instagram.","robots":{"index":"index","follow":"follow","max-snippet":"max-snippet:-1","max-image-preview":"max-image-preview:large","max-video-preview":"max-video-preview:-1"},"canonical":"https:\/\/toyinfluence.com\/es\/influence-marketing-jouet\/","og_locale":"es_ES","og_type":"article","og_title":"Influence marketing jouet | Campagnes et exemples","og_description":"D\u00e9couvrez comment r\u00e9ussir une campagne d\u2019influence marketing jouet. Analyse des cas concrets et importance de TikTok, YouTube et Instagram.","og_url":"https:\/\/toyinfluence.com\/es\/influence-marketing-jouet\/","og_site_name":"Toy Influence","twitter_card":"summary_large_image","twitter_misc":{"Tiempo de lectura":"4 minutos"},"schema":{"@context":"https:\/\/schema.org","@graph":[{"@type":"WebPage","@id":"https:\/\/toyinfluence.com\/influence-marketing-jouet\/","url":"https:\/\/toyinfluence.com\/influence-marketing-jouet\/","name":"Influence marketing jouet | Campagnes et exemples","isPartOf":{"@id":"https:\/\/toyinfluence.com\/#website"},"datePublished":"2025-08-27T15:57:50+00:00","description":"D\u00e9couvrez comment r\u00e9ussir une campagne d\u2019influence marketing jouet. Analyse des cas concrets et importance de TikTok, YouTube et Instagram.","breadcrumb":{"@id":"https:\/\/toyinfluence.com\/influence-marketing-jouet\/#breadcrumb"},"inLanguage":"es","potentialAction":[{"@type":"ReadAction","target":["https:\/\/toyinfluence.com\/influence-marketing-jouet\/"]}]},{"@type":"BreadcrumbList","@id":"https:\/\/toyinfluence.com\/influence-marketing-jouet\/#breadcrumb","itemListElement":[{"@type":"ListItem","position":1,"name":"Accueil","item":"https:\/\/toyinfluence.com\/"},{"@type":"ListItem","position":2,"name":"Influence marketing dans le secteur du jouet"}]},{"@type":"WebSite","@id":"https:\/\/toyinfluence.com\/#website","url":"https:\/\/toyinfluence.com\/","name":"Influencia de los juguetes","description":"","potentialAction":[{"@type":"SearchAction","target":{"@type":"EntryPoint","urlTemplate":"https:\/\/toyinfluence.com\/?s={search_term_string}"},"query-input":{"@type":"PropertyValueSpecification","valueRequired":true,"valueName":"search_term_string"}}],"inLanguage":"es"}]}},"_links":{"self":[{"href":"https:\/\/toyinfluence.com\/es\/wp-json\/wp\/v2\/pages\/1363","targetHints":{"allow":["GET"]}}],"collection":[{"href":"https:\/\/toyinfluence.com\/es\/wp-json\/wp\/v2\/pages"}],"about":[{"href":"https:\/\/toyinfluence.com\/es\/wp-json\/wp\/v2\/types\/page"}],"author":[{"embeddable":true,"href":"https:\/\/toyinfluence.com\/es\/wp-json\/wp\/v2\/users\/1"}],"replies":[{"embeddable":true,"href":"https:\/\/toyinfluence.com\/es\/wp-json\/wp\/v2\/comments?post=1363"}],"version-history":[{"count":1,"href":"https:\/\/toyinfluence.com\/es\/wp-json\/wp\/v2\/pages\/1363\/revisions"}],"predecessor-version":[{"id":1364,"href":"https:\/\/toyinfluence.com\/es\/wp-json\/wp\/v2\/pages\/1363\/revisions\/1364"}],"wp:attachment":[{"href":"https:\/\/toyinfluence.com\/es\/wp-json\/wp\/v2\/media?parent=1363"}],"wp:term":[{"taxonomy":"category","embeddable":true,"href":"https:\/\/toyinfluence.com\/es\/wp-json\/wp\/v2\/categories?post=1363"}],"curies":[{"name":"wp","href":"https:\/\/api.w.org\/{rel}","templated":true}]}}