{"id":1347,"date":"2025-08-27T15:07:08","date_gmt":"2025-08-27T15:07:08","guid":{"rendered":"https:\/\/toyinfluence.com\/?page_id=1347"},"modified":"2025-08-27T15:07:08","modified_gmt":"2025-08-27T15:07:08","slug":"expert-marche-jouet-europe","status":"publish","type":"page","link":"https:\/\/toyinfluence.com\/es\/expert-marche-jouet-europe\/","title":{"rendered":"Expertos en el mercado europeo del juguete"},"content":{"rendered":"<p>Desde el comienzo de mi carrera, he tenido la suerte de viajar a m\u00e1s de 55 pa\u00edses y trabajar con empresas l\u00edderes del sector del juguete. Estas experiencias me han permitido convertirme en un verdadero <strong>experto en el mercado del juguete<\/strong>. Hoy, con <strong>Influencia de los juguetes<\/strong>Pongo esta experiencia internacional al servicio de las marcas que quieren establecerse y expandirse en Europa.<\/p>\n<h2>\u00bfPor qu\u00e9 recurrir a un experto en el mercado europeo del juguete?<\/h2>\n<p>Europa es uno de los mercados m\u00e1s atractivos para los juguetes, pero tambi\u00e9n uno de los m\u00e1s exigentes. Cada pa\u00eds tiene sus particularidades: la cultura, los canales de distribuci\u00f3n y las pautas de compra difieren mucho entre Francia, Alemania, Italia y Espa\u00f1a. Para tener \u00e9xito, hay que entender estas diferencias. Trabajando con un <strong>Especialista europeo en juguetes<\/strong>Ahorrar\u00e1 tiempo y evitar\u00e1 costosos errores.<\/p>\n<p>Como <strong>consultor internacional de juguetes<\/strong>Ayudo a mis clientes a analizar las oportunidades, elaborar su plan de negocio y elegir a los socios locales adecuados. De este modo, se benefician de una estrategia adaptada y realista.<\/p>\n<h2>Mi experiencia internacional<\/h2>\n<p>Mi trayectoria profesional me ha permitido trabajar para empresas de renombre. En <strong>Smoby\/Berchet<\/strong>Me encargaba de las exportaciones mundiales fuera de nuestras filiales de Europa Occidental. Desarrollamos nuevos mercados en Europa del Este, Oriente Medio y Norteam\u00e9rica. En cuatro a\u00f1os, hemos logrado un crecimiento de +62 % en las ventas de exportaci\u00f3n.<\/p>\n<p>M\u00e1s tarde, reforc\u00e9 la presencia de <strong>NUK-TIGEX<\/strong> en mercados estrat\u00e9gicos como Italia y el Reino Unido. Con <strong>Juguetes BERG<\/strong>Abr\u00ed varias cuentas en Francia y Europa, convirtiendo la marca en un actor clave en el mercado de los karts de pedales. Por \u00faltimo, como Director Europeo de <strong>smarTrike<\/strong>Dirig\u00ed un equipo local de diez personas y gener\u00e9 unas ventas de 12 millones de euros en 2020.<\/p>\n<h2>Caracter\u00edsticas espec\u00edficas del mercado europeo del juguete<\/h2>\n<p>El mercado europeo del juguete mueve varias decenas de miles de millones de euros al a\u00f1o. Seg\u00fan la <a href=\"https:\/\/www.fjp.fr\/\" target=\"_blank\" rel=\"noopener\">Federaci\u00f3n Francesa de Industrias del Juguete y la Puericultura<\/a>Francia es uno de los pa\u00edses m\u00e1s din\u00e1micos. Sin embargo, Alemania y el Reino Unido tambi\u00e9n desempe\u00f1an un papel importante.<\/p>\n<p>El comportamiento de compra var\u00eda. En Alemania, los consumidores buscan sobre todo calidad y durabilidad. En Espa\u00f1a, los aspectos festivos y l\u00fadicos son m\u00e1s importantes. Adem\u00e1s, Italia sigue siendo un mercado sensible a la tradici\u00f3n y el dise\u00f1o. As\u00ed que una estrategia id\u00e9ntica para todos los pa\u00edses no funcionar\u00e1. Mi papel es ayudarle a adaptar su enfoque a cada mercado.<\/p>\n<h2>Apoyo pr\u00e1ctico y personalizado<\/h2>\n<p>Mi apoyo se basa en acciones concretas. Te ayudo a :<\/p>\n<ul>\n<li>Identificar a los distribuidores y socios locales m\u00e1s fiables<\/li>\n<li>Elaborar una estrategia de desarrollo adaptada a cada pa\u00eds<\/li>\n<li>Optimice su presencia en <a href=\"https:\/\/toyinfluence.com\/es\/salons\/\">ferias de juguetes<\/a> como Nuremberg o Deauville<\/li>\n<li>Mejore su comunicaci\u00f3n con compradores y distribuidores<\/li>\n<\/ul>\n<p>Tambi\u00e9n puedo representarle en reuniones estrat\u00e9gicas con compradores o distribuidores. As\u00ed ganar\u00e1 en eficacia y credibilidad.<\/p>\n<h2>Las ventajas de un asesor internacional de juguetes<\/h2>\n<p>Trabajar conmigo le ofrece tres ventajas principales. En primer lugar, m\u00e1s de 25 a\u00f1os de experiencia con resultados probados. En segundo lugar, una s\u00f3lida red que cubre todo el mercado europeo. En tercer lugar, la posibilidad de comunicarse sin barreras ling\u00fc\u00edsticas. Hablo cinco idiomas: franc\u00e9s, ingl\u00e9s, espa\u00f1ol, italiano y alem\u00e1n. Esto facilita las negociaciones y elimina muchos obst\u00e1culos.<\/p>\n<h2>\u00c9xitos en Europa<\/h2>\n<p>A lo largo de mi carrera he ayudado a varias marcas a establecerse en el mercado europeo:<\/p>\n<ul>\n<li>Con <strong>Juguetes BERG<\/strong>He logrado un crecimiento sostenido de 90 % en ocho a\u00f1os gracias a una estrategia clara.<\/li>\n<li>Para <strong>smarTrike<\/strong>Dise\u00f1\u00e9 un plan de expansi\u00f3n para Europa que nos permiti\u00f3 alcanzar unas ventas de 12 millones de euros en 2020.<\/li>\n<li>En <strong>NUK-TIGEX<\/strong>Consolid\u00e9 la presencia de la marca en Italia, Alemania y Europa del Este.<\/li>\n<\/ul>\n<p>Estos ejemplos demuestran el impacto tangible de una estrategia a medida y el apoyo de un <strong>experto en el mercado del juguete<\/strong>.<\/p>\n<h2>Tendencias actuales del juguete en Europa<\/h2>\n<p>El mercado evoluciona r\u00e1pidamente. Seg\u00fan <a href=\"https:\/\/www.toyassociation.org\/\" target=\"_blank\" rel=\"noopener\">La Asociaci\u00f3n del Juguete<\/a>Los juguetes conectados, educativos y ecorresponsables est\u00e1n experimentando un fuerte crecimiento. Adem\u00e1s, la tendencia hacia los \"kidults\" -adultos que compran juguetes para s\u00ed mismos- se est\u00e1 imponiendo en Europa Occidental. Estos consumidores buscan productos de calidad, a veces vinculados a la nostalgia o el coleccionismo.<\/p>\n<p>Estos avances confirman que la innovaci\u00f3n es esencial si queremos seguir siendo competitivos. Como <strong>Especialista europeo en juguetes<\/strong>Puedo ayudarle a integrar estas tendencias en su estrategia de desarrollo.<\/p>\n<h2>Mi visi\u00f3n del apoyo<\/h2>\n<p>Mi funci\u00f3n es ofrecerle una visi\u00f3n clara y pragm\u00e1tica. Combino datos de mercado, experiencia sobre el terreno y trabajo en red para guiarle hacia las mejores decisiones. Mi apoyo se desarrolla en varias etapas: diagn\u00f3stico, desarrollo de la estrategia, aplicaci\u00f3n y seguimiento. Por \u00faltimo, permanezco disponible para ajustar el plan de acci\u00f3n a medida que evoluciona el mercado.<\/p>\n<h2>Conclusi\u00f3n: trabajar juntos para desarrollar su marca en Europa<\/h2>\n<p>Si busca un <strong>experto en el mercado del juguete<\/strong> Estar\u00e9 encantada de poner mi experiencia y mi red de contactos a su servicio. Mi objetivo es ayudarle a establecerse con \u00e9xito en Europa, teniendo en cuenta las diferencias locales y las tendencias mundiales.<\/p>\n<p><strong>\ud83d\udc49 Ponte en contacto conmigo hoy en <a href=\"tel:+33648940205\">06 48 94 02 05<\/a> o a trav\u00e9s de mi <a href=\"https:\/\/toyinfluence.com\/es\/contact\/\">formulario de contacto<\/a>. Hablo franc\u00e9s, ingl\u00e9s, espa\u00f1ol, italiano y alem\u00e1n, y estar\u00e9 encantada de hablar con usted.<\/strong><\/p>","protected":false},"excerpt":{"rendered":"<p>Depuis le d\u00e9but de ma carri\u00e8re, j\u2019ai eu la chance de voyager dans plus de 55 pays et de collaborer avec des entreprises leaders de l\u2019industrie du jouet. Ces exp\u00e9riences m\u2019ont permis de devenir un v\u00e9ritable expert march\u00e9 jouet. Aujourd\u2019hui, avec Toy Influence, je mets cette expertise internationale au service des marques qui souhaitent s\u2019implanter [&hellip;]<\/p>\n","protected":false},"author":1,"featured_media":0,"parent":0,"menu_order":0,"comment_status":"closed","ping_status":"closed","template":"","meta":{"footnotes":""},"categories":[9],"class_list":["post-1347","page","type-page","status-publish","hentry","category-satellite-seo"],"yoast_head":"<!-- This site is optimized with the Yoast SEO plugin v27.4 - https:\/\/yoast.com\/product\/yoast-seo-wordpress\/ -->\n<title>Expert march\u00e9 jouet Europe | Consultant international<\/title>\n<meta name=\"description\" content=\"Expert march\u00e9 jouet avec 25 ans d\u2019exp\u00e9rience, j\u2019accompagne les marques pour r\u00e9ussir leur implantation en Europe gr\u00e2ce \u00e0 une expertise...\" \/>\n<meta name=\"robots\" content=\"index, follow, max-snippet:-1, max-image-preview:large, max-video-preview:-1\" \/>\n<link rel=\"canonical\" href=\"https:\/\/toyinfluence.com\/es\/expert-marche-jouet-europe\/\" \/>\n<meta property=\"og:locale\" content=\"es_ES\" \/>\n<meta property=\"og:type\" content=\"article\" \/>\n<meta property=\"og:title\" content=\"Expert march\u00e9 jouet Europe | Consultant international\" \/>\n<meta property=\"og:description\" content=\"Expert march\u00e9 jouet avec 25 ans d\u2019exp\u00e9rience, j\u2019accompagne les marques pour r\u00e9ussir leur implantation en Europe gr\u00e2ce \u00e0 une expertise...\" \/>\n<meta property=\"og:url\" content=\"https:\/\/toyinfluence.com\/es\/expert-marche-jouet-europe\/\" \/>\n<meta property=\"og:site_name\" content=\"Toy Influence\" \/>\n<meta name=\"twitter:card\" content=\"summary_large_image\" \/>\n<meta name=\"twitter:label1\" content=\"Tiempo de lectura\" \/>\n\t<meta name=\"twitter:data1\" content=\"5 minutos\" \/>\n<script type=\"application\/ld+json\" class=\"yoast-schema-graph\">{\"@context\":\"https:\\\/\\\/schema.org\",\"@graph\":[{\"@type\":\"WebPage\",\"@id\":\"https:\\\/\\\/toyinfluence.com\\\/expert-marche-jouet-europe\\\/\",\"url\":\"https:\\\/\\\/toyinfluence.com\\\/expert-marche-jouet-europe\\\/\",\"name\":\"Expert march\u00e9 jouet Europe | Consultant international\",\"isPartOf\":{\"@id\":\"https:\\\/\\\/toyinfluence.com\\\/#website\"},\"datePublished\":\"2025-08-27T15:07:08+00:00\",\"description\":\"Expert march\u00e9 jouet avec 25 ans d\u2019exp\u00e9rience, j\u2019accompagne les marques pour r\u00e9ussir leur implantation en Europe gr\u00e2ce \u00e0 une expertise...\",\"breadcrumb\":{\"@id\":\"https:\\\/\\\/toyinfluence.com\\\/expert-marche-jouet-europe\\\/#breadcrumb\"},\"inLanguage\":\"es\",\"potentialAction\":[{\"@type\":\"ReadAction\",\"target\":[\"https:\\\/\\\/toyinfluence.com\\\/expert-marche-jouet-europe\\\/\"]}]},{\"@type\":\"BreadcrumbList\",\"@id\":\"https:\\\/\\\/toyinfluence.com\\\/expert-marche-jouet-europe\\\/#breadcrumb\",\"itemListElement\":[{\"@type\":\"ListItem\",\"position\":1,\"name\":\"Accueil\",\"item\":\"https:\\\/\\\/toyinfluence.com\\\/\"},{\"@type\":\"ListItem\",\"position\":2,\"name\":\"Expert du march\u00e9 du jouet en Europe\"}]},{\"@type\":\"WebSite\",\"@id\":\"https:\\\/\\\/toyinfluence.com\\\/#website\",\"url\":\"https:\\\/\\\/toyinfluence.com\\\/\",\"name\":\"Toy Influence\",\"description\":\"\",\"potentialAction\":[{\"@type\":\"SearchAction\",\"target\":{\"@type\":\"EntryPoint\",\"urlTemplate\":\"https:\\\/\\\/toyinfluence.com\\\/?s={search_term_string}\"},\"query-input\":{\"@type\":\"PropertyValueSpecification\",\"valueRequired\":true,\"valueName\":\"search_term_string\"}}],\"inLanguage\":\"es\"}]}<\/script>\n<!-- \/ Yoast SEO plugin. -->","yoast_head_json":{"title":"Expert march\u00e9 jouet Europe | Consultant international","description":"Expert march\u00e9 jouet avec 25 ans d\u2019exp\u00e9rience, j\u2019accompagne les marques pour r\u00e9ussir leur implantation en Europe gr\u00e2ce \u00e0 une expertise...","robots":{"index":"index","follow":"follow","max-snippet":"max-snippet:-1","max-image-preview":"max-image-preview:large","max-video-preview":"max-video-preview:-1"},"canonical":"https:\/\/toyinfluence.com\/es\/expert-marche-jouet-europe\/","og_locale":"es_ES","og_type":"article","og_title":"Expert march\u00e9 jouet Europe | Consultant international","og_description":"Expert march\u00e9 jouet avec 25 ans d\u2019exp\u00e9rience, j\u2019accompagne les marques pour r\u00e9ussir leur implantation en Europe gr\u00e2ce \u00e0 une expertise...","og_url":"https:\/\/toyinfluence.com\/es\/expert-marche-jouet-europe\/","og_site_name":"Toy Influence","twitter_card":"summary_large_image","twitter_misc":{"Tiempo de lectura":"5 minutos"},"schema":{"@context":"https:\/\/schema.org","@graph":[{"@type":"WebPage","@id":"https:\/\/toyinfluence.com\/expert-marche-jouet-europe\/","url":"https:\/\/toyinfluence.com\/expert-marche-jouet-europe\/","name":"Expert march\u00e9 jouet Europe | Consultant international","isPartOf":{"@id":"https:\/\/toyinfluence.com\/#website"},"datePublished":"2025-08-27T15:07:08+00:00","description":"Expert march\u00e9 jouet avec 25 ans d\u2019exp\u00e9rience, j\u2019accompagne les marques pour r\u00e9ussir leur implantation en Europe gr\u00e2ce \u00e0 une expertise...","breadcrumb":{"@id":"https:\/\/toyinfluence.com\/expert-marche-jouet-europe\/#breadcrumb"},"inLanguage":"es","potentialAction":[{"@type":"ReadAction","target":["https:\/\/toyinfluence.com\/expert-marche-jouet-europe\/"]}]},{"@type":"BreadcrumbList","@id":"https:\/\/toyinfluence.com\/expert-marche-jouet-europe\/#breadcrumb","itemListElement":[{"@type":"ListItem","position":1,"name":"Accueil","item":"https:\/\/toyinfluence.com\/"},{"@type":"ListItem","position":2,"name":"Expert du march\u00e9 du jouet en Europe"}]},{"@type":"WebSite","@id":"https:\/\/toyinfluence.com\/#website","url":"https:\/\/toyinfluence.com\/","name":"Influencia de los juguetes","description":"","potentialAction":[{"@type":"SearchAction","target":{"@type":"EntryPoint","urlTemplate":"https:\/\/toyinfluence.com\/?s={search_term_string}"},"query-input":{"@type":"PropertyValueSpecification","valueRequired":true,"valueName":"search_term_string"}}],"inLanguage":"es"}]}},"_links":{"self":[{"href":"https:\/\/toyinfluence.com\/es\/wp-json\/wp\/v2\/pages\/1347","targetHints":{"allow":["GET"]}}],"collection":[{"href":"https:\/\/toyinfluence.com\/es\/wp-json\/wp\/v2\/pages"}],"about":[{"href":"https:\/\/toyinfluence.com\/es\/wp-json\/wp\/v2\/types\/page"}],"author":[{"embeddable":true,"href":"https:\/\/toyinfluence.com\/es\/wp-json\/wp\/v2\/users\/1"}],"replies":[{"embeddable":true,"href":"https:\/\/toyinfluence.com\/es\/wp-json\/wp\/v2\/comments?post=1347"}],"version-history":[{"count":1,"href":"https:\/\/toyinfluence.com\/es\/wp-json\/wp\/v2\/pages\/1347\/revisions"}],"predecessor-version":[{"id":1348,"href":"https:\/\/toyinfluence.com\/es\/wp-json\/wp\/v2\/pages\/1347\/revisions\/1348"}],"wp:attachment":[{"href":"https:\/\/toyinfluence.com\/es\/wp-json\/wp\/v2\/media?parent=1347"}],"wp:term":[{"taxonomy":"category","embeddable":true,"href":"https:\/\/toyinfluence.com\/es\/wp-json\/wp\/v2\/categories?post=1347"}],"curies":[{"name":"wp","href":"https:\/\/api.w.org\/{rel}","templated":true}]}}