{"id":1095,"date":"2024-05-06T22:26:31","date_gmt":"2024-05-06T22:26:31","guid":{"rendered":"https:\/\/toyinfluence.com\/?page_id=1095"},"modified":"2024-05-07T15:33:37","modified_gmt":"2024-05-07T15:33:37","slug":"strategies-dinfluence-et-marketing-pour-le-secteur-du-jouet-toy-influence","status":"publish","type":"page","link":"https:\/\/toyinfluence.com\/es\/strategies-dinfluence-et-marketing-pour-le-secteur-du-jouet-toy-influence\/","title":{"rendered":"Influencia y estrategias de marketing para el sector del juguete - Toy Influence"},"content":{"rendered":"<div data-elementor-type=\"wp-page\" data-elementor-id=\"1095\" class=\"elementor elementor-1095\" data-elementor-post-type=\"page\">\n\t\t\t\t<div class=\"elementor-element elementor-element-a951f94 e-flex e-con-boxed e-con e-parent\" data-id=\"a951f94\" data-element_type=\"container\" data-e-type=\"container\">\n\t\t\t\t\t<div class=\"e-con-inner\">\n\t\t\t\t<div class=\"elementor-element elementor-element-10f1dba elementor-widget elementor-widget-heading\" data-id=\"10f1dba\" data-element_type=\"widget\" data-e-type=\"widget\" data-widget_type=\"heading.default\">\n\t\t\t\t<div class=\"elementor-widget-container\">\n\t\t\t\t\t<h1 class=\"elementor-heading-title elementor-size-default\">Estrategias de influencia y marketing<\/h1>\t\t\t\t<\/div>\n\t\t\t\t<\/div>\n\t\t\t\t<div class=\"elementor-element elementor-element-74c1c59 elementor-widget elementor-widget-heading\" data-id=\"74c1c59\" data-element_type=\"widget\" data-e-type=\"widget\" data-widget_type=\"heading.default\">\n\t\t\t\t<div class=\"elementor-widget-container\">\n\t\t\t\t\t<h2 class=\"elementor-heading-title elementor-size-default\">para el sector del juguete en Francia<\/h2>\t\t\t\t<\/div>\n\t\t\t\t<\/div>\n\t\t\t\t<div class=\"elementor-element elementor-element-ffe057c elementor-widget elementor-widget-heading\" data-id=\"ffe057c\" data-element_type=\"widget\" data-e-type=\"widget\" data-widget_type=\"heading.default\">\n\t\t\t\t<div class=\"elementor-widget-container\">\n\t\t\t\t\t<p class=\"elementor-heading-title elementor-size-default\">En el competitivo mundo del mercado del juguete, destacar es crucial. En Toy Influence ofrecemos estrategias de marketing de influencers que te ayudar\u00e1n a ganar visibilidad e influir eficazmente en tu mercado objetivo. Tanto si eres una start-up innovadora como una marca consolidada, nuestros servicios est\u00e1n dise\u00f1ados para impulsar tu presencia online y en las redes sociales.\n<\/p>\t\t\t\t<\/div>\n\t\t\t\t<\/div>\n\t\t\t\t\t<\/div>\n\t\t\t\t<\/div>\n\t\t<div class=\"elementor-element elementor-element-6058018 e-flex e-con-boxed e-con e-parent\" data-id=\"6058018\" data-element_type=\"container\" data-e-type=\"container\" data-settings=\"{&quot;background_background&quot;:&quot;classic&quot;}\">\n\t\t\t\t\t<div class=\"e-con-inner\">\n\t\t<div class=\"elementor-element elementor-element-8d76611 e-con-full e-flex e-con e-child\" data-id=\"8d76611\" data-element_type=\"container\" data-e-type=\"container\">\n\t\t\t\t<div class=\"elementor-element elementor-element-6d8e250 elementor-widget elementor-widget-heading\" data-id=\"6d8e250\" data-element_type=\"widget\" data-e-type=\"widget\" data-widget_type=\"heading.default\">\n\t\t\t\t<div class=\"elementor-widget-container\">\n\t\t\t\t\t<h2 class=\"elementor-heading-title elementor-size-default\">Dar a conocer la marca a trav\u00e9s de las redes sociales<\/h2>\t\t\t\t<\/div>\n\t\t\t\t<\/div>\n\t\t\t\t<div class=\"elementor-element elementor-element-074a0dc elementor-widget elementor-widget-heading\" data-id=\"074a0dc\" data-element_type=\"widget\" data-e-type=\"widget\" data-widget_type=\"heading.default\">\n\t\t\t\t<div class=\"elementor-widget-container\">\n\t\t\t\t\t<h3 class=\"elementor-heading-title elementor-size-default\">Estrategias B2C :\n<\/h3>\t\t\t\t<\/div>\n\t\t\t\t<\/div>\n\t\t\t\t<div class=\"elementor-element elementor-element-a79a38e elementor-widget elementor-widget-heading\" data-id=\"a79a38e\" data-element_type=\"widget\" data-e-type=\"widget\" data-widget_type=\"heading.default\">\n\t\t\t\t<div class=\"elementor-widget-container\">\n\t\t\t\t\t<h3 class=\"elementor-heading-title elementor-size-default\">Nuestro enfoque B2C pretende crear una conexi\u00f3n emocional con los consumidores. Utilizamos t\u00e1cticas como campa\u00f1as de contenidos atractivos, colaboraciones con personas influyentes en el mundo del juguete y concursos interactivos que animan a compartir y participar.<\/h3>\t\t\t\t<\/div>\n\t\t\t\t<\/div>\n\t\t\t\t<div class=\"elementor-element elementor-element-ebda812 elementor-widget elementor-widget-heading\" data-id=\"ebda812\" data-element_type=\"widget\" data-e-type=\"widget\" data-widget_type=\"heading.default\">\n\t\t\t\t<div class=\"elementor-widget-container\">\n\t\t\t\t\t<h3 class=\"elementor-heading-title elementor-size-default\">Estrategias B2B :\n<\/h3>\t\t\t\t<\/div>\n\t\t\t\t<\/div>\n\t\t\t\t<div class=\"elementor-element elementor-element-82d5b58 elementor-widget elementor-widget-heading\" data-id=\"82d5b58\" data-element_type=\"widget\" data-e-type=\"widget\" data-widget_type=\"heading.default\">\n\t\t\t\t<div class=\"elementor-widget-container\">\n\t\t\t\t\t<p class=\"elementor-heading-title elementor-size-default\">En B2B, nos centramos en crear credibilidad de marca y establecer relaciones de confianza. Facilitamos las conexiones con los principales responsables de la toma de decisiones a trav\u00e9s de seminarios web, v\u00eddeos de expertos y estudios de casos que muestran sus productos y servicios.\n<\/p>\t\t\t\t<\/div>\n\t\t\t\t<\/div>\n\t\t\t\t<\/div>\n\t\t\t\t\t<\/div>\n\t\t\t\t<\/div>\n\t\t<div class=\"elementor-element elementor-element-1582392 e-flex e-con-boxed e-con e-parent\" data-id=\"1582392\" data-element_type=\"container\" data-e-type=\"container\">\n\t\t\t\t\t<div class=\"e-con-inner\">\n\t\t<div class=\"elementor-element elementor-element-513ebf1 e-con-full e-flex e-con e-child\" data-id=\"513ebf1\" data-element_type=\"container\" data-e-type=\"container\">\n\t\t\t\t<div class=\"elementor-element elementor-element-22cdfec elementor-widget elementor-widget-heading\" data-id=\"22cdfec\" data-element_type=\"widget\" data-e-type=\"widget\" data-widget_type=\"heading.default\">\n\t\t\t\t<div class=\"elementor-widget-container\">\n\t\t\t\t\t<h2 class=\"elementor-heading-title elementor-size-default\">Producci\u00f3n de v\u00eddeos para redes sociales espec\u00edficas<\/h2>\t\t\t\t<\/div>\n\t\t\t\t<\/div>\n\t\t\t\t<div class=\"elementor-element elementor-element-b5822b8 elementor-widget elementor-widget-heading\" data-id=\"b5822b8\" data-element_type=\"widget\" data-e-type=\"widget\" data-widget_type=\"heading.default\">\n\t\t\t\t<div class=\"elementor-widget-container\">\n\t\t\t\t\t<h3 class=\"elementor-heading-title elementor-size-default\">Creaci\u00f3n de contenidos de v\u00eddeo<\/h3>\t\t\t\t<\/div>\n\t\t\t\t<\/div>\n\t\t\t\t<div class=\"elementor-element elementor-element-96bd200 elementor-widget elementor-widget-heading\" data-id=\"96bd200\" data-element_type=\"widget\" data-e-type=\"widget\" data-widget_type=\"heading.default\">\n\t\t\t\t<div class=\"elementor-widget-container\">\n\t\t\t\t\t<h3 class=\"elementor-heading-title elementor-size-default\">Producimos v\u00eddeos que captan la atenci\u00f3n y enganchan. Estos v\u00eddeos se dise\u00f1an espec\u00edficamente para plataformas como TikTok, YouTube, Instagram y Facebook, optimizando cada formato para maximizar el impacto.\n<\/h3>\t\t\t\t<\/div>\n\t\t\t\t<\/div>\n\t\t\t\t<div class=\"elementor-element elementor-element-2deb1e1 elementor-widget elementor-widget-heading\" data-id=\"2deb1e1\" data-element_type=\"widget\" data-e-type=\"widget\" data-widget_type=\"heading.default\">\n\t\t\t\t<div class=\"elementor-widget-container\">\n\t\t\t\t\t<h3 class=\"elementor-heading-title elementor-size-default\">Campa\u00f1as de promoci\u00f3n de productos<\/h3>\t\t\t\t<\/div>\n\t\t\t\t<\/div>\n\t\t\t\t<div class=\"elementor-element elementor-element-35a1d51 elementor-widget elementor-widget-heading\" data-id=\"35a1d51\" data-element_type=\"widget\" data-e-type=\"widget\" data-widget_type=\"heading.default\">\n\t\t\t\t<div class=\"elementor-widget-container\">\n\t\t\t\t\t<p class=\"elementor-heading-title elementor-size-default\">Nuestras campa\u00f1as de promoci\u00f3n de productos est\u00e1n dise\u00f1adas para generar expectaci\u00f3n y expectaci\u00f3n. Ya sea a trav\u00e9s de teasers, v\u00eddeos unboxing o demostraciones en directo, creamos expectaci\u00f3n en torno a sus nuevos productos u ofertas.\n<\/p>\t\t\t\t<\/div>\n\t\t\t\t<\/div>\n\t\t\t\t<\/div>\n\t\t\t\t\t<\/div>\n\t\t\t\t<\/div>\n\t\t<div class=\"elementor-element elementor-element-d213f6d e-flex e-con-boxed e-con e-parent\" data-id=\"d213f6d\" data-element_type=\"container\" data-e-type=\"container\" data-settings=\"{&quot;background_background&quot;:&quot;classic&quot;}\">\n\t\t\t\t\t<div class=\"e-con-inner\">\n\t\t<div class=\"elementor-element elementor-element-471ae3a e-con-full e-flex e-con e-child\" data-id=\"471ae3a\" data-element_type=\"container\" data-e-type=\"container\">\n\t\t\t\t<div class=\"elementor-element elementor-element-0af53b3 elementor-widget elementor-widget-heading\" data-id=\"0af53b3\" data-element_type=\"widget\" data-e-type=\"widget\" data-widget_type=\"heading.default\">\n\t\t\t\t<div class=\"elementor-widget-container\">\n\t\t\t\t\t<h2 class=\"elementor-heading-title elementor-size-default\">Compromiso y medici\u00f3n del \u00e9xito<\/h2>\t\t\t\t<\/div>\n\t\t\t\t<\/div>\n\t\t\t\t<div class=\"elementor-element elementor-element-0e3b248 elementor-widget elementor-widget-heading\" data-id=\"0e3b248\" data-element_type=\"widget\" data-e-type=\"widget\" data-widget_type=\"heading.default\">\n\t\t\t\t<div class=\"elementor-widget-container\">\n\t\t\t\t\t<h3 class=\"elementor-heading-title elementor-size-default\">An\u00e1lisis de resultados<\/h3>\t\t\t\t<\/div>\n\t\t\t\t<\/div>\n\t\t\t\t<div class=\"elementor-element elementor-element-25a5304 elementor-widget elementor-widget-heading\" data-id=\"25a5304\" data-element_type=\"widget\" data-e-type=\"widget\" data-widget_type=\"heading.default\">\n\t\t\t\t<div class=\"elementor-widget-container\">\n\t\t\t\t\t<h3 class=\"elementor-heading-title elementor-size-default\">Supervisamos y analizamos el rendimiento de todas las campa\u00f1as para asegurarnos de que cumplen sus objetivos. Los datos recopilados nos permiten ajustar continuamente las estrategias para mejorar los resultados futuros.\n<\/h3>\t\t\t\t<\/div>\n\t\t\t\t<\/div>\n\t\t\t\t<div class=\"elementor-element elementor-element-737810b elementor-widget elementor-widget-heading\" data-id=\"737810b\" data-element_type=\"widget\" data-e-type=\"widget\" data-widget_type=\"heading.default\">\n\t\t\t\t<div class=\"elementor-widget-container\">\n\t\t\t\t\t<h3 class=\"elementor-heading-title elementor-size-default\">Retorno de la inversi\u00f3n<\/h3>\t\t\t\t<\/div>\n\t\t\t\t<\/div>\n\t\t\t\t<div class=\"elementor-element elementor-element-a33815e elementor-widget elementor-widget-heading\" data-id=\"a33815e\" data-element_type=\"widget\" data-e-type=\"widget\" data-widget_type=\"heading.default\">\n\t\t\t\t<div class=\"elementor-widget-container\">\n\t\t\t\t\t<p class=\"elementor-heading-title elementor-size-default\">En Toy Influence, nos comprometemos a proporcionarle un retorno de la inversi\u00f3n claro y medible. Cada estrategia est\u00e1 dise\u00f1ada para maximizar su presupuesto de marketing y aumentar sus ventas y visibilidad.\n<\/p>\t\t\t\t<\/div>\n\t\t\t\t<\/div>\n\t\t\t\t<\/div>\n\t\t\t\t\t<\/div>\n\t\t\t\t<\/div>\n\t\t<div class=\"elementor-element elementor-element-aba3bbb e-flex e-con-boxed e-con e-parent\" data-id=\"aba3bbb\" data-element_type=\"container\" data-e-type=\"container\">\n\t\t\t\t\t<div class=\"e-con-inner\">\n\t\t<div class=\"elementor-element elementor-element-3b13b41 e-flex e-con-boxed e-con e-child\" data-id=\"3b13b41\" data-element_type=\"container\" data-e-type=\"container\">\n\t\t\t\t\t<div class=\"e-con-inner\">\n\t\t\t\t<div class=\"elementor-element elementor-element-d464c64 elementor-widget elementor-widget-heading\" data-id=\"d464c64\" data-element_type=\"widget\" data-e-type=\"widget\" data-widget_type=\"heading.default\">\n\t\t\t\t<div class=\"elementor-widget-container\">\n\t\t\t\t\t<p class=\"elementor-heading-title elementor-size-default\">Invertir en marketing de influencers con Toy Influence significa elegir a un socio experto que conoce a fondo los matices del marketing digital en el sector del juguete. Estamos preparados para ayudarte a convertir tus objetivos de notoriedad y ventas en resultados tangibles.\n<\/p>\t\t\t\t<\/div>\n\t\t\t\t<\/div>\n\t\t\t\t<div class=\"elementor-element elementor-element-51eed58 elementor-widget elementor-widget-heading\" data-id=\"51eed58\" data-element_type=\"widget\" data-e-type=\"widget\" data-widget_type=\"heading.default\">\n\t\t\t\t<div class=\"elementor-widget-container\">\n\t\t\t\t\t<h2 class=\"elementor-heading-title elementor-size-default\">Contacte hoy mismo con Toy Influence\n<\/h2>\t\t\t\t<\/div>\n\t\t\t\t<\/div>\n\t\t\t\t<div class=\"elementor-element elementor-element-821fddd elementor-widget elementor-widget-heading\" data-id=\"821fddd\" data-element_type=\"widget\" data-e-type=\"widget\" data-widget_type=\"heading.default\">\n\t\t\t\t<div class=\"elementor-widget-container\">\n\t\t\t\t\t<p class=\"elementor-heading-title elementor-size-default\">Aumenta tu influencia en el mercado con las estrategias probadas de Toy Influence. Ponte en contacto con nosotros hoy mismo para empezar a crear tu plan de marketing de influencers personalizado.\n<\/p>\t\t\t\t<\/div>\n\t\t\t\t<\/div>\n\t\t\t\t<div class=\"elementor-element elementor-element-0eace3b elementor-widget elementor-widget-button\" data-id=\"0eace3b\" data-element_type=\"widget\" data-e-type=\"widget\" data-widget_type=\"button.default\">\n\t\t\t\t<div class=\"elementor-widget-container\">\n\t\t\t\t\t\t\t\t\t<div class=\"elementor-button-wrapper\">\n\t\t\t\t\t<a class=\"elementor-button elementor-button-link elementor-size-sm\" href=\"mailto:yann@toyinfluence.com\" target=\"_blank\">\n\t\t\t\t\t\t<span class=\"elementor-button-content-wrapper\">\n\t\t\t\t\t\t<span class=\"elementor-button-icon\">\n\t\t\t\t<i aria-hidden=\"true\" class=\"fas fa-envelope\"><\/i>\t\t\t<\/span>\n\t\t\t\t\t\t\t\t\t<span class=\"elementor-button-text\">yann@toyinfluence.com<\/span>\n\t\t\t\t\t<\/span>\n\t\t\t\t\t<\/a>\n\t\t\t\t<\/div>\n\t\t\t\t\t\t\t\t<\/div>\n\t\t\t\t<\/div>\n\t\t\t\t\t<\/div>\n\t\t\t\t<\/div>\n\t\t\t\t\t<\/div>\n\t\t\t\t<\/div>\n\t\t\t\t<\/div>","protected":false},"excerpt":{"rendered":"<p>Strat\u00e9gies d&rsquo;Influence et Marketing pour le secteur du jouet en France Dans l&rsquo;univers comp\u00e9titif du march\u00e9 du jouet, se d\u00e9marquer est crucial. Chez Toy Influence, nous proposons des strat\u00e9gies de marketing d&rsquo;influence qui vous aideront \u00e0 gagner en visibilit\u00e9 et \u00e0 influencer votre march\u00e9 cible efficacement. Que vous soyez une startup innovante ou une marque [&hellip;]<\/p>\n","protected":false},"author":1,"featured_media":0,"parent":0,"menu_order":0,"comment_status":"closed","ping_status":"closed","template":"elementor_header_footer","meta":{"footnotes":""},"categories":[],"class_list":["post-1095","page","type-page","status-publish","hentry"],"yoast_head":"<!-- This site is optimized with the Yoast SEO plugin v27.4 - https:\/\/yoast.com\/product\/yoast-seo-wordpress\/ -->\n<title>Strat\u00e9gies d&#039;Influence et Marketing pour le Secteur du Jouet - Toy Influence - Toy Influence<\/title>\n<meta name=\"description\" content=\"Boostez votre d\u00e9veloppement commercial sur le march\u00e9 fran\u00e7ais des jouets avec Toy Influence. Que ce soit pour une mission \u00e0 court terme ou un remplacement strat\u00e9gique, nos services sur mesure vous aident \u00e0 atteindre vos objectifs commerciaux. D\u00e9couvrez comment notre expertise peut dynamiser votre croissance.\" \/>\n<meta name=\"robots\" content=\"index, follow, max-snippet:-1, max-image-preview:large, max-video-preview:-1\" \/>\n<link rel=\"canonical\" href=\"https:\/\/toyinfluence.com\/es\/strategies-dinfluence-et-marketing-pour-le-secteur-du-jouet-toy-influence\/\" \/>\n<meta property=\"og:locale\" content=\"es_ES\" \/>\n<meta property=\"og:type\" content=\"article\" \/>\n<meta property=\"og:title\" content=\"Strat\u00e9gies d&#039;Influence et Marketing pour le Secteur du Jouet - Toy Influence - Toy Influence\" \/>\n<meta property=\"og:description\" content=\"Boostez votre d\u00e9veloppement commercial sur le march\u00e9 fran\u00e7ais des jouets avec Toy Influence. Que ce soit pour une mission \u00e0 court terme ou un remplacement strat\u00e9gique, nos services sur mesure vous aident \u00e0 atteindre vos objectifs commerciaux. D\u00e9couvrez comment notre expertise peut dynamiser votre croissance.\" \/>\n<meta property=\"og:url\" content=\"https:\/\/toyinfluence.com\/es\/strategies-dinfluence-et-marketing-pour-le-secteur-du-jouet-toy-influence\/\" \/>\n<meta property=\"og:site_name\" content=\"Toy Influence\" \/>\n<meta property=\"article:modified_time\" content=\"2024-05-07T15:33:37+00:00\" \/>\n<meta name=\"twitter:card\" content=\"summary_large_image\" \/>\n<meta name=\"twitter:label1\" content=\"Tiempo de lectura\" \/>\n\t<meta name=\"twitter:data1\" content=\"3 minutos\" \/>\n<script type=\"application\/ld+json\" class=\"yoast-schema-graph\">{\"@context\":\"https:\\\/\\\/schema.org\",\"@graph\":[{\"@type\":\"WebPage\",\"@id\":\"https:\\\/\\\/toyinfluence.com\\\/strategies-dinfluence-et-marketing-pour-le-secteur-du-jouet-toy-influence\\\/\",\"url\":\"https:\\\/\\\/toyinfluence.com\\\/strategies-dinfluence-et-marketing-pour-le-secteur-du-jouet-toy-influence\\\/\",\"name\":\"Strat\u00e9gies d'Influence et Marketing pour le Secteur du Jouet - Toy Influence - Toy Influence\",\"isPartOf\":{\"@id\":\"https:\\\/\\\/toyinfluence.com\\\/#website\"},\"datePublished\":\"2024-05-06T22:26:31+00:00\",\"dateModified\":\"2024-05-07T15:33:37+00:00\",\"description\":\"Boostez votre d\u00e9veloppement commercial sur le march\u00e9 fran\u00e7ais des jouets avec Toy Influence. Que ce soit pour une mission \u00e0 court terme ou un remplacement strat\u00e9gique, nos services sur mesure vous aident \u00e0 atteindre vos objectifs commerciaux. D\u00e9couvrez comment notre expertise peut dynamiser votre croissance.\",\"breadcrumb\":{\"@id\":\"https:\\\/\\\/toyinfluence.com\\\/strategies-dinfluence-et-marketing-pour-le-secteur-du-jouet-toy-influence\\\/#breadcrumb\"},\"inLanguage\":\"es\",\"potentialAction\":[{\"@type\":\"ReadAction\",\"target\":[\"https:\\\/\\\/toyinfluence.com\\\/strategies-dinfluence-et-marketing-pour-le-secteur-du-jouet-toy-influence\\\/\"]}]},{\"@type\":\"BreadcrumbList\",\"@id\":\"https:\\\/\\\/toyinfluence.com\\\/strategies-dinfluence-et-marketing-pour-le-secteur-du-jouet-toy-influence\\\/#breadcrumb\",\"itemListElement\":[{\"@type\":\"ListItem\",\"position\":1,\"name\":\"Accueil\",\"item\":\"https:\\\/\\\/toyinfluence.com\\\/\"},{\"@type\":\"ListItem\",\"position\":2,\"name\":\"Strat\u00e9gies d&rsquo;Influence et Marketing pour le Secteur du Jouet &#8211; Toy Influence\"}]},{\"@type\":\"WebSite\",\"@id\":\"https:\\\/\\\/toyinfluence.com\\\/#website\",\"url\":\"https:\\\/\\\/toyinfluence.com\\\/\",\"name\":\"Toy Influence\",\"description\":\"\",\"potentialAction\":[{\"@type\":\"SearchAction\",\"target\":{\"@type\":\"EntryPoint\",\"urlTemplate\":\"https:\\\/\\\/toyinfluence.com\\\/?s={search_term_string}\"},\"query-input\":{\"@type\":\"PropertyValueSpecification\",\"valueRequired\":true,\"valueName\":\"search_term_string\"}}],\"inLanguage\":\"es\"}]}<\/script>\n<!-- \/ Yoast SEO plugin. -->","yoast_head_json":{"title":"Estrategias de influencia y marketing para el sector del juguete - Toy Influence - Toy Influence","description":"Impulse el desarrollo de sus ventas en el mercado franc\u00e9s del juguete con Toy Influence. Tanto si se trata de una misi\u00f3n a corto plazo como de una sustituci\u00f3n estrat\u00e9gica, nuestros servicios a medida le ayudar\u00e1n a alcanzar sus objetivos comerciales. Descubra c\u00f3mo nuestra experiencia puede impulsar su crecimiento.","robots":{"index":"index","follow":"follow","max-snippet":"max-snippet:-1","max-image-preview":"max-image-preview:large","max-video-preview":"max-video-preview:-1"},"canonical":"https:\/\/toyinfluence.com\/es\/strategies-dinfluence-et-marketing-pour-le-secteur-du-jouet-toy-influence\/","og_locale":"es_ES","og_type":"article","og_title":"Strat\u00e9gies d'Influence et Marketing pour le Secteur du Jouet - Toy Influence - Toy Influence","og_description":"Boostez votre d\u00e9veloppement commercial sur le march\u00e9 fran\u00e7ais des jouets avec Toy Influence. Que ce soit pour une mission \u00e0 court terme ou un remplacement strat\u00e9gique, nos services sur mesure vous aident \u00e0 atteindre vos objectifs commerciaux. D\u00e9couvrez comment notre expertise peut dynamiser votre croissance.","og_url":"https:\/\/toyinfluence.com\/es\/strategies-dinfluence-et-marketing-pour-le-secteur-du-jouet-toy-influence\/","og_site_name":"Toy Influence","article_modified_time":"2024-05-07T15:33:37+00:00","twitter_card":"summary_large_image","twitter_misc":{"Tiempo de lectura":"3 minutos"},"schema":{"@context":"https:\/\/schema.org","@graph":[{"@type":"WebPage","@id":"https:\/\/toyinfluence.com\/strategies-dinfluence-et-marketing-pour-le-secteur-du-jouet-toy-influence\/","url":"https:\/\/toyinfluence.com\/strategies-dinfluence-et-marketing-pour-le-secteur-du-jouet-toy-influence\/","name":"Estrategias de influencia y marketing para el sector del juguete - Toy Influence - Toy Influence","isPartOf":{"@id":"https:\/\/toyinfluence.com\/#website"},"datePublished":"2024-05-06T22:26:31+00:00","dateModified":"2024-05-07T15:33:37+00:00","description":"Impulse el desarrollo de sus ventas en el mercado franc\u00e9s del juguete con Toy Influence. Tanto si se trata de una misi\u00f3n a corto plazo como de una sustituci\u00f3n estrat\u00e9gica, nuestros servicios a medida le ayudar\u00e1n a alcanzar sus objetivos comerciales. Descubra c\u00f3mo nuestra experiencia puede impulsar su crecimiento.","breadcrumb":{"@id":"https:\/\/toyinfluence.com\/strategies-dinfluence-et-marketing-pour-le-secteur-du-jouet-toy-influence\/#breadcrumb"},"inLanguage":"es","potentialAction":[{"@type":"ReadAction","target":["https:\/\/toyinfluence.com\/strategies-dinfluence-et-marketing-pour-le-secteur-du-jouet-toy-influence\/"]}]},{"@type":"BreadcrumbList","@id":"https:\/\/toyinfluence.com\/strategies-dinfluence-et-marketing-pour-le-secteur-du-jouet-toy-influence\/#breadcrumb","itemListElement":[{"@type":"ListItem","position":1,"name":"Accueil","item":"https:\/\/toyinfluence.com\/"},{"@type":"ListItem","position":2,"name":"Strat\u00e9gies d&rsquo;Influence et Marketing pour le Secteur du Jouet &#8211; Toy Influence"}]},{"@type":"WebSite","@id":"https:\/\/toyinfluence.com\/#website","url":"https:\/\/toyinfluence.com\/","name":"Influencia de los juguetes","description":"","potentialAction":[{"@type":"SearchAction","target":{"@type":"EntryPoint","urlTemplate":"https:\/\/toyinfluence.com\/?s={search_term_string}"},"query-input":{"@type":"PropertyValueSpecification","valueRequired":true,"valueName":"search_term_string"}}],"inLanguage":"es"}]}},"_links":{"self":[{"href":"https:\/\/toyinfluence.com\/es\/wp-json\/wp\/v2\/pages\/1095","targetHints":{"allow":["GET"]}}],"collection":[{"href":"https:\/\/toyinfluence.com\/es\/wp-json\/wp\/v2\/pages"}],"about":[{"href":"https:\/\/toyinfluence.com\/es\/wp-json\/wp\/v2\/types\/page"}],"author":[{"embeddable":true,"href":"https:\/\/toyinfluence.com\/es\/wp-json\/wp\/v2\/users\/1"}],"replies":[{"embeddable":true,"href":"https:\/\/toyinfluence.com\/es\/wp-json\/wp\/v2\/comments?post=1095"}],"version-history":[{"count":17,"href":"https:\/\/toyinfluence.com\/es\/wp-json\/wp\/v2\/pages\/1095\/revisions"}],"predecessor-version":[{"id":1121,"href":"https:\/\/toyinfluence.com\/es\/wp-json\/wp\/v2\/pages\/1095\/revisions\/1121"}],"wp:attachment":[{"href":"https:\/\/toyinfluence.com\/es\/wp-json\/wp\/v2\/media?parent=1095"}],"wp:term":[{"taxonomy":"category","embeddable":true,"href":"https:\/\/toyinfluence.com\/es\/wp-json\/wp\/v2\/categories?post=1095"}],"curies":[{"name":"wp","href":"https:\/\/api.w.org\/{rel}","templated":true}]}}