{"id":988,"date":"2024-04-03T15:44:07","date_gmt":"2024-04-03T15:44:07","guid":{"rendered":"https:\/\/toyinfluence.com\/?page_id=988"},"modified":"2024-04-15T14:11:45","modified_gmt":"2024-04-15T14:11:45","slug":"french-toy-rendez-vous-la-rencontre-des-experts-du-jouet-avec-yann-fresnel","status":"publish","type":"page","link":"https:\/\/toyinfluence.com\/en\/french-toy-rendez-vous-la-rencontre-des-experts-du-jouet-avec-yann-fresnel\/","title":{"rendered":"French Toy Rendez-Vous: Toy experts meet with Yann Fresnel"},"content":{"rendered":"<div data-elementor-type=\"wp-page\" data-elementor-id=\"988\" class=\"elementor elementor-988\" data-elementor-post-type=\"page\">\n\t\t\t\t<div class=\"elementor-element elementor-element-71a6f08 e-flex e-con-boxed e-con e-parent\" data-id=\"71a6f08\" data-element_type=\"container\" data-e-type=\"container\">\n\t\t\t\t\t<div class=\"e-con-inner\">\n\t\t\t\t<div class=\"elementor-element elementor-element-32af56c elementor-widget elementor-widget-heading\" data-id=\"32af56c\" data-element_type=\"widget\" data-e-type=\"widget\" data-widget_type=\"heading.default\">\n\t\t\t\t<div class=\"elementor-widget-container\">\n\t\t\t\t\t<h1 class=\"elementor-heading-title elementor-size-default\">French Toy Rendez-Vous<\/h1>\t\t\t\t<\/div>\n\t\t\t\t<\/div>\n\t\t\t\t<div class=\"elementor-element elementor-element-1708e4e elementor-widget elementor-widget-heading\" data-id=\"1708e4e\" data-element_type=\"widget\" data-e-type=\"widget\" data-widget_type=\"heading.default\">\n\t\t\t\t<div class=\"elementor-widget-container\">\n\t\t\t\t\t<h2 class=\"elementor-heading-title elementor-size-default\">Toy experts meet Yann Fresnel<\/h2>\t\t\t\t<\/div>\n\t\t\t\t<\/div>\n\t\t\t\t\t<\/div>\n\t\t\t\t<\/div>\n\t\t<div class=\"elementor-element elementor-element-de3ec5b e-flex e-con-boxed e-con e-parent\" data-id=\"de3ec5b\" data-element_type=\"container\" data-e-type=\"container\" data-settings=\"{&quot;background_background&quot;:&quot;classic&quot;}\">\n\t\t\t\t\t<div class=\"e-con-inner\">\n\t\t<div class=\"elementor-element elementor-element-8a2f1a8 e-flex e-con-boxed e-con e-child\" data-id=\"8a2f1a8\" data-element_type=\"container\" data-e-type=\"container\">\n\t\t\t\t\t<div class=\"e-con-inner\">\n\t\t\t\t<div class=\"elementor-element elementor-element-cba5edf elementor-widget elementor-widget-heading\" data-id=\"cba5edf\" data-element_type=\"widget\" data-e-type=\"widget\" data-widget_type=\"heading.default\">\n\t\t\t\t<div class=\"elementor-widget-container\">\n\t\t\t\t\t<h2 class=\"elementor-heading-title elementor-size-default\">Welcome to French Toy Rendez-Vous<\/h2>\t\t\t\t<\/div>\n\t\t\t\t<\/div>\n\t\t\t\t<div class=\"elementor-element elementor-element-a480674 elementor-widget elementor-widget-heading\" data-id=\"a480674\" data-element_type=\"widget\" data-e-type=\"widget\" data-widget_type=\"heading.default\">\n\t\t\t\t<div class=\"elementor-widget-container\">\n\t\t\t\t\t<p class=\"elementor-heading-title elementor-size-default\">Discover a space dedicated to exploring the toy industry through the eyes of international experts. Hosted by renowned industry specialist Yann Fresnel, each episode of French Toy Rendez-Vous takes you behind the scenes of the toy world.\n<\/p>\t\t\t\t<\/div>\n\t\t\t\t<\/div>\n\t\t\t\t\t<\/div>\n\t\t\t\t<\/div>\n\t\t<div class=\"elementor-element elementor-element-662ba3c e-flex e-con-boxed e-con e-child\" data-id=\"662ba3c\" data-element_type=\"container\" data-e-type=\"container\">\n\t\t\t\t\t<div class=\"e-con-inner\">\n\t\t\t\t<div class=\"elementor-element elementor-element-1cda974 elementor-widget elementor-widget-shortcode\" data-id=\"1cda974\" data-element_type=\"widget\" data-e-type=\"widget\" data-widget_type=\"shortcode.default\">\n\t\t\t\t<div class=\"elementor-widget-container\">\n\t\t\t\t\t\t\t<div class=\"elementor-shortcode\"><iframe width=\"560\" height=\"315\" src=\"https:\/\/www.youtube.com\/embed\/videoseries?si=3KB7il_09bBIzKTz&amp;list=PLblvcNrwDIFg1Ihs_PiSZUR1Rb8D1C-W6\" title=\"YouTube video player\" frameborder=\"0\" allow=\"accelerometer; autoplay; clipboard-write; encrypted-media; gyroscope; picture-in-picture; web-share\" referrerpolicy=\"strict-origin-when-cross-origin\" allowfullscreen><\/iframe><\/div>\n\t\t\t\t\t\t<\/div>\n\t\t\t\t<\/div>\n\t\t\t\t\t<\/div>\n\t\t\t\t<\/div>\n\t\t\t\t\t<\/div>\n\t\t\t\t<\/div>\n\t\t<div class=\"elementor-element elementor-element-640e759 e-flex e-con-boxed e-con e-parent\" data-id=\"640e759\" data-element_type=\"container\" data-e-type=\"container\">\n\t\t\t\t\t<div class=\"e-con-inner\">\n\t\t<div class=\"elementor-element elementor-element-686ae0d e-flex e-con-boxed e-con e-child\" data-id=\"686ae0d\" data-element_type=\"container\" data-e-type=\"container\">\n\t\t\t\t\t<div class=\"e-con-inner\">\n\t\t\t\t<div class=\"elementor-element elementor-element-ebdfe1c elementor-widget elementor-widget-heading\" data-id=\"ebdfe1c\" data-element_type=\"widget\" data-e-type=\"widget\" data-widget_type=\"heading.default\">\n\t\t\t\t<div class=\"elementor-widget-container\">\n\t\t\t\t\t<h2 class=\"elementor-heading-title elementor-size-default\">Meetings with toy experts\n<\/h2>\t\t\t\t<\/div>\n\t\t\t\t<\/div>\n\t\t\t\t<div class=\"elementor-element elementor-element-ea89e2d elementor-widget elementor-widget-heading\" data-id=\"ea89e2d\" data-element_type=\"widget\" data-e-type=\"widget\" data-widget_type=\"heading.default\">\n\t\t\t\t<div class=\"elementor-widget-container\">\n\t\t\t\t\t<p class=\"elementor-heading-title elementor-size-default\">Dive into our selection of carefully chosen interviews, where Yann Fresnel meets world leaders in the toy industry. Learn from their experiences in different sectors of the toy world. These interviews don't just enlighten, they also inspire with stories of innovation, challenge and success.\n<\/p>\t\t\t\t<\/div>\n\t\t\t\t<\/div>\n\t\t\t\t\t<\/div>\n\t\t\t\t<\/div>\n\t\t\t\t\t<\/div>\n\t\t\t\t<\/div>\n\t\t<div class=\"elementor-element elementor-element-2b48a35 e-flex e-con-boxed e-con e-parent\" data-id=\"2b48a35\" data-element_type=\"container\" data-e-type=\"container\" data-settings=\"{&quot;background_background&quot;:&quot;classic&quot;}\">\n\t\t\t\t\t<div class=\"e-con-inner\">\n\t\t<div class=\"elementor-element elementor-element-b08d31d e-flex e-con-boxed e-con e-child\" data-id=\"b08d31d\" data-element_type=\"container\" data-e-type=\"container\">\n\t\t\t\t\t<div class=\"e-con-inner\">\n\t\t\t\t<div class=\"elementor-element elementor-element-7f4fc3c elementor-widget elementor-widget-heading\" data-id=\"7f4fc3c\" data-element_type=\"widget\" data-e-type=\"widget\" data-widget_type=\"heading.default\">\n\t\t\t\t<div class=\"elementor-widget-container\">\n\t\t\t\t\t<h2 class=\"elementor-heading-title elementor-size-default\">Yann Fresnel: A passion for toys\n<\/h2>\t\t\t\t<\/div>\n\t\t\t\t<\/div>\n\t\t\t\t<div class=\"elementor-element elementor-element-9de9b8a elementor-widget elementor-widget-heading\" data-id=\"9de9b8a\" data-element_type=\"widget\" data-e-type=\"widget\" data-widget_type=\"heading.default\">\n\t\t\t\t<div class=\"elementor-widget-container\">\n\t\t\t\t\t<p class=\"elementor-heading-title elementor-size-default\">With decades of experience in the toy industry, Yann brings a unique and valuable perspective to every discussion. His in-depth knowledge and extensive network enrich the content of French Toy Rendez-Vous.\n<\/p>\t\t\t\t<\/div>\n\t\t\t\t<\/div>\n\t\t\t\t\t<\/div>\n\t\t\t\t<\/div>\n\t\t<div class=\"elementor-element elementor-element-a6a04a8 e-con-full e-flex e-con e-child\" data-id=\"a6a04a8\" data-element_type=\"container\" data-e-type=\"container\">\n\t\t\t\t<div class=\"elementor-element elementor-element-8cc0236 elementor-widget elementor-widget-image\" data-id=\"8cc0236\" data-element_type=\"widget\" data-e-type=\"widget\" data-widget_type=\"image.default\">\n\t\t\t\t<div class=\"elementor-widget-container\">\n\t\t\t\t\t\t\t\t\t\t\t\t\t\t\t\t<a href=\"https:\/\/www.youtube.com\/watch?v=hCQvA0dNdAM&#038;list=PLblvcNrwDIFg1Ihs_PiSZUR1Rb8D1C-W6&#038;index=22&#038;ab_channel=ToyInfluence\" target=\"_blank\">\n\t\t\t\t\t\t\t<img fetchpriority=\"high\" decoding=\"async\" width=\"2324\" height=\"1310\" src=\"https:\/\/toyinfluence.com\/wp-content\/uploads\/2024\/04\/Capture-decran-2024-04-06-a-01.30.07.png\" class=\"attachment-full size-full wp-image-1067\" alt=\"\" srcset=\"https:\/\/toyinfluence.com\/wp-content\/uploads\/2024\/04\/Capture-decran-2024-04-06-a-01.30.07.png 2324w, https:\/\/toyinfluence.com\/wp-content\/uploads\/2024\/04\/Capture-decran-2024-04-06-a-01.30.07-300x169.png 300w, https:\/\/toyinfluence.com\/wp-content\/uploads\/2024\/04\/Capture-decran-2024-04-06-a-01.30.07-1024x577.png 1024w, https:\/\/toyinfluence.com\/wp-content\/uploads\/2024\/04\/Capture-decran-2024-04-06-a-01.30.07-768x433.png 768w, https:\/\/toyinfluence.com\/wp-content\/uploads\/2024\/04\/Capture-decran-2024-04-06-a-01.30.07-1536x866.png 1536w, https:\/\/toyinfluence.com\/wp-content\/uploads\/2024\/04\/Capture-decran-2024-04-06-a-01.30.07-2048x1154.png 2048w, https:\/\/toyinfluence.com\/wp-content\/uploads\/2024\/04\/Capture-decran-2024-04-06-a-01.30.07-18x10.png 18w\" sizes=\"(max-width: 2324px) 100vw, 2324px\" \/>\t\t\t\t\t\t\t\t<\/a>\n\t\t\t\t\t\t\t\t\t\t\t\t\t\t\t<\/div>\n\t\t\t\t<\/div>\n\t\t\t\t<\/div>\n\t\t\t\t\t<\/div>\n\t\t\t\t<\/div>\n\t\t<div class=\"elementor-element elementor-element-85bd800 e-flex e-con-boxed e-con e-parent\" data-id=\"85bd800\" data-element_type=\"container\" data-e-type=\"container\">\n\t\t\t\t\t<div class=\"e-con-inner\">\n\t\t<div class=\"elementor-element elementor-element-da9328f e-flex e-con-boxed e-con e-child\" data-id=\"da9328f\" data-element_type=\"container\" data-e-type=\"container\">\n\t\t\t\t\t<div class=\"e-con-inner\">\n\t\t\t\t<div class=\"elementor-element elementor-element-7e95c24 elementor-widget elementor-widget-heading\" data-id=\"7e95c24\" data-element_type=\"widget\" data-e-type=\"widget\" data-widget_type=\"heading.default\">\n\t\t\t\t<div class=\"elementor-widget-container\">\n\t\t\t\t\t<h2 class=\"elementor-heading-title elementor-size-default\">Join our community\n<\/h2>\t\t\t\t<\/div>\n\t\t\t\t<\/div>\n\t\t\t\t<div class=\"elementor-element elementor-element-2ef3551 elementor-widget elementor-widget-heading\" data-id=\"2ef3551\" data-element_type=\"widget\" data-e-type=\"widget\" data-widget_type=\"heading.default\">\n\t\t\t\t<div class=\"elementor-widget-container\">\n\t\t\t\t\t<p class=\"elementor-heading-title elementor-size-default\">We invite you to explore our many interviews below. To make sure you don't miss any of our future meetings, subscribe to our YouTube channel and follow us on our social networks. If you have any queries or would like to work with us, please don't hesitate to contact Yann by email.<\/p>\t\t\t\t<\/div>\n\t\t\t\t<\/div>\n\t\t\t\t<div class=\"elementor-element elementor-element-0c46868 elementor-widget elementor-widget-button\" data-id=\"0c46868\" data-element_type=\"widget\" data-e-type=\"widget\" data-widget_type=\"button.default\">\n\t\t\t\t<div class=\"elementor-widget-container\">\n\t\t\t\t\t\t\t\t\t<div class=\"elementor-button-wrapper\">\n\t\t\t\t\t<a class=\"elementor-button elementor-button-link elementor-size-sm\" href=\"mailto:yann@toyinfluence.com\" target=\"_blank\">\n\t\t\t\t\t\t<span class=\"elementor-button-content-wrapper\">\n\t\t\t\t\t\t<span class=\"elementor-button-icon\">\n\t\t\t\t<i aria-hidden=\"true\" class=\"fas fa-envelope\"><\/i>\t\t\t<\/span>\n\t\t\t\t\t\t\t\t\t<span class=\"elementor-button-text\">yann@toyinfluence.com<\/span>\n\t\t\t\t\t<\/span>\n\t\t\t\t\t<\/a>\n\t\t\t\t<\/div>\n\t\t\t\t\t\t\t\t<\/div>\n\t\t\t\t<\/div>\n\t\t\t\t\t<\/div>\n\t\t\t\t<\/div>\n\t\t\t\t\t<\/div>\n\t\t\t\t<\/div>\n\t\t\t\t<\/div>","protected":false},"excerpt":{"rendered":"<p>French Toy Rendez-Vous La rencontre des experts du jouet avec Yann Fresnel Bienvenue sur French Toy Rendez-Vous D\u00e9couvrez un espace d\u00e9di\u00e9 \u00e0 l&rsquo;exploration de l&rsquo;industrie du jouet \u00e0 travers les yeux d&rsquo;experts internationaux. Anim\u00e9 par Yann Fresnel, sp\u00e9cialiste reconnu du secteur, chaque \u00e9pisode de French Toy Rendez-Vous vous invite \u00e0 d\u00e9couvrir les coulisses du monde [&hellip;]<\/p>\n","protected":false},"author":1,"featured_media":0,"parent":0,"menu_order":0,"comment_status":"closed","ping_status":"closed","template":"elementor_header_footer","meta":{"footnotes":""},"categories":[],"class_list":["post-988","page","type-page","status-publish","hentry"],"yoast_head":"<!-- This site is optimized with the Yoast SEO plugin v27.4 - https:\/\/yoast.com\/product\/yoast-seo-wordpress\/ -->\n<title>French Toy Rendez-Vous : La rencontre des experts du jouet avec Yann Fresnel - Toy Influence<\/title>\n<meta name=\"description\" content=\"Plongez dans l&#039;univers du jouet avec les interviews exclusives de French Toy Rendez-Vous par Yann Fresnel, o\u00f9 passion et expertise se rencontrent.\" \/>\n<meta name=\"robots\" content=\"index, follow, max-snippet:-1, max-image-preview:large, max-video-preview:-1\" \/>\n<link rel=\"canonical\" href=\"https:\/\/toyinfluence.com\/en\/french-toy-rendez-vous-la-rencontre-des-experts-du-jouet-avec-yann-fresnel\/\" \/>\n<meta property=\"og:locale\" content=\"en_GB\" \/>\n<meta property=\"og:type\" content=\"article\" \/>\n<meta property=\"og:title\" content=\"French Toy Rendez-Vous : La rencontre des experts du jouet avec Yann Fresnel - Toy Influence\" \/>\n<meta property=\"og:description\" content=\"Plongez dans l&#039;univers du jouet avec les interviews exclusives de French Toy Rendez-Vous par Yann Fresnel, o\u00f9 passion et expertise se rencontrent.\" \/>\n<meta property=\"og:url\" content=\"https:\/\/toyinfluence.com\/en\/french-toy-rendez-vous-la-rencontre-des-experts-du-jouet-avec-yann-fresnel\/\" \/>\n<meta property=\"og:site_name\" content=\"Toy Influence\" \/>\n<meta property=\"article:modified_time\" content=\"2024-04-15T14:11:45+00:00\" \/>\n<meta property=\"og:image\" content=\"https:\/\/toyinfluence.com\/wp-content\/uploads\/2024\/04\/Capture-decran-2024-04-06-a-01.30.07.png\" \/>\n<meta name=\"twitter:card\" content=\"summary_large_image\" \/>\n<meta name=\"twitter:label1\" content=\"Estimated reading time\" \/>\n\t<meta name=\"twitter:data1\" content=\"2 minutes\" \/>\n<script type=\"application\/ld+json\" class=\"yoast-schema-graph\">{\"@context\":\"https:\\\/\\\/schema.org\",\"@graph\":[{\"@type\":\"WebPage\",\"@id\":\"https:\\\/\\\/toyinfluence.com\\\/french-toy-rendez-vous-la-rencontre-des-experts-du-jouet-avec-yann-fresnel\\\/\",\"url\":\"https:\\\/\\\/toyinfluence.com\\\/french-toy-rendez-vous-la-rencontre-des-experts-du-jouet-avec-yann-fresnel\\\/\",\"name\":\"French Toy Rendez-Vous : La rencontre des experts du jouet avec Yann Fresnel - Toy Influence\",\"isPartOf\":{\"@id\":\"https:\\\/\\\/toyinfluence.com\\\/#website\"},\"primaryImageOfPage\":{\"@id\":\"https:\\\/\\\/toyinfluence.com\\\/french-toy-rendez-vous-la-rencontre-des-experts-du-jouet-avec-yann-fresnel\\\/#primaryimage\"},\"image\":{\"@id\":\"https:\\\/\\\/toyinfluence.com\\\/french-toy-rendez-vous-la-rencontre-des-experts-du-jouet-avec-yann-fresnel\\\/#primaryimage\"},\"thumbnailUrl\":\"https:\\\/\\\/toyinfluence.com\\\/wp-content\\\/uploads\\\/2024\\\/04\\\/Capture-decran-2024-04-06-a-01.30.07.png\",\"datePublished\":\"2024-04-03T15:44:07+00:00\",\"dateModified\":\"2024-04-15T14:11:45+00:00\",\"description\":\"Plongez dans l'univers du jouet avec les interviews exclusives de French Toy Rendez-Vous par Yann Fresnel, o\u00f9 passion et expertise se rencontrent.\",\"breadcrumb\":{\"@id\":\"https:\\\/\\\/toyinfluence.com\\\/french-toy-rendez-vous-la-rencontre-des-experts-du-jouet-avec-yann-fresnel\\\/#breadcrumb\"},\"inLanguage\":\"en-GB\",\"potentialAction\":[{\"@type\":\"ReadAction\",\"target\":[\"https:\\\/\\\/toyinfluence.com\\\/french-toy-rendez-vous-la-rencontre-des-experts-du-jouet-avec-yann-fresnel\\\/\"]}]},{\"@type\":\"ImageObject\",\"inLanguage\":\"en-GB\",\"@id\":\"https:\\\/\\\/toyinfluence.com\\\/french-toy-rendez-vous-la-rencontre-des-experts-du-jouet-avec-yann-fresnel\\\/#primaryimage\",\"url\":\"https:\\\/\\\/toyinfluence.com\\\/wp-content\\\/uploads\\\/2024\\\/04\\\/Capture-decran-2024-04-06-a-01.30.07.png\",\"contentUrl\":\"https:\\\/\\\/toyinfluence.com\\\/wp-content\\\/uploads\\\/2024\\\/04\\\/Capture-decran-2024-04-06-a-01.30.07.png\"},{\"@type\":\"BreadcrumbList\",\"@id\":\"https:\\\/\\\/toyinfluence.com\\\/french-toy-rendez-vous-la-rencontre-des-experts-du-jouet-avec-yann-fresnel\\\/#breadcrumb\",\"itemListElement\":[{\"@type\":\"ListItem\",\"position\":1,\"name\":\"Accueil\",\"item\":\"https:\\\/\\\/toyinfluence.com\\\/\"},{\"@type\":\"ListItem\",\"position\":2,\"name\":\"French Toy Rendez-Vous : La rencontre des experts du jouet avec Yann Fresnel\"}]},{\"@type\":\"WebSite\",\"@id\":\"https:\\\/\\\/toyinfluence.com\\\/#website\",\"url\":\"https:\\\/\\\/toyinfluence.com\\\/\",\"name\":\"Toy Influence\",\"description\":\"\",\"potentialAction\":[{\"@type\":\"SearchAction\",\"target\":{\"@type\":\"EntryPoint\",\"urlTemplate\":\"https:\\\/\\\/toyinfluence.com\\\/?s={search_term_string}\"},\"query-input\":{\"@type\":\"PropertyValueSpecification\",\"valueRequired\":true,\"valueName\":\"search_term_string\"}}],\"inLanguage\":\"en-GB\"}]}<\/script>\n<!-- \/ Yoast SEO plugin. -->","yoast_head_json":{"title":"French Toy Rendez-Vous : Toy experts meet with Yann Fresnel - Toy Influence","description":"Dive into the world of toys with Yann Fresnel's exclusive French Toy Rendez-Vous interviews, where passion and expertise meet.","robots":{"index":"index","follow":"follow","max-snippet":"max-snippet:-1","max-image-preview":"max-image-preview:large","max-video-preview":"max-video-preview:-1"},"canonical":"https:\/\/toyinfluence.com\/en\/french-toy-rendez-vous-la-rencontre-des-experts-du-jouet-avec-yann-fresnel\/","og_locale":"en_GB","og_type":"article","og_title":"French Toy Rendez-Vous : La rencontre des experts du jouet avec Yann Fresnel - Toy Influence","og_description":"Plongez dans l'univers du jouet avec les interviews exclusives de French Toy Rendez-Vous par Yann Fresnel, o\u00f9 passion et expertise se rencontrent.","og_url":"https:\/\/toyinfluence.com\/en\/french-toy-rendez-vous-la-rencontre-des-experts-du-jouet-avec-yann-fresnel\/","og_site_name":"Toy Influence","article_modified_time":"2024-04-15T14:11:45+00:00","og_image":[{"url":"https:\/\/toyinfluence.com\/wp-content\/uploads\/2024\/04\/Capture-decran-2024-04-06-a-01.30.07.png","type":"","width":"","height":""}],"twitter_card":"summary_large_image","twitter_misc":{"Estimated reading time":"2 minutes"},"schema":{"@context":"https:\/\/schema.org","@graph":[{"@type":"WebPage","@id":"https:\/\/toyinfluence.com\/french-toy-rendez-vous-la-rencontre-des-experts-du-jouet-avec-yann-fresnel\/","url":"https:\/\/toyinfluence.com\/french-toy-rendez-vous-la-rencontre-des-experts-du-jouet-avec-yann-fresnel\/","name":"French Toy Rendez-Vous : Toy experts meet with Yann Fresnel - Toy Influence","isPartOf":{"@id":"https:\/\/toyinfluence.com\/#website"},"primaryImageOfPage":{"@id":"https:\/\/toyinfluence.com\/french-toy-rendez-vous-la-rencontre-des-experts-du-jouet-avec-yann-fresnel\/#primaryimage"},"image":{"@id":"https:\/\/toyinfluence.com\/french-toy-rendez-vous-la-rencontre-des-experts-du-jouet-avec-yann-fresnel\/#primaryimage"},"thumbnailUrl":"https:\/\/toyinfluence.com\/wp-content\/uploads\/2024\/04\/Capture-decran-2024-04-06-a-01.30.07.png","datePublished":"2024-04-03T15:44:07+00:00","dateModified":"2024-04-15T14:11:45+00:00","description":"Dive into the world of toys with Yann Fresnel's exclusive French Toy Rendez-Vous interviews, where passion and expertise meet.","breadcrumb":{"@id":"https:\/\/toyinfluence.com\/french-toy-rendez-vous-la-rencontre-des-experts-du-jouet-avec-yann-fresnel\/#breadcrumb"},"inLanguage":"en-GB","potentialAction":[{"@type":"ReadAction","target":["https:\/\/toyinfluence.com\/french-toy-rendez-vous-la-rencontre-des-experts-du-jouet-avec-yann-fresnel\/"]}]},{"@type":"ImageObject","inLanguage":"en-GB","@id":"https:\/\/toyinfluence.com\/french-toy-rendez-vous-la-rencontre-des-experts-du-jouet-avec-yann-fresnel\/#primaryimage","url":"https:\/\/toyinfluence.com\/wp-content\/uploads\/2024\/04\/Capture-decran-2024-04-06-a-01.30.07.png","contentUrl":"https:\/\/toyinfluence.com\/wp-content\/uploads\/2024\/04\/Capture-decran-2024-04-06-a-01.30.07.png"},{"@type":"BreadcrumbList","@id":"https:\/\/toyinfluence.com\/french-toy-rendez-vous-la-rencontre-des-experts-du-jouet-avec-yann-fresnel\/#breadcrumb","itemListElement":[{"@type":"ListItem","position":1,"name":"Accueil","item":"https:\/\/toyinfluence.com\/"},{"@type":"ListItem","position":2,"name":"French Toy Rendez-Vous : La rencontre des experts du jouet avec Yann Fresnel"}]},{"@type":"WebSite","@id":"https:\/\/toyinfluence.com\/#website","url":"https:\/\/toyinfluence.com\/","name":"Toy Influence","description":"","potentialAction":[{"@type":"SearchAction","target":{"@type":"EntryPoint","urlTemplate":"https:\/\/toyinfluence.com\/?s={search_term_string}"},"query-input":{"@type":"PropertyValueSpecification","valueRequired":true,"valueName":"search_term_string"}}],"inLanguage":"en-GB"}]}},"_links":{"self":[{"href":"https:\/\/toyinfluence.com\/en\/wp-json\/wp\/v2\/pages\/988","targetHints":{"allow":["GET"]}}],"collection":[{"href":"https:\/\/toyinfluence.com\/en\/wp-json\/wp\/v2\/pages"}],"about":[{"href":"https:\/\/toyinfluence.com\/en\/wp-json\/wp\/v2\/types\/page"}],"author":[{"embeddable":true,"href":"https:\/\/toyinfluence.com\/en\/wp-json\/wp\/v2\/users\/1"}],"replies":[{"embeddable":true,"href":"https:\/\/toyinfluence.com\/en\/wp-json\/wp\/v2\/comments?post=988"}],"version-history":[{"count":34,"href":"https:\/\/toyinfluence.com\/en\/wp-json\/wp\/v2\/pages\/988\/revisions"}],"predecessor-version":[{"id":1073,"href":"https:\/\/toyinfluence.com\/en\/wp-json\/wp\/v2\/pages\/988\/revisions\/1073"}],"wp:attachment":[{"href":"https:\/\/toyinfluence.com\/en\/wp-json\/wp\/v2\/media?parent=988"}],"wp:term":[{"taxonomy":"category","embeddable":true,"href":"https:\/\/toyinfluence.com\/en\/wp-json\/wp\/v2\/categories?post=988"}],"curies":[{"name":"wp","href":"https:\/\/api.w.org\/{rel}","templated":true}]}}