{"id":320,"date":"2022-05-03T20:32:49","date_gmt":"2022-05-03T20:32:49","guid":{"rendered":"https:\/\/toyinfluence.com\/?page_id=320"},"modified":"2022-05-04T14:27:02","modified_gmt":"2022-05-04T14:27:02","slug":"mentions-legales","status":"publish","type":"page","link":"https:\/\/toyinfluence.com\/en\/mentions-legales\/","title":{"rendered":"Legal Notice"},"content":{"rendered":"<div data-elementor-type=\"wp-page\" data-elementor-id=\"320\" class=\"elementor elementor-320\" data-elementor-post-type=\"page\">\n\t\t\t\t\t\t<section class=\"elementor-section elementor-top-section elementor-element elementor-element-fe8cb58 elementor-section-height-min-height elementor-section-boxed elementor-section-height-default elementor-section-items-middle\" data-id=\"fe8cb58\" data-element_type=\"section\" data-e-type=\"section\" data-settings=\"{&quot;background_background&quot;:&quot;classic&quot;}\">\n\t\t\t\t\t\t<div class=\"elementor-container elementor-column-gap-default\">\n\t\t\t\t\t<div class=\"elementor-column elementor-col-100 elementor-top-column elementor-element elementor-element-497fd35\" data-id=\"497fd35\" data-element_type=\"column\" data-e-type=\"column\">\n\t\t\t<div class=\"elementor-widget-wrap elementor-element-populated\">\n\t\t\t\t\t\t<div class=\"elementor-element elementor-element-e42ec0a elementor-align-center elementor-widget elementor-widget-button\" data-id=\"e42ec0a\" data-element_type=\"widget\" data-e-type=\"widget\" data-widget_type=\"button.default\">\n\t\t\t\t<div class=\"elementor-widget-container\">\n\t\t\t\t\t\t\t\t\t<div class=\"elementor-button-wrapper\">\n\t\t\t\t\t<a class=\"elementor-button elementor-size-lg\" role=\"button\">\n\t\t\t\t\t\t<span class=\"elementor-button-content-wrapper\">\n\t\t\t\t\t\t\t\t\t<span class=\"elementor-button-text\">Legal Notice<\/span>\n\t\t\t\t\t<\/span>\n\t\t\t\t\t<\/a>\n\t\t\t\t<\/div>\n\t\t\t\t\t\t\t\t<\/div>\n\t\t\t\t<\/div>\n\t\t\t\t\t<\/div>\n\t\t<\/div>\n\t\t\t\t\t<\/div>\n\t\t<\/section>\n\t\t\t\t<section class=\"elementor-section elementor-top-section elementor-element elementor-element-4c025e0 elementor-section-boxed elementor-section-height-default elementor-section-height-default\" data-id=\"4c025e0\" data-element_type=\"section\" data-e-type=\"section\">\n\t\t\t\t\t\t<div class=\"elementor-container elementor-column-gap-default\">\n\t\t\t\t\t<div class=\"elementor-column elementor-col-100 elementor-top-column elementor-element elementor-element-9e4d9df\" data-id=\"9e4d9df\" data-element_type=\"column\" data-e-type=\"column\">\n\t\t\t<div class=\"elementor-widget-wrap elementor-element-populated\">\n\t\t\t\t\t\t<div class=\"elementor-element elementor-element-3fdefbd asdfghjk elementor-widget elementor-widget-text-editor\" data-id=\"3fdefbd\" data-element_type=\"widget\" data-e-type=\"widget\" data-widget_type=\"text-editor.default\">\n\t\t\t\t<div class=\"elementor-widget-container\">\n\t\t\t\t\t\t\t\t\t<p style=\"text-align: justify;\">In accordance with the provisions of Articles 6-III and 19 of Law No. 2004-575 of June 21, 2004 on Confidence in the Digital Economy, known as L.C.E.N., we bring to the attention of users and visitors to the site: <a href=\"http:\/\/toyinfluence.com\/en\/\" target=\"_blank\" rel=\"noopener\">toyinfluence.com<\/a> the following information :<\/p><p style=\"text-align: justify;\"><strong>1. Legal information:<\/strong><\/p><p style=\"text-align: justify;\">Owner status: <strong>particular<\/strong><br \/>The Owner is : <strong>Yann FRESNEL<\/strong><br \/>Owner's postal address : <strong>1 rue du Buisson 69250 Fleurieu sur Saone<\/strong><\/p><p>The site creator is : <strong>Yohann Deprez<\/strong><br \/>The person responsible for the publication is : <strong>Yann FRESNEL<\/strong><br \/>Contact the person responsible for the publication : <strong>yann@toyinfluence.com<\/strong><br \/>The person responsible for the publication is<strong>\u00a0natural person<\/strong><\/p><p>The Webmaster is : <strong>Yohann Deprez<\/strong><br \/>Contact the Webmaster :\u00a0 <strong><a href=\"mailto:contact@yohanndeprez.fr?subject=Contact a partir des mentions l\u00c3\u00a9gales via le site toyinfluence.com\">contact@yohanndeprez.fr<\/a><\/strong><br \/>The website host is : <strong>IONOS 7 PLACE DE LA GARE 57200 SARREGUEMINES<\/strong><\/p><p style=\"text-align: justify;\"><strong>2. Presentation and principle:<\/strong><\/p><p style=\"text-align: justify;\">Hereinafter referred to as : <strong>User<\/strong>Any Internet user connecting to and using the aforementioned site: <a href=\"http:\/\/toyinfluence.com\/en\/\" target=\"_blank\" rel=\"noopener\">toyinfluence.com<\/a>.<br \/>The website <strong>toyinfluence.com<\/strong> is a set of services, as is, made available to users. It is hereby specified that users must remain courteous and show good faith towards other users as well as towards the toyinfluence.com webmaster. The toyinfluence.com website is regularly updated by Yohann Deprez.<br \/>Yann FRESNEL strives to provide the most accurate information possible on the toyinfluence.com site (subject to changes made since it was put online), but cannot guarantee the accuracy, completeness and timeliness of the information disseminated on its site, whether by itself or by the third party partners who provide it with this information. Consequently, the user acknowledges using this information given (for information only, non-exhaustive and liable to change) under his exclusive responsibility.<\/p><p style=\"text-align: justify;\"><strong>3. Accessibility:<\/strong><\/p><p>The toyinfluence.com site is in principle accessible to users 24 hours a day, 7 days a week, except for interruption, scheduled or not, for the purposes of its maintenance or in the event of force majeure. In the event of impossibility of access to the service, toyinfluence.com undertakes to do its utmost to restore access to the service and will then endeavor to communicate to users beforehand the dates and times of the intervention. Being subject only to an obligation of means, toyinfluence.com cannot be held responsible for any damage, whatever its nature, resulting from the unavailability of the service.<\/p><p style=\"text-align: justify;\"><strong>4. Intellectual property :<\/strong><\/p><p style=\"text-align: justify;\">Yann FRESNEL is the exclusive owner of all the intellectual property rights or holds the rights of use on all the elements accessible on the site, both on the structure and on the texts, images, graphics, logos, icons, sounds and software...<br \/>Any total or partial reproduction of the toyinfluence.com website, representation, modification, publication, total or partial adaptation of any of these elements, whatever the means or process used, is forbidden without the prior written authorisation of Yann FRESNEL, owner of the website at the following email address: contact@yohanndeprez.fr, failing which it will be considered as constituting an infringement and liable to prosecution in accordance with the provisions of articles L.335-2 et seq. of the French Intellectual Property Code.<\/p><p style=\"text-align: justify;\"><strong>5. Hyperlinks and cookies :<\/strong><\/p><p>The toyinfluence.com site contains a number of hypertext links to other sites (partners, information, etc.) set up with the authorisation of Yann FRESNEL. However, Yann FRESNEL is not in a position to check the entire content of sites visited in this way and therefore declines all responsibility for any risks of illicit content.<br \/>Users are informed that during their visits to the toyinfluence.com website, one or more cookies may be automatically installed on their computer via their browser software. A cookie is a block of data which does not allow the user to be identified, but which records information relating to the user's browsing on the site.\u00a0<br \/>You can set your browser to notify you of the presence of cookies and, if necessary, refuse them as described at the following address: <a href=\"http:\/\/www.cnil.fr\">www.cnil.fr<\/a>. Users may, however, configure their browser to refuse the installation of cookies, bearing in mind that refusing to install a cookie may mean that they are unable to access certain services. To block cookies, type the following into your search engine: block cookies under IE or Firefox and follow the instructions depending on your version.<\/p><p style=\"text-align: justify;\"><strong>6. Protection of people and property - management of personal data :<\/strong><\/p><p>In France, personal data is protected by law no. 78-87 of 6 January 1978, law no. 2004-801 of 6 August 2004, article L. 226-13 of the Criminal Code and the European Directive of 24 October 1995.<\/p><p style=\"text-align: justify;\">On the toyinfluence.com website, Yann FRESNEL only collects personal information (in accordance with Article 4 of Law No. 78-17 of 06 January 1978) relating to the user for the purposes of certain services offered by the toyinfluence.com website. Users provide this information with full knowledge of the facts, particularly when they enter it themselves. Users of the toyinfluence.com website are then informed whether or not they are required to provide this information.<br \/>In accordance with the provisions of Articles 38 et seq. of Law 78-17 of 6 January 1978 on Data Processing, Data Files and Individual Liberties, all users have the right to access, rectify, delete and oppose any personal data concerning them. To exercise this right, send your request to toyinfluence.com by email : <strong><a href=\"mailto:contact@yohanndeprez.fr?subject=Contact \u00ef\u00bf\u00bd partir des mentions l\u00ef\u00bf\u00bdgales via le site toyinfluence.com\">yann@toyinfluence.com<\/a><\/strong> or in writing, duly signed, accompanied by a copy of the identity document with the signature of the document holder, specifying the address to which the reply should be sent.<\/p><p style=\"text-align: justify;\">No personal information of the user of the toyinfluence.com site is published without the knowledge of the user, exchanged, transferred, assigned or sold on any medium whatsoever to third parties. Only the assumption of redemption of the site toyinfluence.com and its rights authorizes Yann FRESNEL to transmit the said information to the prospective purchaser who would in turn be bound by the same obligation to store and modify data with respect to the user of the toyinfluence.com website.<br \/>The toyinfluence.com website complies with the RGPD.<\/p><p style=\"text-align: justify;\">The databases are protected by the provisions of the law of July 1, 1998 transposing directive 96\/9 of March 11, 1996 relating to the legal protection of databases.<\/p>\t\t\t\t\t\t\t\t<\/div>\n\t\t\t\t<\/div>\n\t\t\t\t\t<\/div>\n\t\t<\/div>\n\t\t\t\t\t<\/div>\n\t\t<\/section>\n\t\t\t\t<\/div>","protected":false},"excerpt":{"rendered":"<p>Conform\u00e9ment aux dispositions des articles 6-III et 19 de la Loi n\u00b0 2004-575 du 21 juin 2004 pour la Confiance dans l&rsquo;\u00e9conomie num\u00e9rique, dite L.C.E.N., nous portons \u00e0 la connaissance des utilisateurs et visiteurs du site : toyinfluence.com les informations suivantes : 1. Informations l\u00e9gales : Statut du propri\u00e9taire : particulierLe Propri\u00e9taire est : Yann [&hellip;]<\/p>\n","protected":false},"author":1,"featured_media":0,"parent":0,"menu_order":0,"comment_status":"closed","ping_status":"closed","template":"elementor_header_footer","meta":{"footnotes":""},"categories":[],"class_list":["post-320","page","type-page","status-publish","hentry"],"yoast_head":"<!-- This site is optimized with the Yoast SEO plugin v27.4 - https:\/\/yoast.com\/product\/yoast-seo-wordpress\/ -->\n<title>Mentions l\u00e9gales - Toy Influence<\/title>\n<meta name=\"robots\" content=\"index, follow, max-snippet:-1, max-image-preview:large, max-video-preview:-1\" \/>\n<link rel=\"canonical\" href=\"https:\/\/toyinfluence.com\/en\/mentions-legales\/\" \/>\n<meta property=\"og:locale\" content=\"en_GB\" \/>\n<meta property=\"og:type\" content=\"article\" \/>\n<meta property=\"og:title\" content=\"Mentions l\u00e9gales - Toy Influence\" \/>\n<meta property=\"og:description\" content=\"Conform\u00e9ment aux dispositions des articles 6-III et 19 de la Loi n\u00b0 2004-575 du 21 juin 2004 pour la Confiance dans l&rsquo;\u00e9conomie num\u00e9rique, dite L.C.E.N., nous portons \u00e0 la connaissance des utilisateurs et visiteurs du site : toyinfluence.com les informations suivantes : 1. Informations l\u00e9gales : Statut du propri\u00e9taire : particulierLe Propri\u00e9taire est : Yann [&hellip;]\" \/>\n<meta property=\"og:url\" content=\"https:\/\/toyinfluence.com\/en\/mentions-legales\/\" \/>\n<meta property=\"og:site_name\" content=\"Toy Influence\" \/>\n<meta property=\"article:modified_time\" content=\"2022-05-04T14:27:02+00:00\" \/>\n<meta name=\"twitter:card\" content=\"summary_large_image\" \/>\n<meta name=\"twitter:label1\" content=\"Estimated reading time\" \/>\n\t<meta name=\"twitter:data1\" content=\"5 minutes\" \/>\n<script type=\"application\/ld+json\" class=\"yoast-schema-graph\">{\"@context\":\"https:\\\/\\\/schema.org\",\"@graph\":[{\"@type\":\"WebPage\",\"@id\":\"https:\\\/\\\/toyinfluence.com\\\/mentions-legales\\\/\",\"url\":\"https:\\\/\\\/toyinfluence.com\\\/mentions-legales\\\/\",\"name\":\"Mentions l\u00e9gales - Toy Influence\",\"isPartOf\":{\"@id\":\"https:\\\/\\\/toyinfluence.com\\\/#website\"},\"datePublished\":\"2022-05-03T20:32:49+00:00\",\"dateModified\":\"2022-05-04T14:27:02+00:00\",\"breadcrumb\":{\"@id\":\"https:\\\/\\\/toyinfluence.com\\\/mentions-legales\\\/#breadcrumb\"},\"inLanguage\":\"en-GB\",\"potentialAction\":[{\"@type\":\"ReadAction\",\"target\":[\"https:\\\/\\\/toyinfluence.com\\\/mentions-legales\\\/\"]}]},{\"@type\":\"BreadcrumbList\",\"@id\":\"https:\\\/\\\/toyinfluence.com\\\/mentions-legales\\\/#breadcrumb\",\"itemListElement\":[{\"@type\":\"ListItem\",\"position\":1,\"name\":\"Accueil\",\"item\":\"https:\\\/\\\/toyinfluence.com\\\/\"},{\"@type\":\"ListItem\",\"position\":2,\"name\":\"Mentions l\u00e9gales\"}]},{\"@type\":\"WebSite\",\"@id\":\"https:\\\/\\\/toyinfluence.com\\\/#website\",\"url\":\"https:\\\/\\\/toyinfluence.com\\\/\",\"name\":\"Toy Influence\",\"description\":\"\",\"potentialAction\":[{\"@type\":\"SearchAction\",\"target\":{\"@type\":\"EntryPoint\",\"urlTemplate\":\"https:\\\/\\\/toyinfluence.com\\\/?s={search_term_string}\"},\"query-input\":{\"@type\":\"PropertyValueSpecification\",\"valueRequired\":true,\"valueName\":\"search_term_string\"}}],\"inLanguage\":\"en-GB\"}]}<\/script>\n<!-- \/ Yoast SEO plugin. -->","yoast_head_json":{"title":"Legal information - Toy Influence","robots":{"index":"index","follow":"follow","max-snippet":"max-snippet:-1","max-image-preview":"max-image-preview:large","max-video-preview":"max-video-preview:-1"},"canonical":"https:\/\/toyinfluence.com\/en\/mentions-legales\/","og_locale":"en_GB","og_type":"article","og_title":"Mentions l\u00e9gales - Toy Influence","og_description":"Conform\u00e9ment aux dispositions des articles 6-III et 19 de la Loi n\u00b0 2004-575 du 21 juin 2004 pour la Confiance dans l&rsquo;\u00e9conomie num\u00e9rique, dite L.C.E.N., nous portons \u00e0 la connaissance des utilisateurs et visiteurs du site : toyinfluence.com les informations suivantes : 1. Informations l\u00e9gales : Statut du propri\u00e9taire : particulierLe Propri\u00e9taire est : Yann [&hellip;]","og_url":"https:\/\/toyinfluence.com\/en\/mentions-legales\/","og_site_name":"Toy Influence","article_modified_time":"2022-05-04T14:27:02+00:00","twitter_card":"summary_large_image","twitter_misc":{"Estimated reading time":"5 minutes"},"schema":{"@context":"https:\/\/schema.org","@graph":[{"@type":"WebPage","@id":"https:\/\/toyinfluence.com\/mentions-legales\/","url":"https:\/\/toyinfluence.com\/mentions-legales\/","name":"Legal information - Toy Influence","isPartOf":{"@id":"https:\/\/toyinfluence.com\/#website"},"datePublished":"2022-05-03T20:32:49+00:00","dateModified":"2022-05-04T14:27:02+00:00","breadcrumb":{"@id":"https:\/\/toyinfluence.com\/mentions-legales\/#breadcrumb"},"inLanguage":"en-GB","potentialAction":[{"@type":"ReadAction","target":["https:\/\/toyinfluence.com\/mentions-legales\/"]}]},{"@type":"BreadcrumbList","@id":"https:\/\/toyinfluence.com\/mentions-legales\/#breadcrumb","itemListElement":[{"@type":"ListItem","position":1,"name":"Accueil","item":"https:\/\/toyinfluence.com\/"},{"@type":"ListItem","position":2,"name":"Mentions l\u00e9gales"}]},{"@type":"WebSite","@id":"https:\/\/toyinfluence.com\/#website","url":"https:\/\/toyinfluence.com\/","name":"Toy Influence","description":"","potentialAction":[{"@type":"SearchAction","target":{"@type":"EntryPoint","urlTemplate":"https:\/\/toyinfluence.com\/?s={search_term_string}"},"query-input":{"@type":"PropertyValueSpecification","valueRequired":true,"valueName":"search_term_string"}}],"inLanguage":"en-GB"}]}},"_links":{"self":[{"href":"https:\/\/toyinfluence.com\/en\/wp-json\/wp\/v2\/pages\/320","targetHints":{"allow":["GET"]}}],"collection":[{"href":"https:\/\/toyinfluence.com\/en\/wp-json\/wp\/v2\/pages"}],"about":[{"href":"https:\/\/toyinfluence.com\/en\/wp-json\/wp\/v2\/types\/page"}],"author":[{"embeddable":true,"href":"https:\/\/toyinfluence.com\/en\/wp-json\/wp\/v2\/users\/1"}],"replies":[{"embeddable":true,"href":"https:\/\/toyinfluence.com\/en\/wp-json\/wp\/v2\/comments?post=320"}],"version-history":[{"count":25,"href":"https:\/\/toyinfluence.com\/en\/wp-json\/wp\/v2\/pages\/320\/revisions"}],"predecessor-version":[{"id":380,"href":"https:\/\/toyinfluence.com\/en\/wp-json\/wp\/v2\/pages\/320\/revisions\/380"}],"wp:attachment":[{"href":"https:\/\/toyinfluence.com\/en\/wp-json\/wp\/v2\/media?parent=320"}],"wp:term":[{"taxonomy":"category","embeddable":true,"href":"https:\/\/toyinfluence.com\/en\/wp-json\/wp\/v2\/categories?post=320"}],"curies":[{"name":"wp","href":"https:\/\/api.w.org\/{rel}","templated":true}]}}