{"id":319,"date":"2022-05-03T20:32:03","date_gmt":"2022-05-03T20:32:03","guid":{"rendered":"https:\/\/toyinfluence.com\/?page_id=319"},"modified":"2022-05-03T21:39:35","modified_gmt":"2022-05-03T21:39:35","slug":"politique-de-confidentialite","status":"publish","type":"page","link":"https:\/\/toyinfluence.com\/en\/politique-de-confidentialite\/","title":{"rendered":"Privacy Policy"},"content":{"rendered":"<div data-elementor-type=\"wp-page\" data-elementor-id=\"319\" class=\"elementor elementor-319\" data-elementor-post-type=\"page\">\n\t\t\t\t\t\t<section class=\"elementor-section elementor-top-section elementor-element elementor-element-9e08555 elementor-section-height-min-height elementor-section-boxed elementor-section-height-default elementor-section-items-middle\" data-id=\"9e08555\" data-element_type=\"section\" data-e-type=\"section\" data-settings=\"{&quot;background_background&quot;:&quot;classic&quot;}\">\n\t\t\t\t\t\t<div class=\"elementor-container elementor-column-gap-default\">\n\t\t\t\t\t<div class=\"elementor-column elementor-col-100 elementor-top-column elementor-element elementor-element-e16f6e4\" data-id=\"e16f6e4\" data-element_type=\"column\" data-e-type=\"column\">\n\t\t\t<div class=\"elementor-widget-wrap elementor-element-populated\">\n\t\t\t\t\t\t<div class=\"elementor-element elementor-element-1fdf56c elementor-align-center elementor-widget elementor-widget-button\" data-id=\"1fdf56c\" data-element_type=\"widget\" data-e-type=\"widget\" data-widget_type=\"button.default\">\n\t\t\t\t<div class=\"elementor-widget-container\">\n\t\t\t\t\t\t\t\t\t<div class=\"elementor-button-wrapper\">\n\t\t\t\t\t<a class=\"elementor-button elementor-size-lg\" role=\"button\">\n\t\t\t\t\t\t<span class=\"elementor-button-content-wrapper\">\n\t\t\t\t\t\t\t\t\t<span class=\"elementor-button-text\">Privacy Policy<\/span>\n\t\t\t\t\t<\/span>\n\t\t\t\t\t<\/a>\n\t\t\t\t<\/div>\n\t\t\t\t\t\t\t\t<\/div>\n\t\t\t\t<\/div>\n\t\t\t\t\t<\/div>\n\t\t<\/div>\n\t\t\t\t\t<\/div>\n\t\t<\/section>\n\t\t\t\t<section class=\"elementor-section elementor-top-section elementor-element elementor-element-6067f32 elementor-section-boxed elementor-section-height-default elementor-section-height-default\" data-id=\"6067f32\" data-element_type=\"section\" data-e-type=\"section\">\n\t\t\t\t\t\t<div class=\"elementor-container elementor-column-gap-default\">\n\t\t\t\t\t<div class=\"elementor-column elementor-col-100 elementor-top-column elementor-element elementor-element-deb3646\" data-id=\"deb3646\" data-element_type=\"column\" data-e-type=\"column\">\n\t\t\t<div class=\"elementor-widget-wrap elementor-element-populated\">\n\t\t\t\t\t\t<div class=\"elementor-element elementor-element-fe810e8 elementor-widget elementor-widget-text-editor\" data-id=\"fe810e8\" data-element_type=\"widget\" data-e-type=\"widget\" data-widget_type=\"text-editor.default\">\n\t\t\t\t<div class=\"elementor-widget-container\">\n\t\t\t\t\t\t\t\t\t<p>The website https:\/\/toyinfluence.com is owned by TOY INFLUENCE, which is a data controller of your personal data.<\/p><p>We have adopted this Privacy Policy, which sets out how we treat information collected by https:\/\/toyinfluence.com, which also provides the reasons why we need to collect certain personal data about you. Therefore, you should read this privacy policy before using the https:\/\/toyinfluence.com website.<\/p><p>We take care of your personal data and are committed to ensuring its confidentiality and security.<\/p><p><b>The personal information we collect:<br \/><\/b>When you visit https:\/\/toyinfluence.com, we automatically collect certain information about your device, including information about your web browser, IP address, time zone, and some of the cookies installed on your device. Additionally, as you browse the Site, we collect information about the web pages or individual products you view, the websites or search terms that referred you to the Site, and how you interact with the Site. site. We refer to this automatically collected information as \u201cDevice Information\u201d. Additionally, we may collect the personal data you provide to us (including, but not limited to, first and last name, address, payment information, etc.) during registration so that we can perform the contract.<\/p><p><b>Why do we process your data?<br \/><\/b>Our top priority is the security of customer data and as such we can only process minimal user data, only insofar as it is absolutely necessary to maintain the website. The information collected automatically is used only to identify potential cases of abuse and to establish statistical information concerning the use of the website. This statistical information is not otherwise aggregated in such a way as to identify any particular user of the system.<\/p><p>You can visit the Website without telling us who you are or revealing any information by which someone could identify you as a specific, identifiable individual. However, if you wish to use certain features of the website, or if you wish to receive our newsletter or provide other details by filling in a form, you may provide us with personal data, such as your e-mail address, first name , your name, your city of residence, your organization, your telephone number. You can choose not to provide us with your personal data, but then you may not be able to take advantage of certain features of the website. For example, you will not be able to receive our newsletter or contact us directly from the website. Users who do not know which information is mandatory are invited to contact us via yann@toyinfluence.com.<\/p><p><b>Your rights :<br \/><\/b>If you are a European resident, you have the following rights related to your personal data:<\/p><p>The right to be informed.<br \/>The right of access.<br \/>The right to rectification.<br \/>The right to erasure.<br \/>The right to restrict processing.<br \/>The right to data portability.<br \/>The right to object.<br \/>Rights relating to automated decision-making and profiling.<br \/>If you wish to exercise this right, please contact us using the contact details below.<\/p><p>Additionally, if you are a European resident, we note that we are processing your information in order to perform contracts we might have with you (for example, if you place an order through the Site), or otherwise to continue our legitimate business interests listed above. Additionally, please note that your information may be transferred outside of Europe, including to Canada and the United States.<\/p><p><b>Links to other websites:<br \/><\/b>Our website may contain links to other websites which are not owned or controlled by us. Please be aware that we are not responsible for these other websites or the privacy practices of third parties. We encourage you to be aware when you leave our website and to read the privacy statements of each website that may collect personal information.<\/p><p><b>Information security :<br \/><\/b>We secure the information you provide on computer servers in a controlled, secure environment, protected from unauthorized access, use or disclosure. We maintain reasonable administrative, technical and physical safeguards to protect against unauthorized access, use, modification and disclosure of personal data in its control and custody. However, no data transmission over the Internet or wireless network can be guaranteed.<\/p><p><b>Legal Disclosure:<br \/><\/b>We will disclose any information we collect, use or receive if required or permitted to do so by law, such as to comply with a subpoena or similar legal process, and when we believe in good faith that disclosure is necessary to protect our rights, your safety or the safety of others, investigate fraud or respond to a government request.<\/p><p><b>Contact information :<br \/><\/b>If you wish to contact us to further understand this policy or if you wish to contact us regarding any questions relating to individual rights and your personal information, you can send an email to yann@toyinfluence.com.<\/p>\t\t\t\t\t\t\t\t<\/div>\n\t\t\t\t<\/div>\n\t\t\t\t\t<\/div>\n\t\t<\/div>\n\t\t\t\t\t<\/div>\n\t\t<\/section>\n\t\t\t\t<\/div>","protected":false},"excerpt":{"rendered":"<p>Le site web https:\/\/toyinfluence.com est d\u00e9tenu par TOY INFLUENCE, qui est un contr\u00f4leur de donn\u00e9es de vos donn\u00e9es personnelles. Nous avons adopt\u00e9 cette politique de confidentialit\u00e9, qui d\u00e9termine la mani\u00e8re dont nous traitons les informations collect\u00e9es par https:\/\/toyinfluence.com, qui fournit \u00e9galement les raisons pour lesquelles nous devons collecter certaines donn\u00e9es personnelles vous concernant. Par cons\u00e9quent, [&hellip;]<\/p>\n","protected":false},"author":1,"featured_media":0,"parent":0,"menu_order":0,"comment_status":"closed","ping_status":"closed","template":"elementor_header_footer","meta":{"footnotes":""},"categories":[],"class_list":["post-319","page","type-page","status-publish","hentry"],"yoast_head":"<!-- This site is optimized with the Yoast SEO plugin v27.5 - https:\/\/yoast.com\/product\/yoast-seo-wordpress\/ -->\n<title>Politique de confidentialit\u00e9 - Toy Influence<\/title>\n<meta name=\"robots\" content=\"index, follow, max-snippet:-1, max-image-preview:large, max-video-preview:-1\" \/>\n<link rel=\"canonical\" href=\"https:\/\/toyinfluence.com\/en\/politique-de-confidentialite\/\" \/>\n<meta property=\"og:locale\" content=\"en_GB\" \/>\n<meta property=\"og:type\" content=\"article\" \/>\n<meta property=\"og:title\" content=\"Politique de confidentialit\u00e9 - Toy Influence\" \/>\n<meta property=\"og:description\" content=\"Le site web https:\/\/toyinfluence.com est d\u00e9tenu par TOY INFLUENCE, qui est un contr\u00f4leur de donn\u00e9es de vos donn\u00e9es personnelles. Nous avons adopt\u00e9 cette politique de confidentialit\u00e9, qui d\u00e9termine la mani\u00e8re dont nous traitons les informations collect\u00e9es par https:\/\/toyinfluence.com, qui fournit \u00e9galement les raisons pour lesquelles nous devons collecter certaines donn\u00e9es personnelles vous concernant. Par cons\u00e9quent, [&hellip;]\" \/>\n<meta property=\"og:url\" content=\"https:\/\/toyinfluence.com\/en\/politique-de-confidentialite\/\" \/>\n<meta property=\"og:site_name\" content=\"Toy Influence\" \/>\n<meta property=\"article:modified_time\" content=\"2022-05-03T21:39:35+00:00\" \/>\n<meta name=\"twitter:card\" content=\"summary_large_image\" \/>\n<meta name=\"twitter:label1\" content=\"Estimated reading time\" \/>\n\t<meta name=\"twitter:data1\" content=\"1 minute\" \/>\n<script type=\"application\/ld+json\" class=\"yoast-schema-graph\">{\"@context\":\"https:\\\/\\\/schema.org\",\"@graph\":[{\"@type\":\"WebPage\",\"@id\":\"https:\\\/\\\/toyinfluence.com\\\/politique-de-confidentialite\\\/\",\"url\":\"https:\\\/\\\/toyinfluence.com\\\/politique-de-confidentialite\\\/\",\"name\":\"Politique de confidentialit\u00e9 - Toy Influence\",\"isPartOf\":{\"@id\":\"https:\\\/\\\/toyinfluence.com\\\/#website\"},\"datePublished\":\"2022-05-03T20:32:03+00:00\",\"dateModified\":\"2022-05-03T21:39:35+00:00\",\"breadcrumb\":{\"@id\":\"https:\\\/\\\/toyinfluence.com\\\/politique-de-confidentialite\\\/#breadcrumb\"},\"inLanguage\":\"en-GB\",\"potentialAction\":[{\"@type\":\"ReadAction\",\"target\":[\"https:\\\/\\\/toyinfluence.com\\\/politique-de-confidentialite\\\/\"]}]},{\"@type\":\"BreadcrumbList\",\"@id\":\"https:\\\/\\\/toyinfluence.com\\\/politique-de-confidentialite\\\/#breadcrumb\",\"itemListElement\":[{\"@type\":\"ListItem\",\"position\":1,\"name\":\"Accueil\",\"item\":\"https:\\\/\\\/toyinfluence.com\\\/\"},{\"@type\":\"ListItem\",\"position\":2,\"name\":\"Politique de confidentialit\u00e9\"}]},{\"@type\":\"WebSite\",\"@id\":\"https:\\\/\\\/toyinfluence.com\\\/#website\",\"url\":\"https:\\\/\\\/toyinfluence.com\\\/\",\"name\":\"Toy Influence\",\"description\":\"\",\"potentialAction\":[{\"@type\":\"SearchAction\",\"target\":{\"@type\":\"EntryPoint\",\"urlTemplate\":\"https:\\\/\\\/toyinfluence.com\\\/?s={search_term_string}\"},\"query-input\":{\"@type\":\"PropertyValueSpecification\",\"valueRequired\":true,\"valueName\":\"search_term_string\"}}],\"inLanguage\":\"en-GB\"}]}<\/script>\n<!-- \/ Yoast SEO plugin. -->","yoast_head_json":{"title":"Privacy policy - Toy Influence","robots":{"index":"index","follow":"follow","max-snippet":"max-snippet:-1","max-image-preview":"max-image-preview:large","max-video-preview":"max-video-preview:-1"},"canonical":"https:\/\/toyinfluence.com\/en\/politique-de-confidentialite\/","og_locale":"en_GB","og_type":"article","og_title":"Politique de confidentialit\u00e9 - Toy Influence","og_description":"Le site web https:\/\/toyinfluence.com est d\u00e9tenu par TOY INFLUENCE, qui est un contr\u00f4leur de donn\u00e9es de vos donn\u00e9es personnelles. Nous avons adopt\u00e9 cette politique de confidentialit\u00e9, qui d\u00e9termine la mani\u00e8re dont nous traitons les informations collect\u00e9es par https:\/\/toyinfluence.com, qui fournit \u00e9galement les raisons pour lesquelles nous devons collecter certaines donn\u00e9es personnelles vous concernant. Par cons\u00e9quent, [&hellip;]","og_url":"https:\/\/toyinfluence.com\/en\/politique-de-confidentialite\/","og_site_name":"Toy Influence","article_modified_time":"2022-05-03T21:39:35+00:00","twitter_card":"summary_large_image","twitter_misc":{"Estimated reading time":"1 minute"},"schema":{"@context":"https:\/\/schema.org","@graph":[{"@type":"WebPage","@id":"https:\/\/toyinfluence.com\/politique-de-confidentialite\/","url":"https:\/\/toyinfluence.com\/politique-de-confidentialite\/","name":"Privacy policy - Toy Influence","isPartOf":{"@id":"https:\/\/toyinfluence.com\/#website"},"datePublished":"2022-05-03T20:32:03+00:00","dateModified":"2022-05-03T21:39:35+00:00","breadcrumb":{"@id":"https:\/\/toyinfluence.com\/politique-de-confidentialite\/#breadcrumb"},"inLanguage":"en-GB","potentialAction":[{"@type":"ReadAction","target":["https:\/\/toyinfluence.com\/politique-de-confidentialite\/"]}]},{"@type":"BreadcrumbList","@id":"https:\/\/toyinfluence.com\/politique-de-confidentialite\/#breadcrumb","itemListElement":[{"@type":"ListItem","position":1,"name":"Accueil","item":"https:\/\/toyinfluence.com\/"},{"@type":"ListItem","position":2,"name":"Politique de confidentialit\u00e9"}]},{"@type":"WebSite","@id":"https:\/\/toyinfluence.com\/#website","url":"https:\/\/toyinfluence.com\/","name":"Toy Influence","description":"","potentialAction":[{"@type":"SearchAction","target":{"@type":"EntryPoint","urlTemplate":"https:\/\/toyinfluence.com\/?s={search_term_string}"},"query-input":{"@type":"PropertyValueSpecification","valueRequired":true,"valueName":"search_term_string"}}],"inLanguage":"en-GB"}]}},"_links":{"self":[{"href":"https:\/\/toyinfluence.com\/en\/wp-json\/wp\/v2\/pages\/319","targetHints":{"allow":["GET"]}}],"collection":[{"href":"https:\/\/toyinfluence.com\/en\/wp-json\/wp\/v2\/pages"}],"about":[{"href":"https:\/\/toyinfluence.com\/en\/wp-json\/wp\/v2\/types\/page"}],"author":[{"embeddable":true,"href":"https:\/\/toyinfluence.com\/en\/wp-json\/wp\/v2\/users\/1"}],"replies":[{"embeddable":true,"href":"https:\/\/toyinfluence.com\/en\/wp-json\/wp\/v2\/comments?post=319"}],"version-history":[{"count":10,"href":"https:\/\/toyinfluence.com\/en\/wp-json\/wp\/v2\/pages\/319\/revisions"}],"predecessor-version":[{"id":356,"href":"https:\/\/toyinfluence.com\/en\/wp-json\/wp\/v2\/pages\/319\/revisions\/356"}],"wp:attachment":[{"href":"https:\/\/toyinfluence.com\/en\/wp-json\/wp\/v2\/media?parent=319"}],"wp:term":[{"taxonomy":"category","embeddable":true,"href":"https:\/\/toyinfluence.com\/en\/wp-json\/wp\/v2\/categories?post=319"}],"curies":[{"name":"wp","href":"https:\/\/api.w.org\/{rel}","templated":true}]}}