{"id":1095,"date":"2024-05-06T22:26:31","date_gmt":"2024-05-06T22:26:31","guid":{"rendered":"https:\/\/toyinfluence.com\/?page_id=1095"},"modified":"2024-05-07T15:33:37","modified_gmt":"2024-05-07T15:33:37","slug":"strategies-dinfluence-et-marketing-pour-le-secteur-du-jouet-toy-influence","status":"publish","type":"page","link":"https:\/\/toyinfluence.com\/en\/strategies-dinfluence-et-marketing-pour-le-secteur-du-jouet-toy-influence\/","title":{"rendered":"Influence and Marketing Strategies for the Toy Sector - Toy Influence"},"content":{"rendered":"<div data-elementor-type=\"wp-page\" data-elementor-id=\"1095\" class=\"elementor elementor-1095\" data-elementor-post-type=\"page\">\n\t\t\t\t<div class=\"elementor-element elementor-element-a951f94 e-flex e-con-boxed e-con e-parent\" data-id=\"a951f94\" data-element_type=\"container\" data-e-type=\"container\">\n\t\t\t\t\t<div class=\"e-con-inner\">\n\t\t\t\t<div class=\"elementor-element elementor-element-10f1dba elementor-widget elementor-widget-heading\" data-id=\"10f1dba\" data-element_type=\"widget\" data-e-type=\"widget\" data-widget_type=\"heading.default\">\n\t\t\t\t<div class=\"elementor-widget-container\">\n\t\t\t\t\t<h1 class=\"elementor-heading-title elementor-size-default\">Influence and marketing strategies<\/h1>\t\t\t\t<\/div>\n\t\t\t\t<\/div>\n\t\t\t\t<div class=\"elementor-element elementor-element-74c1c59 elementor-widget elementor-widget-heading\" data-id=\"74c1c59\" data-element_type=\"widget\" data-e-type=\"widget\" data-widget_type=\"heading.default\">\n\t\t\t\t<div class=\"elementor-widget-container\">\n\t\t\t\t\t<h2 class=\"elementor-heading-title elementor-size-default\">for the toy sector in France<\/h2>\t\t\t\t<\/div>\n\t\t\t\t<\/div>\n\t\t\t\t<div class=\"elementor-element elementor-element-ffe057c elementor-widget elementor-widget-heading\" data-id=\"ffe057c\" data-element_type=\"widget\" data-e-type=\"widget\" data-widget_type=\"heading.default\">\n\t\t\t\t<div class=\"elementor-widget-container\">\n\t\t\t\t\t<p class=\"elementor-heading-title elementor-size-default\">In the competitive world of the toy market, standing out is crucial. At Toy Influence, we offer influencer marketing strategies that will help you gain visibility and influence your target market effectively. Whether you're an innovative start-up or an established brand, our services are designed to boost your online and social media presence.\n<\/p>\t\t\t\t<\/div>\n\t\t\t\t<\/div>\n\t\t\t\t\t<\/div>\n\t\t\t\t<\/div>\n\t\t<div class=\"elementor-element elementor-element-6058018 e-flex e-con-boxed e-con e-parent\" data-id=\"6058018\" data-element_type=\"container\" data-e-type=\"container\" data-settings=\"{&quot;background_background&quot;:&quot;classic&quot;}\">\n\t\t\t\t\t<div class=\"e-con-inner\">\n\t\t<div class=\"elementor-element elementor-element-8d76611 e-con-full e-flex e-con e-child\" data-id=\"8d76611\" data-element_type=\"container\" data-e-type=\"container\">\n\t\t\t\t<div class=\"elementor-element elementor-element-6d8e250 elementor-widget elementor-widget-heading\" data-id=\"6d8e250\" data-element_type=\"widget\" data-e-type=\"widget\" data-widget_type=\"heading.default\">\n\t\t\t\t<div class=\"elementor-widget-container\">\n\t\t\t\t\t<h2 class=\"elementor-heading-title elementor-size-default\">Developing brand awareness via social networks<\/h2>\t\t\t\t<\/div>\n\t\t\t\t<\/div>\n\t\t\t\t<div class=\"elementor-element elementor-element-074a0dc elementor-widget elementor-widget-heading\" data-id=\"074a0dc\" data-element_type=\"widget\" data-e-type=\"widget\" data-widget_type=\"heading.default\">\n\t\t\t\t<div class=\"elementor-widget-container\">\n\t\t\t\t\t<h3 class=\"elementor-heading-title elementor-size-default\">B2C strategies :\n<\/h3>\t\t\t\t<\/div>\n\t\t\t\t<\/div>\n\t\t\t\t<div class=\"elementor-element elementor-element-a79a38e elementor-widget elementor-widget-heading\" data-id=\"a79a38e\" data-element_type=\"widget\" data-e-type=\"widget\" data-widget_type=\"heading.default\">\n\t\t\t\t<div class=\"elementor-widget-container\">\n\t\t\t\t\t<h3 class=\"elementor-heading-title elementor-size-default\">Our B2C approach aims to create an emotional connection with consumers. We use tactics such as engaging content campaigns, partnerships with popular toy influencers, and interactive competitions that encourage sharing and participation.<\/h3>\t\t\t\t<\/div>\n\t\t\t\t<\/div>\n\t\t\t\t<div class=\"elementor-element elementor-element-ebda812 elementor-widget elementor-widget-heading\" data-id=\"ebda812\" data-element_type=\"widget\" data-e-type=\"widget\" data-widget_type=\"heading.default\">\n\t\t\t\t<div class=\"elementor-widget-container\">\n\t\t\t\t\t<h3 class=\"elementor-heading-title elementor-size-default\">B2B strategies :\n<\/h3>\t\t\t\t<\/div>\n\t\t\t\t<\/div>\n\t\t\t\t<div class=\"elementor-element elementor-element-82d5b58 elementor-widget elementor-widget-heading\" data-id=\"82d5b58\" data-element_type=\"widget\" data-e-type=\"widget\" data-widget_type=\"heading.default\">\n\t\t\t\t<div class=\"elementor-widget-container\">\n\t\t\t\t\t<p class=\"elementor-heading-title elementor-size-default\">In B2B, our focus is on building brand credibility and establishing trusted relationships. We facilitate connections with key decision-makers through webinars, expert videos and case studies that showcase your products and services.\n<\/p>\t\t\t\t<\/div>\n\t\t\t\t<\/div>\n\t\t\t\t<\/div>\n\t\t\t\t\t<\/div>\n\t\t\t\t<\/div>\n\t\t<div class=\"elementor-element elementor-element-1582392 e-flex e-con-boxed e-con e-parent\" data-id=\"1582392\" data-element_type=\"container\" data-e-type=\"container\">\n\t\t\t\t\t<div class=\"e-con-inner\">\n\t\t<div class=\"elementor-element elementor-element-513ebf1 e-con-full e-flex e-con e-child\" data-id=\"513ebf1\" data-element_type=\"container\" data-e-type=\"container\">\n\t\t\t\t<div class=\"elementor-element elementor-element-22cdfec elementor-widget elementor-widget-heading\" data-id=\"22cdfec\" data-element_type=\"widget\" data-e-type=\"widget\" data-widget_type=\"heading.default\">\n\t\t\t\t<div class=\"elementor-widget-container\">\n\t\t\t\t\t<h2 class=\"elementor-heading-title elementor-size-default\">Production of videos for targeted social networks<\/h2>\t\t\t\t<\/div>\n\t\t\t\t<\/div>\n\t\t\t\t<div class=\"elementor-element elementor-element-b5822b8 elementor-widget elementor-widget-heading\" data-id=\"b5822b8\" data-element_type=\"widget\" data-e-type=\"widget\" data-widget_type=\"heading.default\">\n\t\t\t\t<div class=\"elementor-widget-container\">\n\t\t\t\t\t<h3 class=\"elementor-heading-title elementor-size-default\">Creating video content<\/h3>\t\t\t\t<\/div>\n\t\t\t\t<\/div>\n\t\t\t\t<div class=\"elementor-element elementor-element-96bd200 elementor-widget elementor-widget-heading\" data-id=\"96bd200\" data-element_type=\"widget\" data-e-type=\"widget\" data-widget_type=\"heading.default\">\n\t\t\t\t<div class=\"elementor-widget-container\">\n\t\t\t\t\t<h3 class=\"elementor-heading-title elementor-size-default\">We produce videos that capture attention and engage. These videos are designed specifically for platforms such as TikTok, YouTube, Instagram and Facebook, optimising each format to maximise impact.\n<\/h3>\t\t\t\t<\/div>\n\t\t\t\t<\/div>\n\t\t\t\t<div class=\"elementor-element elementor-element-2deb1e1 elementor-widget elementor-widget-heading\" data-id=\"2deb1e1\" data-element_type=\"widget\" data-e-type=\"widget\" data-widget_type=\"heading.default\">\n\t\t\t\t<div class=\"elementor-widget-container\">\n\t\t\t\t\t<h3 class=\"elementor-heading-title elementor-size-default\">Product buzz campaigns<\/h3>\t\t\t\t<\/div>\n\t\t\t\t<\/div>\n\t\t\t\t<div class=\"elementor-element elementor-element-35a1d51 elementor-widget elementor-widget-heading\" data-id=\"35a1d51\" data-element_type=\"widget\" data-e-type=\"widget\" data-widget_type=\"heading.default\">\n\t\t\t\t<div class=\"elementor-widget-container\">\n\t\t\t\t\t<p class=\"elementor-heading-title elementor-size-default\">Our product buzz campaigns are designed to generate excitement and anticipation. Whether through teasers, unboxing videos or live demonstrations, we create a buzz around your new products or offers.\n<\/p>\t\t\t\t<\/div>\n\t\t\t\t<\/div>\n\t\t\t\t<\/div>\n\t\t\t\t\t<\/div>\n\t\t\t\t<\/div>\n\t\t<div class=\"elementor-element elementor-element-d213f6d e-flex e-con-boxed e-con e-parent\" data-id=\"d213f6d\" data-element_type=\"container\" data-e-type=\"container\" data-settings=\"{&quot;background_background&quot;:&quot;classic&quot;}\">\n\t\t\t\t\t<div class=\"e-con-inner\">\n\t\t<div class=\"elementor-element elementor-element-471ae3a e-con-full e-flex e-con e-child\" data-id=\"471ae3a\" data-element_type=\"container\" data-e-type=\"container\">\n\t\t\t\t<div class=\"elementor-element elementor-element-0af53b3 elementor-widget elementor-widget-heading\" data-id=\"0af53b3\" data-element_type=\"widget\" data-e-type=\"widget\" data-widget_type=\"heading.default\">\n\t\t\t\t<div class=\"elementor-widget-container\">\n\t\t\t\t\t<h2 class=\"elementor-heading-title elementor-size-default\">Commitment and measuring success<\/h2>\t\t\t\t<\/div>\n\t\t\t\t<\/div>\n\t\t\t\t<div class=\"elementor-element elementor-element-0e3b248 elementor-widget elementor-widget-heading\" data-id=\"0e3b248\" data-element_type=\"widget\" data-e-type=\"widget\" data-widget_type=\"heading.default\">\n\t\t\t\t<div class=\"elementor-widget-container\">\n\t\t\t\t\t<h3 class=\"elementor-heading-title elementor-size-default\">Performance analysis<\/h3>\t\t\t\t<\/div>\n\t\t\t\t<\/div>\n\t\t\t\t<div class=\"elementor-element elementor-element-25a5304 elementor-widget elementor-widget-heading\" data-id=\"25a5304\" data-element_type=\"widget\" data-e-type=\"widget\" data-widget_type=\"heading.default\">\n\t\t\t\t<div class=\"elementor-widget-container\">\n\t\t\t\t\t<h3 class=\"elementor-heading-title elementor-size-default\">We monitor and analyse the performance of all campaigns to ensure they meet their objectives. The data collected allows us to continually fine-tune strategies to improve future results.\n<\/h3>\t\t\t\t<\/div>\n\t\t\t\t<\/div>\n\t\t\t\t<div class=\"elementor-element elementor-element-737810b elementor-widget elementor-widget-heading\" data-id=\"737810b\" data-element_type=\"widget\" data-e-type=\"widget\" data-widget_type=\"heading.default\">\n\t\t\t\t<div class=\"elementor-widget-container\">\n\t\t\t\t\t<h3 class=\"elementor-heading-title elementor-size-default\">Return on investment<\/h3>\t\t\t\t<\/div>\n\t\t\t\t<\/div>\n\t\t\t\t<div class=\"elementor-element elementor-element-a33815e elementor-widget elementor-widget-heading\" data-id=\"a33815e\" data-element_type=\"widget\" data-e-type=\"widget\" data-widget_type=\"heading.default\">\n\t\t\t\t<div class=\"elementor-widget-container\">\n\t\t\t\t\t<p class=\"elementor-heading-title elementor-size-default\">At Toy Influence, we are committed to providing you with a clear and measurable return on investment. Each strategy is designed to maximise your marketing budget and increase your sales and visibility.\n<\/p>\t\t\t\t<\/div>\n\t\t\t\t<\/div>\n\t\t\t\t<\/div>\n\t\t\t\t\t<\/div>\n\t\t\t\t<\/div>\n\t\t<div class=\"elementor-element elementor-element-aba3bbb e-flex e-con-boxed e-con e-parent\" data-id=\"aba3bbb\" data-element_type=\"container\" data-e-type=\"container\">\n\t\t\t\t\t<div class=\"e-con-inner\">\n\t\t<div class=\"elementor-element elementor-element-3b13b41 e-flex e-con-boxed e-con e-child\" data-id=\"3b13b41\" data-element_type=\"container\" data-e-type=\"container\">\n\t\t\t\t\t<div class=\"e-con-inner\">\n\t\t\t\t<div class=\"elementor-element elementor-element-d464c64 elementor-widget elementor-widget-heading\" data-id=\"d464c64\" data-element_type=\"widget\" data-e-type=\"widget\" data-widget_type=\"heading.default\">\n\t\t\t\t<div class=\"elementor-widget-container\">\n\t\t\t\t\t<p class=\"elementor-heading-title elementor-size-default\">Investing in influencer marketing with Toy Influence means choosing an expert partner who deeply understands the nuances of digital marketing in the toy sector. We're ready to help you turn your awareness and sales goals into tangible results.\n<\/p>\t\t\t\t<\/div>\n\t\t\t\t<\/div>\n\t\t\t\t<div class=\"elementor-element elementor-element-51eed58 elementor-widget elementor-widget-heading\" data-id=\"51eed58\" data-element_type=\"widget\" data-e-type=\"widget\" data-widget_type=\"heading.default\">\n\t\t\t\t<div class=\"elementor-widget-container\">\n\t\t\t\t\t<h2 class=\"elementor-heading-title elementor-size-default\">Contact Toy Influence today\n<\/h2>\t\t\t\t<\/div>\n\t\t\t\t<\/div>\n\t\t\t\t<div class=\"elementor-element elementor-element-821fddd elementor-widget elementor-widget-heading\" data-id=\"821fddd\" data-element_type=\"widget\" data-e-type=\"widget\" data-widget_type=\"heading.default\">\n\t\t\t\t<div class=\"elementor-widget-container\">\n\t\t\t\t\t<p class=\"elementor-heading-title elementor-size-default\">Increase your market influence with Toy Influence's proven strategies. Contact us today to start building your personalised influencer marketing plan.\n<\/p>\t\t\t\t<\/div>\n\t\t\t\t<\/div>\n\t\t\t\t<div class=\"elementor-element elementor-element-0eace3b elementor-widget elementor-widget-button\" data-id=\"0eace3b\" data-element_type=\"widget\" data-e-type=\"widget\" data-widget_type=\"button.default\">\n\t\t\t\t<div class=\"elementor-widget-container\">\n\t\t\t\t\t\t\t\t\t<div class=\"elementor-button-wrapper\">\n\t\t\t\t\t<a class=\"elementor-button elementor-button-link elementor-size-sm\" href=\"mailto:yann@toyinfluence.com\" target=\"_blank\">\n\t\t\t\t\t\t<span class=\"elementor-button-content-wrapper\">\n\t\t\t\t\t\t<span class=\"elementor-button-icon\">\n\t\t\t\t<i aria-hidden=\"true\" class=\"fas fa-envelope\"><\/i>\t\t\t<\/span>\n\t\t\t\t\t\t\t\t\t<span class=\"elementor-button-text\">yann@toyinfluence.com<\/span>\n\t\t\t\t\t<\/span>\n\t\t\t\t\t<\/a>\n\t\t\t\t<\/div>\n\t\t\t\t\t\t\t\t<\/div>\n\t\t\t\t<\/div>\n\t\t\t\t\t<\/div>\n\t\t\t\t<\/div>\n\t\t\t\t\t<\/div>\n\t\t\t\t<\/div>\n\t\t\t\t<\/div>","protected":false},"excerpt":{"rendered":"<p>Strat\u00e9gies d&rsquo;Influence et Marketing pour le secteur du jouet en France Dans l&rsquo;univers comp\u00e9titif du march\u00e9 du jouet, se d\u00e9marquer est crucial. Chez Toy Influence, nous proposons des strat\u00e9gies de marketing d&rsquo;influence qui vous aideront \u00e0 gagner en visibilit\u00e9 et \u00e0 influencer votre march\u00e9 cible efficacement. Que vous soyez une startup innovante ou une marque [&hellip;]<\/p>\n","protected":false},"author":1,"featured_media":0,"parent":0,"menu_order":0,"comment_status":"closed","ping_status":"closed","template":"elementor_header_footer","meta":{"footnotes":""},"categories":[],"class_list":["post-1095","page","type-page","status-publish","hentry"],"yoast_head":"<!-- This site is optimized with the Yoast SEO plugin v27.4 - https:\/\/yoast.com\/product\/yoast-seo-wordpress\/ -->\n<title>Strat\u00e9gies d&#039;Influence et Marketing pour le Secteur du Jouet - Toy Influence - Toy Influence<\/title>\n<meta name=\"description\" content=\"Boostez votre d\u00e9veloppement commercial sur le march\u00e9 fran\u00e7ais des jouets avec Toy Influence. Que ce soit pour une mission \u00e0 court terme ou un remplacement strat\u00e9gique, nos services sur mesure vous aident \u00e0 atteindre vos objectifs commerciaux. D\u00e9couvrez comment notre expertise peut dynamiser votre croissance.\" \/>\n<meta name=\"robots\" content=\"index, follow, max-snippet:-1, max-image-preview:large, max-video-preview:-1\" \/>\n<link rel=\"canonical\" href=\"https:\/\/toyinfluence.com\/en\/strategies-dinfluence-et-marketing-pour-le-secteur-du-jouet-toy-influence\/\" \/>\n<meta property=\"og:locale\" content=\"en_GB\" \/>\n<meta property=\"og:type\" content=\"article\" \/>\n<meta property=\"og:title\" content=\"Strat\u00e9gies d&#039;Influence et Marketing pour le Secteur du Jouet - Toy Influence - Toy Influence\" \/>\n<meta property=\"og:description\" content=\"Boostez votre d\u00e9veloppement commercial sur le march\u00e9 fran\u00e7ais des jouets avec Toy Influence. Que ce soit pour une mission \u00e0 court terme ou un remplacement strat\u00e9gique, nos services sur mesure vous aident \u00e0 atteindre vos objectifs commerciaux. D\u00e9couvrez comment notre expertise peut dynamiser votre croissance.\" \/>\n<meta property=\"og:url\" content=\"https:\/\/toyinfluence.com\/en\/strategies-dinfluence-et-marketing-pour-le-secteur-du-jouet-toy-influence\/\" \/>\n<meta property=\"og:site_name\" content=\"Toy Influence\" \/>\n<meta property=\"article:modified_time\" content=\"2024-05-07T15:33:37+00:00\" \/>\n<meta name=\"twitter:card\" content=\"summary_large_image\" \/>\n<meta name=\"twitter:label1\" content=\"Estimated reading time\" \/>\n\t<meta name=\"twitter:data1\" content=\"3 minutes\" \/>\n<script type=\"application\/ld+json\" class=\"yoast-schema-graph\">{\"@context\":\"https:\\\/\\\/schema.org\",\"@graph\":[{\"@type\":\"WebPage\",\"@id\":\"https:\\\/\\\/toyinfluence.com\\\/strategies-dinfluence-et-marketing-pour-le-secteur-du-jouet-toy-influence\\\/\",\"url\":\"https:\\\/\\\/toyinfluence.com\\\/strategies-dinfluence-et-marketing-pour-le-secteur-du-jouet-toy-influence\\\/\",\"name\":\"Strat\u00e9gies d'Influence et Marketing pour le Secteur du Jouet - Toy Influence - Toy Influence\",\"isPartOf\":{\"@id\":\"https:\\\/\\\/toyinfluence.com\\\/#website\"},\"datePublished\":\"2024-05-06T22:26:31+00:00\",\"dateModified\":\"2024-05-07T15:33:37+00:00\",\"description\":\"Boostez votre d\u00e9veloppement commercial sur le march\u00e9 fran\u00e7ais des jouets avec Toy Influence. Que ce soit pour une mission \u00e0 court terme ou un remplacement strat\u00e9gique, nos services sur mesure vous aident \u00e0 atteindre vos objectifs commerciaux. D\u00e9couvrez comment notre expertise peut dynamiser votre croissance.\",\"breadcrumb\":{\"@id\":\"https:\\\/\\\/toyinfluence.com\\\/strategies-dinfluence-et-marketing-pour-le-secteur-du-jouet-toy-influence\\\/#breadcrumb\"},\"inLanguage\":\"en-GB\",\"potentialAction\":[{\"@type\":\"ReadAction\",\"target\":[\"https:\\\/\\\/toyinfluence.com\\\/strategies-dinfluence-et-marketing-pour-le-secteur-du-jouet-toy-influence\\\/\"]}]},{\"@type\":\"BreadcrumbList\",\"@id\":\"https:\\\/\\\/toyinfluence.com\\\/strategies-dinfluence-et-marketing-pour-le-secteur-du-jouet-toy-influence\\\/#breadcrumb\",\"itemListElement\":[{\"@type\":\"ListItem\",\"position\":1,\"name\":\"Accueil\",\"item\":\"https:\\\/\\\/toyinfluence.com\\\/\"},{\"@type\":\"ListItem\",\"position\":2,\"name\":\"Strat\u00e9gies d&rsquo;Influence et Marketing pour le Secteur du Jouet &#8211; Toy Influence\"}]},{\"@type\":\"WebSite\",\"@id\":\"https:\\\/\\\/toyinfluence.com\\\/#website\",\"url\":\"https:\\\/\\\/toyinfluence.com\\\/\",\"name\":\"Toy Influence\",\"description\":\"\",\"potentialAction\":[{\"@type\":\"SearchAction\",\"target\":{\"@type\":\"EntryPoint\",\"urlTemplate\":\"https:\\\/\\\/toyinfluence.com\\\/?s={search_term_string}\"},\"query-input\":{\"@type\":\"PropertyValueSpecification\",\"valueRequired\":true,\"valueName\":\"search_term_string\"}}],\"inLanguage\":\"en-GB\"}]}<\/script>\n<!-- \/ Yoast SEO plugin. -->","yoast_head_json":{"title":"Influence and Marketing Strategies for the Toy Sector - Toy Influence - Toy Influence","description":"Boost your sales development in the French toy market with Toy Influence. Whether it's a short-term assignment or a strategic replacement, our tailor-made services will help you achieve your business objectives. Find out how our expertise can boost your growth.","robots":{"index":"index","follow":"follow","max-snippet":"max-snippet:-1","max-image-preview":"max-image-preview:large","max-video-preview":"max-video-preview:-1"},"canonical":"https:\/\/toyinfluence.com\/en\/strategies-dinfluence-et-marketing-pour-le-secteur-du-jouet-toy-influence\/","og_locale":"en_GB","og_type":"article","og_title":"Strat\u00e9gies d'Influence et Marketing pour le Secteur du Jouet - Toy Influence - Toy Influence","og_description":"Boostez votre d\u00e9veloppement commercial sur le march\u00e9 fran\u00e7ais des jouets avec Toy Influence. Que ce soit pour une mission \u00e0 court terme ou un remplacement strat\u00e9gique, nos services sur mesure vous aident \u00e0 atteindre vos objectifs commerciaux. D\u00e9couvrez comment notre expertise peut dynamiser votre croissance.","og_url":"https:\/\/toyinfluence.com\/en\/strategies-dinfluence-et-marketing-pour-le-secteur-du-jouet-toy-influence\/","og_site_name":"Toy Influence","article_modified_time":"2024-05-07T15:33:37+00:00","twitter_card":"summary_large_image","twitter_misc":{"Estimated reading time":"3 minutes"},"schema":{"@context":"https:\/\/schema.org","@graph":[{"@type":"WebPage","@id":"https:\/\/toyinfluence.com\/strategies-dinfluence-et-marketing-pour-le-secteur-du-jouet-toy-influence\/","url":"https:\/\/toyinfluence.com\/strategies-dinfluence-et-marketing-pour-le-secteur-du-jouet-toy-influence\/","name":"Influence and Marketing Strategies for the Toy Sector - Toy Influence - Toy Influence","isPartOf":{"@id":"https:\/\/toyinfluence.com\/#website"},"datePublished":"2024-05-06T22:26:31+00:00","dateModified":"2024-05-07T15:33:37+00:00","description":"Boost your sales development in the French toy market with Toy Influence. Whether it's a short-term assignment or a strategic replacement, our tailor-made services will help you achieve your business objectives. Find out how our expertise can boost your growth.","breadcrumb":{"@id":"https:\/\/toyinfluence.com\/strategies-dinfluence-et-marketing-pour-le-secteur-du-jouet-toy-influence\/#breadcrumb"},"inLanguage":"en-GB","potentialAction":[{"@type":"ReadAction","target":["https:\/\/toyinfluence.com\/strategies-dinfluence-et-marketing-pour-le-secteur-du-jouet-toy-influence\/"]}]},{"@type":"BreadcrumbList","@id":"https:\/\/toyinfluence.com\/strategies-dinfluence-et-marketing-pour-le-secteur-du-jouet-toy-influence\/#breadcrumb","itemListElement":[{"@type":"ListItem","position":1,"name":"Accueil","item":"https:\/\/toyinfluence.com\/"},{"@type":"ListItem","position":2,"name":"Strat\u00e9gies d&rsquo;Influence et Marketing pour le Secteur du Jouet &#8211; Toy Influence"}]},{"@type":"WebSite","@id":"https:\/\/toyinfluence.com\/#website","url":"https:\/\/toyinfluence.com\/","name":"Toy Influence","description":"","potentialAction":[{"@type":"SearchAction","target":{"@type":"EntryPoint","urlTemplate":"https:\/\/toyinfluence.com\/?s={search_term_string}"},"query-input":{"@type":"PropertyValueSpecification","valueRequired":true,"valueName":"search_term_string"}}],"inLanguage":"en-GB"}]}},"_links":{"self":[{"href":"https:\/\/toyinfluence.com\/en\/wp-json\/wp\/v2\/pages\/1095","targetHints":{"allow":["GET"]}}],"collection":[{"href":"https:\/\/toyinfluence.com\/en\/wp-json\/wp\/v2\/pages"}],"about":[{"href":"https:\/\/toyinfluence.com\/en\/wp-json\/wp\/v2\/types\/page"}],"author":[{"embeddable":true,"href":"https:\/\/toyinfluence.com\/en\/wp-json\/wp\/v2\/users\/1"}],"replies":[{"embeddable":true,"href":"https:\/\/toyinfluence.com\/en\/wp-json\/wp\/v2\/comments?post=1095"}],"version-history":[{"count":17,"href":"https:\/\/toyinfluence.com\/en\/wp-json\/wp\/v2\/pages\/1095\/revisions"}],"predecessor-version":[{"id":1121,"href":"https:\/\/toyinfluence.com\/en\/wp-json\/wp\/v2\/pages\/1095\/revisions\/1121"}],"wp:attachment":[{"href":"https:\/\/toyinfluence.com\/en\/wp-json\/wp\/v2\/media?parent=1095"}],"wp:term":[{"taxonomy":"category","embeddable":true,"href":"https:\/\/toyinfluence.com\/en\/wp-json\/wp\/v2\/categories?post=1095"}],"curies":[{"name":"wp","href":"https:\/\/api.w.org\/{rel}","templated":true}]}}