{"id":320,"date":"2022-05-03T20:32:49","date_gmt":"2022-05-03T20:32:49","guid":{"rendered":"https:\/\/toyinfluence.com\/?page_id=320"},"modified":"2022-05-04T14:27:02","modified_gmt":"2022-05-04T14:27:02","slug":"mentions-legales","status":"publish","type":"page","link":"https:\/\/toyinfluence.com\/de\/mentions-legales\/","title":{"rendered":"Rechtliche Hinweise"},"content":{"rendered":"<div data-elementor-type=\"wp-page\" data-elementor-id=\"320\" class=\"elementor elementor-320\" data-elementor-post-type=\"page\">\n\t\t\t\t\t\t<section class=\"elementor-section elementor-top-section elementor-element elementor-element-fe8cb58 elementor-section-height-min-height elementor-section-boxed elementor-section-height-default elementor-section-items-middle\" data-id=\"fe8cb58\" data-element_type=\"section\" data-e-type=\"section\" data-settings=\"{&quot;background_background&quot;:&quot;classic&quot;}\">\n\t\t\t\t\t\t<div class=\"elementor-container elementor-column-gap-default\">\n\t\t\t\t\t<div class=\"elementor-column elementor-col-100 elementor-top-column elementor-element elementor-element-497fd35\" data-id=\"497fd35\" data-element_type=\"column\" data-e-type=\"column\">\n\t\t\t<div class=\"elementor-widget-wrap elementor-element-populated\">\n\t\t\t\t\t\t<div class=\"elementor-element elementor-element-e42ec0a elementor-align-center elementor-widget elementor-widget-button\" data-id=\"e42ec0a\" data-element_type=\"widget\" data-e-type=\"widget\" data-widget_type=\"button.default\">\n\t\t\t\t<div class=\"elementor-widget-container\">\n\t\t\t\t\t\t\t\t\t<div class=\"elementor-button-wrapper\">\n\t\t\t\t\t<a class=\"elementor-button elementor-size-lg\" role=\"button\">\n\t\t\t\t\t\t<span class=\"elementor-button-content-wrapper\">\n\t\t\t\t\t\t\t\t\t<span class=\"elementor-button-text\">Rechtliche Hinweise<\/span>\n\t\t\t\t\t<\/span>\n\t\t\t\t\t<\/a>\n\t\t\t\t<\/div>\n\t\t\t\t\t\t\t\t<\/div>\n\t\t\t\t<\/div>\n\t\t\t\t\t<\/div>\n\t\t<\/div>\n\t\t\t\t\t<\/div>\n\t\t<\/section>\n\t\t\t\t<section class=\"elementor-section elementor-top-section elementor-element elementor-element-4c025e0 elementor-section-boxed elementor-section-height-default elementor-section-height-default\" data-id=\"4c025e0\" data-element_type=\"section\" data-e-type=\"section\">\n\t\t\t\t\t\t<div class=\"elementor-container elementor-column-gap-default\">\n\t\t\t\t\t<div class=\"elementor-column elementor-col-100 elementor-top-column elementor-element elementor-element-9e4d9df\" data-id=\"9e4d9df\" data-element_type=\"column\" data-e-type=\"column\">\n\t\t\t<div class=\"elementor-widget-wrap elementor-element-populated\">\n\t\t\t\t\t\t<div class=\"elementor-element elementor-element-3fdefbd asdfghjk elementor-widget elementor-widget-text-editor\" data-id=\"3fdefbd\" data-element_type=\"widget\" data-e-type=\"widget\" data-widget_type=\"text-editor.default\">\n\t\t\t\t<div class=\"elementor-widget-container\">\n\t\t\t\t\t\t\t\t\t<p style=\"text-align: justify;\">Gem\u00e4\u00df den Bestimmungen der Artikel 6-III und 19 des Gesetzes Nr. 2004-575 vom 21. Juni 2004 \u00fcber das Vertrauen in die digitale Wirtschaft, genannt L.C.E.N., bringen wir den Nutzern und Besuchern der Website zur Kenntnis : <a href=\"http:\/\/toyinfluence.com\/de\/\" target=\"_blank\" rel=\"noopener\">toyinfluence.com<\/a> die folgenden Informationen:<\/p><p style=\"text-align: justify;\"><strong>1. Rechtliche Informationen :<\/strong><\/p><p style=\"text-align: justify;\">Status des Eigent\u00fcmers : <strong>Einzelperson<\/strong><br \/>Der Eigent\u00fcmer ist : <strong>Yann FRESNEL<\/strong><br \/>Postanschrift des Besitzers : <strong>1 rue du Buisson 69250 Fleurieu sur Saone<\/strong><\/p><p>Der Ersteller der Website ist : <strong>Yohann Deprez<\/strong><br \/>Der Verantwortliche f\u00fcr die Ver\u00f6ffentlichung ist : <strong>Yann FRESNEL<\/strong><br \/>Kontaktieren Sie den Verantwortlichen f\u00fcr die Ver\u00f6ffentlichung : <strong>yann@toyinfluence.com<\/strong><br \/>Verantwortlich f\u00fcr die Ver\u00f6ffentlichung ist eine<strong>\u00a0nat\u00fcrliche Person<\/strong><\/p><p>Der Webmaster ist : <strong>Yohann Deprez<\/strong><br \/>Webmaster kontaktieren :\u00a0 <strong><a href=\"mailto:contact@yohanndeprez.fr?subject=Contact a partir des mentions l\u00c3\u00a9gales via le site toyinfluence.com\">contact@yohanndeprez.fr<\/a><\/strong><br \/>Der Hoster der Website ist : <strong>IONOS 7 PLACE DE LA GARE 57200 SARREGUEMINES<\/strong><\/p><p style=\"text-align: justify;\"><strong>2. Vorstellung und Prinzip :<\/strong><\/p><p style=\"text-align: justify;\">Wird im Folgenden bezeichnet: <strong>Benutzer<\/strong>In diesem Fall ist jeder Internetnutzer, der sich mit der oben genannten Website verbindet und diese nutzt, verpflichtet, die oben genannten Bedingungen einzuhalten: <a href=\"http:\/\/toyinfluence.com\/de\/\" target=\"_blank\" rel=\"noopener\">toyinfluence.com<\/a>.<br \/>Die Seite <strong>toyinfluence.com<\/strong> umfasst eine Reihe von Diensten, die den Nutzern in ihrem jeweiligen Zustand zur Verf\u00fcgung gestellt werden. Es wird hier ausdr\u00fccklich darauf hingewiesen, dass diese h\u00f6flich bleiben und sowohl gegen\u00fcber anderen Nutzern als auch gegen\u00fcber dem Webmaster der Website toyinfluence.com guten Glauben zeigen m\u00fcssen. Die Website toyinfluence.com wird regelm\u00e4\u00dfig von Yohann Deprez aktualisiert.<br \/>Yann FRESNEL bem\u00fcht sich, auf der Website toyinfluence.com m\u00f6glichst genaue Informationen zur Verf\u00fcgung zu stellen (vorbehaltlich der \u00c4nderungen, die seit ihrer Ver\u00f6ffentlichung vorgenommen wurden), kann jedoch nicht f\u00fcr die Richtigkeit, Vollst\u00e4ndigkeit und Aktualit\u00e4t der auf seiner Website verbreiteten Informationen garantieren, unabh\u00e4ngig davon, ob diese von ihm selbst oder von dritten Partnern, die ihm diese Informationen zur Verf\u00fcgung stellen, stammen. Dementsprechend erkennt der Nutzer an, dass er diese Informationen (die nur als Hinweis dienen, nicht ersch\u00f6pfend sind und sich \u00e4ndern k\u00f6nnen) unter seiner alleinigen Verantwortung nutzt.<\/p><p style=\"text-align: justify;\"><strong>3. Erreichbarkeit :<\/strong><\/p><p>Die Website toyinfluence.com ist f\u00fcr die Nutzer grunds\u00e4tzlich 24 Stunden am Tag, 7 Tage die Woche zug\u00e4nglich, au\u00dfer bei geplanten oder ungeplanten Unterbrechungen f\u00fcr Wartungszwecke oder im Falle h\u00f6herer Gewalt. Sollte der Zugang zum Dienst nicht m\u00f6glich sein, wird toyinfluence.com sein M\u00f6glichstes tun, um den Zugang zum Dienst wiederherzustellen, und wird sich dann bem\u00fchen, die Nutzer vorab \u00fcber die Daten und Zeiten der Intervention zu informieren.  Da toyinfluence.com lediglich einer Mittelverpflichtung unterliegt, kann das Unternehmen nicht f\u00fcr Sch\u00e4den jeglicher Art haftbar gemacht werden, die sich aus der Nichtverf\u00fcgbarkeit des Dienstes ergeben.<\/p><p style=\"text-align: justify;\"><strong>4. Geistiges Eigentum :<\/strong><\/p><p style=\"text-align: justify;\">Yann FRESNEL ist alleiniger Eigent\u00fcmer aller geistigen Eigentumsrechte oder besitzt die Nutzungsrechte an allen auf der Website zug\u00e4nglichen Elementen, sowohl an der Struktur als auch an den Texten, Bildern, Grafiken, Logos, Icons, T\u00f6nen, Software...<br \/>Jede vollst\u00e4ndige oder teilweise Vervielf\u00e4ltigung der Website toyinfluence.com, Darstellung, \u00c4nderung, Ver\u00f6ffentlichung, vollst\u00e4ndige oder teilweise Anpassung irgendeines dieser Elemente, unabh\u00e4ngig von den verwendeten Mitteln oder Verfahren, ist ohne vorherige schriftliche Genehmigung von Yann FRESNEL, dem Eigent\u00fcmer der Website, unter der E-Mail-Adresse: contact@yohanndeprez.fr verboten, andernfalls wird sie als F\u00e4lschung angesehen und gem\u00e4\u00df den Bestimmungen der Artikel L.335-2 ff. des Gesetzes \u00fcber geistiges Eigentum verfolgt.<\/p><p style=\"text-align: justify;\"><strong>5. Hyperlinks und Cookies :<\/strong><\/p><p>Die Website toyinfluence.com enth\u00e4lt eine Reihe von Hypertext-Links zu anderen Websites (Partner, Informationen ...), die mit der Genehmigung von Yann FRESNEL eingerichtet wurden. Yann FRESNEL hat jedoch nicht die M\u00f6glichkeit, den gesamten Inhalt der so besuchten Seiten zu \u00fcberpr\u00fcfen und lehnt daher jegliche Verantwortung f\u00fcr m\u00f6gliche Risiken illegaler Inhalte ab.<br \/>Der Nutzer wird dar\u00fcber informiert, dass bei seinen Besuchen auf der Website toyinfluence.com ein oder mehrere Cookies automatisch \u00fcber seine Navigationssoftware auf seinem Computer installiert werden k\u00f6nnen. Ein Cookie ist ein Datenblock, mit dem der Nutzer nicht identifiziert werden kann, der aber Informationen \u00fcber seine Navigation auf der Website speichert.\u00a0<br \/>Die Einstellung der Browser-Software erm\u00f6glicht es, \u00fcber das Vorhandensein von Cookies zu informieren und diese eventuell auf die unter folgender Adresse beschriebene Weise abzulehnen: <a href=\"http:\/\/www.cnil.fr\">www.cnil.fr<\/a>. Der Nutzer kann jedoch den Browser seines Computers so einstellen, dass er die Installation von Cookies ablehnt, wobei zu beachten ist, dass die Ablehnung der Installation eines Cookies dazu f\u00fchren kann, dass bestimmte Dienste nicht zug\u00e4nglich sind. Wenn Sie Cookies blockieren m\u00f6chten, geben Sie in Ihre Suchmaschine ein: Cookies blockieren unter IE oder Firefox und befolgen Sie die Anweisungen je nach Version.<\/p><p style=\"text-align: justify;\"><strong>6. Schutz von Eigentum und Personen - Umgang mit personenbezogenen Daten :<\/strong><\/p><p>In Frankreich sind personenbezogene Daten insbesondere durch das Gesetz Nr. 78-87 vom 6. Januar 1978, das Gesetz Nr. 2004-801 vom 6. August 2004, Artikel L. 226-13 des Strafgesetzbuches und die Europ\u00e4ische Richtlinie vom 24. Oktober 1995 gesch\u00fctzt.<\/p><p style=\"text-align: justify;\">Auf der Website toyinfluence.com sammelt Yann FRESNEL pers\u00f6nliche Informationen (gem\u00e4\u00df Artikel 4 des Gesetzes Nr. 78-17 vom 6. Januar 1978) \u00fcber den Nutzer nur f\u00fcr die Zwecke bestimmter Dienstleistungen, die auf der Website toyinfluence.com angeboten werden. Der Nutzer stellt diese Informationen in voller Kenntnis der Sachlage zur Verf\u00fcgung, insbesondere wenn er sie selbst eingibt. Dem Nutzer der Website toyinfluence.com wird dann mitgeteilt, ob er diese Informationen bereitstellen muss oder nicht.<br \/>Gem\u00e4\u00df den Bestimmungen der Artikel 38 ff. des Gesetzes 78-17 vom 6. Januar 1978 \u00fcber Informatik, Dateien und Freiheiten hat jeder Nutzer ein Recht auf Zugang, Berichtigung, L\u00f6schung und Einspruch gegen die ihn betreffenden pers\u00f6nlichen Daten. Um dieses Recht auszu\u00fcben, richten Sie Ihre Anfrage an toyinfluence.com per E-Mail : <strong><a href=\"mailto:contact@yohanndeprez.fr?subject=Contact \u00ef\u00bf\u00bd partir des mentions l\u00ef\u00bf\u00bdgales via le site toyinfluence.com\">yann@toyinfluence.com<\/a><\/strong> oder schriftlich, ordnungsgem\u00e4\u00df unterzeichnet, zusammen mit einer Kopie des Personalausweises mit Unterschrift des Inhabers des Dokuments, unter Angabe der Adresse, an die die Antwort gesendet werden soll.<\/p><p style=\"text-align: justify;\">Keine pers\u00f6nlichen Informationen des Nutzers der Website toyinfluence.com werden ohne das Wissen des Nutzers ver\u00f6ffentlicht, ausgetauscht, \u00fcbertragen, abgetreten oder auf einem beliebigen Datentr\u00e4ger an Dritte verkauft. Nur wenn die Website toyinfluence.com und ihre Rechte \u00fcbernommen werden, ist Yann FRESNEL berechtigt, diese Informationen an einen eventuellen Erwerber weiterzugeben, der seinerseits gegen\u00fcber dem Nutzer der Website toyinfluence.com die gleiche Verpflichtung zur Aufbewahrung und \u00c4nderung der Daten hat.<br \/>Die Website toyinfluence.com erf\u00fcllt die Anforderungen der DSGVO.<\/p><p style=\"text-align: justify;\">Die Datenbanken sind durch die Bestimmungen des Gesetzes vom 1. Juli 1998 zur Umsetzung der Richtlinie 96\/9 vom 11. M\u00e4rz 1996 \u00fcber den rechtlichen Schutz von Datenbanken gesch\u00fctzt.<\/p>\t\t\t\t\t\t\t\t<\/div>\n\t\t\t\t<\/div>\n\t\t\t\t\t<\/div>\n\t\t<\/div>\n\t\t\t\t\t<\/div>\n\t\t<\/section>\n\t\t\t\t<\/div>","protected":false},"excerpt":{"rendered":"<p>Conform\u00e9ment aux dispositions des articles 6-III et 19 de la Loi n\u00b0 2004-575 du 21 juin 2004 pour la Confiance dans l&rsquo;\u00e9conomie num\u00e9rique, dite L.C.E.N., nous portons \u00e0 la connaissance des utilisateurs et visiteurs du site : toyinfluence.com les informations suivantes : 1. Informations l\u00e9gales : Statut du propri\u00e9taire : particulierLe Propri\u00e9taire est : Yann [&hellip;]<\/p>\n","protected":false},"author":1,"featured_media":0,"parent":0,"menu_order":0,"comment_status":"closed","ping_status":"closed","template":"elementor_header_footer","meta":{"footnotes":""},"categories":[],"class_list":["post-320","page","type-page","status-publish","hentry"],"yoast_head":"<!-- This site is optimized with the Yoast SEO plugin v27.3 - https:\/\/yoast.com\/product\/yoast-seo-wordpress\/ -->\n<title>Mentions l\u00e9gales - Toy Influence<\/title>\n<meta name=\"robots\" content=\"index, follow, max-snippet:-1, max-image-preview:large, max-video-preview:-1\" \/>\n<link rel=\"canonical\" href=\"https:\/\/toyinfluence.com\/de\/mentions-legales\/\" \/>\n<meta property=\"og:locale\" content=\"de_DE\" \/>\n<meta property=\"og:type\" content=\"article\" \/>\n<meta property=\"og:title\" content=\"Mentions l\u00e9gales - Toy Influence\" \/>\n<meta property=\"og:description\" content=\"Conform\u00e9ment aux dispositions des articles 6-III et 19 de la Loi n\u00b0 2004-575 du 21 juin 2004 pour la Confiance dans l&rsquo;\u00e9conomie num\u00e9rique, dite L.C.E.N., nous portons \u00e0 la connaissance des utilisateurs et visiteurs du site : toyinfluence.com les informations suivantes : 1. Informations l\u00e9gales : Statut du propri\u00e9taire : particulierLe Propri\u00e9taire est : Yann [&hellip;]\" \/>\n<meta property=\"og:url\" content=\"https:\/\/toyinfluence.com\/de\/mentions-legales\/\" \/>\n<meta property=\"og:site_name\" content=\"Toy Influence\" \/>\n<meta property=\"article:modified_time\" content=\"2022-05-04T14:27:02+00:00\" \/>\n<meta name=\"twitter:card\" content=\"summary_large_image\" \/>\n<meta name=\"twitter:label1\" content=\"Gesch\u00e4tzte Lesezeit\" \/>\n\t<meta name=\"twitter:data1\" content=\"5\u00a0Minuten\" \/>\n<script type=\"application\/ld+json\" class=\"yoast-schema-graph\">{\"@context\":\"https:\\\/\\\/schema.org\",\"@graph\":[{\"@type\":\"WebPage\",\"@id\":\"https:\\\/\\\/toyinfluence.com\\\/mentions-legales\\\/\",\"url\":\"https:\\\/\\\/toyinfluence.com\\\/mentions-legales\\\/\",\"name\":\"Mentions l\u00e9gales - Toy Influence\",\"isPartOf\":{\"@id\":\"https:\\\/\\\/toyinfluence.com\\\/#website\"},\"datePublished\":\"2022-05-03T20:32:49+00:00\",\"dateModified\":\"2022-05-04T14:27:02+00:00\",\"breadcrumb\":{\"@id\":\"https:\\\/\\\/toyinfluence.com\\\/mentions-legales\\\/#breadcrumb\"},\"inLanguage\":\"de\",\"potentialAction\":[{\"@type\":\"ReadAction\",\"target\":[\"https:\\\/\\\/toyinfluence.com\\\/mentions-legales\\\/\"]}]},{\"@type\":\"BreadcrumbList\",\"@id\":\"https:\\\/\\\/toyinfluence.com\\\/mentions-legales\\\/#breadcrumb\",\"itemListElement\":[{\"@type\":\"ListItem\",\"position\":1,\"name\":\"Accueil\",\"item\":\"https:\\\/\\\/toyinfluence.com\\\/\"},{\"@type\":\"ListItem\",\"position\":2,\"name\":\"Mentions l\u00e9gales\"}]},{\"@type\":\"WebSite\",\"@id\":\"https:\\\/\\\/toyinfluence.com\\\/#website\",\"url\":\"https:\\\/\\\/toyinfluence.com\\\/\",\"name\":\"Toy Influence\",\"description\":\"\",\"potentialAction\":[{\"@type\":\"SearchAction\",\"target\":{\"@type\":\"EntryPoint\",\"urlTemplate\":\"https:\\\/\\\/toyinfluence.com\\\/?s={search_term_string}\"},\"query-input\":{\"@type\":\"PropertyValueSpecification\",\"valueRequired\":true,\"valueName\":\"search_term_string\"}}],\"inLanguage\":\"de\"}]}<\/script>\n<!-- \/ Yoast SEO plugin. -->","yoast_head_json":{"title":"Rechtliche Hinweise - Toy Influence","robots":{"index":"index","follow":"follow","max-snippet":"max-snippet:-1","max-image-preview":"max-image-preview:large","max-video-preview":"max-video-preview:-1"},"canonical":"https:\/\/toyinfluence.com\/de\/mentions-legales\/","og_locale":"de_DE","og_type":"article","og_title":"Mentions l\u00e9gales - Toy Influence","og_description":"Conform\u00e9ment aux dispositions des articles 6-III et 19 de la Loi n\u00b0 2004-575 du 21 juin 2004 pour la Confiance dans l&rsquo;\u00e9conomie num\u00e9rique, dite L.C.E.N., nous portons \u00e0 la connaissance des utilisateurs et visiteurs du site : toyinfluence.com les informations suivantes : 1. Informations l\u00e9gales : Statut du propri\u00e9taire : particulierLe Propri\u00e9taire est : Yann [&hellip;]","og_url":"https:\/\/toyinfluence.com\/de\/mentions-legales\/","og_site_name":"Toy Influence","article_modified_time":"2022-05-04T14:27:02+00:00","twitter_card":"summary_large_image","twitter_misc":{"Gesch\u00e4tzte Lesezeit":"5\u00a0Minuten"},"schema":{"@context":"https:\/\/schema.org","@graph":[{"@type":"WebPage","@id":"https:\/\/toyinfluence.com\/mentions-legales\/","url":"https:\/\/toyinfluence.com\/mentions-legales\/","name":"Rechtliche Hinweise - Toy Influence","isPartOf":{"@id":"https:\/\/toyinfluence.com\/#website"},"datePublished":"2022-05-03T20:32:49+00:00","dateModified":"2022-05-04T14:27:02+00:00","breadcrumb":{"@id":"https:\/\/toyinfluence.com\/mentions-legales\/#breadcrumb"},"inLanguage":"de","potentialAction":[{"@type":"ReadAction","target":["https:\/\/toyinfluence.com\/mentions-legales\/"]}]},{"@type":"BreadcrumbList","@id":"https:\/\/toyinfluence.com\/mentions-legales\/#breadcrumb","itemListElement":[{"@type":"ListItem","position":1,"name":"Accueil","item":"https:\/\/toyinfluence.com\/"},{"@type":"ListItem","position":2,"name":"Mentions l\u00e9gales"}]},{"@type":"WebSite","@id":"https:\/\/toyinfluence.com\/#website","url":"https:\/\/toyinfluence.com\/","name":"Toy Influence","description":"","potentialAction":[{"@type":"SearchAction","target":{"@type":"EntryPoint","urlTemplate":"https:\/\/toyinfluence.com\/?s={search_term_string}"},"query-input":{"@type":"PropertyValueSpecification","valueRequired":true,"valueName":"search_term_string"}}],"inLanguage":"de"}]}},"_links":{"self":[{"href":"https:\/\/toyinfluence.com\/de\/wp-json\/wp\/v2\/pages\/320","targetHints":{"allow":["GET"]}}],"collection":[{"href":"https:\/\/toyinfluence.com\/de\/wp-json\/wp\/v2\/pages"}],"about":[{"href":"https:\/\/toyinfluence.com\/de\/wp-json\/wp\/v2\/types\/page"}],"author":[{"embeddable":true,"href":"https:\/\/toyinfluence.com\/de\/wp-json\/wp\/v2\/users\/1"}],"replies":[{"embeddable":true,"href":"https:\/\/toyinfluence.com\/de\/wp-json\/wp\/v2\/comments?post=320"}],"version-history":[{"count":25,"href":"https:\/\/toyinfluence.com\/de\/wp-json\/wp\/v2\/pages\/320\/revisions"}],"predecessor-version":[{"id":380,"href":"https:\/\/toyinfluence.com\/de\/wp-json\/wp\/v2\/pages\/320\/revisions\/380"}],"wp:attachment":[{"href":"https:\/\/toyinfluence.com\/de\/wp-json\/wp\/v2\/media?parent=320"}],"wp:term":[{"taxonomy":"category","embeddable":true,"href":"https:\/\/toyinfluence.com\/de\/wp-json\/wp\/v2\/categories?post=320"}],"curies":[{"name":"wp","href":"https:\/\/api.w.org\/{rel}","templated":true}]}}