{"id":319,"date":"2022-05-03T20:32:03","date_gmt":"2022-05-03T20:32:03","guid":{"rendered":"https:\/\/toyinfluence.com\/?page_id=319"},"modified":"2022-05-03T21:39:35","modified_gmt":"2022-05-03T21:39:35","slug":"politique-de-confidentialite","status":"publish","type":"page","link":"https:\/\/toyinfluence.com\/de\/politique-de-confidentialite\/","title":{"rendered":"Datenschutzrichtlinie"},"content":{"rendered":"<div data-elementor-type=\"wp-page\" data-elementor-id=\"319\" class=\"elementor elementor-319\" data-elementor-post-type=\"page\">\n\t\t\t\t\t\t<section class=\"elementor-section elementor-top-section elementor-element elementor-element-9e08555 elementor-section-height-min-height elementor-section-boxed elementor-section-height-default elementor-section-items-middle\" data-id=\"9e08555\" data-element_type=\"section\" data-e-type=\"section\" data-settings=\"{&quot;background_background&quot;:&quot;classic&quot;}\">\n\t\t\t\t\t\t<div class=\"elementor-container elementor-column-gap-default\">\n\t\t\t\t\t<div class=\"elementor-column elementor-col-100 elementor-top-column elementor-element elementor-element-e16f6e4\" data-id=\"e16f6e4\" data-element_type=\"column\" data-e-type=\"column\">\n\t\t\t<div class=\"elementor-widget-wrap elementor-element-populated\">\n\t\t\t\t\t\t<div class=\"elementor-element elementor-element-1fdf56c elementor-align-center elementor-widget elementor-widget-button\" data-id=\"1fdf56c\" data-element_type=\"widget\" data-e-type=\"widget\" data-widget_type=\"button.default\">\n\t\t\t\t<div class=\"elementor-widget-container\">\n\t\t\t\t\t\t\t\t\t<div class=\"elementor-button-wrapper\">\n\t\t\t\t\t<a class=\"elementor-button elementor-size-lg\" role=\"button\">\n\t\t\t\t\t\t<span class=\"elementor-button-content-wrapper\">\n\t\t\t\t\t\t\t\t\t<span class=\"elementor-button-text\">Datenschutzrichtlinie<\/span>\n\t\t\t\t\t<\/span>\n\t\t\t\t\t<\/a>\n\t\t\t\t<\/div>\n\t\t\t\t\t\t\t\t<\/div>\n\t\t\t\t<\/div>\n\t\t\t\t\t<\/div>\n\t\t<\/div>\n\t\t\t\t\t<\/div>\n\t\t<\/section>\n\t\t\t\t<section class=\"elementor-section elementor-top-section elementor-element elementor-element-6067f32 elementor-section-boxed elementor-section-height-default elementor-section-height-default\" data-id=\"6067f32\" data-element_type=\"section\" data-e-type=\"section\">\n\t\t\t\t\t\t<div class=\"elementor-container elementor-column-gap-default\">\n\t\t\t\t\t<div class=\"elementor-column elementor-col-100 elementor-top-column elementor-element elementor-element-deb3646\" data-id=\"deb3646\" data-element_type=\"column\" data-e-type=\"column\">\n\t\t\t<div class=\"elementor-widget-wrap elementor-element-populated\">\n\t\t\t\t\t\t<div class=\"elementor-element elementor-element-fe810e8 elementor-widget elementor-widget-text-editor\" data-id=\"fe810e8\" data-element_type=\"widget\" data-e-type=\"widget\" data-widget_type=\"text-editor.default\">\n\t\t\t\t<div class=\"elementor-widget-container\">\n\t\t\t\t\t\t\t\t\t<p>Die Website https:\/\/toyinfluence.com ist Eigentum von TOY INFLUENCE, die ein Datenverantwortlicher f\u00fcr Ihre pers\u00f6nlichen Daten ist.<\/p><p>Wir haben diese Datenschutzrichtlinie verabschiedet, die festlegt, wie wir mit den von https:\/\/toyinfluence.com gesammelten Informationen umgehen, die auch die Gr\u00fcnde liefert, warum wir bestimmte pers\u00f6nliche Daten \u00fcber Sie sammeln m\u00fcssen. Daher solltest du diese Datenschutzrichtlinie lesen, bevor du die Website von https:\/\/toyinfluence.com nutzt.<\/p><p>Wir gehen mit Ihren pers\u00f6nlichen Daten sorgsam um und verpflichten uns, ihre Vertraulichkeit und Sicherheit zu gew\u00e4hrleisten.<\/p><p><b>Die pers\u00f6nlichen Informationen, die wir sammeln :<br \/><\/b>Wenn Sie https:\/\/toyinfluence.com besuchen, erfassen wir automatisch bestimmte Informationen \u00fcber Ihr Ger\u00e4t, darunter Informationen \u00fcber Ihren Webbrowser, Ihre IP-Adresse, Ihre Zeitzone und einige der Cookies, die auf Ihrem Ger\u00e4t installiert sind. Wenn Sie auf der Website navigieren, sammeln wir au\u00dferdem Informationen dar\u00fcber, welche einzelnen Webseiten oder Produkte Sie besuchen, von welchen Websites oder Suchbegriffen Sie auf die Website verwiesen wurden und wie Sie mit der Website interagieren. Diese automatisch gesammelten Informationen bezeichnen wir als \"Ger\u00e4teinformationen\". Dar\u00fcber hinaus k\u00f6nnen wir die personenbezogenen Daten, die Sie uns bei der Anmeldung zur Verf\u00fcgung stellen (einschlie\u00dflich, aber nicht beschr\u00e4nkt auf Vor- und Nachname, Adresse, Zahlungsinformationen usw.), sammeln, um den Vertrag erf\u00fcllen zu k\u00f6nnen.<\/p><p><b>Warum verarbeiten wir Ihre Daten?<br \/><\/b>Die Sicherheit der Kundendaten hat f\u00fcr uns oberste Priorit\u00e4t. Aus diesem Grund d\u00fcrfen wir nur minimale Daten \u00fcber die Nutzer verarbeiten, und zwar nur in dem Ma\u00dfe, wie es f\u00fcr die Aufrechterhaltung der Website unbedingt erforderlich ist. Automatisch gesammelte Informationen werden ausschlie\u00dflich dazu verwendet, potenzielle Missbrauchsf\u00e4lle zu identifizieren und statistische Informationen \u00fcber die Nutzung der Website zu erstellen. Diese statistischen Informationen werden nicht anderweitig so zusammengefasst, dass ein bestimmter Nutzer des Systems identifiziert werden kann.<\/p><p>Sie k\u00f6nnen die Website besuchen, ohne uns mitzuteilen, wer Sie sind, oder Informationen preiszugeben, anhand derer Sie jemand als eine bestimmte und identifizierbare Person identifizieren k\u00f6nnte. Wenn Sie jedoch bestimmte Funktionen der Website nutzen m\u00f6chten, oder wenn Sie unseren Newsletter erhalten oder andere Details durch Ausf\u00fcllen eines Formulars angeben m\u00f6chten, k\u00f6nnen Sie uns pers\u00f6nliche Daten zur Verf\u00fcgung stellen, wie z. B. Ihre E-Mail-Adresse, Ihren Vornamen, Ihren Nachnamen, Ihren Wohnort, Ihre Organisation und Ihre Telefonnummer. Sie k\u00f6nnen sich daf\u00fcr entscheiden, uns Ihre pers\u00f6nlichen Daten nicht zur Verf\u00fcgung zu stellen, aber dann kann es sein, dass Sie bestimmte Funktionen der Website nicht nutzen k\u00f6nnen. Beispielsweise k\u00f6nnen Sie unseren Newsletter nicht erhalten oder uns direkt von der Website aus kontaktieren. Nutzer, die nicht wissen, welche Informationen sie angeben m\u00fcssen, werden gebeten, uns \u00fcber yann@toyinfluence.com zu kontaktieren.<\/p><p><b>Ihre Rechte :<br \/><\/b>Wenn Sie in der EU ans\u00e4ssig sind, haben Sie die folgenden Rechte im Zusammenhang mit Ihren personenbezogenen Daten:<\/p><p>Das Recht, informiert zu werden.<br \/>Das Recht auf Zugang.<br \/>Das Recht auf Berichtigung.<br \/>Das Recht auf L\u00f6schung.<br \/>Das Recht, die Verarbeitung einzuschr\u00e4nken.<br \/>Das Recht auf Daten\u00fcbertragbarkeit.<br \/>Das Recht auf Widerspruch.<br \/>Rechte in Bezug auf die automatisierte Entscheidungsfindung und das Profiling.<br \/>Wenn Sie dieses Recht aus\u00fcben m\u00f6chten, kontaktieren Sie uns bitte \u00fcber die unten stehenden Kontaktdaten.<\/p><p>Wenn Sie in Europa ans\u00e4ssig sind, nehmen wir au\u00dferdem zur Kenntnis, dass wir Ihre Informationen verarbeiten, um Vertr\u00e4ge zu erf\u00fcllen, die wir m\u00f6glicherweise mit Ihnen haben (z. B. wenn Sie \u00fcber die Website eine Bestellung aufgeben), oder um auf andere Weise unsere oben aufgef\u00fchrten legitimen Gesch\u00e4ftsinteressen zu verfolgen. Dar\u00fcber hinaus beachten Sie bitte, dass Ihre Informationen m\u00f6glicherweise in L\u00e4nder au\u00dferhalb Europas, einschlie\u00dflich Kanada und den Vereinigten Staaten, \u00fcbertragen werden.<\/p><p><b>Links zu anderen Webseiten :<br \/><\/b>Unsere Website kann Links zu anderen Websites enthalten, die sich nicht in unserem Besitz befinden oder von uns kontrolliert werden. Bitte beachten Sie, dass wir nicht f\u00fcr diese anderen Websites oder die Datenschutzpraktiken Dritter verantwortlich sind. Wir empfehlen Ihnen, beim Verlassen unserer Website aufmerksam zu sein und die Datenschutzerkl\u00e4rungen jeder Website zu lesen, die m\u00f6glicherweise personenbezogene Daten sammelt.<\/p><p><b>Informationssicherheit :<br \/><\/b>Wir sichern die von Ihnen bereitgestellten Informationen auf Computerservern in einer kontrollierten und sicheren Umgebung, die vor unbefugtem Zugriff, unbefugter Nutzung oder Offenlegung gesch\u00fctzt ist. Wir bewahren angemessene administrative, technische und physische Garantien auf, um uns vor unbefugtem Zugriff, unbefugter Nutzung, \u00c4nderung und Offenlegung von personenbezogenen Daten unter seiner Kontrolle und Obhut zu sch\u00fctzen. Es kann jedoch keine Daten\u00fcbertragung \u00fcber das Internet oder ein drahtloses Netzwerk garantiert werden.<\/p><p><b>Gesetzliche Offenlegung :<br \/><\/b>Wir werden alle Informationen, die wir sammeln, verwenden oder erhalten, offenlegen, wenn dies gesetzlich vorgeschrieben oder erlaubt ist, z. B. um einer Vorladung oder einem \u00e4hnlichen Gerichtsverfahren nachzukommen, und wenn wir in gutem Glauben davon ausgehen, dass die Offenlegung notwendig ist, um unsere Rechte, Ihre Sicherheit oder die Sicherheit anderer zu sch\u00fctzen, einen Betrug zu untersuchen oder auf eine Regierungsanfrage zu reagieren.<\/p><p><b>Kontaktinformationen :<br \/><\/b>Wenn Sie sich mit uns in Verbindung setzen m\u00f6chten, um diese Richtlinie besser zu verstehen, oder wenn Sie uns wegen Fragen zu Ihren individuellen Rechten und Ihren pers\u00f6nlichen Informationen kontaktieren m\u00f6chten, k\u00f6nnen Sie eine E-Mail an yann@toyinfluence.com senden.<\/p>\t\t\t\t\t\t\t\t<\/div>\n\t\t\t\t<\/div>\n\t\t\t\t\t<\/div>\n\t\t<\/div>\n\t\t\t\t\t<\/div>\n\t\t<\/section>\n\t\t\t\t<\/div>","protected":false},"excerpt":{"rendered":"<p>Le site web https:\/\/toyinfluence.com est d\u00e9tenu par TOY INFLUENCE, qui est un contr\u00f4leur de donn\u00e9es de vos donn\u00e9es personnelles. Nous avons adopt\u00e9 cette politique de confidentialit\u00e9, qui d\u00e9termine la mani\u00e8re dont nous traitons les informations collect\u00e9es par https:\/\/toyinfluence.com, qui fournit \u00e9galement les raisons pour lesquelles nous devons collecter certaines donn\u00e9es personnelles vous concernant. Par cons\u00e9quent, [&hellip;]<\/p>\n","protected":false},"author":1,"featured_media":0,"parent":0,"menu_order":0,"comment_status":"closed","ping_status":"closed","template":"elementor_header_footer","meta":{"footnotes":""},"categories":[],"class_list":["post-319","page","type-page","status-publish","hentry"],"yoast_head":"<!-- This site is optimized with the Yoast SEO plugin v27.4 - https:\/\/yoast.com\/product\/yoast-seo-wordpress\/ -->\n<title>Politique de confidentialit\u00e9 - Toy Influence<\/title>\n<meta name=\"robots\" content=\"index, follow, max-snippet:-1, max-image-preview:large, max-video-preview:-1\" \/>\n<link rel=\"canonical\" href=\"https:\/\/toyinfluence.com\/de\/politique-de-confidentialite\/\" \/>\n<meta property=\"og:locale\" content=\"de_DE\" \/>\n<meta property=\"og:type\" content=\"article\" \/>\n<meta property=\"og:title\" content=\"Politique de confidentialit\u00e9 - Toy Influence\" \/>\n<meta property=\"og:description\" content=\"Le site web https:\/\/toyinfluence.com est d\u00e9tenu par TOY INFLUENCE, qui est un contr\u00f4leur de donn\u00e9es de vos donn\u00e9es personnelles. Nous avons adopt\u00e9 cette politique de confidentialit\u00e9, qui d\u00e9termine la mani\u00e8re dont nous traitons les informations collect\u00e9es par https:\/\/toyinfluence.com, qui fournit \u00e9galement les raisons pour lesquelles nous devons collecter certaines donn\u00e9es personnelles vous concernant. Par cons\u00e9quent, [&hellip;]\" \/>\n<meta property=\"og:url\" content=\"https:\/\/toyinfluence.com\/de\/politique-de-confidentialite\/\" \/>\n<meta property=\"og:site_name\" content=\"Toy Influence\" \/>\n<meta property=\"article:modified_time\" content=\"2022-05-03T21:39:35+00:00\" \/>\n<meta name=\"twitter:card\" content=\"summary_large_image\" \/>\n<meta name=\"twitter:label1\" content=\"Gesch\u00e4tzte Lesezeit\" \/>\n\t<meta name=\"twitter:data1\" content=\"1\u00a0Minute\" \/>\n<script type=\"application\/ld+json\" class=\"yoast-schema-graph\">{\"@context\":\"https:\\\/\\\/schema.org\",\"@graph\":[{\"@type\":\"WebPage\",\"@id\":\"https:\\\/\\\/toyinfluence.com\\\/politique-de-confidentialite\\\/\",\"url\":\"https:\\\/\\\/toyinfluence.com\\\/politique-de-confidentialite\\\/\",\"name\":\"Politique de confidentialit\u00e9 - Toy Influence\",\"isPartOf\":{\"@id\":\"https:\\\/\\\/toyinfluence.com\\\/#website\"},\"datePublished\":\"2022-05-03T20:32:03+00:00\",\"dateModified\":\"2022-05-03T21:39:35+00:00\",\"breadcrumb\":{\"@id\":\"https:\\\/\\\/toyinfluence.com\\\/politique-de-confidentialite\\\/#breadcrumb\"},\"inLanguage\":\"de\",\"potentialAction\":[{\"@type\":\"ReadAction\",\"target\":[\"https:\\\/\\\/toyinfluence.com\\\/politique-de-confidentialite\\\/\"]}]},{\"@type\":\"BreadcrumbList\",\"@id\":\"https:\\\/\\\/toyinfluence.com\\\/politique-de-confidentialite\\\/#breadcrumb\",\"itemListElement\":[{\"@type\":\"ListItem\",\"position\":1,\"name\":\"Accueil\",\"item\":\"https:\\\/\\\/toyinfluence.com\\\/\"},{\"@type\":\"ListItem\",\"position\":2,\"name\":\"Politique de confidentialit\u00e9\"}]},{\"@type\":\"WebSite\",\"@id\":\"https:\\\/\\\/toyinfluence.com\\\/#website\",\"url\":\"https:\\\/\\\/toyinfluence.com\\\/\",\"name\":\"Toy Influence\",\"description\":\"\",\"potentialAction\":[{\"@type\":\"SearchAction\",\"target\":{\"@type\":\"EntryPoint\",\"urlTemplate\":\"https:\\\/\\\/toyinfluence.com\\\/?s={search_term_string}\"},\"query-input\":{\"@type\":\"PropertyValueSpecification\",\"valueRequired\":true,\"valueName\":\"search_term_string\"}}],\"inLanguage\":\"de\"}]}<\/script>\n<!-- \/ Yoast SEO plugin. -->","yoast_head_json":{"title":"Datenschutzrichtlinie - Toy Influence","robots":{"index":"index","follow":"follow","max-snippet":"max-snippet:-1","max-image-preview":"max-image-preview:large","max-video-preview":"max-video-preview:-1"},"canonical":"https:\/\/toyinfluence.com\/de\/politique-de-confidentialite\/","og_locale":"de_DE","og_type":"article","og_title":"Politique de confidentialit\u00e9 - Toy Influence","og_description":"Le site web https:\/\/toyinfluence.com est d\u00e9tenu par TOY INFLUENCE, qui est un contr\u00f4leur de donn\u00e9es de vos donn\u00e9es personnelles. Nous avons adopt\u00e9 cette politique de confidentialit\u00e9, qui d\u00e9termine la mani\u00e8re dont nous traitons les informations collect\u00e9es par https:\/\/toyinfluence.com, qui fournit \u00e9galement les raisons pour lesquelles nous devons collecter certaines donn\u00e9es personnelles vous concernant. Par cons\u00e9quent, [&hellip;]","og_url":"https:\/\/toyinfluence.com\/de\/politique-de-confidentialite\/","og_site_name":"Toy Influence","article_modified_time":"2022-05-03T21:39:35+00:00","twitter_card":"summary_large_image","twitter_misc":{"Gesch\u00e4tzte Lesezeit":"1\u00a0Minute"},"schema":{"@context":"https:\/\/schema.org","@graph":[{"@type":"WebPage","@id":"https:\/\/toyinfluence.com\/politique-de-confidentialite\/","url":"https:\/\/toyinfluence.com\/politique-de-confidentialite\/","name":"Datenschutzrichtlinie - Toy Influence","isPartOf":{"@id":"https:\/\/toyinfluence.com\/#website"},"datePublished":"2022-05-03T20:32:03+00:00","dateModified":"2022-05-03T21:39:35+00:00","breadcrumb":{"@id":"https:\/\/toyinfluence.com\/politique-de-confidentialite\/#breadcrumb"},"inLanguage":"de","potentialAction":[{"@type":"ReadAction","target":["https:\/\/toyinfluence.com\/politique-de-confidentialite\/"]}]},{"@type":"BreadcrumbList","@id":"https:\/\/toyinfluence.com\/politique-de-confidentialite\/#breadcrumb","itemListElement":[{"@type":"ListItem","position":1,"name":"Accueil","item":"https:\/\/toyinfluence.com\/"},{"@type":"ListItem","position":2,"name":"Politique de confidentialit\u00e9"}]},{"@type":"WebSite","@id":"https:\/\/toyinfluence.com\/#website","url":"https:\/\/toyinfluence.com\/","name":"Toy Influence","description":"","potentialAction":[{"@type":"SearchAction","target":{"@type":"EntryPoint","urlTemplate":"https:\/\/toyinfluence.com\/?s={search_term_string}"},"query-input":{"@type":"PropertyValueSpecification","valueRequired":true,"valueName":"search_term_string"}}],"inLanguage":"de"}]}},"_links":{"self":[{"href":"https:\/\/toyinfluence.com\/de\/wp-json\/wp\/v2\/pages\/319","targetHints":{"allow":["GET"]}}],"collection":[{"href":"https:\/\/toyinfluence.com\/de\/wp-json\/wp\/v2\/pages"}],"about":[{"href":"https:\/\/toyinfluence.com\/de\/wp-json\/wp\/v2\/types\/page"}],"author":[{"embeddable":true,"href":"https:\/\/toyinfluence.com\/de\/wp-json\/wp\/v2\/users\/1"}],"replies":[{"embeddable":true,"href":"https:\/\/toyinfluence.com\/de\/wp-json\/wp\/v2\/comments?post=319"}],"version-history":[{"count":10,"href":"https:\/\/toyinfluence.com\/de\/wp-json\/wp\/v2\/pages\/319\/revisions"}],"predecessor-version":[{"id":356,"href":"https:\/\/toyinfluence.com\/de\/wp-json\/wp\/v2\/pages\/319\/revisions\/356"}],"wp:attachment":[{"href":"https:\/\/toyinfluence.com\/de\/wp-json\/wp\/v2\/media?parent=319"}],"wp:term":[{"taxonomy":"category","embeddable":true,"href":"https:\/\/toyinfluence.com\/de\/wp-json\/wp\/v2\/categories?post=319"}],"curies":[{"name":"wp","href":"https:\/\/api.w.org\/{rel}","templated":true}]}}