{"id":1365,"date":"2025-08-27T15:59:25","date_gmt":"2025-08-27T15:59:25","guid":{"rendered":"https:\/\/toyinfluence.com\/?page_id=1365"},"modified":"2025-08-27T15:59:25","modified_gmt":"2025-08-27T15:59:25","slug":"strategie-influence-jouet","status":"publish","type":"page","link":"https:\/\/toyinfluence.com\/de\/strategie-influence-jouet\/","title":{"rendered":"Einflussstrategie f\u00fcr Spielzeugmarken"},"content":{"rendered":"<p>Seit mehreren Jahren begleite ich Marken beim Aufbau ihrer <strong>Strategie Einfluss Spielzeug<\/strong>. Mit <strong>Toy Influence<\/strong>Ich helfe meinen Kunden dabei, die richtigen Influencer zu finden, ein effektives Storytelling aufzubauen und diese Kampagnen in konkrete Ergebnisse umzusetzen. Mein Ziel ist einfach: Ihnen zu erm\u00f6glichen, Ihren Umsatz durch authentische Kommunikation zu steigern.<\/p>\n<h2>Warum eine Strategie der Einflussnahme in der Spielzeugbranche entscheidend ist<\/h2>\n<p>Die Spielzeugbranche ist eine sehr visuelle und emotionale Branche. Kinder wollen Neuheiten entdecken und Eltern suchen nach beruhigenden Meinungen. Eine <strong>Strategie Einfluss Spielzeug<\/strong> gut aufgebaut ist, erm\u00f6glicht es, beide Erwartungen zu erf\u00fcllen. Influencer bauen eine direkte Verbindung zu ihrer Community auf und werden zu glaubw\u00fcrdigen Botschaftern.<\/p>\n<p>Dar\u00fcber hinaus erg\u00e4nzt die Einflussnahme die klassischen Marketingma\u00dfnahmen. Sie ist Teil eines Gesamtplans, der Werbung, Messen und B2B-Kommunikation umfasst.<\/p>\n<h2>Mikro- oder Makro-Influencer: Welche Wahl treffen Sie f\u00fcr Ihre Marke?<\/h2>\n<p>Der Erfolg eines <strong>plan einfluss spielzeug<\/strong> h\u00e4ngt von der Wahl der richtigen Partner ab. Mikro- und Makro-Influencer spielen nicht die gleiche Rolle.<\/p>\n<ul>\n<li><strong>Mikro-Influencer<\/strong> : kleinere, aber sehr engagierte Gemeinschaften, die sich perfekt eignen, um N\u00e4he zu schaffen.<\/li>\n<li><strong>Makro-Influencer<\/strong> : Hohe Reichweite und Sichtbarkeit, ideal f\u00fcr Einf\u00fchrungen oder massive Kampagnen.<\/li>\n<\/ul>\n<p>Ich empfehle oft, beide zu kombinieren. So erhalten Sie sowohl die Authentizit\u00e4t der Mikro-Influencer als auch die Verbreitungsst\u00e4rke der Makro-Influencer.<\/p>\n<h2>Die Bedeutung von Storytelling rund um das Spielzeug<\/h2>\n<p>Ein Spielzeug wird nicht nur wegen seiner technischen Eigenschaften verkauft. Es wird auch wegen der Geschichte verkauft, die es erz\u00e4hlt. Hier spielt das Storytelling eine zentrale Rolle. Indem Sie eine Erz\u00e4hlung um Ihre Produkte herum aufbauen, wecken Sie Emotionen und Zustimmung. Influencer werden dann zu den Tr\u00e4gern dieser Erz\u00e4hlung.<\/p>\n<p>Ich arbeite mit meinen Kunden zusammen, um ein koh\u00e4rentes Erz\u00e4hluniversum zu definieren: Ursprung des Produkts, erzieherische Werte, spielerische Dimension. Diese Erz\u00e4hlung, die von den Content Creators weitergegeben wird, verst\u00e4rkt die Wirkung der Kampagnen.<\/p>\n<h2>Die wichtigsten Plattformen f\u00fcr eine Einflussstrategie<\/h2>\n<p>Drei Netzwerke dominieren heute die<strong>Einfluss Marketing Spielzeug<\/strong> :<\/p>\n<ul>\n<li><strong>TikTok<\/strong> : ideal f\u00fcr virale Videos und Trendspielzeug.<\/li>\n<li><strong>YouTube<\/strong> : Perfekt f\u00fcr Produktdemonstrationen und -tests mit der ganzen Familie.<\/li>\n<li><strong>Instagram<\/strong> : effektiv f\u00fcr visuelle Hervorhebungen und Partnerschaften mit Eltern.<\/li>\n<\/ul>\n<p>Jede Plattform hat ihre eigenen Besonderheiten. Daher baue ich Kampagnen auf, die auf die jeweiligen Codes zugeschnitten sind. Dieser Ansatz maximiert die Reichweite und die Effektivit\u00e4t.<\/p>\n<h2>Einen effektiven Plan zur Einflussnahme aufbauen<\/h2>\n<p>Eine <strong>plan einfluss spielzeug<\/strong> wird in mehreren Schritten aufgebaut:<\/p>\n<ul>\n<li>Definieren Sie Ihre Ziele (Sichtbarkeit, Bekanntheitsgrad, Verk\u00e4ufe)<\/li>\n<li>Identifizieren Sie Ihre Zielgruppen (Kinder, Eltern, H\u00e4ndler)<\/li>\n<li>Relevante Influencer ausw\u00e4hlen<\/li>\n<li>Ein passendes Storytelling entwickeln<\/li>\n<li>Starten Sie die Kampagne mit regelm\u00e4\u00dfigen Folgema\u00dfnahmen<\/li>\n<li>Ergebnisse messen und ggf. anpassen<\/li>\n<\/ul>\n<p>Ich begleite Sie bei jedem dieser Schritte. Meine Aufgabe ist es, die Koh\u00e4renz und Wirksamkeit Ihrer Strategie zu gew\u00e4hrleisten.<\/p>\n<h2>Beispiele f\u00fcr Erfolge<\/h2>\n<p>Ich habe bereits mehrere Marken bei der Umsetzung ihrer Influencer-Strategie begleitet. Hier einige Beispiele:<\/p>\n<ul>\n<li>Eine Instagram-Kampagne mit Mikro-Influencern aus der Elternschaft f\u00fchrte zu einem starken Anstieg des Bekanntheitsgrades.<\/li>\n<li>Eine TikTok-Challenge verhalf einer Brettspielmarke zu mehreren Millionen Aufrufen.<\/li>\n<li>Von Familien gedrehte YouTube-Videos kurbelten den Verkauf eines innovativen Lernspielzeugs an.<\/li>\n<\/ul>\n<p>Diese F\u00e4lle zeigen, dass eine <strong>Strategie Einfluss Spielzeug<\/strong> gut durchdacht ist, kann zu einer schnellen und nachhaltigen Investitionsrendite f\u00fchren.<\/p>\n<h2>Die Rolle der Regulierung<\/h2>\n<p>Jede Einflusskampagne muss sich an einen rechtlichen Rahmen halten. Partnerschaften m\u00fcssen klar gekennzeichnet werden. Au\u00dferdem m\u00fcssen die Inhalte, wenn sie sich an Kinder richten, angepasst und sicher sein. Ich achte darauf, dass meine Kunden die Empfehlungen von <a href=\"https:\/\/www.service-public.fr\/particuliers\/actualites\/A15673\" target=\"_blank\" rel=\"noopener\">\u00d6ffentlicher Dienst<\/a> und den in jedem Land geltenden Regeln.<\/p>\n<p>Diese Wachsamkeit sch\u00fctzt die Marke, die Influencer und vor allem die Verbraucher.<\/p>\n<h2>Warum Sie mir Ihre Einflussstrategie anvertrauen sollten<\/h2>\n<p>Mit \u00fcber f\u00fcnfundzwanzig Jahren Erfahrung in der Spielzeugindustrie kenne ich die Codes des Marktes. Ich habe lokale und internationale Marken bei verschiedenen Kampagnen begleitet. Au\u00dferdem spreche ich f\u00fcnf Sprachen: Franz\u00f6sisch, Englisch, Spanisch, Italienisch und Deutsch. Dies erm\u00f6glicht es mir, Einflussprojekte auf europ\u00e4ischer Ebene zu leiten.<\/p>\n<p>Meine Begleitung geht \u00fcber die Beratung hinaus. Ich helfe Ihnen auch bei der Umsetzung Ihrer <strong>plan einfluss spielzeug<\/strong> und die Ergebnisse zu messen. So haben Sie die Garantie f\u00fcr eine konkrete und effektive Nachbereitung.<\/p>\n<h2>Fazit: Bauen wir gemeinsam Ihre Einflussstrategie auf<\/h2>\n<p>Influencing ist zu einem unumg\u00e4nglichen Hebel in der Spielzeugbranche geworden. Um erfolgreich zu sein, braucht man eine klare Strategie, das richtige Storytelling und relevante Partnerschaften. Meine Aufgabe ist es, Sie bei jedem Schritt zu begleiten und Ihre Kampagnen in einen Erfolg zu verwandeln.<\/p>\n<p><strong>\ud83d\udc49 Kontaktieren Sie mich noch heute unter <a href=\"tel:+33648940205\">06 48 94 02 05<\/a> oder \u00fcber mein <a href=\"https:\/\/toyinfluence.com\/de\/contact\/\">Kontaktformular<\/a>. Ich spreche Franz\u00f6sisch, Englisch, Spanisch, Italienisch und Deutsch und w\u00fcrde mich freuen, mich mit Ihnen auszutauschen.<\/strong><\/p>","protected":false},"excerpt":{"rendered":"<p>Depuis plusieurs ann\u00e9es, j\u2019accompagne des marques dans la construction de leur strat\u00e9gie influence jouet. Avec Toy Influence, j\u2019aide mes clients \u00e0 identifier les bons influenceurs, \u00e0 b\u00e2tir un storytelling efficace et \u00e0 transformer ces campagnes en r\u00e9sultats concrets. Mon objectif est simple : vous permettre de booster vos ventes gr\u00e2ce \u00e0 une communication authentique. Pourquoi [&hellip;]<\/p>\n","protected":false},"author":1,"featured_media":0,"parent":0,"menu_order":0,"comment_status":"closed","ping_status":"closed","template":"","meta":{"footnotes":""},"categories":[9],"class_list":["post-1365","page","type-page","status-publish","hentry","category-satellite-seo"],"yoast_head":"<!-- This site is optimized with the Yoast SEO plugin v27.4 - https:\/\/yoast.com\/product\/yoast-seo-wordpress\/ -->\n<title>Strat\u00e9gie influence jouet | Micro et macro-influenceurs<\/title>\n<meta name=\"description\" content=\"D\u00e9couvrez ma strat\u00e9gie influence jouet : choix des bons influenceurs, storytelling et plan d\u2019action pour booster vos ventes.\" \/>\n<meta name=\"robots\" content=\"index, follow, max-snippet:-1, max-image-preview:large, max-video-preview:-1\" \/>\n<link rel=\"canonical\" href=\"https:\/\/toyinfluence.com\/de\/strategie-influence-jouet\/\" \/>\n<meta property=\"og:locale\" content=\"de_DE\" \/>\n<meta property=\"og:type\" content=\"article\" \/>\n<meta property=\"og:title\" content=\"Strat\u00e9gie influence jouet | Micro et macro-influenceurs\" \/>\n<meta property=\"og:description\" content=\"D\u00e9couvrez ma strat\u00e9gie influence jouet : choix des bons influenceurs, storytelling et plan d\u2019action pour booster vos ventes.\" \/>\n<meta property=\"og:url\" content=\"https:\/\/toyinfluence.com\/de\/strategie-influence-jouet\/\" \/>\n<meta property=\"og:site_name\" content=\"Toy Influence\" \/>\n<meta name=\"twitter:card\" content=\"summary_large_image\" \/>\n<meta name=\"twitter:label1\" content=\"Gesch\u00e4tzte Lesezeit\" \/>\n\t<meta name=\"twitter:data1\" content=\"4\u00a0Minuten\" \/>\n<script type=\"application\/ld+json\" class=\"yoast-schema-graph\">{\"@context\":\"https:\\\/\\\/schema.org\",\"@graph\":[{\"@type\":\"WebPage\",\"@id\":\"https:\\\/\\\/toyinfluence.com\\\/strategie-influence-jouet\\\/\",\"url\":\"https:\\\/\\\/toyinfluence.com\\\/strategie-influence-jouet\\\/\",\"name\":\"Strat\u00e9gie influence jouet | Micro et macro-influenceurs\",\"isPartOf\":{\"@id\":\"https:\\\/\\\/toyinfluence.com\\\/#website\"},\"datePublished\":\"2025-08-27T15:59:25+00:00\",\"description\":\"D\u00e9couvrez ma strat\u00e9gie influence jouet : choix des bons influenceurs, storytelling et plan d\u2019action pour booster vos ventes.\",\"breadcrumb\":{\"@id\":\"https:\\\/\\\/toyinfluence.com\\\/strategie-influence-jouet\\\/#breadcrumb\"},\"inLanguage\":\"de\",\"potentialAction\":[{\"@type\":\"ReadAction\",\"target\":[\"https:\\\/\\\/toyinfluence.com\\\/strategie-influence-jouet\\\/\"]}]},{\"@type\":\"BreadcrumbList\",\"@id\":\"https:\\\/\\\/toyinfluence.com\\\/strategie-influence-jouet\\\/#breadcrumb\",\"itemListElement\":[{\"@type\":\"ListItem\",\"position\":1,\"name\":\"Accueil\",\"item\":\"https:\\\/\\\/toyinfluence.com\\\/\"},{\"@type\":\"ListItem\",\"position\":2,\"name\":\"Strat\u00e9gie d\u2019influence pour les marques de jouets\"}]},{\"@type\":\"WebSite\",\"@id\":\"https:\\\/\\\/toyinfluence.com\\\/#website\",\"url\":\"https:\\\/\\\/toyinfluence.com\\\/\",\"name\":\"Toy Influence\",\"description\":\"\",\"potentialAction\":[{\"@type\":\"SearchAction\",\"target\":{\"@type\":\"EntryPoint\",\"urlTemplate\":\"https:\\\/\\\/toyinfluence.com\\\/?s={search_term_string}\"},\"query-input\":{\"@type\":\"PropertyValueSpecification\",\"valueRequired\":true,\"valueName\":\"search_term_string\"}}],\"inLanguage\":\"de\"}]}<\/script>\n<!-- \/ Yoast SEO plugin. -->","yoast_head_json":{"title":"Strat\u00e9gie influence jouet | Micro et macro-influenceurs","description":"D\u00e9couvrez ma strat\u00e9gie influence jouet : choix des bons influenceurs, storytelling et plan d\u2019action pour booster vos ventes.","robots":{"index":"index","follow":"follow","max-snippet":"max-snippet:-1","max-image-preview":"max-image-preview:large","max-video-preview":"max-video-preview:-1"},"canonical":"https:\/\/toyinfluence.com\/de\/strategie-influence-jouet\/","og_locale":"de_DE","og_type":"article","og_title":"Strat\u00e9gie influence jouet | Micro et macro-influenceurs","og_description":"D\u00e9couvrez ma strat\u00e9gie influence jouet : choix des bons influenceurs, storytelling et plan d\u2019action pour booster vos ventes.","og_url":"https:\/\/toyinfluence.com\/de\/strategie-influence-jouet\/","og_site_name":"Toy Influence","twitter_card":"summary_large_image","twitter_misc":{"Gesch\u00e4tzte Lesezeit":"4\u00a0Minuten"},"schema":{"@context":"https:\/\/schema.org","@graph":[{"@type":"WebPage","@id":"https:\/\/toyinfluence.com\/strategie-influence-jouet\/","url":"https:\/\/toyinfluence.com\/strategie-influence-jouet\/","name":"Strat\u00e9gie influence jouet | Micro et macro-influenceurs","isPartOf":{"@id":"https:\/\/toyinfluence.com\/#website"},"datePublished":"2025-08-27T15:59:25+00:00","description":"D\u00e9couvrez ma strat\u00e9gie influence jouet : choix des bons influenceurs, storytelling et plan d\u2019action pour booster vos ventes.","breadcrumb":{"@id":"https:\/\/toyinfluence.com\/strategie-influence-jouet\/#breadcrumb"},"inLanguage":"de","potentialAction":[{"@type":"ReadAction","target":["https:\/\/toyinfluence.com\/strategie-influence-jouet\/"]}]},{"@type":"BreadcrumbList","@id":"https:\/\/toyinfluence.com\/strategie-influence-jouet\/#breadcrumb","itemListElement":[{"@type":"ListItem","position":1,"name":"Accueil","item":"https:\/\/toyinfluence.com\/"},{"@type":"ListItem","position":2,"name":"Strat\u00e9gie d\u2019influence pour les marques de jouets"}]},{"@type":"WebSite","@id":"https:\/\/toyinfluence.com\/#website","url":"https:\/\/toyinfluence.com\/","name":"Toy Influence","description":"","potentialAction":[{"@type":"SearchAction","target":{"@type":"EntryPoint","urlTemplate":"https:\/\/toyinfluence.com\/?s={search_term_string}"},"query-input":{"@type":"PropertyValueSpecification","valueRequired":true,"valueName":"search_term_string"}}],"inLanguage":"de"}]}},"_links":{"self":[{"href":"https:\/\/toyinfluence.com\/de\/wp-json\/wp\/v2\/pages\/1365","targetHints":{"allow":["GET"]}}],"collection":[{"href":"https:\/\/toyinfluence.com\/de\/wp-json\/wp\/v2\/pages"}],"about":[{"href":"https:\/\/toyinfluence.com\/de\/wp-json\/wp\/v2\/types\/page"}],"author":[{"embeddable":true,"href":"https:\/\/toyinfluence.com\/de\/wp-json\/wp\/v2\/users\/1"}],"replies":[{"embeddable":true,"href":"https:\/\/toyinfluence.com\/de\/wp-json\/wp\/v2\/comments?post=1365"}],"version-history":[{"count":1,"href":"https:\/\/toyinfluence.com\/de\/wp-json\/wp\/v2\/pages\/1365\/revisions"}],"predecessor-version":[{"id":1366,"href":"https:\/\/toyinfluence.com\/de\/wp-json\/wp\/v2\/pages\/1365\/revisions\/1366"}],"wp:attachment":[{"href":"https:\/\/toyinfluence.com\/de\/wp-json\/wp\/v2\/media?parent=1365"}],"wp:term":[{"taxonomy":"category","embeddable":true,"href":"https:\/\/toyinfluence.com\/de\/wp-json\/wp\/v2\/categories?post=1365"}],"curies":[{"name":"wp","href":"https:\/\/api.w.org\/{rel}","templated":true}]}}