{"id":1363,"date":"2025-08-27T15:57:50","date_gmt":"2025-08-27T15:57:50","guid":{"rendered":"https:\/\/toyinfluence.com\/?page_id=1363"},"modified":"2025-08-27T15:57:50","modified_gmt":"2025-08-27T15:57:50","slug":"influence-marketing-jouet","status":"publish","type":"page","link":"https:\/\/toyinfluence.com\/de\/influence-marketing-jouet\/","title":{"rendered":"Marketingeinfluss in der Spielzeugbranche"},"content":{"rendered":"<p>Seit mehreren Jahren beobachte ich den wachsenden Einfluss sozialer Netzwerke auf den Spielzeugmarkt. L'<strong>Einfluss Marketing Spielzeug<\/strong> ist zu einem wichtigen Hebel geworden, um den Verkauf anzukurbeln und den Bekanntheitsgrad von Marken zu steigern. Mit <strong>Toy Influence<\/strong>In meiner Funktion als Marketingberaterin begleite ich Unternehmen, die erfolgreiche Kampagnen auf TikTok, YouTube und Instagram entwickeln m\u00f6chten.<\/p>\n<h2>Warum Influencer Marketing in der Spielzeugbranche entscheidend ist<\/h2>\n<p>Die Spielzeugbranche zeichnet sich durch eine vielf\u00e4ltige Zielgruppe aus. Kinder sind die Endverbraucher, aber die Eltern bleiben die Kaufentscheider. L'<strong>Einfluss Marketing Spielzeug<\/strong> erm\u00f6glicht es, beide Zielgruppen zu erreichen. Die Ersteller von Inhalten inspirieren Kinder und beruhigen Eltern. Daher kann eine gut durchgef\u00fchrte Kampagne sofortige Ergebnisse erzielen.<\/p>\n<p>Dar\u00fcber hinaus ist die Rolle der Communities zentral. Familien vertrauen den Influencern, denen sie regelm\u00e4\u00dfig folgen. So werden Empfehlungen zu starken Kaufausl\u00f6sern.<\/p>\n<h2>Die unverzichtbaren Plattformen f\u00fcr Kampagnen<\/h2>\n<p>Drei Plattformen dominieren heute die<strong>Einfluss Marketing Spielzeug<\/strong> :<\/p>\n<ul>\n<li><strong>TikTok<\/strong> : bevorzugtes Netzwerk der jungen Generation, ideal f\u00fcr die Einf\u00fchrung von Trendspielzeug<\/li>\n<li><strong>YouTube<\/strong> : Schl\u00fcsselplattform f\u00fcr Produkttests, Tutorials und Spielvideos<\/li>\n<li><strong>Instagram<\/strong> : ein m\u00e4chtiges Werkzeug zum Aufbau eines Markenimages und zur Erstellung visueller Kampagnen<\/li>\n<\/ul>\n<p>Jede dieser Plattformen spielt eine komplement\u00e4re Rolle. Durch ihre Kombination kann eine Marke verschiedene Zielgruppen erreichen und ihre Gesamtwirkung verst\u00e4rken.<\/p>\n<h2>Konkrete Beispiele f\u00fcr erfolgreiche Kampagnen<\/h2>\n<p>Im Laufe meiner Karriere habe ich mehrere Marken bei ihren Influencer-Kampagnen begleitet. Hier einige illustrative F\u00e4lle:<\/p>\n<ul>\n<li>Eine Marke f\u00fcr Lernspielzeug arbeitete mit Eltern zusammen, die auf Instagram Einfluss nehmen. Ergebnis: starke Steigerung des Bekanntheitsgrades und der Verkaufszahlen.<\/li>\n<li>Eine TikTok-Kampagne mit Herausforderungen rund um ein Brettspiel erzeugte innerhalb weniger Tage Millionen von Aufrufen.<\/li>\n<li>YouTube-Videos mit Produkttests von Familien haben viele z\u00f6gernde K\u00e4ufer \u00fcberzeugt.<\/li>\n<\/ul>\n<p>Diese Beispiele zeigen, dass die<strong>Einfluss Marketing Spielzeug<\/strong> kann sich an jedes Sortiment und jedes Budget anpassen.<\/p>\n<h2>Wie man eine effektive Influencer-Kampagne aufbaut<\/h2>\n<p>Eine erfolgreiche Kampagne beruht auf mehreren Schritten:<\/p>\n<ul>\n<li>Die richtigen Influencer f\u00fcr Ihr Ziel identifizieren<\/li>\n<li>Definieren Sie eine klare, der Plattform angepasste Botschaft<\/li>\n<li>Ein genaues Monitoring einrichten, um die Ergebnisse zu messen<\/li>\n<li>Einflussnahme in eine umfassende Marketingstrategie integrieren<\/li>\n<\/ul>\n<p>Ich rate immer dazu, langfristig mit relevanten Content-Erstellern zusammenzuarbeiten. So wird die Beziehung authentischer und das Vertrauen der Verbraucher w\u00e4chst.<\/p>\n<h2>Die Vorteile von Influencer Marketing Toys<\/h2>\n<p>Die Vorteile sind vielf\u00e4ltig. Zun\u00e4chst einmal erm\u00f6glicht der Einfluss eine hohe Reaktionsf\u00e4higkeit. Ein virales Video kann sofort zu Verk\u00e4ufen f\u00fchren. Zweitens bietet sie reichhaltige Inhalte, die Marken wiederverwenden k\u00f6nnen. Und schlie\u00dflich schafft sie eine enge Beziehung zu den Verbrauchern. Durch die Kombination von Influencing und B2B-Kommunikation st\u00e4rken die Marken ihre Glaubw\u00fcrdigkeit bei den Einzelh\u00e4ndlern.<\/p>\n<h2>Die Rolle der Regulierung<\/h2>\n<p>L'<strong>Einfluss Marketing Spielzeug<\/strong> muss sich an klare Regeln halten. Partnerschaften m\u00fcssen transparent sein und gemeldet werden. Dar\u00fcber hinaus erfordern Inhalte, die sich an Kinder richten, besondere Wachsamkeit. Ich st\u00fctze mich auf die Empfehlungen von <a href=\"https:\/\/www.service-public.fr\/particuliers\/actualites\/A15673\" target=\"_blank\" rel=\"noopener\">\u00d6ffentlicher Dienst<\/a> um die Kampagnen meiner Kunden zu sichern.<\/p>\n<p>Diese Aufmerksamkeit f\u00fcr die Einhaltung der Vorschriften sch\u00fctzt die Marken und st\u00e4rkt das Vertrauen der Verbraucher.<\/p>\n<h2>Meine Begleitung im Influencer Marketing<\/h2>\n<p>Mit <strong>Toy Influence<\/strong>Ich biete eine umfassende Begleitung an. Ich beginne mit einem Audit Ihrer Bed\u00fcrfnisse und Ihrer Zielgruppe. Anschlie\u00dfend w\u00e4hle ich die am besten geeigneten Influencer aus und baue die Kampagne auf. Schlie\u00dflich verfolge ich die Kampagne und analysiere die Ergebnisse. Dieser Ansatz erm\u00f6glicht es, Budgets zu optimieren und einen messbaren Return on Investment zu erzielen.<\/p>\n<p>Au\u00dferdem spreche ich f\u00fcnf Sprachen: Franz\u00f6sisch, Englisch, Spanisch, Italienisch und Deutsch. Das erm\u00f6glicht mir, internationale Kampagnen zu betreuen und direkt mit europ\u00e4ischen Influencern zu verhandeln.<\/p>\n<h2>Fallstudie: Eine Produkteinf\u00fchrung \u00fcber TikTok<\/h2>\n<p>Ich begleitete eine Marke, die ein innovatives Spielzeug f\u00fcr Tweens auf den Markt brachte. Wir schufen eine unterhaltsame TikTok-Challenge rund um das Produkt. Das Ergebnis: mehr als drei Millionen Aufrufe und ein f\u00fcnffacher Anstieg der Verkaufszahlen innerhalb eines Monats. Dieses Beispiel ist ein gutes Beispiel f\u00fcr die Macht des Influencer-Marketings.<\/p>\n<h2>Fazit: Steigern Sie Ihre Ums\u00e4tze durch Einflussnahme<\/h2>\n<p>L'<strong>Einfluss Marketing Spielzeug<\/strong> ist heute unumg\u00e4nglich. Sie erm\u00f6glicht es, den Bekanntheitsgrad zu beschleunigen, das Vertrauen zu st\u00e4rken und den Verkauf anzukurbeln. Mit meiner Erfahrung und meinem Netzwerk begleite ich Sie bei der Erstellung von leistungsstarken Kampagnen, die auf Ihre Ziele zugeschnitten sind.<\/p>\n<p><strong>\ud83d\udc49 Kontaktieren Sie mich jetzt unter <a href=\"tel:+33648940205\">06 48 94 02 05<\/a> oder \u00fcber mein <a href=\"https:\/\/toyinfluence.com\/de\/contact\/\">Kontaktformular<\/a>. Ich tausche mich gerne auf Franz\u00f6sisch, Englisch, Spanisch, Italienisch oder Deutsch aus.<\/strong><\/p>","protected":false},"excerpt":{"rendered":"<p>Depuis plusieurs ann\u00e9es, j\u2019observe l\u2019impact grandissant des r\u00e9seaux sociaux sur le march\u00e9 du jouet. L\u2019influence marketing jouet est devenue un levier essentiel pour booster les ventes et accro\u00eetre la notori\u00e9t\u00e9 des marques. Avec Toy Influence, j\u2019accompagne les entreprises qui souhaitent d\u00e9velopper des campagnes performantes sur TikTok, YouTube et Instagram. Pourquoi l\u2019influence marketing est essentielle dans [&hellip;]<\/p>\n","protected":false},"author":1,"featured_media":0,"parent":0,"menu_order":0,"comment_status":"closed","ping_status":"closed","template":"","meta":{"footnotes":""},"categories":[9],"class_list":["post-1363","page","type-page","status-publish","hentry","category-satellite-seo"],"yoast_head":"<!-- This site is optimized with the Yoast SEO plugin v27.4 - https:\/\/yoast.com\/product\/yoast-seo-wordpress\/ -->\n<title>Influence marketing jouet | Campagnes et exemples<\/title>\n<meta name=\"description\" content=\"D\u00e9couvrez comment r\u00e9ussir une campagne d\u2019influence marketing jouet. Analyse des cas concrets et importance de TikTok, YouTube et Instagram.\" \/>\n<meta name=\"robots\" content=\"index, follow, max-snippet:-1, max-image-preview:large, max-video-preview:-1\" \/>\n<link rel=\"canonical\" href=\"https:\/\/toyinfluence.com\/de\/influence-marketing-jouet\/\" \/>\n<meta property=\"og:locale\" content=\"de_DE\" \/>\n<meta property=\"og:type\" content=\"article\" \/>\n<meta property=\"og:title\" content=\"Influence marketing jouet | Campagnes et exemples\" \/>\n<meta property=\"og:description\" content=\"D\u00e9couvrez comment r\u00e9ussir une campagne d\u2019influence marketing jouet. Analyse des cas concrets et importance de TikTok, YouTube et Instagram.\" \/>\n<meta property=\"og:url\" content=\"https:\/\/toyinfluence.com\/de\/influence-marketing-jouet\/\" \/>\n<meta property=\"og:site_name\" content=\"Toy Influence\" \/>\n<meta name=\"twitter:card\" content=\"summary_large_image\" \/>\n<meta name=\"twitter:label1\" content=\"Gesch\u00e4tzte Lesezeit\" \/>\n\t<meta name=\"twitter:data1\" content=\"4\u00a0Minuten\" \/>\n<script type=\"application\/ld+json\" class=\"yoast-schema-graph\">{\"@context\":\"https:\\\/\\\/schema.org\",\"@graph\":[{\"@type\":\"WebPage\",\"@id\":\"https:\\\/\\\/toyinfluence.com\\\/influence-marketing-jouet\\\/\",\"url\":\"https:\\\/\\\/toyinfluence.com\\\/influence-marketing-jouet\\\/\",\"name\":\"Influence marketing jouet | Campagnes et exemples\",\"isPartOf\":{\"@id\":\"https:\\\/\\\/toyinfluence.com\\\/#website\"},\"datePublished\":\"2025-08-27T15:57:50+00:00\",\"description\":\"D\u00e9couvrez comment r\u00e9ussir une campagne d\u2019influence marketing jouet. Analyse des cas concrets et importance de TikTok, YouTube et Instagram.\",\"breadcrumb\":{\"@id\":\"https:\\\/\\\/toyinfluence.com\\\/influence-marketing-jouet\\\/#breadcrumb\"},\"inLanguage\":\"de\",\"potentialAction\":[{\"@type\":\"ReadAction\",\"target\":[\"https:\\\/\\\/toyinfluence.com\\\/influence-marketing-jouet\\\/\"]}]},{\"@type\":\"BreadcrumbList\",\"@id\":\"https:\\\/\\\/toyinfluence.com\\\/influence-marketing-jouet\\\/#breadcrumb\",\"itemListElement\":[{\"@type\":\"ListItem\",\"position\":1,\"name\":\"Accueil\",\"item\":\"https:\\\/\\\/toyinfluence.com\\\/\"},{\"@type\":\"ListItem\",\"position\":2,\"name\":\"Influence marketing dans le secteur du jouet\"}]},{\"@type\":\"WebSite\",\"@id\":\"https:\\\/\\\/toyinfluence.com\\\/#website\",\"url\":\"https:\\\/\\\/toyinfluence.com\\\/\",\"name\":\"Toy Influence\",\"description\":\"\",\"potentialAction\":[{\"@type\":\"SearchAction\",\"target\":{\"@type\":\"EntryPoint\",\"urlTemplate\":\"https:\\\/\\\/toyinfluence.com\\\/?s={search_term_string}\"},\"query-input\":{\"@type\":\"PropertyValueSpecification\",\"valueRequired\":true,\"valueName\":\"search_term_string\"}}],\"inLanguage\":\"de\"}]}<\/script>\n<!-- \/ Yoast SEO plugin. -->","yoast_head_json":{"title":"Influence marketing jouet | Campagnes et exemples","description":"D\u00e9couvrez comment r\u00e9ussir une campagne d\u2019influence marketing jouet. Analyse des cas concrets et importance de TikTok, YouTube et Instagram.","robots":{"index":"index","follow":"follow","max-snippet":"max-snippet:-1","max-image-preview":"max-image-preview:large","max-video-preview":"max-video-preview:-1"},"canonical":"https:\/\/toyinfluence.com\/de\/influence-marketing-jouet\/","og_locale":"de_DE","og_type":"article","og_title":"Influence marketing jouet | Campagnes et exemples","og_description":"D\u00e9couvrez comment r\u00e9ussir une campagne d\u2019influence marketing jouet. Analyse des cas concrets et importance de TikTok, YouTube et Instagram.","og_url":"https:\/\/toyinfluence.com\/de\/influence-marketing-jouet\/","og_site_name":"Toy Influence","twitter_card":"summary_large_image","twitter_misc":{"Gesch\u00e4tzte Lesezeit":"4\u00a0Minuten"},"schema":{"@context":"https:\/\/schema.org","@graph":[{"@type":"WebPage","@id":"https:\/\/toyinfluence.com\/influence-marketing-jouet\/","url":"https:\/\/toyinfluence.com\/influence-marketing-jouet\/","name":"Influence marketing jouet | Campagnes et exemples","isPartOf":{"@id":"https:\/\/toyinfluence.com\/#website"},"datePublished":"2025-08-27T15:57:50+00:00","description":"D\u00e9couvrez comment r\u00e9ussir une campagne d\u2019influence marketing jouet. Analyse des cas concrets et importance de TikTok, YouTube et Instagram.","breadcrumb":{"@id":"https:\/\/toyinfluence.com\/influence-marketing-jouet\/#breadcrumb"},"inLanguage":"de","potentialAction":[{"@type":"ReadAction","target":["https:\/\/toyinfluence.com\/influence-marketing-jouet\/"]}]},{"@type":"BreadcrumbList","@id":"https:\/\/toyinfluence.com\/influence-marketing-jouet\/#breadcrumb","itemListElement":[{"@type":"ListItem","position":1,"name":"Accueil","item":"https:\/\/toyinfluence.com\/"},{"@type":"ListItem","position":2,"name":"Influence marketing dans le secteur du jouet"}]},{"@type":"WebSite","@id":"https:\/\/toyinfluence.com\/#website","url":"https:\/\/toyinfluence.com\/","name":"Toy Influence","description":"","potentialAction":[{"@type":"SearchAction","target":{"@type":"EntryPoint","urlTemplate":"https:\/\/toyinfluence.com\/?s={search_term_string}"},"query-input":{"@type":"PropertyValueSpecification","valueRequired":true,"valueName":"search_term_string"}}],"inLanguage":"de"}]}},"_links":{"self":[{"href":"https:\/\/toyinfluence.com\/de\/wp-json\/wp\/v2\/pages\/1363","targetHints":{"allow":["GET"]}}],"collection":[{"href":"https:\/\/toyinfluence.com\/de\/wp-json\/wp\/v2\/pages"}],"about":[{"href":"https:\/\/toyinfluence.com\/de\/wp-json\/wp\/v2\/types\/page"}],"author":[{"embeddable":true,"href":"https:\/\/toyinfluence.com\/de\/wp-json\/wp\/v2\/users\/1"}],"replies":[{"embeddable":true,"href":"https:\/\/toyinfluence.com\/de\/wp-json\/wp\/v2\/comments?post=1363"}],"version-history":[{"count":1,"href":"https:\/\/toyinfluence.com\/de\/wp-json\/wp\/v2\/pages\/1363\/revisions"}],"predecessor-version":[{"id":1364,"href":"https:\/\/toyinfluence.com\/de\/wp-json\/wp\/v2\/pages\/1363\/revisions\/1364"}],"wp:attachment":[{"href":"https:\/\/toyinfluence.com\/de\/wp-json\/wp\/v2\/media?parent=1363"}],"wp:term":[{"taxonomy":"category","embeddable":true,"href":"https:\/\/toyinfluence.com\/de\/wp-json\/wp\/v2\/categories?post=1363"}],"curies":[{"name":"wp","href":"https:\/\/api.w.org\/{rel}","templated":true}]}}