{"id":1361,"date":"2025-08-27T15:56:28","date_gmt":"2025-08-27T15:56:28","guid":{"rendered":"https:\/\/toyinfluence.com\/?page_id=1361"},"modified":"2025-08-27T15:56:28","modified_gmt":"2025-08-27T15:56:28","slug":"rapport-marche-jouet","status":"publish","type":"page","link":"https:\/\/toyinfluence.com\/de\/rapport-marche-jouet\/","title":{"rendered":"Strategiebericht \u00fcber die Spielzeugindustrie"},"content":{"rendered":"<p>Seit \u00fcber f\u00fcnfundzwanzig Jahren bin ich in der Spielzeugindustrie t\u00e4tig. Diese Erfahrung erm\u00f6glicht es mir heute, eine <strong>Bericht Spielzeugmarkt<\/strong> umfassend und strategisch. Mit <strong>Toy Influence<\/strong>Ich helfe Unternehmen, Schl\u00fcsselzahlen zu verstehen, Trends zu antizipieren und eine erfolgreiche Strategie zu entwickeln.<\/p>\n<h2>Warum Sie einen Strategiebericht \u00fcber die Spielzeugindustrie konsultieren sollten<\/h2>\n<p>Der Spielzeugmarkt entwickelt sich schnell. Jedes Jahr ver\u00e4ndern neue Trends und neue Akteure das Gleichgewicht. Ein <strong>Bericht Spielzeugmarkt<\/strong> verschafft einen klaren \u00dcberblick \u00fcber Chancen und Risiken. Er bildet eine solide Grundlage, um die richtigen Entscheidungen zu treffen.<\/p>\n<p>Als Experte st\u00fctze ich mich auf zuverl\u00e4ssige Quellen und meine Erfahrungen vor Ort, um einen umfassenden und praktischen Einblick zu bieten.<\/p>\n<h2>Schl\u00fcsselzahlen des globalen und europ\u00e4ischen Marktes<\/h2>\n<p>Nach der <a href=\"https:\/\/www.toyassociation.org\/\" target=\"_blank\" rel=\"noopener\">Toy Association<\/a>Auf Europa entf\u00e4llt fast ein Viertel des weltweiten Spielzeugmarktes. In Frankreich ist laut der <a href=\"https:\/\/www.fjp.fr\/\" target=\"_blank\" rel=\"noopener\">Franz\u00f6sischer Verband der Spielwarenindustrie (F\u00e9d\u00e9ration Fran\u00e7aise des Industries Jouet Pu\u00e9riculture)<\/a>Der Markt hat ein Volumen von etwa 3,5 Milliarden Euro pro Jahr. Die Verk\u00e4ufe konzentrieren sich auf \u00fcber 60 % im letzten Quartal (<a href=\"https:\/\/fr.statista.com\/themes\/3830\/jouets-en-france\/\" target=\"_blank\" rel=\"noopener\">Statista<\/a>).<\/p>\n<p>Diese Zahlen best\u00e4tigen die Bedeutung der Saisonabh\u00e4ngigkeit und die Notwendigkeit, Verbrauchsspitzen zu antizipieren.<\/p>\n<h2>Die wichtigsten beobachteten Trends<\/h2>\n<p>Mein <strong>Bericht Spielzeugmarkt<\/strong> st\u00fctzt sich auch auf die Beobachtung von Trends. Mehrere Entwicklungen strukturieren derzeit den Sektor:<\/p>\n<ul>\n<li>Der Aufstieg von Lern- und vernetztem Spielzeug<\/li>\n<li>Der wachsende Markt der \"Kidults\", spielzeugbegeisterte Erwachsene<\/li>\n<li>Die steigende Nachfrage nach umweltfreundlichem und nachhaltigem Spielzeug<\/li>\n<li>Die Auswirkungen von Lizenzen und Filmen auf den Verkauf<\/li>\n<li>Die wachsende Rolle von Marktpl\u00e4tzen wie Amazon und Fnac<\/li>\n<\/ul>\n<p>Diese Trends haben einen direkten Einfluss auf die Markenstrategie. Denn ein Unternehmen, das sie vorwegnimmt, hat gr\u00f6\u00dfere Chancen auf Erfolg.<\/p>\n<h2>Eine Branchenstudie auf der Grundlage zuverl\u00e4ssiger Analysen<\/h2>\n<p>Ich baue meine Berichte auf, indem ich verschiedene Quellen miteinander kreuze. Dazu geh\u00f6ren offizielle Daten, Marktforschung und meine eigenen Feldbeobachtungen. Dieser Ansatz erm\u00f6glicht es mir, eine <strong>sektorstudie spielzeug<\/strong> pr\u00e4zise und verwertbar. Dar\u00fcber hinaus integriere ich auch eine Analyse der Vertriebskan\u00e4le, des Kaufverhaltens und der regulatorischen Entwicklungen.<\/p>\n<p>Mein Ziel ist es, meinen Kunden ein n\u00fctzliches Dokument zu liefern, das direkt auf ihre Strategie anwendbar ist.<\/p>\n<h2>Diagnose und Wachstumsaussichten<\/h2>\n<p>Eine <strong>Bericht Spielzeugmarkt<\/strong> beschr\u00e4nkt sich nicht auf die Analyse. Er schl\u00e4gt auch konkrete Handlungsm\u00f6glichkeiten vor. Zum Beispiel empfehle ich meinen Kunden oft, ihre Vertriebskan\u00e4le zu diversifizieren. So k\u00f6nnen sie Fachgesch\u00e4fte, gro\u00dfe Superm\u00e4rkte und E-Commerce-Plattformen miteinander kombinieren. Dar\u00fcber hinaus rate ich dazu, bei neuen Produkten eine \u00f6kologische und digitale Dimension einzubeziehen.<\/p>\n<p>Diese Entscheidungen st\u00e4rken die Wettbewerbsf\u00e4higkeit und bereiten das Unternehmen auf die zuk\u00fcnftigen Erwartungen der Verbraucher vor.<\/p>\n<h2>Ein Entscheidungsinstrument f\u00fcr Marken<\/h2>\n<p>Der Bericht ist als echte Entscheidungshilfe gedacht. Mit seiner Hilfe kann ein Unternehmen priorit\u00e4re M\u00e4rkte identifizieren, seine Marketingstrategie festlegen und seine Preise anpassen. Ich f\u00fcge oft eine SWOT-Analyse (St\u00e4rken, Schw\u00e4chen, Chancen, Bedrohungen) hinzu, um die Situation der Marke im Vergleich zur Konkurrenz zu verdeutlichen.<\/p>\n<p>Diese Diagnose liefert eine klare Vision und erm\u00f6glicht den Aufbau eines strategischen Plans f\u00fcr mehrere Jahre.<\/p>\n<h2>Die Bedeutung von Vorschriften<\/h2>\n<p>Der Spielzeugmarkt ist durch Sicherheitsvorschriften stark reglementiert. Die europ\u00e4ischen CE-Normen schreiben strenge Tests vor. Dar\u00fcber hinaus kann jedes Land seine eigenen Besonderheiten haben. Ein Unternehmen, das diese Auflagen vernachl\u00e4ssigt, geht ein hohes Risiko ein. Ich rate meinen Kunden daher immer, sich vor jeder Markteinf\u00fchrung \u00fcber die Vorschriften zu informieren.<\/p>\n<p>Ich st\u00fctze mich auf zuverl\u00e4ssige Ressourcen wie <a href=\"https:\/\/www.service-public.fr\/professionnels-entreprises\/vosdroits\/F32165\" target=\"_blank\" rel=\"noopener\">\u00d6ffentlicher Dienst<\/a> um meine Empfehlungen zu sichern.<\/p>\n<h2>Meine Erfahrungen und Erfolge<\/h2>\n<p>Mein Fachwissen beruht auf mehr als f\u00fcnfundzwanzig Jahren Erfahrung in der Industrie. Ich habe f\u00fcr Marken wie Smoby, NUK-TIGEX, BERG Toys und smarTrike gearbeitet. Bei jedem Auftrag habe ich beobachtet, wie wichtig eine genaue Analyse ist, um konkrete Ergebnisse zu erzielen.<\/p>\n<p>Diese Erfahrungen bereichern meine Berichte und verleihen ihnen eine einzigartige operative Dimension. Denn ich beschr\u00e4nke mich nicht nur auf Zahlen, sondern bringe auch praktische L\u00f6sungen ein.<\/p>\n<h2>Warum Sie mir Ihren Spielzeugmarktbericht anvertrauen sollten<\/h2>\n<p>Mit mir zu arbeiten bedeutet, von einer doppelten Expertise zu profitieren: analytisch und operativ. Ich liefere umfassende Berichte, kann aber auch deren Umsetzung begleiten. Dar\u00fcber hinaus spreche ich f\u00fcnf Sprachen: Franz\u00f6sisch, Englisch, Spanisch, Italienisch und Deutsch. Diese Kompetenz ist ein Vorteil bei der Zusammenarbeit mit Ihren europ\u00e4ischen Partnern.<\/p>\n<p>Indem Sie mir Ihren <strong>Bericht Spielzeugmarkt<\/strong>Sie erhalten eine klare strategische Vision, die Sie direkt umsetzen k\u00f6nnen.<\/p>\n<h2>Fazit: Bauen wir gemeinsam Ihre Strategie auf<\/h2>\n<p>Die Spielzeugindustrie befindet sich in einem tiefgreifenden Wandel. Um erfolgreich zu sein, braucht man zuverl\u00e4ssige Daten, eine klare Analyse und konkrete Ma\u00dfnahmen. Mein <strong>Bericht Spielzeugmarkt<\/strong> bringt Ihnen diese drei Elemente. Gemeinsam k\u00f6nnen wir Ihre Ambitionen in Ergebnisse umsetzen.<\/p>\n<p><strong>\ud83d\udc49 Kontaktieren Sie mich noch heute unter <a href=\"tel:+33648940205\">06 48 94 02 05<\/a> oder \u00fcber mein <a href=\"https:\/\/toyinfluence.com\/de\/contact\/\">Kontaktformular<\/a>. Ich freue mich darauf, mich mit Ihnen auf Franz\u00f6sisch, Englisch, Spanisch, Italienisch oder Deutsch auszutauschen.<\/strong><\/p>","protected":false},"excerpt":{"rendered":"<p>Depuis plus de vingt-cinq ans, je travaille dans l\u2019industrie du jouet. Cette exp\u00e9rience me permet aujourd\u2019hui de proposer un rapport march\u00e9 jouet complet et strat\u00e9gique. Avec Toy Influence, j\u2019aide les entreprises \u00e0 comprendre les chiffres cl\u00e9s, \u00e0 anticiper les tendances et \u00e0 b\u00e2tir une strat\u00e9gie gagnante. Pourquoi consulter un rapport strat\u00e9gique sur l\u2019industrie du jouet [&hellip;]<\/p>\n","protected":false},"author":1,"featured_media":0,"parent":0,"menu_order":0,"comment_status":"closed","ping_status":"closed","template":"","meta":{"footnotes":""},"categories":[9],"class_list":["post-1361","page","type-page","status-publish","hentry","category-satellite-seo"],"yoast_head":"<!-- This site is optimized with the Yoast SEO plugin v27.4 - https:\/\/yoast.com\/product\/yoast-seo-wordpress\/ -->\n<title>Rapport march\u00e9 jouet | Analyse sectorielle et chiffres<\/title>\n<meta name=\"description\" content=\"D\u00e9couvrez mon rapport march\u00e9 jouet : analyse sectorielle, chiffres cl\u00e9s et tendances. J\u2019accompagne les marques avec une vision...\" \/>\n<meta name=\"robots\" content=\"index, follow, max-snippet:-1, max-image-preview:large, max-video-preview:-1\" \/>\n<link rel=\"canonical\" href=\"https:\/\/toyinfluence.com\/de\/rapport-marche-jouet\/\" \/>\n<meta property=\"og:locale\" content=\"de_DE\" \/>\n<meta property=\"og:type\" content=\"article\" \/>\n<meta property=\"og:title\" content=\"Rapport march\u00e9 jouet | Analyse sectorielle et chiffres\" \/>\n<meta property=\"og:description\" content=\"D\u00e9couvrez mon rapport march\u00e9 jouet : analyse sectorielle, chiffres cl\u00e9s et tendances. J\u2019accompagne les marques avec une vision...\" \/>\n<meta property=\"og:url\" content=\"https:\/\/toyinfluence.com\/de\/rapport-marche-jouet\/\" \/>\n<meta property=\"og:site_name\" content=\"Toy Influence\" \/>\n<meta name=\"twitter:card\" content=\"summary_large_image\" \/>\n<meta name=\"twitter:label1\" content=\"Gesch\u00e4tzte Lesezeit\" \/>\n\t<meta name=\"twitter:data1\" content=\"5\u00a0Minuten\" \/>\n<script type=\"application\/ld+json\" class=\"yoast-schema-graph\">{\"@context\":\"https:\\\/\\\/schema.org\",\"@graph\":[{\"@type\":\"WebPage\",\"@id\":\"https:\\\/\\\/toyinfluence.com\\\/rapport-marche-jouet\\\/\",\"url\":\"https:\\\/\\\/toyinfluence.com\\\/rapport-marche-jouet\\\/\",\"name\":\"Rapport march\u00e9 jouet | Analyse sectorielle et chiffres\",\"isPartOf\":{\"@id\":\"https:\\\/\\\/toyinfluence.com\\\/#website\"},\"datePublished\":\"2025-08-27T15:56:28+00:00\",\"description\":\"D\u00e9couvrez mon rapport march\u00e9 jouet : analyse sectorielle, chiffres cl\u00e9s et tendances. J\u2019accompagne les marques avec une vision...\",\"breadcrumb\":{\"@id\":\"https:\\\/\\\/toyinfluence.com\\\/rapport-marche-jouet\\\/#breadcrumb\"},\"inLanguage\":\"de\",\"potentialAction\":[{\"@type\":\"ReadAction\",\"target\":[\"https:\\\/\\\/toyinfluence.com\\\/rapport-marche-jouet\\\/\"]}]},{\"@type\":\"BreadcrumbList\",\"@id\":\"https:\\\/\\\/toyinfluence.com\\\/rapport-marche-jouet\\\/#breadcrumb\",\"itemListElement\":[{\"@type\":\"ListItem\",\"position\":1,\"name\":\"Accueil\",\"item\":\"https:\\\/\\\/toyinfluence.com\\\/\"},{\"@type\":\"ListItem\",\"position\":2,\"name\":\"Rapport strat\u00e9gique sur l\u2019industrie du jouet\"}]},{\"@type\":\"WebSite\",\"@id\":\"https:\\\/\\\/toyinfluence.com\\\/#website\",\"url\":\"https:\\\/\\\/toyinfluence.com\\\/\",\"name\":\"Toy Influence\",\"description\":\"\",\"potentialAction\":[{\"@type\":\"SearchAction\",\"target\":{\"@type\":\"EntryPoint\",\"urlTemplate\":\"https:\\\/\\\/toyinfluence.com\\\/?s={search_term_string}\"},\"query-input\":{\"@type\":\"PropertyValueSpecification\",\"valueRequired\":true,\"valueName\":\"search_term_string\"}}],\"inLanguage\":\"de\"}]}<\/script>\n<!-- \/ Yoast SEO plugin. -->","yoast_head_json":{"title":"Rapport march\u00e9 jouet | Analyse sectorielle et chiffres","description":"D\u00e9couvrez mon rapport march\u00e9 jouet : analyse sectorielle, chiffres cl\u00e9s et tendances. J\u2019accompagne les marques avec une vision...","robots":{"index":"index","follow":"follow","max-snippet":"max-snippet:-1","max-image-preview":"max-image-preview:large","max-video-preview":"max-video-preview:-1"},"canonical":"https:\/\/toyinfluence.com\/de\/rapport-marche-jouet\/","og_locale":"de_DE","og_type":"article","og_title":"Rapport march\u00e9 jouet | Analyse sectorielle et chiffres","og_description":"D\u00e9couvrez mon rapport march\u00e9 jouet : analyse sectorielle, chiffres cl\u00e9s et tendances. J\u2019accompagne les marques avec une vision...","og_url":"https:\/\/toyinfluence.com\/de\/rapport-marche-jouet\/","og_site_name":"Toy Influence","twitter_card":"summary_large_image","twitter_misc":{"Gesch\u00e4tzte Lesezeit":"5\u00a0Minuten"},"schema":{"@context":"https:\/\/schema.org","@graph":[{"@type":"WebPage","@id":"https:\/\/toyinfluence.com\/rapport-marche-jouet\/","url":"https:\/\/toyinfluence.com\/rapport-marche-jouet\/","name":"Rapport march\u00e9 jouet | Analyse sectorielle et chiffres","isPartOf":{"@id":"https:\/\/toyinfluence.com\/#website"},"datePublished":"2025-08-27T15:56:28+00:00","description":"D\u00e9couvrez mon rapport march\u00e9 jouet : analyse sectorielle, chiffres cl\u00e9s et tendances. J\u2019accompagne les marques avec une vision...","breadcrumb":{"@id":"https:\/\/toyinfluence.com\/rapport-marche-jouet\/#breadcrumb"},"inLanguage":"de","potentialAction":[{"@type":"ReadAction","target":["https:\/\/toyinfluence.com\/rapport-marche-jouet\/"]}]},{"@type":"BreadcrumbList","@id":"https:\/\/toyinfluence.com\/rapport-marche-jouet\/#breadcrumb","itemListElement":[{"@type":"ListItem","position":1,"name":"Accueil","item":"https:\/\/toyinfluence.com\/"},{"@type":"ListItem","position":2,"name":"Rapport strat\u00e9gique sur l\u2019industrie du jouet"}]},{"@type":"WebSite","@id":"https:\/\/toyinfluence.com\/#website","url":"https:\/\/toyinfluence.com\/","name":"Toy Influence","description":"","potentialAction":[{"@type":"SearchAction","target":{"@type":"EntryPoint","urlTemplate":"https:\/\/toyinfluence.com\/?s={search_term_string}"},"query-input":{"@type":"PropertyValueSpecification","valueRequired":true,"valueName":"search_term_string"}}],"inLanguage":"de"}]}},"_links":{"self":[{"href":"https:\/\/toyinfluence.com\/de\/wp-json\/wp\/v2\/pages\/1361","targetHints":{"allow":["GET"]}}],"collection":[{"href":"https:\/\/toyinfluence.com\/de\/wp-json\/wp\/v2\/pages"}],"about":[{"href":"https:\/\/toyinfluence.com\/de\/wp-json\/wp\/v2\/types\/page"}],"author":[{"embeddable":true,"href":"https:\/\/toyinfluence.com\/de\/wp-json\/wp\/v2\/users\/1"}],"replies":[{"embeddable":true,"href":"https:\/\/toyinfluence.com\/de\/wp-json\/wp\/v2\/comments?post=1361"}],"version-history":[{"count":1,"href":"https:\/\/toyinfluence.com\/de\/wp-json\/wp\/v2\/pages\/1361\/revisions"}],"predecessor-version":[{"id":1362,"href":"https:\/\/toyinfluence.com\/de\/wp-json\/wp\/v2\/pages\/1361\/revisions\/1362"}],"wp:attachment":[{"href":"https:\/\/toyinfluence.com\/de\/wp-json\/wp\/v2\/media?parent=1361"}],"wp:term":[{"taxonomy":"category","embeddable":true,"href":"https:\/\/toyinfluence.com\/de\/wp-json\/wp\/v2\/categories?post=1361"}],"curies":[{"name":"wp","href":"https:\/\/api.w.org\/{rel}","templated":true}]}}