{"id":1347,"date":"2025-08-27T15:07:08","date_gmt":"2025-08-27T15:07:08","guid":{"rendered":"https:\/\/toyinfluence.com\/?page_id=1347"},"modified":"2025-08-27T15:07:08","modified_gmt":"2025-08-27T15:07:08","slug":"expert-marche-jouet-europe","status":"publish","type":"page","link":"https:\/\/toyinfluence.com\/de\/expert-marche-jouet-europe\/","title":{"rendered":"Experte f\u00fcr den Spielzeugmarkt in Europa"},"content":{"rendered":"<p>Seit Beginn meiner beruflichen Laufbahn hatte ich das Gl\u00fcck, in \u00fcber 55 L\u00e4nder zu reisen und mit f\u00fchrenden Unternehmen der Spielzeugindustrie zusammenzuarbeiten. Diese Erfahrungen haben mich zu einem echten <strong>Experte f\u00fcr den Spielzeugmarkt<\/strong>. Heute mit <strong>Toy Influence<\/strong>In meiner Funktion als Leiterin der Abteilung f\u00fcr Marketing und Vertrieb in Europa stelle ich dieses internationale Fachwissen in den Dienst von Marken, die in Europa Fu\u00df fassen und expandieren wollen.<\/p>\n<h2>Warum sollte man sich an einen Experten f\u00fcr den europ\u00e4ischen Spielzeugmarkt wenden?<\/h2>\n<p>Europa ist einer der attraktivsten M\u00e4rkte f\u00fcr Spielwaren, aber auch einer der anspruchsvollsten. Jedes Land hat seine Besonderheiten: Die Kultur, die Vertriebskan\u00e4le und das Kaufverhalten unterscheiden sich stark zwischen Frankreich, Deutschland, Italien und Spanien. Um erfolgreich zu sein, muss man diese Unterschiede verstehen. Durch die Zusammenarbeit mit einem <strong>spielzeugspezialist europa<\/strong>Sie sparen Zeit und vermeiden teure Fehler.<\/p>\n<p>Als <strong>internationaler Berater f\u00fcr Spielzeug<\/strong>Ich begleite meine Kunden bei der Analyse von Gesch\u00e4ftsm\u00f6glichkeiten, der Erstellung eines Gesch\u00e4ftsplans und der Auswahl der richtigen lokalen Partner. So profitieren sie von einer angepassten und realistischen Strategie.<\/p>\n<h2>Meine internationale Erfahrung<\/h2>\n<p>Mein Werdegang hat es mir erm\u00f6glicht, f\u00fcr anerkannte Unternehmen zu arbeiten. Bei <strong>Smoby\/Berchet<\/strong>leitete ich den weltweiten Export ohne westeurop\u00e4ische Tochtergesellschaften. Wir erschlossen neue M\u00e4rkte in Osteuropa, im Nahen Osten und in Nordamerika. Innerhalb von vier Jahren erzielten wir ein Wachstum des Exportumsatzes von +62 %.<\/p>\n<p>Sp\u00e4ter verst\u00e4rkte ich die Einf\u00fchrung von <strong>NUK-TIGEX<\/strong> auf strategischen M\u00e4rkten wie Italien und Gro\u00dfbritannien. Mit <strong>BERG Toys<\/strong>Ich habe zahlreiche Konten in Frankreich und Europa er\u00f6ffnet, was die Marke zu einer festen Gr\u00f6\u00dfe im Bereich der Pedal-Gokarts gemacht hat. Schlie\u00dflich war ich als Europadirektor bei <strong>smarTrike<\/strong>Ich leitete ein zehnk\u00f6pfiges Team vor Ort und erwirtschaftete bis 2020 einen Umsatz von 12 Millionen Euro.<\/p>\n<h2>Die Besonderheiten des europ\u00e4ischen Spielzeugmarktes<\/h2>\n<p>Der europ\u00e4ische Spielzeugmarkt hat ein Volumen von mehreren zehn Milliarden Euro pro Jahr. Laut der <a href=\"https:\/\/www.fjp.fr\/\" target=\"_blank\" rel=\"noopener\">Franz\u00f6sischer Verband der Spielwarenindustrie (F\u00e9d\u00e9ration Fran\u00e7aise des Industries Jouet Pu\u00e9riculture)<\/a>Frankreich ist eines der dynamischsten L\u00e4nder. Allerdings nehmen auch Deutschland und das Vereinigte K\u00f6nigreich einen wichtigen Platz ein.<\/p>\n<p>Das Kaufverhalten ist unterschiedlich. In Deutschland achten die Verbraucher vor allem auf Qualit\u00e4t und Nachhaltigkeit. In Spanien ist die Bedeutung des festlichen und spielerischen Aspekts st\u00e4rker. Au\u00dferdem ist Italien nach wie vor ein Markt, der sensibel f\u00fcr Tradition und Design ist. Eine Strategie, die f\u00fcr alle L\u00e4nder gleich ist, funktioniert daher nicht. Meine Aufgabe ist es, Ihnen dabei zu helfen, Ihren Ansatz an den jeweiligen Markt anzupassen.<\/p>\n<h2>Konkrete und pers\u00f6nliche Begleitung<\/h2>\n<p>Meine Begleitung beruht auf konkreten Ma\u00dfnahmen. Ich helfe Ihnen bei :<\/p>\n<ul>\n<li>Identifizieren Sie die zuverl\u00e4ssigsten lokalen H\u00e4ndler und Partner<\/li>\n<li>Aufbau einer auf das jeweilige Land zugeschnittenen Entwicklungsstrategie<\/li>\n<li>Optimieren Sie Ihre Pr\u00e4senz bei <a href=\"https:\/\/toyinfluence.com\/de\/salons\/\">Spielzeugmessen<\/a> wie N\u00fcrnberg oder Deauville<\/li>\n<li>Ihre Kommunikation mit K\u00e4ufern und H\u00e4ndlern verbessern<\/li>\n<\/ul>\n<p>Dar\u00fcber hinaus kann ich Sie bei strategischen Treffen mit K\u00e4ufern oder Vertriebspartnern vertreten. Auf diese Weise gewinnen Sie an Effizienz und Glaubw\u00fcrdigkeit.<\/p>\n<h2>Die St\u00e4rken eines internationalen Spielzeugberaters<\/h2>\n<p>Die Zusammenarbeit mit mir bringt Ihnen drei Hauptvorteile. Erstens, eine \u00fcber 25-j\u00e4hrige Erfahrung mit nachweisbaren Ergebnissen. Zweitens: ein starkes Netzwerk, das den gesamten europ\u00e4ischen Markt abdeckt. Und drittens eine Dialogf\u00e4higkeit ohne Sprachbarrieren. Ich spreche f\u00fcnf Sprachen: Franz\u00f6sisch, Englisch, Spanisch, Italienisch und Deutsch. Das erleichtert die Verhandlungen und beseitigt viele Hindernisse.<\/p>\n<h2>Erfolgsbeispiele aus Europa<\/h2>\n<p>Im Laufe meiner Karriere habe ich mehreren Marken geholfen, sich auf dem europ\u00e4ischen Markt zu etablieren:<\/p>\n<ul>\n<li>Mit <strong>BERG Toys<\/strong>Ich habe in acht Jahren mit einer klaren Strategie ein Wachstum von +90 % unterst\u00fctzt.<\/li>\n<li>F\u00fcr <strong>smarTrike<\/strong>Ich habe eine Entwicklung in Europa konzipiert, die bis 2020 zu einem Umsatz von 12 Millionen Euro gef\u00fchrt hat.<\/li>\n<li>Bei <strong>NUK-TIGEX<\/strong>Ich habe die Pr\u00e4senz der Marke in Italien, Deutschland und Osteuropa gefestigt.<\/li>\n<\/ul>\n<p>Diese Beispiele zeigen die konkreten Auswirkungen einer angepassten Strategie und der Begleitung durch einen <strong>Experte f\u00fcr den Spielzeugmarkt<\/strong>.<\/p>\n<h2>Aktuelle Spielzeugtrends in Europa<\/h2>\n<p>Der Markt entwickelt sich schnell. Laut <a href=\"https:\/\/www.toyassociation.org\/\" target=\"_blank\" rel=\"noopener\">The Toy Association<\/a>Die Nachfrage nach vernetzten, p\u00e4dagogisch wertvollen und umweltfreundlichen Spielzeugen w\u00e4chst stark. Dar\u00fcber hinaus setzt sich in Westeuropa der Trend der \"Kidults\" - Erwachsene, die Spielzeug f\u00fcr sich selbst kaufen - durch. Diese Verbraucher suchen nach qualitativ hochwertigen Produkten, die manchmal mit Nostalgie oder Sammeln verbunden sind.<\/p>\n<p>Diese Entwicklungen best\u00e4tigen, dass Innovation unerl\u00e4sslich ist, um wettbewerbsf\u00e4hig zu bleiben. Als <strong>spielzeugspezialist europa<\/strong>Ich helfe Ihnen, diese Trends in Ihre Entwicklungsstrategie zu integrieren.<\/p>\n<h2>Meine Vision von Begleitung<\/h2>\n<p>Meine Aufgabe ist es, Ihnen eine klare und pragmatische Vision zu vermitteln. So kombiniere ich Marktdaten, Felderfahrung und Netzwerke, um Sie zu den besten Entscheidungen zu f\u00fchren. Meine Begleitung erfolgt in mehreren Schritten: Diagnose, Ausarbeitung der Strategie, Umsetzung und Nachbereitung. Schlie\u00dflich bleibe ich verf\u00fcgbar, um den Aktionsplan entsprechend der Marktentwicklung anzupassen.<\/p>\n<h2>Fazit: Lassen Sie uns gemeinsam Ihre Marke in Europa entwickeln<\/h2>\n<p>Wenn Sie nach einem <strong>Experte f\u00fcr den Spielzeugmarkt<\/strong> in der Lage, Sie auf internationaler Ebene zu begleiten, w\u00fcrde ich mich freuen, Ihnen meine Erfahrung und mein Netzwerk zur Verf\u00fcgung zu stellen. Mein Ziel ist es, Ihnen dabei zu helfen, erfolgreich in Europa Fu\u00df zu fassen und dabei lokale Unterschiede und globale Trends zu ber\u00fccksichtigen.<\/p>\n<p><strong>\ud83d\udc49 Kontaktieren Sie mich noch heute unter <a href=\"tel:+33648940205\">06 48 94 02 05<\/a> oder \u00fcber mein <a href=\"https:\/\/toyinfluence.com\/de\/contact\/\">Kontaktformular<\/a>. Ich spreche Franz\u00f6sisch, Englisch, Spanisch, Italienisch und Deutsch und w\u00fcrde mich freuen, mit Ihnen zu diskutieren.<\/strong><\/p>","protected":false},"excerpt":{"rendered":"<p>Depuis le d\u00e9but de ma carri\u00e8re, j\u2019ai eu la chance de voyager dans plus de 55 pays et de collaborer avec des entreprises leaders de l\u2019industrie du jouet. Ces exp\u00e9riences m\u2019ont permis de devenir un v\u00e9ritable expert march\u00e9 jouet. Aujourd\u2019hui, avec Toy Influence, je mets cette expertise internationale au service des marques qui souhaitent s\u2019implanter [&hellip;]<\/p>\n","protected":false},"author":1,"featured_media":0,"parent":0,"menu_order":0,"comment_status":"closed","ping_status":"closed","template":"","meta":{"footnotes":""},"categories":[9],"class_list":["post-1347","page","type-page","status-publish","hentry","category-satellite-seo"],"yoast_head":"<!-- This site is optimized with the Yoast SEO plugin v27.4 - https:\/\/yoast.com\/product\/yoast-seo-wordpress\/ -->\n<title>Expert march\u00e9 jouet Europe | Consultant international<\/title>\n<meta name=\"description\" content=\"Expert march\u00e9 jouet avec 25 ans d\u2019exp\u00e9rience, j\u2019accompagne les marques pour r\u00e9ussir leur implantation en Europe gr\u00e2ce \u00e0 une expertise...\" \/>\n<meta name=\"robots\" content=\"index, follow, max-snippet:-1, max-image-preview:large, max-video-preview:-1\" \/>\n<link rel=\"canonical\" href=\"https:\/\/toyinfluence.com\/de\/expert-marche-jouet-europe\/\" \/>\n<meta property=\"og:locale\" content=\"de_DE\" \/>\n<meta property=\"og:type\" content=\"article\" \/>\n<meta property=\"og:title\" content=\"Expert march\u00e9 jouet Europe | Consultant international\" \/>\n<meta property=\"og:description\" content=\"Expert march\u00e9 jouet avec 25 ans d\u2019exp\u00e9rience, j\u2019accompagne les marques pour r\u00e9ussir leur implantation en Europe gr\u00e2ce \u00e0 une expertise...\" \/>\n<meta property=\"og:url\" content=\"https:\/\/toyinfluence.com\/de\/expert-marche-jouet-europe\/\" \/>\n<meta property=\"og:site_name\" content=\"Toy Influence\" \/>\n<meta name=\"twitter:card\" content=\"summary_large_image\" \/>\n<meta name=\"twitter:label1\" content=\"Gesch\u00e4tzte Lesezeit\" \/>\n\t<meta name=\"twitter:data1\" content=\"5\u00a0Minuten\" \/>\n<script type=\"application\/ld+json\" class=\"yoast-schema-graph\">{\"@context\":\"https:\\\/\\\/schema.org\",\"@graph\":[{\"@type\":\"WebPage\",\"@id\":\"https:\\\/\\\/toyinfluence.com\\\/expert-marche-jouet-europe\\\/\",\"url\":\"https:\\\/\\\/toyinfluence.com\\\/expert-marche-jouet-europe\\\/\",\"name\":\"Expert march\u00e9 jouet Europe | Consultant international\",\"isPartOf\":{\"@id\":\"https:\\\/\\\/toyinfluence.com\\\/#website\"},\"datePublished\":\"2025-08-27T15:07:08+00:00\",\"description\":\"Expert march\u00e9 jouet avec 25 ans d\u2019exp\u00e9rience, j\u2019accompagne les marques pour r\u00e9ussir leur implantation en Europe gr\u00e2ce \u00e0 une expertise...\",\"breadcrumb\":{\"@id\":\"https:\\\/\\\/toyinfluence.com\\\/expert-marche-jouet-europe\\\/#breadcrumb\"},\"inLanguage\":\"de\",\"potentialAction\":[{\"@type\":\"ReadAction\",\"target\":[\"https:\\\/\\\/toyinfluence.com\\\/expert-marche-jouet-europe\\\/\"]}]},{\"@type\":\"BreadcrumbList\",\"@id\":\"https:\\\/\\\/toyinfluence.com\\\/expert-marche-jouet-europe\\\/#breadcrumb\",\"itemListElement\":[{\"@type\":\"ListItem\",\"position\":1,\"name\":\"Accueil\",\"item\":\"https:\\\/\\\/toyinfluence.com\\\/\"},{\"@type\":\"ListItem\",\"position\":2,\"name\":\"Expert du march\u00e9 du jouet en Europe\"}]},{\"@type\":\"WebSite\",\"@id\":\"https:\\\/\\\/toyinfluence.com\\\/#website\",\"url\":\"https:\\\/\\\/toyinfluence.com\\\/\",\"name\":\"Toy Influence\",\"description\":\"\",\"potentialAction\":[{\"@type\":\"SearchAction\",\"target\":{\"@type\":\"EntryPoint\",\"urlTemplate\":\"https:\\\/\\\/toyinfluence.com\\\/?s={search_term_string}\"},\"query-input\":{\"@type\":\"PropertyValueSpecification\",\"valueRequired\":true,\"valueName\":\"search_term_string\"}}],\"inLanguage\":\"de\"}]}<\/script>\n<!-- \/ Yoast SEO plugin. -->","yoast_head_json":{"title":"Expert march\u00e9 jouet Europe | Consultant international","description":"Expert march\u00e9 jouet avec 25 ans d\u2019exp\u00e9rience, j\u2019accompagne les marques pour r\u00e9ussir leur implantation en Europe gr\u00e2ce \u00e0 une expertise...","robots":{"index":"index","follow":"follow","max-snippet":"max-snippet:-1","max-image-preview":"max-image-preview:large","max-video-preview":"max-video-preview:-1"},"canonical":"https:\/\/toyinfluence.com\/de\/expert-marche-jouet-europe\/","og_locale":"de_DE","og_type":"article","og_title":"Expert march\u00e9 jouet Europe | Consultant international","og_description":"Expert march\u00e9 jouet avec 25 ans d\u2019exp\u00e9rience, j\u2019accompagne les marques pour r\u00e9ussir leur implantation en Europe gr\u00e2ce \u00e0 une expertise...","og_url":"https:\/\/toyinfluence.com\/de\/expert-marche-jouet-europe\/","og_site_name":"Toy Influence","twitter_card":"summary_large_image","twitter_misc":{"Gesch\u00e4tzte Lesezeit":"5\u00a0Minuten"},"schema":{"@context":"https:\/\/schema.org","@graph":[{"@type":"WebPage","@id":"https:\/\/toyinfluence.com\/expert-marche-jouet-europe\/","url":"https:\/\/toyinfluence.com\/expert-marche-jouet-europe\/","name":"Expert march\u00e9 jouet Europe | Consultant international","isPartOf":{"@id":"https:\/\/toyinfluence.com\/#website"},"datePublished":"2025-08-27T15:07:08+00:00","description":"Expert march\u00e9 jouet avec 25 ans d\u2019exp\u00e9rience, j\u2019accompagne les marques pour r\u00e9ussir leur implantation en Europe gr\u00e2ce \u00e0 une expertise...","breadcrumb":{"@id":"https:\/\/toyinfluence.com\/expert-marche-jouet-europe\/#breadcrumb"},"inLanguage":"de","potentialAction":[{"@type":"ReadAction","target":["https:\/\/toyinfluence.com\/expert-marche-jouet-europe\/"]}]},{"@type":"BreadcrumbList","@id":"https:\/\/toyinfluence.com\/expert-marche-jouet-europe\/#breadcrumb","itemListElement":[{"@type":"ListItem","position":1,"name":"Accueil","item":"https:\/\/toyinfluence.com\/"},{"@type":"ListItem","position":2,"name":"Expert du march\u00e9 du jouet en Europe"}]},{"@type":"WebSite","@id":"https:\/\/toyinfluence.com\/#website","url":"https:\/\/toyinfluence.com\/","name":"Toy Influence","description":"","potentialAction":[{"@type":"SearchAction","target":{"@type":"EntryPoint","urlTemplate":"https:\/\/toyinfluence.com\/?s={search_term_string}"},"query-input":{"@type":"PropertyValueSpecification","valueRequired":true,"valueName":"search_term_string"}}],"inLanguage":"de"}]}},"_links":{"self":[{"href":"https:\/\/toyinfluence.com\/de\/wp-json\/wp\/v2\/pages\/1347","targetHints":{"allow":["GET"]}}],"collection":[{"href":"https:\/\/toyinfluence.com\/de\/wp-json\/wp\/v2\/pages"}],"about":[{"href":"https:\/\/toyinfluence.com\/de\/wp-json\/wp\/v2\/types\/page"}],"author":[{"embeddable":true,"href":"https:\/\/toyinfluence.com\/de\/wp-json\/wp\/v2\/users\/1"}],"replies":[{"embeddable":true,"href":"https:\/\/toyinfluence.com\/de\/wp-json\/wp\/v2\/comments?post=1347"}],"version-history":[{"count":1,"href":"https:\/\/toyinfluence.com\/de\/wp-json\/wp\/v2\/pages\/1347\/revisions"}],"predecessor-version":[{"id":1348,"href":"https:\/\/toyinfluence.com\/de\/wp-json\/wp\/v2\/pages\/1347\/revisions\/1348"}],"wp:attachment":[{"href":"https:\/\/toyinfluence.com\/de\/wp-json\/wp\/v2\/media?parent=1347"}],"wp:term":[{"taxonomy":"category","embeddable":true,"href":"https:\/\/toyinfluence.com\/de\/wp-json\/wp\/v2\/categories?post=1347"}],"curies":[{"name":"wp","href":"https:\/\/api.w.org\/{rel}","templated":true}]}}