{"id":1101,"date":"2024-05-06T22:33:33","date_gmt":"2024-05-06T22:33:33","guid":{"rendered":"https:\/\/toyinfluence.com\/?page_id=1101"},"modified":"2026-03-30T14:49:26","modified_gmt":"2026-03-30T12:49:26","slug":"optimisez-votre-presence-aux-salons-de-jouets-de-deauville-et-nuremberg","status":"publish","type":"page","link":"https:\/\/toyinfluence.com\/de\/optimisez-votre-presence-aux-salons-de-jouets-de-deauville-et-nuremberg\/","title":{"rendered":"Optimieren Sie Ihre Pr\u00e4senz auf den Spielwarenmessen in Deauville und N\u00fcrnberg"},"content":{"rendered":"<div data-elementor-type=\"wp-page\" data-elementor-id=\"1101\" class=\"elementor elementor-1101\" data-elementor-post-type=\"page\">\n\t\t\t\t<div class=\"elementor-element elementor-element-a951f94 e-flex e-con-boxed e-con e-parent\" data-id=\"a951f94\" data-element_type=\"container\" data-e-type=\"container\">\n\t\t\t\t\t<div class=\"e-con-inner\">\n\t\t\t\t<div class=\"elementor-element elementor-element-10f1dba elementor-widget elementor-widget-heading\" data-id=\"10f1dba\" data-element_type=\"widget\" data-e-type=\"widget\" data-widget_type=\"heading.default\">\n\t\t\t\t<div class=\"elementor-widget-container\">\n\t\t\t\t\t<h1 class=\"elementor-heading-title elementor-size-default\">TEILNAHME AN EUROP\u00c4ISCHEN MESSEN<\/h1>\t\t\t\t<\/div>\n\t\t\t\t<\/div>\n\t\t\t\t<div class=\"elementor-element elementor-element-74c1c59 elementor-widget elementor-widget-heading\" data-id=\"74c1c59\" data-element_type=\"widget\" data-e-type=\"widget\" data-widget_type=\"heading.default\">\n\t\t\t\t<div class=\"elementor-widget-container\">\n\t\t\t\t\t<h2 class=\"elementor-heading-title elementor-size-default\">Optimieren Sie Ihre Pr\u00e4senz auf Spielzeugmessen in Europa<\/h2>\t\t\t\t<\/div>\n\t\t\t\t<\/div>\n\t\t\t\t<div class=\"elementor-element elementor-element-ffe057c elementor-widget elementor-widget-heading\" data-id=\"ffe057c\" data-element_type=\"widget\" data-e-type=\"widget\" data-widget_type=\"heading.default\">\n\t\t\t\t<div class=\"elementor-widget-container\">\n\t\t\t\t\t<p class=\"elementor-heading-title elementor-size-default\">Jedes Jahr ziehen die europ\u00e4ischen Spielwarenmessen Fachleute aus der ganzen Welt an. Diese Veranstaltungen sind Schl\u00fcsselgelegenheiten, um Ihre Produkte zu pr\u00e4sentieren, K\u00e4ufer zu treffen und Ihr Netzwerk zu erweitern.<br><br>Toy Influence unterst\u00fctzt Sie dabei, Ihre Wirkung zu maximieren und Ihre Pr\u00e4senz in konkrete Ergebnisse umzusetzen.<\/p>\t\t\t\t<\/div>\n\t\t\t\t<\/div>\n\t\t\t\t\t<\/div>\n\t\t\t\t<\/div>\n\t\t<div class=\"elementor-element elementor-element-6058018 e-flex e-con-boxed e-con e-parent\" data-id=\"6058018\" data-element_type=\"container\" data-e-type=\"container\" data-settings=\"{&quot;background_background&quot;:&quot;classic&quot;}\">\n\t\t\t\t\t<div class=\"e-con-inner\">\n\t\t<div class=\"elementor-element elementor-element-8d76611 e-con-full e-flex e-con e-child\" data-id=\"8d76611\" data-element_type=\"container\" data-e-type=\"container\">\n\t\t\t\t<div class=\"elementor-element elementor-element-6d8e250 elementor-widget elementor-widget-heading\" data-id=\"6d8e250\" data-element_type=\"widget\" data-e-type=\"widget\" data-widget_type=\"heading.default\">\n\t\t\t\t<div class=\"elementor-widget-container\">\n\t\t\t\t\t<h2 class=\"elementor-heading-title elementor-size-default\">Maximieren Sie Ihre Pr\u00e4senz mit Toy Influence<\/h2>\t\t\t\t<\/div>\n\t\t\t\t<\/div>\n\t\t\t\t<div class=\"elementor-element elementor-element-074a0dc elementor-widget elementor-widget-heading\" data-id=\"074a0dc\" data-element_type=\"widget\" data-e-type=\"widget\" data-widget_type=\"heading.default\">\n\t\t\t\t<div class=\"elementor-widget-container\">\n\t\t\t\t\t<h3 class=\"elementor-heading-title elementor-size-default\">Vorbereitung und Planung\n<\/h3>\t\t\t\t<\/div>\n\t\t\t\t<\/div>\n\t\t\t\t<div class=\"elementor-element elementor-element-a79a38e elementor-widget elementor-widget-heading\" data-id=\"a79a38e\" data-element_type=\"widget\" data-e-type=\"widget\" data-widget_type=\"heading.default\">\n\t\t\t\t<div class=\"elementor-widget-container\">\n\t\t\t\t\t<h3 class=\"elementor-heading-title elementor-size-default\">Vor der Messe legen wir gemeinsam Ihre Ziele fest und entwickeln eine wirksame Strategie. Wir helfen Ihnen, Ihre Pr\u00e4senz zu optimieren und gleichzeitig Ihre Kosten zu kontrollieren.<\/h3>\t\t\t\t<\/div>\n\t\t\t\t<\/div>\n\t\t\t\t<div class=\"elementor-element elementor-element-ebda812 elementor-widget elementor-widget-heading\" data-id=\"ebda812\" data-element_type=\"widget\" data-e-type=\"widget\" data-widget_type=\"heading.default\">\n\t\t\t\t<div class=\"elementor-widget-container\">\n\t\t\t\t\t<h3 class=\"elementor-heading-title elementor-size-default\">Interaktion vor Ort\n<\/h3>\t\t\t\t<\/div>\n\t\t\t\t<\/div>\n\t\t\t\t<div class=\"elementor-element elementor-element-82d5b58 elementor-widget elementor-widget-heading\" data-id=\"82d5b58\" data-element_type=\"widget\" data-e-type=\"widget\" data-widget_type=\"heading.default\">\n\t\t\t\t<div class=\"elementor-widget-container\">\n\t\t\t\t\t<p class=\"elementor-heading-title elementor-size-default\">W\u00e4hrend der Messe erleichtern wir den Austausch mit den richtigen Ansprechpartnern: K\u00e4ufern, H\u00e4ndlern und Partnern. Ziel ist es, gezielt Kontakte mit hohem Potenzial zu kn\u00fcpfen.<\/p>\t\t\t\t<\/div>\n\t\t\t\t<\/div>\n\t\t\t\t<div class=\"elementor-element elementor-element-5e0cf3d elementor-widget elementor-widget-heading\" data-id=\"5e0cf3d\" data-element_type=\"widget\" data-e-type=\"widget\" data-widget_type=\"heading.default\">\n\t\t\t\t<div class=\"elementor-widget-container\">\n\t\t\t\t\t<h3 class=\"elementor-heading-title elementor-size-default\">Nachbereitung nach der Messe\n<\/h3>\t\t\t\t<\/div>\n\t\t\t\t<\/div>\n\t\t\t\t<div class=\"elementor-element elementor-element-0eee006 elementor-widget elementor-widget-heading\" data-id=\"0eee006\" data-element_type=\"widget\" data-e-type=\"widget\" data-widget_type=\"heading.default\">\n\t\t\t\t<div class=\"elementor-widget-container\">\n\t\t\t\t\t<p class=\"elementor-heading-title elementor-size-default\">Nach der Veranstaltung sorgen wir f\u00fcr eine strukturierte Nachbereitung: Analyse der Kontakte, Priorisierung der Chancen und Umsetzung der n\u00e4chsten Verkaufsaktionen.<\/p>\t\t\t\t<\/div>\n\t\t\t\t<\/div>\n\t\t\t\t<\/div>\n\t\t\t\t\t<\/div>\n\t\t\t\t<\/div>\n\t\t<div class=\"elementor-element elementor-element-1582392 e-flex e-con-boxed e-con e-parent\" data-id=\"1582392\" data-element_type=\"container\" data-e-type=\"container\">\n\t\t\t\t\t<div class=\"e-con-inner\">\n\t\t<div class=\"elementor-element elementor-element-513ebf1 e-con-full e-flex e-con e-child\" data-id=\"513ebf1\" data-element_type=\"container\" data-e-type=\"container\">\n\t\t\t\t<div class=\"elementor-element elementor-element-22cdfec elementor-widget elementor-widget-heading\" data-id=\"22cdfec\" data-element_type=\"widget\" data-e-type=\"widget\" data-widget_type=\"heading.default\">\n\t\t\t\t<div class=\"elementor-widget-container\">\n\t\t\t\t\t<h2 class=\"elementor-heading-title elementor-size-default\">Aktive Pr\u00e4senz auf europ\u00e4ischen Messen<\/h2>\t\t\t\t<\/div>\n\t\t\t\t<\/div>\n\t\t\t\t<div class=\"elementor-element elementor-element-96bd200 elementor-widget elementor-widget-heading\" data-id=\"96bd200\" data-element_type=\"widget\" data-e-type=\"widget\" data-widget_type=\"heading.default\">\n\t\t\t\t<div class=\"elementor-widget-container\">\n\t\t\t\t\t<h3 class=\"elementor-heading-title elementor-size-default\">Toy Influence st\u00fctzt sich auf konkrete Erfahrungen mit den wichtigsten Messen der Branche :<\/h3>\t\t\t\t<\/div>\n\t\t\t\t<\/div>\n\t\t\t\t<div class=\"elementor-element elementor-element-b5822b8 elementor-widget elementor-widget-heading\" data-id=\"b5822b8\" data-element_type=\"widget\" data-e-type=\"widget\" data-widget_type=\"heading.default\">\n\t\t\t\t<div class=\"elementor-widget-container\">\n\t\t\t\t\t<h3 class=\"elementor-heading-title elementor-size-default\">Deauville (Frankreich)\n<\/h3>\t\t\t\t<\/div>\n\t\t\t\t<\/div>\n\t\t\t\t<div class=\"elementor-element elementor-element-24a77e3 elementor-widget elementor-widget-heading\" data-id=\"24a77e3\" data-element_type=\"widget\" data-e-type=\"widget\" data-widget_type=\"heading.default\">\n\t\t\t\t<div class=\"elementor-widget-container\">\n\t\t\t\t\t<h3 class=\"elementor-heading-title elementor-size-default\">Seit 2012 Aussteller mit einem 33 m\u00b2 gro\u00dfen Stand auf der Pre Show, mit umfassenden Kenntnissen des franz\u00f6sischsprachigen Marktes und der lokalen K\u00e4ufer.<\/h3>\t\t\t\t<\/div>\n\t\t\t\t<\/div>\n\t\t\t\t<div class=\"elementor-element elementor-element-2deb1e1 elementor-widget elementor-widget-heading\" data-id=\"2deb1e1\" data-element_type=\"widget\" data-e-type=\"widget\" data-widget_type=\"heading.default\">\n\t\t\t\t<div class=\"elementor-widget-container\">\n\t\t\t\t\t<h3 class=\"elementor-heading-title elementor-size-default\">Europ\u00e4ische Messen\n<\/h3>\t\t\t\t<\/div>\n\t\t\t\t<\/div>\n\t\t\t\t<div class=\"elementor-element elementor-element-35a1d51 elementor-widget elementor-widget-heading\" data-id=\"35a1d51\" data-element_type=\"widget\" data-e-type=\"widget\" data-widget_type=\"heading.default\">\n\t\t\t\t<div class=\"elementor-widget-container\">\n\t\t\t\t\t<p class=\"elementor-heading-title elementor-size-default\">Seit 2002 regelm\u00e4\u00dfige Teilnahme und Besuche auf den wichtigsten Veranstaltungen der Branche: London, N\u00fcrnberg, Madrid, Mailand und Amsterdam.<br>Diese kontinuierliche Pr\u00e4senz erm\u00f6glicht es, die Marktdynamik zu verstehen und Trends zu antizipieren.<\/p>\t\t\t\t<\/div>\n\t\t\t\t<\/div>\n\t\t\t\t<\/div>\n\t\t\t\t\t<\/div>\n\t\t\t\t<\/div>\n\t\t<div class=\"elementor-element elementor-element-d213f6d e-flex e-con-boxed e-con e-parent\" data-id=\"d213f6d\" data-element_type=\"container\" data-e-type=\"container\" data-settings=\"{&quot;background_background&quot;:&quot;classic&quot;}\">\n\t\t\t\t\t<div class=\"e-con-inner\">\n\t\t<div class=\"elementor-element elementor-element-471ae3a e-con-full e-flex e-con e-child\" data-id=\"471ae3a\" data-element_type=\"container\" data-e-type=\"container\">\n\t\t\t\t<div class=\"elementor-element elementor-element-0af53b3 elementor-widget elementor-widget-heading\" data-id=\"0af53b3\" data-element_type=\"widget\" data-e-type=\"widget\" data-widget_type=\"heading.default\">\n\t\t\t\t<div class=\"elementor-widget-container\">\n\t\t\t\t\t<h2 class=\"elementor-heading-title elementor-size-default\">Warum sollten Sie sich f\u00fcr Toy Influence entscheiden?<\/h2>\t\t\t\t<\/div>\n\t\t\t\t<\/div>\n\t\t\t\t<div class=\"elementor-element elementor-element-25a5304 elementor-widget elementor-widget-heading\" data-id=\"25a5304\" data-element_type=\"widget\" data-e-type=\"widget\" data-widget_type=\"heading.default\">\n\t\t\t\t<div class=\"elementor-widget-container\">\n\t\t\t\t\t<h3 class=\"elementor-heading-title elementor-size-default\">Wir bieten eine umfassende Betreuung, die auf realer Felderfahrung auf europ\u00e4ischen Messen beruht. Unser Ansatz erm\u00f6glicht es Ihnen, Ihre Pr\u00e4senz zu optimieren, die richtigen Kontakte anzusprechen und Ihre Investitionsrendite zu maximieren.<br><br>Die Teilnahme an diesen Messen kann ein wichtiger Hebel f\u00fcr die Gesch\u00e4ftsentwicklung sein. Toy Influence begleitet Sie bei jedem Schritt, damit Sie das Beste daraus machen k\u00f6nnen.<\/h3>\t\t\t\t<\/div>\n\t\t\t\t<\/div>\n\t\t\t\t<\/div>\n\t\t\t\t\t<\/div>\n\t\t\t\t<\/div>\n\t\t<div class=\"elementor-element elementor-element-aba3bbb e-flex e-con-boxed e-con e-parent\" data-id=\"aba3bbb\" data-element_type=\"container\" data-e-type=\"container\">\n\t\t\t\t\t<div class=\"e-con-inner\">\n\t\t<div class=\"elementor-element elementor-element-3b13b41 e-flex e-con-boxed e-con e-child\" data-id=\"3b13b41\" data-element_type=\"container\" data-e-type=\"container\">\n\t\t\t\t\t<div class=\"e-con-inner\">\n\t\t\t\t<div class=\"elementor-element elementor-element-51eed58 elementor-widget elementor-widget-heading\" data-id=\"51eed58\" data-element_type=\"widget\" data-e-type=\"widget\" data-widget_type=\"heading.default\">\n\t\t\t\t<div class=\"elementor-widget-container\">\n\t\t\t\t\t<h2 class=\"elementor-heading-title elementor-size-default\">Kontaktieren Sie Toy Influence noch heute\n<\/h2>\t\t\t\t<\/div>\n\t\t\t\t<\/div>\n\t\t\t\t<div class=\"elementor-element elementor-element-d464c64 elementor-widget elementor-widget-heading\" data-id=\"d464c64\" data-element_type=\"widget\" data-e-type=\"widget\" data-widget_type=\"heading.default\">\n\t\t\t\t<div class=\"elementor-widget-container\">\n\t\t\t\t\t<p class=\"elementor-heading-title elementor-size-default\">Sie m\u00f6chten Ihre Teilnahme an europ\u00e4ischen Spielzeugmessen optimieren? Kontaktieren Sie uns, um sich \u00fcber Ihr Projekt auszutauschen und Ihre n\u00e4chste Pr\u00e4senz vorzubereiten.<\/p>\t\t\t\t<\/div>\n\t\t\t\t<\/div>\n\t\t\t\t<div class=\"elementor-element elementor-element-0eace3b elementor-widget elementor-widget-button\" data-id=\"0eace3b\" data-element_type=\"widget\" data-e-type=\"widget\" data-widget_type=\"button.default\">\n\t\t\t\t<div class=\"elementor-widget-container\">\n\t\t\t\t\t\t\t\t\t<div class=\"elementor-button-wrapper\">\n\t\t\t\t\t<a class=\"elementor-button elementor-button-link elementor-size-sm\" href=\"mailto:yann@toyinfluence.com\" target=\"_blank\">\n\t\t\t\t\t\t<span class=\"elementor-button-content-wrapper\">\n\t\t\t\t\t\t<span class=\"elementor-button-icon\">\n\t\t\t\t<i aria-hidden=\"true\" class=\"fas fa-envelope\"><\/i>\t\t\t<\/span>\n\t\t\t\t\t\t\t\t\t<span class=\"elementor-button-text\">yann@toyinfluence.com<\/span>\n\t\t\t\t\t<\/span>\n\t\t\t\t\t<\/a>\n\t\t\t\t<\/div>\n\t\t\t\t\t\t\t\t<\/div>\n\t\t\t\t<\/div>\n\t\t\t\t\t<\/div>\n\t\t\t\t<\/div>\n\t\t\t\t\t<\/div>\n\t\t\t\t<\/div>\n\t\t\t\t<\/div>","protected":false},"excerpt":{"rendered":"<p>PARTICIPATION AUX SALONS EUROP\u00c9ENS Optimisez votre pr\u00e9sence aux salons de jouets en Europe Chaque ann\u00e9e, les salons europ\u00e9ens du jouet attirent des professionnels du monde entier. Ces \u00e9v\u00e9nements sont des opportunit\u00e9s cl\u00e9s pour pr\u00e9senter vos produits, rencontrer des acheteurs et d\u00e9velopper votre r\u00e9seau. Toy Influence vous accompagne pour maximiser votre impact et transformer votre pr\u00e9sence [&hellip;]<\/p>\n","protected":false},"author":1,"featured_media":0,"parent":0,"menu_order":0,"comment_status":"closed","ping_status":"closed","template":"elementor_header_footer","meta":{"footnotes":""},"categories":[],"class_list":["post-1101","page","type-page","status-publish","hentry"],"yoast_head":"<!-- This site is optimized with the Yoast SEO plugin v27.4 - https:\/\/yoast.com\/product\/yoast-seo-wordpress\/ -->\n<title>Optimisez votre pr\u00e9sence aux salons de jouets de Deauville et Nuremberg - Toy Influence<\/title>\n<meta name=\"description\" content=\"Maximisez votre impact aux c\u00e9l\u00e8bres salons de jouets de Deauville et Nuremberg avec Toy Influence. Nos services vous offrent une pr\u00e9sence sur mesure et strat\u00e9gique.\" \/>\n<meta name=\"robots\" content=\"index, follow, max-snippet:-1, max-image-preview:large, max-video-preview:-1\" \/>\n<link rel=\"canonical\" href=\"https:\/\/toyinfluence.com\/de\/optimisez-votre-presence-aux-salons-de-jouets-de-deauville-et-nuremberg\/\" \/>\n<meta property=\"og:locale\" content=\"de_DE\" \/>\n<meta property=\"og:type\" content=\"article\" \/>\n<meta property=\"og:title\" content=\"Optimisez votre pr\u00e9sence aux salons de jouets de Deauville et Nuremberg - Toy Influence\" \/>\n<meta property=\"og:description\" content=\"Maximisez votre impact aux c\u00e9l\u00e8bres salons de jouets de Deauville et Nuremberg avec Toy Influence. Nos services vous offrent une pr\u00e9sence sur mesure et strat\u00e9gique.\" \/>\n<meta property=\"og:url\" content=\"https:\/\/toyinfluence.com\/de\/optimisez-votre-presence-aux-salons-de-jouets-de-deauville-et-nuremberg\/\" \/>\n<meta property=\"og:site_name\" content=\"Toy Influence\" \/>\n<meta property=\"article:modified_time\" content=\"2026-03-30T12:49:26+00:00\" \/>\n<meta name=\"twitter:card\" content=\"summary_large_image\" \/>\n<meta name=\"twitter:label1\" content=\"Gesch\u00e4tzte Lesezeit\" \/>\n\t<meta name=\"twitter:data1\" content=\"2\u00a0Minuten\" \/>\n<script type=\"application\/ld+json\" class=\"yoast-schema-graph\">{\"@context\":\"https:\\\/\\\/schema.org\",\"@graph\":[{\"@type\":\"WebPage\",\"@id\":\"https:\\\/\\\/toyinfluence.com\\\/optimisez-votre-presence-aux-salons-de-jouets-de-deauville-et-nuremberg\\\/\",\"url\":\"https:\\\/\\\/toyinfluence.com\\\/optimisez-votre-presence-aux-salons-de-jouets-de-deauville-et-nuremberg\\\/\",\"name\":\"Optimisez votre pr\u00e9sence aux salons de jouets de Deauville et Nuremberg - Toy Influence\",\"isPartOf\":{\"@id\":\"https:\\\/\\\/toyinfluence.com\\\/#website\"},\"datePublished\":\"2024-05-06T22:33:33+00:00\",\"dateModified\":\"2026-03-30T12:49:26+00:00\",\"description\":\"Maximisez votre impact aux c\u00e9l\u00e8bres salons de jouets de Deauville et Nuremberg avec Toy Influence. Nos services vous offrent une pr\u00e9sence sur mesure et strat\u00e9gique.\",\"breadcrumb\":{\"@id\":\"https:\\\/\\\/toyinfluence.com\\\/optimisez-votre-presence-aux-salons-de-jouets-de-deauville-et-nuremberg\\\/#breadcrumb\"},\"inLanguage\":\"de\",\"potentialAction\":[{\"@type\":\"ReadAction\",\"target\":[\"https:\\\/\\\/toyinfluence.com\\\/optimisez-votre-presence-aux-salons-de-jouets-de-deauville-et-nuremberg\\\/\"]}]},{\"@type\":\"BreadcrumbList\",\"@id\":\"https:\\\/\\\/toyinfluence.com\\\/optimisez-votre-presence-aux-salons-de-jouets-de-deauville-et-nuremberg\\\/#breadcrumb\",\"itemListElement\":[{\"@type\":\"ListItem\",\"position\":1,\"name\":\"Accueil\",\"item\":\"https:\\\/\\\/toyinfluence.com\\\/\"},{\"@type\":\"ListItem\",\"position\":2,\"name\":\"Optimisez votre pr\u00e9sence aux salons de jouets de Deauville et Nuremberg\"}]},{\"@type\":\"WebSite\",\"@id\":\"https:\\\/\\\/toyinfluence.com\\\/#website\",\"url\":\"https:\\\/\\\/toyinfluence.com\\\/\",\"name\":\"Toy Influence\",\"description\":\"\",\"potentialAction\":[{\"@type\":\"SearchAction\",\"target\":{\"@type\":\"EntryPoint\",\"urlTemplate\":\"https:\\\/\\\/toyinfluence.com\\\/?s={search_term_string}\"},\"query-input\":{\"@type\":\"PropertyValueSpecification\",\"valueRequired\":true,\"valueName\":\"search_term_string\"}}],\"inLanguage\":\"de\"}]}<\/script>\n<!-- \/ Yoast SEO plugin. -->","yoast_head_json":{"title":"Optimisez votre pr\u00e9sence aux salons de jouets de Deauville et Nuremberg - Toy Influence","description":"Maximisez votre impact aux c\u00e9l\u00e8bres salons de jouets de Deauville et Nuremberg avec Toy Influence. Nos services vous offrent une pr\u00e9sence sur mesure et strat\u00e9gique.","robots":{"index":"index","follow":"follow","max-snippet":"max-snippet:-1","max-image-preview":"max-image-preview:large","max-video-preview":"max-video-preview:-1"},"canonical":"https:\/\/toyinfluence.com\/de\/optimisez-votre-presence-aux-salons-de-jouets-de-deauville-et-nuremberg\/","og_locale":"de_DE","og_type":"article","og_title":"Optimisez votre pr\u00e9sence aux salons de jouets de Deauville et Nuremberg - Toy Influence","og_description":"Maximisez votre impact aux c\u00e9l\u00e8bres salons de jouets de Deauville et Nuremberg avec Toy Influence. Nos services vous offrent une pr\u00e9sence sur mesure et strat\u00e9gique.","og_url":"https:\/\/toyinfluence.com\/de\/optimisez-votre-presence-aux-salons-de-jouets-de-deauville-et-nuremberg\/","og_site_name":"Toy Influence","article_modified_time":"2026-03-30T12:49:26+00:00","twitter_card":"summary_large_image","twitter_misc":{"Gesch\u00e4tzte Lesezeit":"2\u00a0Minuten"},"schema":{"@context":"https:\/\/schema.org","@graph":[{"@type":"WebPage","@id":"https:\/\/toyinfluence.com\/optimisez-votre-presence-aux-salons-de-jouets-de-deauville-et-nuremberg\/","url":"https:\/\/toyinfluence.com\/optimisez-votre-presence-aux-salons-de-jouets-de-deauville-et-nuremberg\/","name":"Optimisez votre pr\u00e9sence aux salons de jouets de Deauville et Nuremberg - Toy Influence","isPartOf":{"@id":"https:\/\/toyinfluence.com\/#website"},"datePublished":"2024-05-06T22:33:33+00:00","dateModified":"2026-03-30T12:49:26+00:00","description":"Maximisez votre impact aux c\u00e9l\u00e8bres salons de jouets de Deauville et Nuremberg avec Toy Influence. Nos services vous offrent une pr\u00e9sence sur mesure et strat\u00e9gique.","breadcrumb":{"@id":"https:\/\/toyinfluence.com\/optimisez-votre-presence-aux-salons-de-jouets-de-deauville-et-nuremberg\/#breadcrumb"},"inLanguage":"de","potentialAction":[{"@type":"ReadAction","target":["https:\/\/toyinfluence.com\/optimisez-votre-presence-aux-salons-de-jouets-de-deauville-et-nuremberg\/"]}]},{"@type":"BreadcrumbList","@id":"https:\/\/toyinfluence.com\/optimisez-votre-presence-aux-salons-de-jouets-de-deauville-et-nuremberg\/#breadcrumb","itemListElement":[{"@type":"ListItem","position":1,"name":"Accueil","item":"https:\/\/toyinfluence.com\/"},{"@type":"ListItem","position":2,"name":"Optimisez votre pr\u00e9sence aux salons de jouets de Deauville et Nuremberg"}]},{"@type":"WebSite","@id":"https:\/\/toyinfluence.com\/#website","url":"https:\/\/toyinfluence.com\/","name":"Toy Influence","description":"","potentialAction":[{"@type":"SearchAction","target":{"@type":"EntryPoint","urlTemplate":"https:\/\/toyinfluence.com\/?s={search_term_string}"},"query-input":{"@type":"PropertyValueSpecification","valueRequired":true,"valueName":"search_term_string"}}],"inLanguage":"de"}]}},"_links":{"self":[{"href":"https:\/\/toyinfluence.com\/de\/wp-json\/wp\/v2\/pages\/1101","targetHints":{"allow":["GET"]}}],"collection":[{"href":"https:\/\/toyinfluence.com\/de\/wp-json\/wp\/v2\/pages"}],"about":[{"href":"https:\/\/toyinfluence.com\/de\/wp-json\/wp\/v2\/types\/page"}],"author":[{"embeddable":true,"href":"https:\/\/toyinfluence.com\/de\/wp-json\/wp\/v2\/users\/1"}],"replies":[{"embeddable":true,"href":"https:\/\/toyinfluence.com\/de\/wp-json\/wp\/v2\/comments?post=1101"}],"version-history":[{"count":10,"href":"https:\/\/toyinfluence.com\/de\/wp-json\/wp\/v2\/pages\/1101\/revisions"}],"predecessor-version":[{"id":1495,"href":"https:\/\/toyinfluence.com\/de\/wp-json\/wp\/v2\/pages\/1101\/revisions\/1495"}],"wp:attachment":[{"href":"https:\/\/toyinfluence.com\/de\/wp-json\/wp\/v2\/media?parent=1101"}],"wp:term":[{"taxonomy":"category","embeddable":true,"href":"https:\/\/toyinfluence.com\/de\/wp-json\/wp\/v2\/categories?post=1101"}],"curies":[{"name":"wp","href":"https:\/\/api.w.org\/{rel}","templated":true}]}}