{"id":1095,"date":"2024-05-06T22:26:31","date_gmt":"2024-05-06T22:26:31","guid":{"rendered":"https:\/\/toyinfluence.com\/?page_id=1095"},"modified":"2024-05-07T15:33:37","modified_gmt":"2024-05-07T15:33:37","slug":"strategies-dinfluence-et-marketing-pour-le-secteur-du-jouet-toy-influence","status":"publish","type":"page","link":"https:\/\/toyinfluence.com\/de\/strategies-dinfluence-et-marketing-pour-le-secteur-du-jouet-toy-influence\/","title":{"rendered":"Einflussnahme und Marketingstrategien f\u00fcr den Spielzeugsektor - Toy Influence"},"content":{"rendered":"<div data-elementor-type=\"wp-page\" data-elementor-id=\"1095\" class=\"elementor elementor-1095\" data-elementor-post-type=\"page\">\n\t\t\t\t<div class=\"elementor-element elementor-element-a951f94 e-flex e-con-boxed e-con e-parent\" data-id=\"a951f94\" data-element_type=\"container\" data-e-type=\"container\">\n\t\t\t\t\t<div class=\"e-con-inner\">\n\t\t\t\t<div class=\"elementor-element elementor-element-10f1dba elementor-widget elementor-widget-heading\" data-id=\"10f1dba\" data-element_type=\"widget\" data-e-type=\"widget\" data-widget_type=\"heading.default\">\n\t\t\t\t<div class=\"elementor-widget-container\">\n\t\t\t\t\t<h1 class=\"elementor-heading-title elementor-size-default\">Influence Strategies and Marketing<\/h1>\t\t\t\t<\/div>\n\t\t\t\t<\/div>\n\t\t\t\t<div class=\"elementor-element elementor-element-74c1c59 elementor-widget elementor-widget-heading\" data-id=\"74c1c59\" data-element_type=\"widget\" data-e-type=\"widget\" data-widget_type=\"heading.default\">\n\t\t\t\t<div class=\"elementor-widget-container\">\n\t\t\t\t\t<h2 class=\"elementor-heading-title elementor-size-default\">f\u00fcr den Spielzeugsektor in Frankreich<\/h2>\t\t\t\t<\/div>\n\t\t\t\t<\/div>\n\t\t\t\t<div class=\"elementor-element elementor-element-ffe057c elementor-widget elementor-widget-heading\" data-id=\"ffe057c\" data-element_type=\"widget\" data-e-type=\"widget\" data-widget_type=\"heading.default\">\n\t\t\t\t<div class=\"elementor-widget-container\">\n\t\t\t\t\t<p class=\"elementor-heading-title elementor-size-default\">In der umk\u00e4mpften Welt des Spielzeugmarkts ist es entscheidend, sich von der Masse abzuheben. Bei Toy Influence bieten wir Influencer-Marketing-Strategien an, die Ihnen helfen, an Sichtbarkeit zu gewinnen und Ihren Zielmarkt effektiv zu beeinflussen. Egal, ob Sie ein innovatives Startup oder eine etablierte Marke sind, unsere Dienstleistungen sind darauf ausgelegt, Ihre Online- und Social-Media-Pr\u00e4senz zu steigern.\n<\/p>\t\t\t\t<\/div>\n\t\t\t\t<\/div>\n\t\t\t\t\t<\/div>\n\t\t\t\t<\/div>\n\t\t<div class=\"elementor-element elementor-element-6058018 e-flex e-con-boxed e-con e-parent\" data-id=\"6058018\" data-element_type=\"container\" data-e-type=\"container\" data-settings=\"{&quot;background_background&quot;:&quot;classic&quot;}\">\n\t\t\t\t\t<div class=\"e-con-inner\">\n\t\t<div class=\"elementor-element elementor-element-8d76611 e-con-full e-flex e-con e-child\" data-id=\"8d76611\" data-element_type=\"container\" data-e-type=\"container\">\n\t\t\t\t<div class=\"elementor-element elementor-element-6d8e250 elementor-widget elementor-widget-heading\" data-id=\"6d8e250\" data-element_type=\"widget\" data-e-type=\"widget\" data-widget_type=\"heading.default\">\n\t\t\t\t<div class=\"elementor-widget-container\">\n\t\t\t\t\t<h2 class=\"elementor-heading-title elementor-size-default\">Aufbau des Bekanntheitsgrades \u00fcber soziale Netzwerke<\/h2>\t\t\t\t<\/div>\n\t\t\t\t<\/div>\n\t\t\t\t<div class=\"elementor-element elementor-element-074a0dc elementor-widget elementor-widget-heading\" data-id=\"074a0dc\" data-element_type=\"widget\" data-e-type=\"widget\" data-widget_type=\"heading.default\">\n\t\t\t\t<div class=\"elementor-widget-container\">\n\t\t\t\t\t<h3 class=\"elementor-heading-title elementor-size-default\">B2C-Strategien :\n<\/h3>\t\t\t\t<\/div>\n\t\t\t\t<\/div>\n\t\t\t\t<div class=\"elementor-element elementor-element-a79a38e elementor-widget elementor-widget-heading\" data-id=\"a79a38e\" data-element_type=\"widget\" data-e-type=\"widget\" data-widget_type=\"heading.default\">\n\t\t\t\t<div class=\"elementor-widget-container\">\n\t\t\t\t\t<h3 class=\"elementor-heading-title elementor-size-default\">Unser Ansatz f\u00fcr den B2C-Bereich zielt darauf ab, eine emotionale Verbindung zu den Verbrauchern herzustellen. Wir verwenden Taktiken wie Kampagnen mit einnehmenden Inhalten, Partnerschaften mit beliebten Influencern in der Spielzeugbranche und interaktive Wettbewerbe, die zum Teilen und Mitmachen anregen.<\/h3>\t\t\t\t<\/div>\n\t\t\t\t<\/div>\n\t\t\t\t<div class=\"elementor-element elementor-element-ebda812 elementor-widget elementor-widget-heading\" data-id=\"ebda812\" data-element_type=\"widget\" data-e-type=\"widget\" data-widget_type=\"heading.default\">\n\t\t\t\t<div class=\"elementor-widget-container\">\n\t\t\t\t\t<h3 class=\"elementor-heading-title elementor-size-default\">B2B-Strategien :\n<\/h3>\t\t\t\t<\/div>\n\t\t\t\t<\/div>\n\t\t\t\t<div class=\"elementor-element elementor-element-82d5b58 elementor-widget elementor-widget-heading\" data-id=\"82d5b58\" data-element_type=\"widget\" data-e-type=\"widget\" data-widget_type=\"heading.default\">\n\t\t\t\t<div class=\"elementor-widget-container\">\n\t\t\t\t\t<p class=\"elementor-heading-title elementor-size-default\">Im B2B-Bereich liegt unser Fokus auf dem Aufbau von Markenglaubw\u00fcrdigkeit und dem Aufbau von Vertrauensbeziehungen. Wir erleichtern die Verbindung zu wichtigen Entscheidungstr\u00e4gern durch Webinare, Expertenvideos und Fallstudien, die Ihre Produkte und Dienstleistungen in den Vordergrund stellen.\n<\/p>\t\t\t\t<\/div>\n\t\t\t\t<\/div>\n\t\t\t\t<\/div>\n\t\t\t\t\t<\/div>\n\t\t\t\t<\/div>\n\t\t<div class=\"elementor-element elementor-element-1582392 e-flex e-con-boxed e-con e-parent\" data-id=\"1582392\" data-element_type=\"container\" data-e-type=\"container\">\n\t\t\t\t\t<div class=\"e-con-inner\">\n\t\t<div class=\"elementor-element elementor-element-513ebf1 e-con-full e-flex e-con e-child\" data-id=\"513ebf1\" data-element_type=\"container\" data-e-type=\"container\">\n\t\t\t\t<div class=\"elementor-element elementor-element-22cdfec elementor-widget elementor-widget-heading\" data-id=\"22cdfec\" data-element_type=\"widget\" data-e-type=\"widget\" data-widget_type=\"heading.default\">\n\t\t\t\t<div class=\"elementor-widget-container\">\n\t\t\t\t\t<h2 class=\"elementor-heading-title elementor-size-default\">Erstellung von Videos f\u00fcr gezielte soziale Netzwerke<\/h2>\t\t\t\t<\/div>\n\t\t\t\t<\/div>\n\t\t\t\t<div class=\"elementor-element elementor-element-b5822b8 elementor-widget elementor-widget-heading\" data-id=\"b5822b8\" data-element_type=\"widget\" data-e-type=\"widget\" data-widget_type=\"heading.default\">\n\t\t\t\t<div class=\"elementor-widget-container\">\n\t\t\t\t\t<h3 class=\"elementor-heading-title elementor-size-default\">Erstellen von Videoinhalten<\/h3>\t\t\t\t<\/div>\n\t\t\t\t<\/div>\n\t\t\t\t<div class=\"elementor-element elementor-element-96bd200 elementor-widget elementor-widget-heading\" data-id=\"96bd200\" data-element_type=\"widget\" data-e-type=\"widget\" data-widget_type=\"heading.default\">\n\t\t\t\t<div class=\"elementor-widget-container\">\n\t\t\t\t\t<h3 class=\"elementor-heading-title elementor-size-default\">Wir produzieren Videos, die Aufmerksamkeit erregen und engagieren. Diese Videos werden speziell f\u00fcr Plattformen wie TikTok, YouTube, Instagram und Facebook konzipiert, wobei jedes Format optimiert wird, um die Wirkung zu maximieren.\n<\/h3>\t\t\t\t<\/div>\n\t\t\t\t<\/div>\n\t\t\t\t<div class=\"elementor-element elementor-element-2deb1e1 elementor-widget elementor-widget-heading\" data-id=\"2deb1e1\" data-element_type=\"widget\" data-e-type=\"widget\" data-widget_type=\"heading.default\">\n\t\t\t\t<div class=\"elementor-widget-container\">\n\t\t\t\t\t<h3 class=\"elementor-heading-title elementor-size-default\">Produkt-Buzz-Kampagnen<\/h3>\t\t\t\t<\/div>\n\t\t\t\t<\/div>\n\t\t\t\t<div class=\"elementor-element elementor-element-35a1d51 elementor-widget elementor-widget-heading\" data-id=\"35a1d51\" data-element_type=\"widget\" data-e-type=\"widget\" data-widget_type=\"heading.default\">\n\t\t\t\t<div class=\"elementor-widget-container\">\n\t\t\t\t\t<p class=\"elementor-heading-title elementor-size-default\">Unsere Produkt-Buzz-Kampagnen sind so konzipiert, dass sie Aufregung und Vorfreude erzeugen. Ob durch die Einf\u00fchrung von Teasern, Auspackvideos oder Live-Demonstrationen - wir erzeugen einen Buzz um Ihre neuen Produkte oder Angebote.\n<\/p>\t\t\t\t<\/div>\n\t\t\t\t<\/div>\n\t\t\t\t<\/div>\n\t\t\t\t\t<\/div>\n\t\t\t\t<\/div>\n\t\t<div class=\"elementor-element elementor-element-d213f6d e-flex e-con-boxed e-con e-parent\" data-id=\"d213f6d\" data-element_type=\"container\" data-e-type=\"container\" data-settings=\"{&quot;background_background&quot;:&quot;classic&quot;}\">\n\t\t\t\t\t<div class=\"e-con-inner\">\n\t\t<div class=\"elementor-element elementor-element-471ae3a e-con-full e-flex e-con e-child\" data-id=\"471ae3a\" data-element_type=\"container\" data-e-type=\"container\">\n\t\t\t\t<div class=\"elementor-element elementor-element-0af53b3 elementor-widget elementor-widget-heading\" data-id=\"0af53b3\" data-element_type=\"widget\" data-e-type=\"widget\" data-widget_type=\"heading.default\">\n\t\t\t\t<div class=\"elementor-widget-container\">\n\t\t\t\t\t<h2 class=\"elementor-heading-title elementor-size-default\">Engagement und Erfolgsmessung<\/h2>\t\t\t\t<\/div>\n\t\t\t\t<\/div>\n\t\t\t\t<div class=\"elementor-element elementor-element-0e3b248 elementor-widget elementor-widget-heading\" data-id=\"0e3b248\" data-element_type=\"widget\" data-e-type=\"widget\" data-widget_type=\"heading.default\">\n\t\t\t\t<div class=\"elementor-widget-container\">\n\t\t\t\t\t<h3 class=\"elementor-heading-title elementor-size-default\">Analyse der Leistung<\/h3>\t\t\t\t<\/div>\n\t\t\t\t<\/div>\n\t\t\t\t<div class=\"elementor-element elementor-element-25a5304 elementor-widget elementor-widget-heading\" data-id=\"25a5304\" data-element_type=\"widget\" data-e-type=\"widget\" data-widget_type=\"heading.default\">\n\t\t\t\t<div class=\"elementor-widget-container\">\n\t\t\t\t\t<h3 class=\"elementor-heading-title elementor-size-default\">Wir verfolgen und analysieren die Leistung aller Kampagnen, um sicherzustellen, dass sie die gesetzten Ziele erreichen. Die gesammelten Daten erm\u00f6glichen es uns, die Strategien kontinuierlich zu verfeinern, um die zuk\u00fcnftigen Ergebnisse zu verbessern.\n<\/h3>\t\t\t\t<\/div>\n\t\t\t\t<\/div>\n\t\t\t\t<div class=\"elementor-element elementor-element-737810b elementor-widget elementor-widget-heading\" data-id=\"737810b\" data-element_type=\"widget\" data-e-type=\"widget\" data-widget_type=\"heading.default\">\n\t\t\t\t<div class=\"elementor-widget-container\">\n\t\t\t\t\t<h3 class=\"elementor-heading-title elementor-size-default\">Renditen auf Investitionen<\/h3>\t\t\t\t<\/div>\n\t\t\t\t<\/div>\n\t\t\t\t<div class=\"elementor-element elementor-element-a33815e elementor-widget elementor-widget-heading\" data-id=\"a33815e\" data-element_type=\"widget\" data-e-type=\"widget\" data-widget_type=\"heading.default\">\n\t\t\t\t<div class=\"elementor-widget-container\">\n\t\t\t\t\t<p class=\"elementor-heading-title elementor-size-default\">Wir bei Toy Influence sind bestrebt, Ihnen eine klare und messbare Investitionsrendite zu bieten. Jede Strategie ist darauf ausgelegt, Ihr Marketingbudget zu maximieren und Ihren Umsatz und Ihre Sichtbarkeit zu steigern.\n<\/p>\t\t\t\t<\/div>\n\t\t\t\t<\/div>\n\t\t\t\t<\/div>\n\t\t\t\t\t<\/div>\n\t\t\t\t<\/div>\n\t\t<div class=\"elementor-element elementor-element-aba3bbb e-flex e-con-boxed e-con e-parent\" data-id=\"aba3bbb\" data-element_type=\"container\" data-e-type=\"container\">\n\t\t\t\t\t<div class=\"e-con-inner\">\n\t\t<div class=\"elementor-element elementor-element-3b13b41 e-flex e-con-boxed e-con e-child\" data-id=\"3b13b41\" data-element_type=\"container\" data-e-type=\"container\">\n\t\t\t\t\t<div class=\"e-con-inner\">\n\t\t\t\t<div class=\"elementor-element elementor-element-d464c64 elementor-widget elementor-widget-heading\" data-id=\"d464c64\" data-element_type=\"widget\" data-e-type=\"widget\" data-widget_type=\"heading.default\">\n\t\t\t\t<div class=\"elementor-widget-container\">\n\t\t\t\t\t<p class=\"elementor-heading-title elementor-size-default\">Mit Toy Influence in Influencer Marketing zu investieren bedeutet, einen Expertenpartner zu w\u00e4hlen, der die Nuancen des digitalen Marketings in der Spielzeugbranche tiefgreifend versteht. Wir sind bereit, Ihnen dabei zu helfen, Ihre Bekanntheits- und Verkaufsziele in greifbare Ergebnisse umzusetzen.\n<\/p>\t\t\t\t<\/div>\n\t\t\t\t<\/div>\n\t\t\t\t<div class=\"elementor-element elementor-element-51eed58 elementor-widget elementor-widget-heading\" data-id=\"51eed58\" data-element_type=\"widget\" data-e-type=\"widget\" data-widget_type=\"heading.default\">\n\t\t\t\t<div class=\"elementor-widget-container\">\n\t\t\t\t\t<h2 class=\"elementor-heading-title elementor-size-default\">Kontaktieren Sie Toy Influence noch heute\n<\/h2>\t\t\t\t<\/div>\n\t\t\t\t<\/div>\n\t\t\t\t<div class=\"elementor-element elementor-element-821fddd elementor-widget elementor-widget-heading\" data-id=\"821fddd\" data-element_type=\"widget\" data-e-type=\"widget\" data-widget_type=\"heading.default\">\n\t\t\t\t<div class=\"elementor-widget-container\">\n\t\t\t\t\t<p class=\"elementor-heading-title elementor-size-default\">Erh\u00f6hen Sie Ihren Einfluss auf dem Markt mit den bew\u00e4hrten Strategien von Toy Influence. Kontaktieren Sie uns noch heute, um mit der Ausarbeitung Ihres individuellen Influencer-Marketingplans zu beginnen.\n<\/p>\t\t\t\t<\/div>\n\t\t\t\t<\/div>\n\t\t\t\t<div class=\"elementor-element elementor-element-0eace3b elementor-widget elementor-widget-button\" data-id=\"0eace3b\" data-element_type=\"widget\" data-e-type=\"widget\" data-widget_type=\"button.default\">\n\t\t\t\t<div class=\"elementor-widget-container\">\n\t\t\t\t\t\t\t\t\t<div class=\"elementor-button-wrapper\">\n\t\t\t\t\t<a class=\"elementor-button elementor-button-link elementor-size-sm\" href=\"mailto:yann@toyinfluence.com\" target=\"_blank\">\n\t\t\t\t\t\t<span class=\"elementor-button-content-wrapper\">\n\t\t\t\t\t\t<span class=\"elementor-button-icon\">\n\t\t\t\t<i aria-hidden=\"true\" class=\"fas fa-envelope\"><\/i>\t\t\t<\/span>\n\t\t\t\t\t\t\t\t\t<span class=\"elementor-button-text\">yann@toyinfluence.com<\/span>\n\t\t\t\t\t<\/span>\n\t\t\t\t\t<\/a>\n\t\t\t\t<\/div>\n\t\t\t\t\t\t\t\t<\/div>\n\t\t\t\t<\/div>\n\t\t\t\t\t<\/div>\n\t\t\t\t<\/div>\n\t\t\t\t\t<\/div>\n\t\t\t\t<\/div>\n\t\t\t\t<\/div>","protected":false},"excerpt":{"rendered":"<p>Strat\u00e9gies d&rsquo;Influence et Marketing pour le secteur du jouet en France Dans l&rsquo;univers comp\u00e9titif du march\u00e9 du jouet, se d\u00e9marquer est crucial. Chez Toy Influence, nous proposons des strat\u00e9gies de marketing d&rsquo;influence qui vous aideront \u00e0 gagner en visibilit\u00e9 et \u00e0 influencer votre march\u00e9 cible efficacement. Que vous soyez une startup innovante ou une marque [&hellip;]<\/p>\n","protected":false},"author":1,"featured_media":0,"parent":0,"menu_order":0,"comment_status":"closed","ping_status":"closed","template":"elementor_header_footer","meta":{"footnotes":""},"categories":[],"class_list":["post-1095","page","type-page","status-publish","hentry"],"yoast_head":"<!-- This site is optimized with the Yoast SEO plugin v27.4 - https:\/\/yoast.com\/product\/yoast-seo-wordpress\/ -->\n<title>Strat\u00e9gies d&#039;Influence et Marketing pour le Secteur du Jouet - Toy Influence - Toy Influence<\/title>\n<meta name=\"description\" content=\"Boostez votre d\u00e9veloppement commercial sur le march\u00e9 fran\u00e7ais des jouets avec Toy Influence. Que ce soit pour une mission \u00e0 court terme ou un remplacement strat\u00e9gique, nos services sur mesure vous aident \u00e0 atteindre vos objectifs commerciaux. D\u00e9couvrez comment notre expertise peut dynamiser votre croissance.\" \/>\n<meta name=\"robots\" content=\"index, follow, max-snippet:-1, max-image-preview:large, max-video-preview:-1\" \/>\n<link rel=\"canonical\" href=\"https:\/\/toyinfluence.com\/de\/strategies-dinfluence-et-marketing-pour-le-secteur-du-jouet-toy-influence\/\" \/>\n<meta property=\"og:locale\" content=\"de_DE\" \/>\n<meta property=\"og:type\" content=\"article\" \/>\n<meta property=\"og:title\" content=\"Strat\u00e9gies d&#039;Influence et Marketing pour le Secteur du Jouet - Toy Influence - Toy Influence\" \/>\n<meta property=\"og:description\" content=\"Boostez votre d\u00e9veloppement commercial sur le march\u00e9 fran\u00e7ais des jouets avec Toy Influence. Que ce soit pour une mission \u00e0 court terme ou un remplacement strat\u00e9gique, nos services sur mesure vous aident \u00e0 atteindre vos objectifs commerciaux. D\u00e9couvrez comment notre expertise peut dynamiser votre croissance.\" \/>\n<meta property=\"og:url\" content=\"https:\/\/toyinfluence.com\/de\/strategies-dinfluence-et-marketing-pour-le-secteur-du-jouet-toy-influence\/\" \/>\n<meta property=\"og:site_name\" content=\"Toy Influence\" \/>\n<meta property=\"article:modified_time\" content=\"2024-05-07T15:33:37+00:00\" \/>\n<meta name=\"twitter:card\" content=\"summary_large_image\" \/>\n<meta name=\"twitter:label1\" content=\"Gesch\u00e4tzte Lesezeit\" \/>\n\t<meta name=\"twitter:data1\" content=\"3\u00a0Minuten\" \/>\n<script type=\"application\/ld+json\" class=\"yoast-schema-graph\">{\"@context\":\"https:\\\/\\\/schema.org\",\"@graph\":[{\"@type\":\"WebPage\",\"@id\":\"https:\\\/\\\/toyinfluence.com\\\/strategies-dinfluence-et-marketing-pour-le-secteur-du-jouet-toy-influence\\\/\",\"url\":\"https:\\\/\\\/toyinfluence.com\\\/strategies-dinfluence-et-marketing-pour-le-secteur-du-jouet-toy-influence\\\/\",\"name\":\"Strat\u00e9gies d'Influence et Marketing pour le Secteur du Jouet - Toy Influence - Toy Influence\",\"isPartOf\":{\"@id\":\"https:\\\/\\\/toyinfluence.com\\\/#website\"},\"datePublished\":\"2024-05-06T22:26:31+00:00\",\"dateModified\":\"2024-05-07T15:33:37+00:00\",\"description\":\"Boostez votre d\u00e9veloppement commercial sur le march\u00e9 fran\u00e7ais des jouets avec Toy Influence. Que ce soit pour une mission \u00e0 court terme ou un remplacement strat\u00e9gique, nos services sur mesure vous aident \u00e0 atteindre vos objectifs commerciaux. D\u00e9couvrez comment notre expertise peut dynamiser votre croissance.\",\"breadcrumb\":{\"@id\":\"https:\\\/\\\/toyinfluence.com\\\/strategies-dinfluence-et-marketing-pour-le-secteur-du-jouet-toy-influence\\\/#breadcrumb\"},\"inLanguage\":\"de\",\"potentialAction\":[{\"@type\":\"ReadAction\",\"target\":[\"https:\\\/\\\/toyinfluence.com\\\/strategies-dinfluence-et-marketing-pour-le-secteur-du-jouet-toy-influence\\\/\"]}]},{\"@type\":\"BreadcrumbList\",\"@id\":\"https:\\\/\\\/toyinfluence.com\\\/strategies-dinfluence-et-marketing-pour-le-secteur-du-jouet-toy-influence\\\/#breadcrumb\",\"itemListElement\":[{\"@type\":\"ListItem\",\"position\":1,\"name\":\"Accueil\",\"item\":\"https:\\\/\\\/toyinfluence.com\\\/\"},{\"@type\":\"ListItem\",\"position\":2,\"name\":\"Strat\u00e9gies d&rsquo;Influence et Marketing pour le Secteur du Jouet &#8211; Toy Influence\"}]},{\"@type\":\"WebSite\",\"@id\":\"https:\\\/\\\/toyinfluence.com\\\/#website\",\"url\":\"https:\\\/\\\/toyinfluence.com\\\/\",\"name\":\"Toy Influence\",\"description\":\"\",\"potentialAction\":[{\"@type\":\"SearchAction\",\"target\":{\"@type\":\"EntryPoint\",\"urlTemplate\":\"https:\\\/\\\/toyinfluence.com\\\/?s={search_term_string}\"},\"query-input\":{\"@type\":\"PropertyValueSpecification\",\"valueRequired\":true,\"valueName\":\"search_term_string\"}}],\"inLanguage\":\"de\"}]}<\/script>\n<!-- \/ Yoast SEO plugin. -->","yoast_head_json":{"title":"Einflussnahme und Marketingstrategien f\u00fcr die Spielzeugbranche - Toy Influence - Toy Influence","description":"Boosten Sie Ihre Gesch\u00e4ftsentwicklung auf dem franz\u00f6sischen Spielwarenmarkt mit Toy Influence. Ob es sich um einen kurzfristigen Auftrag oder einen strategischen Ersatz handelt, unsere ma\u00dfgeschneiderten Dienstleistungen helfen Ihnen, Ihre Gesch\u00e4ftsziele zu erreichen. Erfahren Sie, wie unsere Expertise Ihr Wachstum ankurbeln kann.","robots":{"index":"index","follow":"follow","max-snippet":"max-snippet:-1","max-image-preview":"max-image-preview:large","max-video-preview":"max-video-preview:-1"},"canonical":"https:\/\/toyinfluence.com\/de\/strategies-dinfluence-et-marketing-pour-le-secteur-du-jouet-toy-influence\/","og_locale":"de_DE","og_type":"article","og_title":"Strat\u00e9gies d'Influence et Marketing pour le Secteur du Jouet - Toy Influence - Toy Influence","og_description":"Boostez votre d\u00e9veloppement commercial sur le march\u00e9 fran\u00e7ais des jouets avec Toy Influence. Que ce soit pour une mission \u00e0 court terme ou un remplacement strat\u00e9gique, nos services sur mesure vous aident \u00e0 atteindre vos objectifs commerciaux. D\u00e9couvrez comment notre expertise peut dynamiser votre croissance.","og_url":"https:\/\/toyinfluence.com\/de\/strategies-dinfluence-et-marketing-pour-le-secteur-du-jouet-toy-influence\/","og_site_name":"Toy Influence","article_modified_time":"2024-05-07T15:33:37+00:00","twitter_card":"summary_large_image","twitter_misc":{"Gesch\u00e4tzte Lesezeit":"3\u00a0Minuten"},"schema":{"@context":"https:\/\/schema.org","@graph":[{"@type":"WebPage","@id":"https:\/\/toyinfluence.com\/strategies-dinfluence-et-marketing-pour-le-secteur-du-jouet-toy-influence\/","url":"https:\/\/toyinfluence.com\/strategies-dinfluence-et-marketing-pour-le-secteur-du-jouet-toy-influence\/","name":"Einflussnahme und Marketingstrategien f\u00fcr die Spielzeugbranche - Toy Influence - Toy Influence","isPartOf":{"@id":"https:\/\/toyinfluence.com\/#website"},"datePublished":"2024-05-06T22:26:31+00:00","dateModified":"2024-05-07T15:33:37+00:00","description":"Boosten Sie Ihre Gesch\u00e4ftsentwicklung auf dem franz\u00f6sischen Spielwarenmarkt mit Toy Influence. Ob es sich um einen kurzfristigen Auftrag oder einen strategischen Ersatz handelt, unsere ma\u00dfgeschneiderten Dienstleistungen helfen Ihnen, Ihre Gesch\u00e4ftsziele zu erreichen. Erfahren Sie, wie unsere Expertise Ihr Wachstum ankurbeln kann.","breadcrumb":{"@id":"https:\/\/toyinfluence.com\/strategies-dinfluence-et-marketing-pour-le-secteur-du-jouet-toy-influence\/#breadcrumb"},"inLanguage":"de","potentialAction":[{"@type":"ReadAction","target":["https:\/\/toyinfluence.com\/strategies-dinfluence-et-marketing-pour-le-secteur-du-jouet-toy-influence\/"]}]},{"@type":"BreadcrumbList","@id":"https:\/\/toyinfluence.com\/strategies-dinfluence-et-marketing-pour-le-secteur-du-jouet-toy-influence\/#breadcrumb","itemListElement":[{"@type":"ListItem","position":1,"name":"Accueil","item":"https:\/\/toyinfluence.com\/"},{"@type":"ListItem","position":2,"name":"Strat\u00e9gies d&rsquo;Influence et Marketing pour le Secteur du Jouet &#8211; Toy Influence"}]},{"@type":"WebSite","@id":"https:\/\/toyinfluence.com\/#website","url":"https:\/\/toyinfluence.com\/","name":"Toy Influence","description":"","potentialAction":[{"@type":"SearchAction","target":{"@type":"EntryPoint","urlTemplate":"https:\/\/toyinfluence.com\/?s={search_term_string}"},"query-input":{"@type":"PropertyValueSpecification","valueRequired":true,"valueName":"search_term_string"}}],"inLanguage":"de"}]}},"_links":{"self":[{"href":"https:\/\/toyinfluence.com\/de\/wp-json\/wp\/v2\/pages\/1095","targetHints":{"allow":["GET"]}}],"collection":[{"href":"https:\/\/toyinfluence.com\/de\/wp-json\/wp\/v2\/pages"}],"about":[{"href":"https:\/\/toyinfluence.com\/de\/wp-json\/wp\/v2\/types\/page"}],"author":[{"embeddable":true,"href":"https:\/\/toyinfluence.com\/de\/wp-json\/wp\/v2\/users\/1"}],"replies":[{"embeddable":true,"href":"https:\/\/toyinfluence.com\/de\/wp-json\/wp\/v2\/comments?post=1095"}],"version-history":[{"count":17,"href":"https:\/\/toyinfluence.com\/de\/wp-json\/wp\/v2\/pages\/1095\/revisions"}],"predecessor-version":[{"id":1121,"href":"https:\/\/toyinfluence.com\/de\/wp-json\/wp\/v2\/pages\/1095\/revisions\/1121"}],"wp:attachment":[{"href":"https:\/\/toyinfluence.com\/de\/wp-json\/wp\/v2\/media?parent=1095"}],"wp:term":[{"taxonomy":"category","embeddable":true,"href":"https:\/\/toyinfluence.com\/de\/wp-json\/wp\/v2\/categories?post=1095"}],"curies":[{"name":"wp","href":"https:\/\/api.w.org\/{rel}","templated":true}]}}